{"id":4029,"date":"2026-03-18T15:28:55","date_gmt":"2026-03-18T15:28:55","guid":{"rendered":"https:\/\/www.mkreborns.com\/?post_type=product&#038;p=4029"},"modified":"2026-03-19T15:51:56","modified_gmt":"2026-03-19T15:51:56","slug":"17-18-inch-reborn-doll-feeding-pacifier-accessories","status":"publish","type":"product","link":"https:\/\/www.mkreborns.com\/nb\/product\/17-18-inch-reborn-doll-feeding-pacifier-accessories\/","title":{"rendered":"17-18 tommers gjenf\u00f8dte dukker til mating av smokk"},"content":{"rendered":"<div class=\"product-specs-list-container\"><\/div>\n<div class=\"detailmodule_html\">\n<div class=\"detail-desc-decorate-richtext\">\n<h2>Tilbeh\u00f8r til gjenf\u00f8dte dukker uten hull til flaskesmokker<\/h2>\n<div>Tilbeh\u00f8ret til reborn-dukker uten hull, flaskesmokker, er laget for \u00e5 gjenskape autentiske spedbarnsmatingsrutiner samtidig som dukkens integritet opprettholdes. Dette settet inkluderer n\u00f8ye st\u00f8pte flasker, myke silikontupper og koordinerte deler som utfyller stilen til reborn-dukkenes smokkesett. Tilbeh\u00f8ret er designet for samlere som prioriterer realisme, og skaper et naturtro omsorgsinntrykk uten at dukken trenger \u00e5 modifiseres strukturelt.<\/div>\n<h3>Sikker silikondesign og realistiske detaljer<\/h3>\n<div>De medf\u00f8lgende silikonsmokkene uten hull til reborn-dukker for premature babyer er konstruert med en lukket tuppstruktur som forhindrer v\u00e6skestr\u00f8m samtidig som den visuelle autentisiteten bevares. Hver komponent er proporsjonert for \u00e5 passe til dukker p\u00e5 17\u201318 tommer, noe som sikrer en naturlig passform n\u00e5r den kombineres med matingsscener eller utstillingsarrangementer.<\/div>\n<h3>Viktige funksjoner og fordeler<\/h3>\n<ul>\n<li>Inkluderer t\u00e5teflasker og smokkesett til gjenf\u00f8dte dukker<\/li>\n<li>Lukket spissdesign for sikker, ikke-funksjonell f\u00f4ringssimulering<\/li>\n<li>Laget med myk silikon for realistisk tekstur<\/li>\n<li>Kompatibel med reborn-dukker p\u00e5 17\u201318 tommer<\/li>\n<li>Ideell bruk med premature silikonsmokker uten hull til gjenf\u00f8dte babydukker<\/li>\n<\/ul>\n<div>Dette gjennomtenkt sammensatte settet forbedrer visuell historiefortelling og samleverdi, noe som gj\u00f8r det til et p\u00e5litelig valg for alle som s\u00f8ker tilbeh\u00f8r til reborn-dukker uten hull og flaskesmokker.<\/div>\n<p><img decoding=\"async\" src=\"https:\/\/www.mkreborns.com\/wp-content\/uploads\/2026\/03\/kf-S821bc0c09e4b42a393cbbc2780b410d4P.webp\" alt=\"\" title=\"\"><img decoding=\"async\" src=\"https:\/\/www.mkreborns.com\/wp-content\/uploads\/2026\/03\/kf-S3ddca035184249b39a97908487b4d497n.webp\" alt=\"\" title=\"\"><img decoding=\"async\" src=\"https:\/\/www.mkreborns.com\/wp-content\/uploads\/2026\/03\/kf-Se4f5ae05ae6f4ec4a8ef9889288959d4L.webp\" alt=\"\" title=\"\"><img decoding=\"async\" src=\"https:\/\/www.mkreborns.com\/wp-content\/uploads\/2026\/03\/kf-S63a5bb887a674b8ab8ce2a3c3e8dc6den.webp\" alt=\"\" title=\"\"><span style=\"font-size: 18px;\"><strong>Liten st\u00f8rrelse rosa:<\/strong><\/span><img decoding=\"async\" src=\"https:\/\/www.mkreborns.com\/wp-content\/uploads\/2026\/03\/kf-S5937a950d18c457d9632bc051f5569f9r.webp\" alt=\"\" title=\"\"><\/p>\n<p><span style=\"font-size: 18px;\"><strong>Liten st\u00f8rrelse bl\u00e5:<\/strong><\/span><img decoding=\"async\" src=\"https:\/\/www.mkreborns.com\/wp-content\/uploads\/2026\/03\/kf-Scbcae8c5f5a14ec8ac5007fdc863b93cg.webp\" alt=\"\" title=\"\"><img decoding=\"async\" src=\"https:\/\/www.mkreborns.com\/wp-content\/uploads\/2026\/03\/kf-S5e160258b8954f42a85e81b8690efd27l.webp\" alt=\"\" title=\"\"><img decoding=\"async\" src=\"https:\/\/www.mkreborns.com\/wp-content\/uploads\/2026\/03\/kf-Sb8e5eb1c653f4d77bd66c73376d647894.webp\" alt=\"\" title=\"\"><img decoding=\"async\" src=\"https:\/\/www.mkreborns.com\/wp-content\/uploads\/2026\/03\/kf-S42bdf04560824f58a60c86c965c4d3f5Q.webp\" alt=\"\" title=\"\"><img decoding=\"async\" src=\"https:\/\/www.mkreborns.com\/wp-content\/uploads\/2026\/03\/kf-Sf8bed42865e04064a00206620943d9dfR.webp\" alt=\"\" title=\"\"><img decoding=\"async\" src=\"https:\/\/www.mkreborns.com\/wp-content\/uploads\/2026\/03\/kf-S419dce937a6049f997aa62428da2071dR.webp\" alt=\"Matingstilbeh\u00f8r til reborn-dukker, inkludert babyflaske, smokk og matingsverkt\u00f8y.\" title=\"\"><\/p>\n<\/div>\n<\/div>","protected":false},"excerpt":{"rendered":"<div>Et komplett sett med matingstilbeh\u00f8r designet for 17\u201318 tommers reborn-dukker, som kombinerer realisme, sikkerhet og delikate detaljer i ett kompakt sett.<\/div>","protected":false},"featured_media":4030,"comment_status":"open","ping_status":"closed","template":"","meta":[],"product_brand":[],"product_cat":[148,162],"product_tag":[],"class_list":{"0":"post-4029","1":"product","2":"type-product","3":"status-publish","4":"has-post-thumbnail","6":"product_cat-reborn-doll-accessories","7":"product_cat-reborn-pacifier","9":"first","10":"instock","11":"sale","12":"shipping-taxable","13":"purchasable","14":"product-type-variable","15":"has-default-attributes"},"_links":{"self":[{"href":"https:\/\/www.mkreborns.com\/nb\/wp-json\/wp\/v2\/product\/4029","targetHints":{"allow":["GET"]}}],"collection":[{"href":"https:\/\/www.mkreborns.com\/nb\/wp-json\/wp\/v2\/product"}],"about":[{"href":"https:\/\/www.mkreborns.com\/nb\/wp-json\/wp\/v2\/types\/product"}],"replies":[{"embeddable":true,"href":"https:\/\/www.mkreborns.com\/nb\/wp-json\/wp\/v2\/comments?post=4029"}],"wp:featuredmedia":[{"embeddable":true,"href":"https:\/\/www.mkreborns.com\/nb\/wp-json\/wp\/v2\/media\/4030"}],"wp:attachment":[{"href":"https:\/\/www.mkreborns.com\/nb\/wp-json\/wp\/v2\/media?parent=4029"}],"wp:term":[{"taxonomy":"product_brand","embeddable":true,"href":"https:\/\/www.mkreborns.com\/nb\/wp-json\/wp\/v2\/product_brand?post=4029"},{"taxonomy":"product_cat","embeddable":true,"href":"https:\/\/www.mkreborns.com\/nb\/wp-json\/wp\/v2\/product_cat?post=4029"},{"taxonomy":"product_tag","embeddable":true,"href":"https:\/\/www.mkreborns.com\/nb\/wp-json\/wp\/v2\/product_tag?post=4029"}],"curies":[{"name":"wp","href":"https:\/\/api.w.org\/{rel}","templated":true}]}}