{"id":4000,"date":"2026-03-18T14:46:48","date_gmt":"2026-03-18T14:46:48","guid":{"rendered":"https:\/\/www.mkreborns.com\/?post_type=product&#038;p=4000"},"modified":"2026-03-19T15:52:09","modified_gmt":"2026-03-19T15:52:09","slug":"american-girl-doll-clothes-fit-18-inch-reborns-set","status":"publish","type":"product","link":"https:\/\/www.mkreborns.com\/nb\/product\/american-girl-doll-clothes-fit-18-inch-reborns-set\/","title":{"rendered":"American Girl-dukkekl\u00e6r som passer til 18-tommers reborn-sett"},"content":{"rendered":"<div class=\"product-specs-list-container\">\n<h2>American Girl-dukkekl\u00e6r passer til reborns<\/h2>\n<div>Dukkekl\u00e6r fra American Girl passer til reborns med bemerkelsesverdig presisjon, og sikrer kompatibilitet med 18-tommers dukker som f\u00f8lger realistiske proporsjoner. Disse antrekkene er strukturert for \u00e5 samsvare med nye stiler av reborn-stoffdukkekropper, og tilbyr en balansert silhuett som forsterker autentisiteten. Enten de er stylet for utstilling eller sk\u00e5nsom h\u00e5ndtering, gjenspeiler hvert plagg gjennomtenkt h\u00e5ndverk.<\/div>\n<h3>Skreddersydd design og materialintegritet<\/h3>\n<div>Disse h\u00e5ndlagde, gjenf\u00f8dte dukkekl\u00e6rne er laget av mykt, men likevel slitesterkt stoff, og beholder strukturen uten \u00e5 v\u00e6re stiv. S\u00f8mmene f\u00f8lger anatomiske konturer, slik at plagget sitter naturlig p\u00e5 dukkens ramme. Dette sikrer b\u00e5de visuell n\u00f8yaktighet og langvarig brukbarhet.<\/div>\n<h3>Viktige funksjoner og fordeler<\/h3>\n<ul>\n<li>Designet for \u00e5 passe n\u00f8yaktig til reborns p\u00e5 43 cm \/ 18 tommer<\/li>\n<li>Passer til b\u00e5de reborn-dukkekl\u00e6r til guttebabyer og n\u00f8ytrale stiler<\/li>\n<li>Forsterkede s\u00f8mmer for lengre holdbarhet<\/li>\n<li>Lett tekstil for komfortabel h\u00e5ndtering<\/li>\n<li>Kompatibel med nye gjenf\u00f8dte t\u00f8ydukkekropper<\/li>\n<\/ul>\n<div>Med en balanse mellom struktur og mykhet tilf\u00f8rer dette antrekkssettet dybde og realisme til enhver samling, noe som gj\u00f8r det til et p\u00e5litelig valg for samlere som s\u00f8ker kl\u00e6r til amerikanske jentedukker som passer til gjenf\u00f8dte.<\/div>\n<div><\/div>\n<\/div>\n<div class=\"detailmodule_html\">\n<div class=\"detail-desc-decorate-richtext\">\n<p style=\"text-align: center; margin: 0px;\" align=\"center\"><img decoding=\"async\" src=\"https:\/\/www.mkreborns.com\/wp-content\/uploads\/2026\/03\/kf-Sbb815d83d55a42c6b75a953932f9eec9r.webp\" alt=\"\" title=\"\"><img decoding=\"async\" src=\"https:\/\/www.mkreborns.com\/wp-content\/uploads\/2026\/03\/kf-Sc2b352c412684bd7acc6bb9bcdf0c927X.webp\" alt=\"\" title=\"\"><img decoding=\"async\" src=\"https:\/\/www.mkreborns.com\/wp-content\/uploads\/2026\/03\/kf-S359e5961003a4ef683ca7929699e081fB.webp\" alt=\"\" title=\"\"><img decoding=\"async\" src=\"https:\/\/www.mkreborns.com\/wp-content\/uploads\/2026\/03\/kf-Scc518a1bba6e434daac8f2dece7ee61fs.webp\" alt=\"\" title=\"\"><img decoding=\"async\" src=\"https:\/\/www.mkreborns.com\/wp-content\/uploads\/2026\/03\/kf-S5c9fd673d94b407495c1b13241048299B.webp\" alt=\"\" title=\"\"><img decoding=\"async\" src=\"https:\/\/www.mkreborns.com\/wp-content\/uploads\/2026\/03\/kf-S4b118a05358c496d84bb2426874d92c8u.webp\" alt=\"\" title=\"\"><img decoding=\"async\" src=\"https:\/\/www.mkreborns.com\/wp-content\/uploads\/2026\/03\/kf-S41958fdfe8b14b4481003fedf9275197D.webp\" alt=\"\" title=\"\"><img decoding=\"async\" src=\"https:\/\/www.mkreborns.com\/wp-content\/uploads\/2026\/03\/kf-Sb7de3410d1f5466194271c86cc3b11047.webp\" alt=\"\" title=\"\"><img decoding=\"async\" src=\"https:\/\/www.mkreborns.com\/wp-content\/uploads\/2026\/03\/kf-Sf2d8e29dcfbb4426a9b5e0f048bc41bbl.webp\" alt=\"\" title=\"\"><img decoding=\"async\" src=\"https:\/\/www.mkreborns.com\/wp-content\/uploads\/2026\/03\/kf-S87f2002a343949f78d65c595eb6297c7W.webp\" alt=\"\" title=\"\"><img decoding=\"async\" src=\"https:\/\/www.mkreborns.com\/wp-content\/uploads\/2026\/03\/kf-Se889b72926b445a58aea59fc7b6b49b5L.webp\" alt=\"\" title=\"\"><\/p>\n<\/div>\n<\/div>","protected":false},"excerpt":{"rendered":"<div>N\u00f8ye skreddersydde antrekk designet for \u00e5 passe 18-tommers reborn-babyer, som blander klassisk stil med myke materialer for et raffinert og naturtro utseende.<\/div>","protected":false},"featured_media":4001,"comment_status":"open","ping_status":"closed","template":"","meta":[],"product_brand":[],"product_cat":[159,148],"product_tag":[],"class_list":{"0":"post-4000","1":"product","2":"type-product","3":"status-publish","4":"has-post-thumbnail","6":"product_cat-clothes-for-reborn-dolls","7":"product_cat-reborn-doll-accessories","9":"first","10":"instock","11":"sale","12":"shipping-taxable","13":"purchasable","14":"product-type-variable","15":"has-default-attributes"},"_links":{"self":[{"href":"https:\/\/www.mkreborns.com\/nb\/wp-json\/wp\/v2\/product\/4000","targetHints":{"allow":["GET"]}}],"collection":[{"href":"https:\/\/www.mkreborns.com\/nb\/wp-json\/wp\/v2\/product"}],"about":[{"href":"https:\/\/www.mkreborns.com\/nb\/wp-json\/wp\/v2\/types\/product"}],"replies":[{"embeddable":true,"href":"https:\/\/www.mkreborns.com\/nb\/wp-json\/wp\/v2\/comments?post=4000"}],"wp:featuredmedia":[{"embeddable":true,"href":"https:\/\/www.mkreborns.com\/nb\/wp-json\/wp\/v2\/media\/4001"}],"wp:attachment":[{"href":"https:\/\/www.mkreborns.com\/nb\/wp-json\/wp\/v2\/media?parent=4000"}],"wp:term":[{"taxonomy":"product_brand","embeddable":true,"href":"https:\/\/www.mkreborns.com\/nb\/wp-json\/wp\/v2\/product_brand?post=4000"},{"taxonomy":"product_cat","embeddable":true,"href":"https:\/\/www.mkreborns.com\/nb\/wp-json\/wp\/v2\/product_cat?post=4000"},{"taxonomy":"product_tag","embeddable":true,"href":"https:\/\/www.mkreborns.com\/nb\/wp-json\/wp\/v2\/product_tag?post=4000"}],"curies":[{"name":"wp","href":"https:\/\/api.w.org\/{rel}","templated":true}]}}