{"id":3908,"date":"2026-03-18T13:24:18","date_gmt":"2026-03-18T13:24:18","guid":{"rendered":"https:\/\/www.mkreborns.com\/?post_type=product&#038;p=3908"},"modified":"2026-03-19T15:51:18","modified_gmt":"2026-03-19T15:51:18","slug":"18-inch-reborn-dolls-clothes-for-baby-doll-outfits","status":"publish","type":"product","link":"https:\/\/www.mkreborns.com\/nb\/product\/18-inch-reborn-dolls-clothes-for-baby-doll-outfits\/","title":{"rendered":"Kl\u00e6r til 18-tommers gjenf\u00f8dte dukker til babydukker"},"content":{"rendered":"<h2>Stilige kl\u00e6r til reborn-dukker p\u00e5 18 tommer for enhver anledning<\/h2>\n<div>Gi dukkesamlingen din sjarm og autentisitet med v\u00e5re 18-tommers kl\u00e6r til reborn-dukker. Hvert antrekk er n\u00f8ye designet for \u00e5 passe perfekt til reborn-dukker, samtidig som det gir komfort og et naturtro utseende. Disse kl\u00e6rne er ideelle for b\u00e5de lek og fremvisning, og forvandler hver dukke til en moteriktig f\u00f8lgesvenn.<\/div>\n<h3>Detaljerte design og komfortabel passform<\/h3>\n<div>Kolleksjonen v\u00e5r viser frem kl\u00e6r til reborn-dukker med fokus p\u00e5 stoffkroppen til reborn-dukkene, slik at hvert plagg sitter tett samtidig som det fremhever realistiske trekk. Fra lekne heldrakter til elegante kjoler, disse antrekkene gir allsidighet og stil, og f\u00e5r din 18-tommers dukke til \u00e5 skille seg ut.<\/div>\n<ul>\n<li>N\u00f8yaktig st\u00f8rrelse: Designet for 18-tommers dukker for \u00e5 sikre perfekt passform og enkel p\u00e5kledning.<\/li>\n<li>H\u00f8ykvalitetsstoffer: Myke, slitesterke materialer gir komfort og langvarig slitasje.<\/li>\n<li>Realistiske detaljer: Intrikate s\u00f8mmer og m\u00f8nstre gjenspeiler autentiske babykl\u00e6r.<\/li>\n<li>Ulike stiler: Inkluderer uformelle, formelle og sesongbaserte antrekk for alle anledninger.<\/li>\n<li>Forbedret dukke-realisme: Skreddersydd for \u00e5 utfylle den gjenf\u00f8dte dukkens stoffkropp for naturtro sjarm.<\/li>\n<\/ul>\n<div>Oppgrader dukkegarderoben din med disse uts\u00f8kte 18-tommers reborn-dukkekl\u00e6rne, som blander stil, komfort og autentisk appell.<\/div>\n<p style=\"text-align: center;\" align=\"center\"><img decoding=\"async\" src=\"https:\/\/www.mkreborns.com\/wp-content\/uploads\/2026\/03\/kf-S9d31fc2e9fcd434fafe9c0f471411531G.webp\" alt=\"\" title=\"\"><img decoding=\"async\" src=\"https:\/\/www.mkreborns.com\/wp-content\/uploads\/2026\/03\/kf-Sb94cdf6699bc46d3a5df6fd0f3b9305eP.webp\" alt=\"\" title=\"\"><img decoding=\"async\" src=\"https:\/\/www.mkreborns.com\/wp-content\/uploads\/2026\/03\/kf-S2c32be6ab85b4bc298e8b61239d41026x.webp\" alt=\"\" title=\"\"><img decoding=\"async\" src=\"https:\/\/www.mkreborns.com\/wp-content\/uploads\/2026\/03\/kf-S572f25d107b74315a31d1340abf1216fq.webp\" alt=\"\" title=\"\"><img decoding=\"async\" src=\"https:\/\/www.mkreborns.com\/wp-content\/uploads\/2026\/03\/kf-S5255329b890042289e03e8edbc8650fdh.webp\" alt=\"\" title=\"\"><\/p>","protected":false},"excerpt":{"rendered":"<p>Pynt din 18-tommers gjenf\u00f8dte dukke med stilige, myke og detaljerte antrekk laget for realistisk lek og varig eleganse.<\/p>","protected":false},"featured_media":3909,"comment_status":"open","ping_status":"closed","template":"","meta":[],"product_brand":[],"product_cat":[159,148],"product_tag":[],"class_list":{"0":"post-3908","1":"product","2":"type-product","3":"status-publish","4":"has-post-thumbnail","6":"product_cat-clothes-for-reborn-dolls","7":"product_cat-reborn-doll-accessories","9":"first","10":"instock","11":"sale","12":"shipping-taxable","13":"purchasable","14":"product-type-simple"},"_links":{"self":[{"href":"https:\/\/www.mkreborns.com\/nb\/wp-json\/wp\/v2\/product\/3908","targetHints":{"allow":["GET"]}}],"collection":[{"href":"https:\/\/www.mkreborns.com\/nb\/wp-json\/wp\/v2\/product"}],"about":[{"href":"https:\/\/www.mkreborns.com\/nb\/wp-json\/wp\/v2\/types\/product"}],"replies":[{"embeddable":true,"href":"https:\/\/www.mkreborns.com\/nb\/wp-json\/wp\/v2\/comments?post=3908"}],"wp:featuredmedia":[{"embeddable":true,"href":"https:\/\/www.mkreborns.com\/nb\/wp-json\/wp\/v2\/media\/3909"}],"wp:attachment":[{"href":"https:\/\/www.mkreborns.com\/nb\/wp-json\/wp\/v2\/media?parent=3908"}],"wp:term":[{"taxonomy":"product_brand","embeddable":true,"href":"https:\/\/www.mkreborns.com\/nb\/wp-json\/wp\/v2\/product_brand?post=3908"},{"taxonomy":"product_cat","embeddable":true,"href":"https:\/\/www.mkreborns.com\/nb\/wp-json\/wp\/v2\/product_cat?post=3908"},{"taxonomy":"product_tag","embeddable":true,"href":"https:\/\/www.mkreborns.com\/nb\/wp-json\/wp\/v2\/product_tag?post=3908"}],"curies":[{"name":"wp","href":"https:\/\/api.w.org\/{rel}","templated":true}]}}