{"id":3890,"date":"2026-03-18T13:08:27","date_gmt":"2026-03-18T13:08:27","guid":{"rendered":"https:\/\/www.mkreborns.com\/?post_type=product&#038;p=3890"},"modified":"2026-03-19T15:52:23","modified_gmt":"2026-03-19T15:52:23","slug":"baby-doll-clothes-17-18-inch-reborn-outfits-for-girls","status":"publish","type":"product","link":"https:\/\/www.mkreborns.com\/nb\/product\/baby-doll-clothes-17-18-inch-reborn-outfits-for-girls\/","title":{"rendered":"Babydukkekl\u00e6r til 17-18 tommer gjenf\u00f8dte jenter"},"content":{"rendered":"<div class=\"detailmodule_html\">\n<div class=\"detail-desc-decorate-richtext\">\n<h2>Sjarmerende stiler for babydukkekl\u00e6r 17-18 tommer reborn<\/h2>\n<div>L\u00f8ft din reborn-kolleksjon opp med v\u00e5re f\u00f8rsteklasses babydukkekl\u00e6r til 17-18 tommer. Hvert antrekk er omhyggelig designet for \u00e5 utfylle reborn-babydukkekl\u00e6r til jenter, og kombinerer komfort, holdbarhet og naturtro detaljer. Enten det er til lek eller fremvisning, tilbyr disse kl\u00e6rne en perfekt passform og livlige, i\u00f8ynefallende design.<\/div>\n<h3>Unike design og m\u00f8nstrede detaljer<\/h3>\n<div>Utvalget v\u00e5rt har intrikate stoffm\u00f8nstre for reborn-dukker, som lar hver dukke vise frem personlighet og stil. Velg mellom kjoler, heldrakter og koordinerte sett skreddersydd for b\u00e5de 17-tommers og 18-tommers reborn-dukker. Med myke stoffer og realistiske overflater forsterker hvert antrekk dukkens naturtro sjarm.<\/div>\n<ul>\n<li>Tilpasset passform: N\u00f8yaktig st\u00f8rrelsestilpasset for 17\u201318 tommers reborn-dukker for problemfri p\u00e5kledning.<\/li>\n<li>Materialer av h\u00f8y kvalitet: Milde, slitesterke stoffer som beholder form og farge.<\/li>\n<li>M\u00f8nstret variasjon: Den gjenf\u00f8dte dukkens stoffm\u00f8nster gir hvert antrekk individualitet.<\/li>\n<li>Allsidig garderobe: Inkluderer fritidskl\u00e6r, formelle kjoler og lekne sett.<\/li>\n<li>Forbedret realisme: Detaljerte s\u00f8mmer og finish gir autentisitet til hvert plagg.<\/li>\n<\/ul>\n<div>Bring glede og raffinement til hver dukkeutstilling med disse vakkert utformede dukkekl\u00e6rne p\u00e5 17-18 tommer, som kombinerer stil, komfort og naturtro eleganse.<\/div>\n<div><\/div>\n<p style=\"text-align: center; margin: 0px;\" align=\"center\"><img decoding=\"async\" src=\"https:\/\/www.mkreborns.com\/wp-content\/uploads\/2026\/03\/kf-Sff4af0a0ce8d4485b7c09410cb094249I.webp\" alt=\"\" title=\"\"><img decoding=\"async\" src=\"https:\/\/www.mkreborns.com\/wp-content\/uploads\/2026\/03\/kf-S10d68fad596841c589219dc0c10319fbZ.webp\" alt=\"\" title=\"\"><img decoding=\"async\" src=\"https:\/\/www.mkreborns.com\/wp-content\/uploads\/2026\/03\/kf-S8dbdfa36fe014c8fa0765011983d82caD.webp\" alt=\"\" title=\"\"><img decoding=\"async\" src=\"https:\/\/www.mkreborns.com\/wp-content\/uploads\/2026\/03\/kf-S920d035ab985467b8517b1483d4f6bbaY.webp\" alt=\"\" title=\"\"><img decoding=\"async\" src=\"https:\/\/www.mkreborns.com\/wp-content\/uploads\/2026\/03\/kf-S4b96cea014a44b709b752532f6113fbfu.webp\" alt=\"\" title=\"\"><img decoding=\"async\" src=\"https:\/\/www.mkreborns.com\/wp-content\/uploads\/2026\/03\/kf-S44c92652455b47b98527b3aa131f6b1eT.webp\" alt=\"\" title=\"\"><img decoding=\"async\" src=\"https:\/\/www.mkreborns.com\/wp-content\/uploads\/2026\/03\/kf-S56de3d76be034bbfb5ae1261f59232a1O.webp\" alt=\"\" title=\"\"><img decoding=\"async\" src=\"https:\/\/www.mkreborns.com\/wp-content\/uploads\/2026\/03\/kf-S0590e45ab54740c38d581d7611ef244cS.webp\" alt=\"\" title=\"\"><img decoding=\"async\" src=\"https:\/\/www.mkreborns.com\/wp-content\/uploads\/2026\/03\/kf-S4d9af2659e454d8b87e97bd159ed9cdfz.webp\" alt=\"\" title=\"\"><img decoding=\"async\" src=\"https:\/\/www.mkreborns.com\/wp-content\/uploads\/2026\/03\/kf-Sb9c38680031e40f6b3db3e4e386af5c5l.webp\" alt=\"\" title=\"\"><\/p>\n<\/div>\n<\/div>","protected":false},"excerpt":{"rendered":"<p>Forvandle den gjenf\u00f8dte dukken din til en stilig f\u00f8lgesvenn med myke, detaljerte kl\u00e6r designet for realistisk lek og uendelig sjarm.<\/p>","protected":false},"featured_media":3891,"comment_status":"open","ping_status":"closed","template":"","meta":[],"product_brand":[],"product_cat":[159,148],"product_tag":[],"class_list":{"0":"post-3890","1":"product","2":"type-product","3":"status-publish","4":"has-post-thumbnail","6":"product_cat-clothes-for-reborn-dolls","7":"product_cat-reborn-doll-accessories","9":"first","10":"instock","11":"sale","12":"shipping-taxable","13":"purchasable","14":"product-type-variable","15":"has-default-attributes"},"_links":{"self":[{"href":"https:\/\/www.mkreborns.com\/nb\/wp-json\/wp\/v2\/product\/3890","targetHints":{"allow":["GET"]}}],"collection":[{"href":"https:\/\/www.mkreborns.com\/nb\/wp-json\/wp\/v2\/product"}],"about":[{"href":"https:\/\/www.mkreborns.com\/nb\/wp-json\/wp\/v2\/types\/product"}],"replies":[{"embeddable":true,"href":"https:\/\/www.mkreborns.com\/nb\/wp-json\/wp\/v2\/comments?post=3890"}],"wp:featuredmedia":[{"embeddable":true,"href":"https:\/\/www.mkreborns.com\/nb\/wp-json\/wp\/v2\/media\/3891"}],"wp:attachment":[{"href":"https:\/\/www.mkreborns.com\/nb\/wp-json\/wp\/v2\/media?parent=3890"}],"wp:term":[{"taxonomy":"product_brand","embeddable":true,"href":"https:\/\/www.mkreborns.com\/nb\/wp-json\/wp\/v2\/product_brand?post=3890"},{"taxonomy":"product_cat","embeddable":true,"href":"https:\/\/www.mkreborns.com\/nb\/wp-json\/wp\/v2\/product_cat?post=3890"},{"taxonomy":"product_tag","embeddable":true,"href":"https:\/\/www.mkreborns.com\/nb\/wp-json\/wp\/v2\/product_tag?post=3890"}],"curies":[{"name":"wp","href":"https:\/\/api.w.org\/{rel}","templated":true}]}}