{"id":3868,"date":"2026-03-18T10:01:51","date_gmt":"2026-03-18T10:01:51","guid":{"rendered":"https:\/\/www.mkreborns.com\/?post_type=product&#038;p=3868"},"modified":"2026-03-19T15:52:36","modified_gmt":"2026-03-19T15:52:36","slug":"18-inch-reborn-doll-clothes-for-toddlers-and-girls","status":"publish","type":"product","link":"https:\/\/www.mkreborns.com\/nb\/product\/18-inch-reborn-doll-clothes-for-toddlers-and-girls\/","title":{"rendered":"18-tommers gjenf\u00f8dte dukkekl\u00e6r for sm\u00e5barn og jenter"},"content":{"rendered":"<div class=\"product-specs-list-container\">\n<h2>Elegante antrekk til hver 18-tommers reborn-dukke<\/h2>\n<div>Gj\u00f8r den reborn-dukken din i sentrum av oppmerksomheten med v\u00e5re f\u00f8rsteklasses 18-tommers reborn-dukkekl\u00e6r. Hvert antrekk er designet for \u00e5 passe reborn-sm\u00e5barnsdukker perfekt, og balanserer realistiske detaljer med myke, slitesterke stoffer. Fra hverdagsbruk til spesielle anledninger s\u00f8rger disse kl\u00e6rne for at dukken din alltid ser perfekt ut.<\/div>\n<h3>Stilig utvalg og tilbeh\u00f8r<\/h3>\n<div>Kolleksjonen v\u00e5r inkluderer kl\u00e6r og tilbeh\u00f8r i silikon for reborn-dukker som forbedrer enhver dukkegarderobe. Velg mellom livlige lilla antrekk til reborn-dukker, delikate kjoler til reborn-jentedukker og allsidige babykl\u00e6r som passer til ethvert scenario. Hvert plagg er skreddersydd for \u00e5 gj\u00f8re det enkelt \u00e5 kle p\u00e5 seg samtidig som det opprettholder en realistisk, h\u00e5ndlaget f\u00f8lelse.<\/div>\n<ul>\n<li>Premium passform: Perfekt st\u00f8rrelse for 18-tommers reborn-dukker, noe som sikrer komfort og eleganse.<\/li>\n<li>H\u00f8ykvalitetsstoffer: Myke, slitesterke materialer som etterligner teksturer p\u00e5 ekte babykl\u00e6r.<\/li>\n<li>Allsidige stiler: Fra leken fritidskl\u00e6r til sofistikerte lilla antrekk.<\/li>\n<li>Tilbeh\u00f8rsalternativer: Inkluderer matchende luer, sko og tepper for komplette ensembler.<\/li>\n<li>Realistiske detaljer: H\u00e5ndferdige s\u00f8mmer og sjarmerende utsmykninger for et naturtro utseende.<\/li>\n<\/ul>\n<div>Tilf\u00f8r sjarm, realisme og moro til samlingen din med disse vakkert utformede 18-tommers gjenf\u00f8dte dukkekl\u00e6rne som forbedrer ethvert lekeeventyr.<\/div>\n<div><\/div>\n<\/div>\n<div class=\"detailmodule_html\">\n<div class=\"detail-desc-decorate-richtext\">\n<p style=\"text-align: center; margin: 0px;\" align=\"center\"><img decoding=\"async\" src=\"https:\/\/www.mkreborns.com\/wp-content\/uploads\/2026\/03\/kf-S7d8ebb1a885d44398f64514886946629E.webp\" alt=\"\" title=\"\"><img decoding=\"async\" src=\"https:\/\/www.mkreborns.com\/wp-content\/uploads\/2026\/03\/kf-S89a1ffaead92487d9a130af90b3d4fc5K.webp\" alt=\"\" title=\"\"><img decoding=\"async\" src=\"https:\/\/www.mkreborns.com\/wp-content\/uploads\/2026\/03\/kf-Sc34b80cf2d3a4c60b3a32babd9f3f5548.webp\" alt=\"\" title=\"\"><img decoding=\"async\" src=\"https:\/\/www.mkreborns.com\/wp-content\/uploads\/2026\/03\/kf-S160a0246ec60450ba40c67d32c0961672.webp\" alt=\"\" title=\"\"><img decoding=\"async\" src=\"https:\/\/www.mkreborns.com\/wp-content\/uploads\/2026\/03\/kf-S4d9f66438f1f42e0b260f4684f54fb0bW.webp\" alt=\"\" title=\"\"><img decoding=\"async\" src=\"https:\/\/ae01.alicdn.com\/kf\/S9f14fbaf63524021b86c7a946d713f30N.jpg\" alt=\"\" title=\"\"><img decoding=\"async\" src=\"https:\/\/ae01.alicdn.com\/kf\/Sf7fd6a137dba47e9aecbf4de66cb87df3.jpg\" alt=\"\" title=\"\"><img decoding=\"async\" src=\"https:\/\/ae01.alicdn.com\/kf\/S06ea55e7d37a45acb579364f3408aa76B.jpg\" alt=\"\" title=\"\"><img decoding=\"async\" src=\"https:\/\/ae01.alicdn.com\/kf\/S81d380c3ee694b8eafebd8a9c2653a1at.jpg\" alt=\"\" title=\"\"><img decoding=\"async\" src=\"https:\/\/ae01.alicdn.com\/kf\/S580e530ac6c84a7a82ce96a246202693U.jpg\" alt=\"\" title=\"\"><img decoding=\"async\" src=\"https:\/\/ae01.alicdn.com\/kf\/S4fce4907e8dd42a7b8679f2512ebba25I.jpg\" alt=\"\" title=\"\"><img decoding=\"async\" src=\"https:\/\/ae01.alicdn.com\/kf\/S0f517424cd3642999a0a881e47972c1du.jpg\" alt=\"\" title=\"\"><img decoding=\"async\" src=\"https:\/\/ae01.alicdn.com\/kf\/Sca06b8ff57b34251853a9fb540f747afw.jpg\" alt=\"\" title=\"\"><img decoding=\"async\" src=\"https:\/\/ae01.alicdn.com\/kf\/Sfd3631ab03ee426692991be15c6afe4ee.jpg\" alt=\"\" title=\"\"><\/p>\n<\/div>\n<\/div>","protected":false},"excerpt":{"rendered":"<p>Kle den gjenf\u00f8dte dukken din med stil i koselige antrekk av h\u00f8y kvalitet som kombinerer sjarm og komfort for timevis med fantasifull lek.<\/p>","protected":false},"featured_media":3869,"comment_status":"open","ping_status":"closed","template":"","meta":[],"product_brand":[],"product_cat":[159,148],"product_tag":[],"class_list":{"0":"post-3868","1":"product","2":"type-product","3":"status-publish","4":"has-post-thumbnail","6":"product_cat-clothes-for-reborn-dolls","7":"product_cat-reborn-doll-accessories","9":"first","10":"instock","11":"sale","12":"shipping-taxable","13":"purchasable","14":"product-type-variable","15":"has-default-attributes"},"_links":{"self":[{"href":"https:\/\/www.mkreborns.com\/nb\/wp-json\/wp\/v2\/product\/3868","targetHints":{"allow":["GET"]}}],"collection":[{"href":"https:\/\/www.mkreborns.com\/nb\/wp-json\/wp\/v2\/product"}],"about":[{"href":"https:\/\/www.mkreborns.com\/nb\/wp-json\/wp\/v2\/types\/product"}],"replies":[{"embeddable":true,"href":"https:\/\/www.mkreborns.com\/nb\/wp-json\/wp\/v2\/comments?post=3868"}],"wp:featuredmedia":[{"embeddable":true,"href":"https:\/\/www.mkreborns.com\/nb\/wp-json\/wp\/v2\/media\/3869"}],"wp:attachment":[{"href":"https:\/\/www.mkreborns.com\/nb\/wp-json\/wp\/v2\/media?parent=3868"}],"wp:term":[{"taxonomy":"product_brand","embeddable":true,"href":"https:\/\/www.mkreborns.com\/nb\/wp-json\/wp\/v2\/product_brand?post=3868"},{"taxonomy":"product_cat","embeddable":true,"href":"https:\/\/www.mkreborns.com\/nb\/wp-json\/wp\/v2\/product_cat?post=3868"},{"taxonomy":"product_tag","embeddable":true,"href":"https:\/\/www.mkreborns.com\/nb\/wp-json\/wp\/v2\/product_tag?post=3868"}],"curies":[{"name":"wp","href":"https:\/\/api.w.org\/{rel}","templated":true}]}}