{"id":3455,"date":"2026-01-21T15:17:36","date_gmt":"2026-01-21T15:17:36","guid":{"rendered":"https:\/\/www.mkreborns.com\/?page_id=3455"},"modified":"2026-01-21T15:17:36","modified_gmt":"2026-01-21T15:17:36","slug":"help-faqs","status":"publish","type":"page","link":"https:\/\/www.mkreborns.com\/nb\/help-faqs\/","title":{"rendered":"Hjelp og vanlige sp\u00f8rsm\u00e5l"},"content":{"rendered":"<h3>Hvordan b\u00f8r jeg bade og stelle den gjenf\u00f8dte dukken min?<\/h3>\n<div>Dukker helt i silikon kan bades forsiktig. Dukker med t\u00f8ykropp b\u00f8r kun rengj\u00f8res med en lett fuktet klut og deretter luftt\u00f8rkes i et godt ventilert rom.<br \/>\nN\u00e5r dukken ikke er i bruk, anbefaler vi at dukken oppbevares trygt i esken og holdes unna langvarig sollys.<\/div>\n<hr \/>\n<h3>Kan babyene dine poseres?<\/h3>\n<div>Ja. Alle Mk Reborn-babyer har en viss grad av artikulasjon. Imidlertid, i likhet med ekte spedbarn, kan de trenge forsiktig st\u00f8tte eller vugging for \u00e5 opprettholde visse stillinger.<\/div>\n<hr \/>\n<h3>Kommer de gjenf\u00f8dte dukkene med tilbeh\u00f8r?<\/h3>\n<div>Absolutt. Hver Mk Reborn-baby kommer ferdig p\u00e5kledd, med smokk og bleie. Dukken din er klar for kos i det \u00f8yeblikket den pakkes ut.<\/div>\n<hr \/>\n<h3>Er de m\u00f8rker\u00f8de rynkene p\u00e5 huden defekter eller riper?<\/h3>\n<div>Ikke i det hele tatt. Disse dypere r\u00f8de skrukkene er et s\u00e6regent og bevisste kjennetegn, ikke feil. De dukker naturlig opp rundt lemmene, spesielt p\u00e5 dukker p\u00e5 22\u201324 tommer, og forsterker realismen.<\/div>\n<hr \/>\n<h3>Hvilke klesst\u00f8rrelser passer til forskjellige st\u00f8rrelser p\u00e5 reborn-dukker?<\/h3>\n<div>Dukkene v\u00e5re er fra 13 til 61 cm lange:<\/div>\n<ul>\n<li>13 cm: Skreddersydde kl\u00e6r kreves<\/li>\n<li>12\u201320 tommer: Passer til kl\u00e6r til nyf\u00f8dte \/ 0\u20133 m\u00e5neders babyer<\/li>\n<li>22 tommer: Passer til babykl\u00e6r fra 3\u20136 m\u00e5neder<\/li>\n<li>61 cm: Passer til babykl\u00e6r fra 6\u20139 m\u00e5neder<\/li>\n<\/ul>\n<hr \/>\n<h3>Inneholder reborn-dukkene deres magneter?<\/h3>\n<div>Ja. Mange av dukkene v\u00e5re har sm\u00e5 magneter (til smokker eller tilbeh\u00f8r). Disse dukkene anbefales ikke for personer med pacemaker, h\u00f8reapparater eller personer som er f\u00f8lsomme for magnetfelt.<\/div>\n<hr \/>\n<h3>Er dukkene deres egnet for barn under 14 \u00e5r?<\/h3>\n<div>Alle Mk Reborns-dukker er sikkerhetstestet og egnet for alderen 3 \u00e5r og oppover, men voksne samlere setter spesielt pris p\u00e5 dem.<br \/>\nV\u00e5re minidukker p\u00e5 13 cm er kun egnet for yngre barn under n\u00f8ye tilsyn av voksne.<\/div>\n<hr \/>\n<h3>Hvilke betalingsm\u00e5ter aksepterer dere?<\/h3>\n<div>Bestillinger kan legges inn direkte p\u00e5 nettsiden v\u00e5r med de fleste kredittkort, debetkort eller PayPal.<\/div>\n<hr \/>\n<h3>Hvordan sporer jeg bestillingen og leveringstiden min?<\/h3>\n<div>N\u00e5r bestillingen din sendes, vil du motta en bekreftelses-e-post som inneholder et sporingsnummer.<br \/>\nFor fraktmetoder og estimerte leveringstider, se v\u00e5r fraktinformasjonsside.<\/div>\n<hr \/>\n<h3>Sender dere til landet mitt?<\/h3>\n<div>Ja. Vi har lokale lagerbeholdninger i USA, EU, Canada, Australia og Storbritannia.<br \/>\nBestillinger leveres innen 3\u20137 virkedager, og gratis frakt gjelder for alle kj\u00f8p av reborn-dukker.<\/div>\n<hr \/>\n<h3>Trenger du fortsatt hjelp?<\/h3>\n<div>Vi hjelper deg gjerne.<\/div>\n<div>\ud83d\udce7 E-post: <a href=\"mailto:support@mkreborns.com\">support@mkreborns.com<\/a><\/div>","protected":false},"excerpt":{"rendered":"<p>Hvordan b\u00f8r jeg bade og stelle den gjenf\u00f8dte dukken min? Dukker helt i silikon kan bades forsiktig. Dukker med t\u00f8ykropp b\u00f8r<\/p>","protected":false},"author":1,"featured_media":0,"parent":0,"menu_order":0,"comment_status":"closed","ping_status":"closed","template":"","meta":{"footnotes":""},"class_list":["post-3455","page","type-page","status-publish","hentry"],"_links":{"self":[{"href":"https:\/\/www.mkreborns.com\/nb\/wp-json\/wp\/v2\/pages\/3455","targetHints":{"allow":["GET"]}}],"collection":[{"href":"https:\/\/www.mkreborns.com\/nb\/wp-json\/wp\/v2\/pages"}],"about":[{"href":"https:\/\/www.mkreborns.com\/nb\/wp-json\/wp\/v2\/types\/page"}],"author":[{"embeddable":true,"href":"https:\/\/www.mkreborns.com\/nb\/wp-json\/wp\/v2\/users\/1"}],"replies":[{"embeddable":true,"href":"https:\/\/www.mkreborns.com\/nb\/wp-json\/wp\/v2\/comments?post=3455"}],"version-history":[{"count":0,"href":"https:\/\/www.mkreborns.com\/nb\/wp-json\/wp\/v2\/pages\/3455\/revisions"}],"wp:attachment":[{"href":"https:\/\/www.mkreborns.com\/nb\/wp-json\/wp\/v2\/media?parent=3455"}],"curies":[{"name":"wp","href":"https:\/\/api.w.org\/{rel}","templated":true}]}}