{"id":3454,"date":"2026-01-21T15:16:46","date_gmt":"2026-01-21T15:16:46","guid":{"rendered":"https:\/\/www.mkreborns.com\/?page_id=3454"},"modified":"2026-01-28T02:26:13","modified_gmt":"2026-01-28T02:26:13","slug":"shipping-policy","status":"publish","type":"page","link":"https:\/\/www.mkreborns.com\/nb\/shipping-policy\/","title":{"rendered":"Fraktpolicy"},"content":{"rendered":"<div>Takk for at du valgte Mk Reborns. Bestillingen din blir n\u00f8ye forberedt og sendt med effektivitet og diskresjon.<\/div>\n<hr \/>\n<h2>Gratis frakt over hele verden<\/h2>\n<div>Vi tilbyr gratis frakt fra strategisk plasserte utenlandske lagre i USA, Europa, Canada, Storbritannia og Australia.<br \/>\nN\u00e5r lokalt lager er tilgjengelig, sendes varer fra n\u00e6rmeste anlegg for \u00e5 sikre raskere levering.<\/div>\n<hr \/>\n<h2>Estimert leveringstid (varer p\u00e5 lager)<\/h2>\n<div>\n<table border=\"1\" data-coda-grid-id=\"grid-O7-V0P1M6p\" data-coda-display-column-id=\"c-gzvnCsHVXd\" data-coda-view-config-inheritsdefaultformat=\"false\" data-coda-view-config-tablesearch=\"&quot;AlwaysShow&quot;\" data-coda-grid-configuration-set=\"SimpleTable\">\n<tbody>\n<tr>\n<td>Los Angeles, USA<\/td>\n<td>\n<div>USA (Alaska og Hawaii krever et tillegg p\u00e5 ca. USD 100)<\/div>\n<\/td>\n<td>3\u20135 virkedager<\/td>\n<\/tr>\n<tr>\n<td>EU-lagre (Tyskland \/ Polen)<\/td>\n<td>De fleste EU-land og utvalgte E\u00d8S-land<\/td>\n<td>3\u201310 virkedager<\/td>\n<\/tr>\n<tr>\n<td>Vancouver<\/td>\n<td>Canada<\/td>\n<td>3\u20135 virkedager<\/td>\n<\/tr>\n<tr>\n<td>Sydney<\/td>\n<td>Australia<\/td>\n<td>3\u20137 virkedager<\/td>\n<\/tr>\n<tr>\n<td>Storbritannia<\/td>\n<td>Storbritannia<\/td>\n<td>3\u20137 virkedager<\/td>\n<\/tr>\n<\/tbody>\n<\/table>\n<\/div>\n<div>Merk: De fleste bestillinger behandles og sendes innen 48 timer. Gjennomsnittlig leveringstid er 3\u20135 virkedager, med mindre det foreligger spesielle omstendigheter.<\/div>\n<hr \/>\n<h2>Toll og avgifter<\/h2>\n<div>Hvis det ikke er lokalt lager, kan varer sendes fra et annet land.<br \/>\nI begrensede tilfeller kan mottakere bli bedt om \u00e5 bist\u00e5 med tollklarering eller importavgifter.<\/div>\n<div>For Norge, Sveits, Island og Mexico er tollklarering og gjeldende avgifter mottakerens eget ansvar.<\/div>\n<hr \/>\n<h2>Ordresporing<\/h2>\n<div>N\u00e5r pakken er sendt, vil en bekreftelses-e-post med sporingsdetaljer bli sendt.<br \/>\nDet kan ta opptil 48 timer f\u00f8r sporingsinformasjonen oppdateres.<\/div>\n<hr \/>\n<h2>Delte forsendelser<\/h2>\n<div>Bestillinger som inneholder flere varer kan ankomme i separate pakker.<br \/>\nHvis deler av bestillingen din ankommer f\u00f8rst, er de resterende varene fortsatt underveis.<\/div>\n<hr \/>\n<h2>Leveringsproblemer<\/h2>\n<ul>\n<li>Merket som levert, men ikke mottatt: Kontakt budtjenesten umiddelbart og send en e-post <a href=\"http:\/\/\">support@mkreborns.com<\/a>.<\/li>\n<li>Skadede gjenstander: Dokumenter skaden med tydelige bilder eller videoer, og send deretter inn et krav fra budtjenesten.<\/li>\n<li>Feil varer: Vennligst legg ved foto- og videobevis, s\u00e5 vil kundeserviceteamet v\u00e5rt l\u00f8se problemet s\u00e5 snart som mulig.<\/li>\n<\/ul>\n<hr \/>\n<h2>Retur og bytte<\/h2>\n<div>Ta kontakt <a href=\"http:\/\/\">support@mkreborns.com<\/a> f\u00f8r noen form for retur igangsettes.<br \/>\nUautoriserte returer eller nektede leveranser vil ikke bli akseptert.<\/div>\n<div>Varene m\u00e5 v\u00e6re ubrukte og i u\u00e5pnet inneremballasje.<br \/>\nSe v\u00e5r fullstendige returpolicy for detaljerte vilk\u00e5r.<\/div>","protected":false},"excerpt":{"rendered":"<p>Takk for at du valgte Mk Reborns. Bestillingen din blir n\u00f8ye forberedt og sendt med effektivitet og diskresjon. Gratis frakt over hele verden.<\/p>","protected":false},"author":1,"featured_media":0,"parent":0,"menu_order":0,"comment_status":"closed","ping_status":"closed","template":"","meta":{"footnotes":""},"class_list":["post-3454","page","type-page","status-publish","hentry"],"_links":{"self":[{"href":"https:\/\/www.mkreborns.com\/nb\/wp-json\/wp\/v2\/pages\/3454","targetHints":{"allow":["GET"]}}],"collection":[{"href":"https:\/\/www.mkreborns.com\/nb\/wp-json\/wp\/v2\/pages"}],"about":[{"href":"https:\/\/www.mkreborns.com\/nb\/wp-json\/wp\/v2\/types\/page"}],"author":[{"embeddable":true,"href":"https:\/\/www.mkreborns.com\/nb\/wp-json\/wp\/v2\/users\/1"}],"replies":[{"embeddable":true,"href":"https:\/\/www.mkreborns.com\/nb\/wp-json\/wp\/v2\/comments?post=3454"}],"version-history":[{"count":0,"href":"https:\/\/www.mkreborns.com\/nb\/wp-json\/wp\/v2\/pages\/3454\/revisions"}],"wp:attachment":[{"href":"https:\/\/www.mkreborns.com\/nb\/wp-json\/wp\/v2\/media?parent=3454"}],"curies":[{"name":"wp","href":"https:\/\/api.w.org\/{rel}","templated":true}]}}