{"id":13,"date":"2026-01-16T17:03:18","date_gmt":"2026-01-16T17:03:18","guid":{"rendered":"https:\/\/www.mkreborns.com\/?page_id=13"},"modified":"2026-01-28T02:12:14","modified_gmt":"2026-01-28T02:12:14","slug":"refund_returns","status":"publish","type":"page","link":"https:\/\/www.mkreborns.com\/nb\/refund_returns\/","title":{"rendered":"Refusjon og retur"},"content":{"rendered":"<p>P\u00e5 <strong>Mk Reborns<\/strong>, vi vier oss til \u00e5 lage gjenf\u00f8dte dukker av h\u00f8y kvalitet, hver med omhu laget for \u00e5 v\u00e6re s\u00e6regne, uttrykksfulle og usedvanlig naturtro. Skulle kj\u00f8pet ditt ikke oppfylle forventningene, inviterer vi deg vennligst til \u00e5 kontakte kundeserviceteamet v\u00e5rt p\u00e5 <strong><a href=\"mailto:support@mkreborns.com\">support@mkreborns.com<\/a><\/strong> uten forsinkelse. Hver foresp\u00f8rsel vurderes individuelt, og passende l\u00f8sninger gis basert p\u00e5 de spesifikke omstendighetene.<\/p>\r\n\r\n\r\n<hr class=\"wp-block-separator has-alpha-channel-opacity\" \/>\r\n\r\n\r\n<h2 class=\"wp-block-heading\">Avbestilling av ordre<\/h2>\r\n\r\n\r\n\r\n<p>Etter at bestillingen er lagt inn, kan klargj\u00f8ring eller forsendelse av den gjenf\u00f8dte dukken din starte omg\u00e5ende. <strong>N\u00e5r en bestilling er sendt, er det ikke lenger mulig \u00e5 kansellere.<\/strong><\/p>\r\n\r\n\r\n\r\n<p>Hvis bestillingen din har <strong>ikke kommet inn i fraktfasen enn\u00e5<\/strong>, kan du sende inn en foresp\u00f8rsel om avbestilling <strong>innen 24 timer etter kj\u00f8pet<\/strong>. Kunder m\u00e5 fylle ut et formelt skjema for kansellering. V\u00e5rt supportteam vil veilede deg gjennom prosessen fra start til slutt.<\/p>\r\n\r\n\r\n\r\n<h3 class=\"wp-block-heading\">Refusjonsplan for avbestilling<\/h3>\r\n\r\n\r\n\r\n<ul class=\"wp-block-list\">\r\n<li>\u2705 <strong>Innen 12 timer (f\u00f8r forsendelse):<\/strong> A <strong>10% behandlingsfradrag<\/strong> gjelder, og dekker gebyrer for bank- og nettbetalinger.<\/li>\r\n\r\n\r\n\r\n<li>\u2705 <strong>Innen 24 timer:<\/strong> <strong>85% av ordreverdien<\/strong> vil bli refundert.<\/li>\r\n\r\n\r\n\r\n<li>\u2705 <strong>Innen 48 timer:<\/strong> <strong>70% av ordreverdien<\/strong> vil bli refundert.<\/li>\r\n\r\n\r\n\r\n<li>\u274c <strong>Etter forsendelse:<\/strong> Avbestillinger aksepteres ikke.<\/li>\r\n<\/ul>\r\n\r\n\r\n\r\n<p><strong>Viktig merknad:<\/strong><br \/>Refusjonen forventes \u00e5 komme innen 10\u201320 virkedager, avhengig av bankens behandlingstid. Kun foresp\u00f8rsler om kansellering. <strong>sendt inn innen 24 timer etter kj\u00f8p og uttrykkelig godkjent av v\u00e5r <a href=\"https:\/\/www.mkreborns.com\/nb\/contact-us\/\">st\u00f8tteteam<\/a><\/strong> vil bli ansett som gyldig.<\/p>\r\n\r\n\r\n<hr class=\"wp-block-separator has-alpha-channel-opacity\" \/>\r\n\r\n\r\n<h2 class=\"wp-block-heading\">Ordreendringer<\/h2>\r\n\r\n\r\n\r\n<p>Vi oppfordrer kunder p\u00e5 det sterkeste til \u00e5 sjekke alle dukkespesifikasjoner n\u00f8ye f\u00f8r de fullf\u00f8rer kj\u00f8pet.<\/p>\r\n\r\n\r\n\r\n<ul class=\"wp-block-list\">\r\n<li>\u2705 <strong>Innen 12 timer etter bestilling:<\/strong> Endringer kan forespurt for en <strong>Engangsgebyr for endring p\u00e5 USD $19<\/strong>.<br \/>For \u00e5 fortsette, vennligst send inn en foresp\u00f8rsel via v\u00e5r <strong>Kontakt oss<\/strong> skjema.<\/li>\r\n\r\n\r\n\r\n<li>\u274c <strong>Etter 12 timer:<\/strong> Bestillinger pakkes vanligvis og settes i k\u00f8 for forsendelse, noe som gj\u00f8r ytterligere endringer umulige.<\/li>\r\n<\/ul>\r\n\r\n\r\n<hr class=\"wp-block-separator has-alpha-channel-opacity\" \/>\r\n\r\n\r\n<h2 class=\"wp-block-heading\">Manglende varer i en bestilling<\/h2>\r\n\r\n\r\n\r\n<p>P\u00e5 grunn av logistikk- og emballasjehensyn kan enkelte bestillinger bli sendt i <strong>flere forsendelser<\/strong>.<br \/>For eksempel kan en gjenf\u00f8dt dukke og tilh\u00f8rende tilbeh\u00f8r sendes separat og ankomme til forskjellige tidspunkter.<\/p>\r\n\r\n\r\n\r\n<p>Hvis henting fra et postanlegg er n\u00f8dvendig, m\u00e5 du s\u00f8rge for at du har <strong>alle gjeldende sporingsnumre<\/strong>. Skulle det oppst\u00e5 usikkerhet, er supportteamet v\u00e5rt fortsatt tilgjengelig for \u00e5 hjelpe.<\/p>\r\n\r\n\r\n<hr class=\"wp-block-separator has-alpha-channel-opacity\" \/>\r\n\r\n\r\n<h2 class=\"wp-block-heading\">Retur og refusjonsrett<\/h2>\r\n\r\n\r\n\r\n<p>Vi opprettholder strenge kvalitetsstandarder. Retur eller erstatning er tillatt. <strong>kun under f\u00f8lgende betingelser<\/strong>:<\/p>\r\n\r\n\r\n\r\n<h3 class=\"wp-block-heading\">Akseptable omstendigheter<\/h3>\r\n\r\n\r\n\r\n<ul class=\"wp-block-list\">\r\n<li>\u2705 <strong>Skader oppst\u00e5tt f\u00f8r bruk eller under transport<\/strong><\/li>\r\n\r\n\r\n\r\n<li>\u2705 <strong>Feil vare mottatt:<\/strong><br \/>Hvis den leverte dukken ikke samsvarer med bestillingen din, vennligst send inn en <strong>klar utpakkingsvideo<\/strong> viser:\r\n<ul class=\"wp-block-list\">\r\n<li>Dukken<\/li>\r\n\r\n\r\n\r\n<li>Hodet<\/li>\r\n\r\n\r\n\r\n<li>Fraktetiketten<\/li>\r\n\r\n\r\n\r\n<li>Den ytre emballasjen<br \/>Etter verifisering vil en erstatning bli ordnet.<\/li>\r\n<\/ul>\r\n<\/li>\r\n\r\n\r\n\r\n<li>\u2705 <strong>Mistet forsendelse:<\/strong><br \/>Ved tap under transport, vennligst send inn et krav til transport\u00f8ren og varsle oss omg\u00e5ende.<br \/>De fleste pakker krever\u00a0<strong>en voksen signatur ved levering<\/strong>; n\u00f8ye sporing anbefales.<\/li>\r\n\r\n\r\n\r\n<li>\u2705 <strong>Produksjons- eller kvalitetsproblemer:<\/strong><br \/>Hvis det oppdages noen feil ved f\u00f8rste \u00e5pning av pakken, vennligst start returprosessen. <strong>innen 12 timer etter levering<\/strong>.<br \/>Fotografisk eller videobevis av den u\u00e5pnede pakken og utpakkingsprosessen er n\u00f8dvendig n\u00e5r du sender inn en produktproblemrapport.<\/li>\r\n<\/ul>\r\n\r\n\r\n<hr class=\"wp-block-separator has-alpha-channel-opacity\" \/>\r\n\r\n\r\n<h3 class=\"wp-block-heading\">Situasjoner der varer ikke kan returneres eller refunderes<\/h3>\r\n\r\n\r\n\r\n<ul class=\"wp-block-list\">\r\n<li>\u274c Den gjenf\u00f8dte dukken har v\u00e6rt <strong>brukt eller h\u00e5ndtert utover inspeksjon<\/strong>.<\/li>\r\n\r\n\r\n\r\n<li>\u274c Problemer er <strong>ikke rapportert innen 12 timer etter mottakelse<\/strong>, ledsaget av tydelige visuelle bevis.<\/li>\r\n\r\n\r\n\r\n<li>\u274c Misn\u00f8ye etter bruk. Gjenf\u00f8dte dukker regnes som\u00a0<strong>personlige eiendeler<\/strong> og kan ikke selges videre etter bruk.<\/li>\r\n\r\n\r\n\r\n<li>\u274c Foresp\u00f8rsler som gj\u00f8res etter at pakken er \u00e5pnet, med mindre de er godkjent p\u00e5 grunn av bekreftede kvalitetsfeil.<\/li>\r\n\r\n\r\n\r\n<li>\u274c Leveringsfeil som f\u00f8lge av <strong>kundeleverte feil<\/strong>, inkludert feil eller ufullstendige leveringsadresser.<\/li>\r\n\r\n\r\n\r\n<li>\u274c Leveringsforstyrrelser for\u00e5rsaket av faktorer utenfor v\u00e5r kontroll, som for eksempel mislykket tollklarering eller naturkatastrofer.<\/li>\r\n<\/ul>\r\n\r\n\r\n\r\n<p><strong>V\u00e6r oppmerksom p\u00e5:<\/strong><br \/>Alle Mk Reborns-dukker er <strong>h\u00e5ndlagde kunstverk<\/strong>. Mindre egenskaper som svake s\u00f8mmer eller subtile fargevariasjoner er iboende i den h\u00e5ndlagde prosessen og regnes ikke som feil.<br \/>Hvis du oppdager mindre uregelmessigheter, oppfordrer vi deg til \u00e5 ta kontakt \u2013 teamet v\u00e5rt er alltid villig til \u00e5 hjelpe.<\/p>\r\n\r\n\r\n<hr class=\"wp-block-separator has-alpha-channel-opacity\" \/>\r\n\r\n\r\n<h2 class=\"wp-block-heading\">Ansvar for returforsendelse<\/h2>\r\n\r\n\r\n\r\n<ul class=\"wp-block-list\">\r\n<li>Hvis en retur igangsettes for\u00a0<strong>kunderelaterte \u00e5rsaker<\/strong>, m\u00e5 kunden dekke returfraktkostnadene, som varierer fra transport\u00f8r til transport\u00f8r.<\/li>\r\n\r\n\r\n\r\n<li>Hvis returen skyldes <strong>v\u00e5rt ansvar<\/strong> (skadet eller feil vare), vil Mk Reborns dekke alle tilknyttede returfraktkostnader.<\/li>\r\n<\/ul>\r\n\r\n\r\n<hr class=\"wp-block-separator has-alpha-channel-opacity\" \/>\r\n\r\n\r\n<h2 class=\"wp-block-heading\">Trenger du ytterligere hjelp?<\/h2>\r\n\r\n\r\n\r\n<p>Hvis du trenger ytterligere st\u00f8tte eller avklaring, kan du kontakte oss p\u00e5:<br \/>\ud83d\udce7 <strong><a href=\"mailto:support@mkreborns.com\">support@mkreborns.com<\/a><\/strong><\/p>\r\n\r\n\r\n\r\n<p>V\u00e5rt kundeserviceteam har som m\u00e5l \u00e5 svare p\u00e5 alle henvendelser <strong>innen 24 timer<\/strong>.<\/p>\r\n\r\n\r\n\r\n<p>&nbsp;<\/p>","protected":false},"excerpt":{"rendered":"<p>Hos Mk Reborns vier vi oss til \u00e5 lage reborn-dukker av h\u00f8y kvalitet, hver med omhu laget for \u00e5 v\u00e6re s\u00e6regne, uttrykksfulle og usedvanlig<\/p>","protected":false},"author":1,"featured_media":0,"parent":0,"menu_order":0,"comment_status":"closed","ping_status":"closed","template":"","meta":{"footnotes":""},"class_list":["post-13","page","type-page","status-publish","hentry"],"_links":{"self":[{"href":"https:\/\/www.mkreborns.com\/nb\/wp-json\/wp\/v2\/pages\/13","targetHints":{"allow":["GET"]}}],"collection":[{"href":"https:\/\/www.mkreborns.com\/nb\/wp-json\/wp\/v2\/pages"}],"about":[{"href":"https:\/\/www.mkreborns.com\/nb\/wp-json\/wp\/v2\/types\/page"}],"author":[{"embeddable":true,"href":"https:\/\/www.mkreborns.com\/nb\/wp-json\/wp\/v2\/users\/1"}],"replies":[{"embeddable":true,"href":"https:\/\/www.mkreborns.com\/nb\/wp-json\/wp\/v2\/comments?post=13"}],"version-history":[{"count":0,"href":"https:\/\/www.mkreborns.com\/nb\/wp-json\/wp\/v2\/pages\/13\/revisions"}],"wp:attachment":[{"href":"https:\/\/www.mkreborns.com\/nb\/wp-json\/wp\/v2\/media?parent=13"}],"curies":[{"name":"wp","href":"https:\/\/api.w.org\/{rel}","templated":true}]}}