{"id":4602,"date":"2026-05-07T01:53:54","date_gmt":"2026-05-07T01:53:54","guid":{"rendered":"https:\/\/www.mkreborns.com\/?post_type=product&#038;p=4602"},"modified":"2026-05-13T14:41:14","modified_gmt":"2026-05-13T14:41:14","slug":"12-inch-full-silicone-children-gifts-reborn-baby-doll","status":"publish","type":"product","link":"https:\/\/www.mkreborns.com\/lv\/product\/12-inch-full-silicone-children-gifts-reborn-baby-doll\/","title":{"rendered":"12 collu pilna silikona b\u0113rnu d\u0101vanas atdzimusi b\u0113rnu lelle"},"content":{"rendered":"<div class=\"product-specs-list-container\"><\/div>\n<div class=\"detailmodule_text\">\n<p class=\"detail-desc-decorate-content\" style=\"font-family: OpenSans; font-size: 14px; font-weight: 300; line-height: 20px; white-space: pre-wrap; margin-bottom: 12px;\"><span style=\"color: #000000;\">Augstums: 12 collas<\/span><br \/>\n<span style=\"color: #000000;\">Svars: 1,1 kg<\/span><br \/>\n<span style=\"color: #000000;\">Dzimums: Z\u0113ns<\/span><br \/>\n<span style=\"color: #000000;\">Materi\u0101ls: Silikons<\/span><br \/>\n<span style=\"color: #000000;\">\u0160\u012b atdzim\u0161anas lelle tiek pieg\u0101d\u0101ta bez ap\u0123\u0113rba; ap\u0123\u0113rbs nav iek\u013cauts komplekt\u0101. Ja jums ir nepiecie\u0161ams ap\u0123\u0113rbs, l\u016bdzu, apskatiet m\u016bsu atdzim\u0161anas lelles aksesu\u0101ru sada\u013cu, lai izv\u0113l\u0113tos ap\u0123\u0113rbu, kas atbilst j\u016bsu v\u0113lm\u0113m.<\/span><br \/>\n<span style=\"color: #000000;\">Atdzimu\u0161ajai lellei ir elast\u012bgas ekstremit\u0101tes, kas \u013cauj tai viegli aps\u0113sties, apgulties vai ie\u0146emt da\u017e\u0101das miega pozas. Tai nav papildu elektronisku komponentu, t\u0101d\u0113j\u0101di iev\u0113rojami samazinot apkopes pras\u012bbas. Atdzimu\u0161\u0101s lelles var d\u0101vin\u0101t cilv\u0113kiem, kurus j\u016bs m\u012blat visvair\u0101k, k\u0101 dzim\u0161anas dienas d\u0101vanas, Ziemassv\u0113tku d\u0101vanas, b\u0113rnu rota\u013clietas vai priek\u0161metus le\u013c\u013cu kolekcijai.<\/span><\/p>\n<p>&nbsp;<\/p>\n<\/div>\n<div class=\"detailmodule_image\"><img decoding=\"async\" class=\"detail-desc-decorate-image\" src=\"https:\/\/www.mkreborns.com\/wp-content\/uploads\/2026\/05\/kf-Sa2b8d47ad684458b990351e19f5d1a2bs-1.webp\" alt=\"\" title=\"\"><img decoding=\"async\" class=\"detail-desc-decorate-image\" src=\"https:\/\/www.mkreborns.com\/wp-content\/uploads\/2026\/05\/kf-S39ce9a8a554f438a96fcf130a132d83aa-1.webp\" alt=\"\" title=\"\"><img decoding=\"async\" class=\"detail-desc-decorate-image\" src=\"https:\/\/www.mkreborns.com\/wp-content\/uploads\/2026\/05\/kf-S3d4515f2deb64d17aeee4f89277607772-1.webp\" alt=\"Atdzimusi silikona lelle ar kustin\u0101m\u0101m ekstremit\u0101t\u0113m, ide\u0101li piem\u0113rota b\u0113rniem un kolekcion\u0101riem. M\u012bksta, dz\u012bv\u012bga.\" title=\"\"> <img decoding=\"async\" class=\"detail-desc-decorate-image\" src=\"https:\/\/www.mkreborns.com\/wp-content\/uploads\/2026\/05\/kf-S83d31e6e6fb847929a053f66ca75cd2dp-1.webp\" alt=\"Re\u0101listiska atdzimu\u0161a lelle, 12,2 collas, piln\u012bb\u0101 izgatavota no silikona, piem\u0113rota b\u0113rniem un d\u0101van\u0101m, ar deta\u013c\u0101m.\" title=\"\"> <img decoding=\"async\" class=\"detail-desc-decorate-image\" src=\"https:\/\/www.mkreborns.com\/wp-content\/uploads\/2026\/05\/kf-S1d7c4a92f2da488182c621f78f77ba35K-1.webp\" alt=\"\" title=\"\"><\/div>","protected":false},"excerpt":{"rendered":"<p>\u0160\u012b jaundzimu\u0161\u0101 atdzimu\u0161\u0101 lelle ir ide\u0101la d\u0101vana b\u0113rniem, draugiem vai \u0123imenes locek\u013ciem, kalpojot k\u0101 br\u012bni\u0161\u0137\u012bgs kompanjons. Atdzimu\u0161\u0101s lelles ekstremit\u0101tes ir poz\u0113jamas, \u013caujot to novietot da\u017e\u0101d\u0101s miega poz\u0101s, pie\u0161\u0137irot t\u0101s kompanjona lomai papildu re\u0101lisma piesk\u0101rienu.<\/p>","protected":false},"featured_media":4603,"comment_status":"open","ping_status":"closed","template":"","meta":[],"product_brand":[],"product_cat":[240,145,155,154,153],"product_tag":[],"class_list":{"0":"post-4602","1":"product","2":"type-product","3":"status-publish","4":"has-post-thumbnail","6":"product_cat-12-inch-reborn-dolls","7":"product_cat-baby-boy-reborn-dolls","8":"product_cat-cute-reborn-dolls","9":"product_cat-lifelike-reborn-dolls","10":"product_cat-newborn-reborn-dolls","12":"first","13":"instock","14":"sale","15":"shipping-taxable","16":"purchasable","17":"product-type-simple"},"_links":{"self":[{"href":"https:\/\/www.mkreborns.com\/lv\/wp-json\/wp\/v2\/product\/4602","targetHints":{"allow":["GET"]}}],"collection":[{"href":"https:\/\/www.mkreborns.com\/lv\/wp-json\/wp\/v2\/product"}],"about":[{"href":"https:\/\/www.mkreborns.com\/lv\/wp-json\/wp\/v2\/types\/product"}],"replies":[{"embeddable":true,"href":"https:\/\/www.mkreborns.com\/lv\/wp-json\/wp\/v2\/comments?post=4602"}],"wp:featuredmedia":[{"embeddable":true,"href":"https:\/\/www.mkreborns.com\/lv\/wp-json\/wp\/v2\/media\/4603"}],"wp:attachment":[{"href":"https:\/\/www.mkreborns.com\/lv\/wp-json\/wp\/v2\/media?parent=4602"}],"wp:term":[{"taxonomy":"product_brand","embeddable":true,"href":"https:\/\/www.mkreborns.com\/lv\/wp-json\/wp\/v2\/product_brand?post=4602"},{"taxonomy":"product_cat","embeddable":true,"href":"https:\/\/www.mkreborns.com\/lv\/wp-json\/wp\/v2\/product_cat?post=4602"},{"taxonomy":"product_tag","embeddable":true,"href":"https:\/\/www.mkreborns.com\/lv\/wp-json\/wp\/v2\/product_tag?post=4602"}],"curies":[{"name":"wp","href":"https:\/\/api.w.org\/{rel}","templated":true}]}}