{"id":4594,"date":"2026-05-07T01:52:24","date_gmt":"2026-05-07T01:52:24","guid":{"rendered":"https:\/\/www.mkreborns.com\/?post_type=product&#038;p=4594"},"modified":"2026-05-13T15:23:59","modified_gmt":"2026-05-13T15:23:59","slug":"19-inches-solid-silicone-cute-reborn-doll","status":"publish","type":"product","link":"https:\/\/www.mkreborns.com\/lv\/product\/19-inches-solid-silicone-cute-reborn-doll\/","title":{"rendered":"19 collu cieta silikona gl\u012bta atdzimusi lelle"},"content":{"rendered":"<div class=\"product-specs-list-container\"><\/div>\n<div class=\"detailmodule_text\">\n<p>Augstums: 18,9 collas<br \/>\nDzimums: Z\u0113ns<br \/>\nSvars: 3,1 kg<br \/>\nMateri\u0101ls: Silikons<br \/>\nIeg\u0101d\u0101joties \u0161o atdzimu\u0161o lelli, k\u0101 bezmaksas d\u0101vana tiks iek\u013cauts nejau\u0161i izv\u0113l\u0113ts t\u0113rps.<\/p>\n<p>\u0160\u012b atdzimu\u0161\u0101 lelle ir izgatavota no silikona materi\u0101la un to var t\u012br\u012bt ar siltu \u016bdeni; tom\u0113r t\u0101 t\u016bl\u012bt p\u0113c mazg\u0101\u0161anas ir r\u016bp\u012bgi j\u0101izsusina. K\u0101 cieta atdzimu\u0161\u0101 lelle no silikona, t\u0101 pied\u0101v\u0101 taustes saj\u016btas, kas ir iev\u0113rojami l\u012bdz\u012bgas \u012bsta mazu\u013ca \u0101dai. Ar 48 cm augumu \u0161\u012b atdzimu\u0161\u0101 lelle ir gandr\u012bz identiska \u012bsta jaundzimu\u0161\u0101 fiziskajiem izm\u0113riem, padarot to ide\u0101li piem\u0113rotu sam\u012b\u013co\u0161anai vai izlik\u0161anai apskatei. \u0160ai m\u012bl\u012bgajai atdzimu\u0161ajai lellei ir vid\u0113js svars, kas atvieglo p\u0101rn\u0113s\u0101\u0161anu, vienlaikus saglab\u0101jot \u012bsta z\u012bdai\u0146a autentisko, dz\u012bvespriec\u012bgo svaru.<br \/>\nUzglab\u0101\u0161anai ieteicams atdzimu\u0161o lelli novietot horizont\u0101li vai vertik\u0101li, lai nov\u0113rstu deform\u0101ciju, ko izraisa smagi priek\u0161meti vai ilgsto\u0161a saspie\u0161ana. Lai nodro\u0161in\u0101tu atdzimu\u0161\u0101s lelles ilgm\u016b\u017e\u012bbu, l\u016bdzu, sarg\u0101jiet to no tie\u0161iem saules stariem un putek\u013ciem, k\u0101 ar\u012b sarg\u0101jiet to no asiem priek\u0161metiem un m\u0101jdz\u012bvniekiem, lai nesaboj\u0101tu silikona materi\u0101lu.<\/p>\n<p>&nbsp;<\/p>\n<\/div>\n<div class=\"detailmodule_image\"><img decoding=\"async\" class=\"detail-desc-decorate-image\" src=\"https:\/\/www.mkreborns.com\/wp-content\/uploads\/2026\/05\/kf-Sd449c2299cac4582b03493bccbd5ba86G.webp\" alt=\"\u013boti detaliz\u0113ta 18,9 collu silikona atdzimu\u0161a lelle, m\u012bksta, mazg\u0101jama, ide\u0101li piem\u0113rota kolekcijai vai d\u0101vanai.\" title=\"\"><\/div>","protected":false},"excerpt":{"rendered":"<p>Atdzimu\u0161\u0101s lelles atdarina \u012bstas z\u012bdai\u0146a \u0101das maigumu un elast\u012bbu, pied\u0101v\u0101jot siltu, maigu un \u0101dai draudz\u012bgu piesk\u0101rienu. Izgatavotas no cieta silikona, \u0161\u012bs atdzimu\u0161\u0101s lelles ir izcili iztur\u012bgas pret oksid\u0113\u0161anos, nodro\u0161inot, ka t\u0101s nek\u013c\u016bst dzelt\u0113tas vai plais\u0101 pat p\u0113c ilgsto\u0161as lieto\u0161anas.<\/p>","protected":false},"featured_media":4595,"comment_status":"open","ping_status":"closed","template":"","meta":[],"product_brand":[],"product_cat":[241,145,243,155,146,154,153,157],"product_tag":[],"class_list":{"0":"post-4594","1":"product","2":"type-product","3":"status-publish","4":"has-post-thumbnail","6":"product_cat-19-inch-reborn-dolls","7":"product_cat-baby-boy-reborn-dolls","8":"product_cat-black-reborn-dolls","9":"product_cat-cute-reborn-dolls","10":"product_cat-full-silicone-reborn-dolls","11":"product_cat-lifelike-reborn-dolls","12":"product_cat-newborn-reborn-dolls","13":"product_cat-real-life-baby-dolls","15":"first","16":"instock","17":"sale","18":"shipping-taxable","19":"purchasable","20":"product-type-simple"},"_links":{"self":[{"href":"https:\/\/www.mkreborns.com\/lv\/wp-json\/wp\/v2\/product\/4594","targetHints":{"allow":["GET"]}}],"collection":[{"href":"https:\/\/www.mkreborns.com\/lv\/wp-json\/wp\/v2\/product"}],"about":[{"href":"https:\/\/www.mkreborns.com\/lv\/wp-json\/wp\/v2\/types\/product"}],"replies":[{"embeddable":true,"href":"https:\/\/www.mkreborns.com\/lv\/wp-json\/wp\/v2\/comments?post=4594"}],"wp:featuredmedia":[{"embeddable":true,"href":"https:\/\/www.mkreborns.com\/lv\/wp-json\/wp\/v2\/media\/4595"}],"wp:attachment":[{"href":"https:\/\/www.mkreborns.com\/lv\/wp-json\/wp\/v2\/media?parent=4594"}],"wp:term":[{"taxonomy":"product_brand","embeddable":true,"href":"https:\/\/www.mkreborns.com\/lv\/wp-json\/wp\/v2\/product_brand?post=4594"},{"taxonomy":"product_cat","embeddable":true,"href":"https:\/\/www.mkreborns.com\/lv\/wp-json\/wp\/v2\/product_cat?post=4594"},{"taxonomy":"product_tag","embeddable":true,"href":"https:\/\/www.mkreborns.com\/lv\/wp-json\/wp\/v2\/product_tag?post=4594"}],"curies":[{"name":"wp","href":"https:\/\/api.w.org\/{rel}","templated":true}]}}