{"id":4430,"date":"2026-04-12T14:16:20","date_gmt":"2026-04-12T14:16:20","guid":{"rendered":"https:\/\/www.mkreborns.com\/?post_type=product&#038;p=4430"},"modified":"2026-04-12T15:16:32","modified_gmt":"2026-04-12T15:16:32","slug":"13-inch-crying-silicone-reborn-doll","status":"publish","type":"product","link":"https:\/\/www.mkreborns.com\/lv\/product\/13-inch-crying-silicone-reborn-doll\/","title":{"rendered":"13 collu raudo\u0161a silikona atdzim\u0161anas lelle"},"content":{"rendered":"<p>33 cm gar\u0101s raudo\u0161\u0101s atdzim\u0161anas lelles ekstremit\u0101tes, galva un \u0137ermenis ir izgatavoti no cieta silikona, kas ir m\u012bksts, elast\u012bgs un ko var mazg\u0101t 37 gr\u0101du silt\u0101 \u016bden\u012b. Silikona \u012bpa\u0161o \u012bpa\u0161\u012bbu d\u0113\u013c to nedr\u012bkst sp\u0113les laik\u0101 vilkt vai raust\u012bt ar sp\u0113ku, un t\u0101 ir r\u016bp\u012bgi j\u0101kopj, lai t\u0101 kalpotu ilg\u0101k.<\/p>\n<p>Materi\u0101ls: Silikons<br \/>\nDzimums: Meitene<br \/>\nAugstums: 13 collas<br \/>\nSvars: 1,4 kg<br \/>\nIepakojuma svars: 1,8 kg<\/p>\n<p>Piln\u0101 komplekt\u0101 ietilpst: dr\u0113bes un pudele.<\/p>\n<p>L\u016bdzu, \u0146emiet v\u0113r\u0101 0,5\u20131 collas manu\u0101lo pielaidi, jo produkts tika m\u0113r\u012bts manu\u0101li.<\/p>\n<p><img decoding=\"async\" src=\"https:\/\/www.mkreborns.com\/wp-content\/uploads\/2026\/04\/O1CN01ON65FG1jfP7Pj2VhP_2220331144575-0-cib.jpg\" alt=\"\" title=\"\"><\/p>\n<p><img decoding=\"async\" src=\"https:\/\/www.mkreborns.com\/wp-content\/uploads\/2026\/04\/O1CN01Vmhokj1jfP7PuZuwV_2220331144575-0-cib.jpg\" alt=\"\" title=\"\"><\/p>\n<p><img decoding=\"async\" src=\"https:\/\/www.mkreborns.com\/wp-content\/uploads\/2026\/04\/O1CN01qKbtvK1jfP7PZjkwL_2220331144575-0-cib.jpg\" alt=\"\" title=\"\"><\/p>\n<p><img decoding=\"async\" src=\"https:\/\/www.mkreborns.com\/wp-content\/uploads\/2026\/04\/O1CN01UBS4M51jfP7QJPr5Y_2220331144575-0-cib.jpg\" alt=\"Atdzimusi silikona lelle, kas raud, re\u0101listiska mazu\u013ca lelle ar pudel\u012bti, ide\u0101li piem\u0113rota kolekcion\u0101riem un b\u0113rniem.\" title=\"\"><\/p>\n<p><img decoding=\"async\" src=\"https:\/\/www.mkreborns.com\/wp-content\/uploads\/2026\/04\/O1CN01NWHI1G1jfP7OsCKVe_2220331144575-0-cib.jpg\" alt=\"Re\u0101listiska 33 cm raudo\u0161a silikona atdzimusi lelle ar pudel\u012bti, m\u012bkstu ap\u0123\u0113rbu un roz\u0101 cepuri.\" title=\"\"><\/p>\n<p><img decoding=\"async\" src=\"https:\/\/www.mkreborns.com\/wp-content\/uploads\/2026\/04\/O1CN01WrErxo1jfP7QDMEjp_2220331144575-0-cib.jpg\" alt=\"Atdzimusi raudo\u0161a silikona lelle tur rok\u0101s b\u0113rnu pudel\u012bti, re\u0101listiskas iez\u012bmes, ide\u0101li piem\u0113rota kolekcion\u0101riem un b\u0113rniem.\" title=\"\"><\/p>\n<p>&nbsp;<\/p>","protected":false},"excerpt":{"rendered":"<p>Raudo\u0161\u0101 atdzimus\u012b lelle izskat\u0101s glu\u017ei k\u0101 jaundzimu\u0161ais, kas raud p\u0113c piena, ar m\u012bl\u012bgiem un spilgtiem sejas vaibstiem.<\/p>","protected":false},"featured_media":4461,"comment_status":"open","ping_status":"closed","template":"","meta":[],"product_brand":[],"product_cat":[238,242,144,146,156,154,153],"product_tag":[],"class_list":{"0":"post-4430","1":"product","2":"type-product","3":"status-publish","4":"has-post-thumbnail","6":"product_cat-13-inch-reborn-dolls","7":"product_cat-african-american-reborn-dolls","8":"product_cat-baby-girl-reborn-dolls","9":"product_cat-full-silicone-reborn-dolls","10":"product_cat-life-sized-dolls","11":"product_cat-lifelike-reborn-dolls","12":"product_cat-newborn-reborn-dolls","14":"first","15":"instock","16":"sale","17":"shipping-taxable","18":"purchasable","19":"product-type-simple"},"_links":{"self":[{"href":"https:\/\/www.mkreborns.com\/lv\/wp-json\/wp\/v2\/product\/4430","targetHints":{"allow":["GET"]}}],"collection":[{"href":"https:\/\/www.mkreborns.com\/lv\/wp-json\/wp\/v2\/product"}],"about":[{"href":"https:\/\/www.mkreborns.com\/lv\/wp-json\/wp\/v2\/types\/product"}],"replies":[{"embeddable":true,"href":"https:\/\/www.mkreborns.com\/lv\/wp-json\/wp\/v2\/comments?post=4430"}],"wp:featuredmedia":[{"embeddable":true,"href":"https:\/\/www.mkreborns.com\/lv\/wp-json\/wp\/v2\/media\/4461"}],"wp:attachment":[{"href":"https:\/\/www.mkreborns.com\/lv\/wp-json\/wp\/v2\/media?parent=4430"}],"wp:term":[{"taxonomy":"product_brand","embeddable":true,"href":"https:\/\/www.mkreborns.com\/lv\/wp-json\/wp\/v2\/product_brand?post=4430"},{"taxonomy":"product_cat","embeddable":true,"href":"https:\/\/www.mkreborns.com\/lv\/wp-json\/wp\/v2\/product_cat?post=4430"},{"taxonomy":"product_tag","embeddable":true,"href":"https:\/\/www.mkreborns.com\/lv\/wp-json\/wp\/v2\/product_tag?post=4430"}],"curies":[{"name":"wp","href":"https:\/\/api.w.org\/{rel}","templated":true}]}}