{"id":4406,"date":"2026-04-03T15:43:02","date_gmt":"2026-04-03T15:43:02","guid":{"rendered":"https:\/\/www.mkreborns.com\/?post_type=product&#038;p=4406"},"modified":"2026-04-05T15:08:24","modified_gmt":"2026-04-05T15:08:24","slug":"20cm-lifelike-3d-painted-baby-reborn-doll","status":"publish","type":"product","link":"https:\/\/www.mkreborns.com\/lv\/product\/20cm-lifelike-3d-painted-baby-reborn-doll\/","title":{"rendered":"20 cm dz\u012bv\u012bga 3D kr\u0101sota atdzimusi mazu\u013ca lelle"},"content":{"rendered":"<p>20 cm augst\u0101 Reborn lelle ir att\u0113lota gu\u013co\u0161a. Reborn lelle ir r\u016bp\u012bgi izstr\u0101d\u0101ta un izgatavota no silikona. Silikona Reborn lelles var t\u012br\u012bt, non\u0101kot saskar\u0113 ar \u016bdeni, t\u0101p\u0113c t\u0101s ir viegli kopt un p\u0101rn\u0113s\u0101t.<\/p>\n<p>Materi\u0101ls: Silikons<br \/>\nDzimums: Meitene<br \/>\nAugstums: 6 collas<br \/>\nSvars: 0,5 kg<br \/>\nIepakojuma svars: 1,3 kg<\/p>\n<div style=\"width: 720px;\" class=\"wp-video\"><video class=\"wp-video-shortcode\" id=\"video-4406-1\" width=\"720\" height=\"976\" preload=\"metadata\" controls=\"controls\"><source type=\"video\/mp4\" src=\"https:\/\/www.mkreborns.com\/wp-content\/uploads\/2026\/04\/6-inch-reborn-doll.mp4?_=1\" \/><a href=\"https:\/\/www.mkreborns.com\/wp-content\/uploads\/2026\/04\/6-inch-reborn-doll.mp4\">https:\/\/www.mkreborns.com\/wp-content\/uploads\/2026\/04\/6-inch-reborn-doll.mp4<\/a><\/video><\/div>\n<p>&nbsp;<\/p>\n<p><img decoding=\"async\" src=\"https:\/\/www.mkreborns.com\/wp-content\/uploads\/2026\/04\/O1CN01iuaGdX1jfP7bgtlXn_2220331144575-0-cib.jpg\" alt=\"\" title=\"\"><\/p>\n<p><img decoding=\"async\" src=\"https:\/\/www.mkreborns.com\/wp-content\/uploads\/2026\/04\/O1CN01zDLmBJ1jfP7ccS7nA_2220331144575-0-cib.jpg\" alt=\"\" title=\"\"><\/p>\n<p><img decoding=\"async\" src=\"https:\/\/www.mkreborns.com\/wp-content\/uploads\/2026\/04\/O1CN01m4KdJh1jfP7asfpdO_2220331144575-0-cib.jpg\" alt=\"Re\u0101listiska 20 cm atdzimusi lelle ar detaliz\u0113tu 3D kr\u0101sojumu, ide\u0101li piem\u0113rota kolekcion\u0101riem un b\u0113rniem.\" title=\"\"><\/p>\n<p><img decoding=\"async\" src=\"https:\/\/www.mkreborns.com\/wp-content\/uploads\/2026\/04\/O1CN01BvwPU71jfP7bippwE_2220331144575-0-cib.jpg\" alt=\"Re\u0101listiska 20 cm atdzimusi lelle ar 3D kr\u0101sot\u0101m deta\u013c\u0101m kolekcion\u0101riem un entuziastiem.\" title=\"\"><\/p>\n<p><img decoding=\"async\" src=\"https:\/\/www.mkreborns.com\/wp-content\/uploads\/2026\/04\/O1CN01fDRjC61jfP7bQlVdy_2220331144575-0-cib.jpg\" alt=\"\" title=\"\"><\/p>","protected":false},"excerpt":{"rendered":"<p>Gu\u013co\u0161\u0101 mini atdzim\u0161anas lelle ir izgatavota no silikona un ir tikai 6 collas augsta, kas ir \u013coti \u0113rti lietot\u0101jiem, kuriem nepiecie\u0161ams mazs izm\u0113rs. \u0160o rota\u013clietu var uzd\u0101vin\u0101t draugam vai sav\u0101kt pa\u0161am.<\/p>","protected":false},"featured_media":4416,"comment_status":"open","ping_status":"closed","template":"","meta":[],"product_brand":[],"product_cat":[256,144,146,153],"product_tag":[],"class_list":{"0":"post-4406","1":"product","2":"type-product","3":"status-publish","4":"has-post-thumbnail","6":"product_cat-6-inch-reborn-dolls","7":"product_cat-baby-girl-reborn-dolls","8":"product_cat-full-silicone-reborn-dolls","9":"product_cat-newborn-reborn-dolls","11":"first","12":"instock","13":"sale","14":"shipping-taxable","15":"purchasable","16":"product-type-simple"},"_links":{"self":[{"href":"https:\/\/www.mkreborns.com\/lv\/wp-json\/wp\/v2\/product\/4406","targetHints":{"allow":["GET"]}}],"collection":[{"href":"https:\/\/www.mkreborns.com\/lv\/wp-json\/wp\/v2\/product"}],"about":[{"href":"https:\/\/www.mkreborns.com\/lv\/wp-json\/wp\/v2\/types\/product"}],"replies":[{"embeddable":true,"href":"https:\/\/www.mkreborns.com\/lv\/wp-json\/wp\/v2\/comments?post=4406"}],"wp:featuredmedia":[{"embeddable":true,"href":"https:\/\/www.mkreborns.com\/lv\/wp-json\/wp\/v2\/media\/4416"}],"wp:attachment":[{"href":"https:\/\/www.mkreborns.com\/lv\/wp-json\/wp\/v2\/media?parent=4406"}],"wp:term":[{"taxonomy":"product_brand","embeddable":true,"href":"https:\/\/www.mkreborns.com\/lv\/wp-json\/wp\/v2\/product_brand?post=4406"},{"taxonomy":"product_cat","embeddable":true,"href":"https:\/\/www.mkreborns.com\/lv\/wp-json\/wp\/v2\/product_cat?post=4406"},{"taxonomy":"product_tag","embeddable":true,"href":"https:\/\/www.mkreborns.com\/lv\/wp-json\/wp\/v2\/product_tag?post=4406"}],"curies":[{"name":"wp","href":"https:\/\/api.w.org\/{rel}","templated":true}]}}