{"id":4195,"date":"2026-03-24T08:06:41","date_gmt":"2026-03-24T08:06:41","guid":{"rendered":"https:\/\/www.mkreborns.com\/?post_type=product&#038;p=4195"},"modified":"2026-03-24T08:33:50","modified_gmt":"2026-03-24T08:33:50","slug":"realistic-bonnie-brown-20-inch-vinyl-boy-twin-reborn-doll","status":"publish","type":"product","link":"https:\/\/www.mkreborns.com\/lv\/product\/realistic-bonnie-brown-20-inch-vinyl-boy-twin-reborn-doll\/","title":{"rendered":"Re\u0101listiska Bonnie Brown 20 collu vinila z\u0113nu dv\u012b\u0146u atdzim\u0161anas lelle"},"content":{"rendered":"<h2>Bonijas Braunas dv\u012b\u0146u meistar\u012bg\u0101 m\u0101ksla A<\/h2>\n<div>Mk Reborns pied\u0101v\u0101 izsmalcin\u0101tu ikonisk\u0101s Bonijas Braunas dv\u012b\u0146u skulpt\u016bras atveidojumu, kas iem\u016b\u017eina z\u012bdai\u0146a vecuma \u0113terisko nevain\u012bbu. Katram 20 collu vinila darin\u0101jumam ir ar rok\u0101m apgleznoti \u0101das raibumi un m\u012bkstas ekstremit\u0101tes, kas atdarina \u012bstas \u0101das elast\u012bbu. Lai gan \u0161\u012bs atdzimu\u0161o dv\u012b\u0146u lelles ir pieejamas, to izsmalcin\u0101t\u0101 meistar\u012bba nodro\u0161ina, ka t\u0101s ie\u0146ems presti\u017eu vietu j\u016bsu atlas\u012btaj\u0101 ekspoz\u012bcij\u0101.<\/div>\n<h3>Reborn Twins b\u0113rnu le\u013c\u013cu autentisk\u0101s \u012bpa\u0161\u012bbas<\/h3>\n<div>\u0160\u012bs atdzimu\u0161o dv\u012b\u0146u lelles tiek pieg\u0101d\u0101tas ar \u012bpa\u0161i piel\u0101gotiem t\u0113rpiem un taustes saj\u016btu, kas prasa maigu apie\u0161anos. To anatomisk\u0101 precizit\u0101te un mier\u012bg\u0101s sejas izteiksmes nodro\u0161ina terapeitisku uzman\u012bbas centru tiem, kas mekl\u0113 re\u0101listisku audzin\u0101\u0161anas simul\u0101ciju.<\/div>\n<ul>\n<li>Izgatavots no augst\u0101k\u0101s kvalit\u0101tes, netoksiska vinila, lai nodro\u0161in\u0101tu ilgsto\u0161u struktur\u0101lu integrit\u0101ti.<\/li>\n<li>Izm\u0113r\u012bts 50 cm, lai \u0161\u016bpojot nodro\u0161in\u0101tu iev\u0113rojamu, re\u0101listisku svaru.<\/li>\n<li>Detaliz\u0113ti ar mikro dz\u012bsl\u0101m un caursp\u012bd\u012bg\u0101m nagu gult\u0101m vizu\u0101lam dzi\u013cumam.<\/li>\n<\/ul>\n<div>\u012apa\u0161nieki augstu v\u0113rt\u0113 divk\u0101r\u0161o biedriskumu, ko pied\u0101v\u0101 \u0161\u012bs jauk\u012bg\u0101s atdzimu\u0161\u0101s dv\u012b\u0146u lelles, jo t\u0101s lieliski atspogu\u013co br\u0101\u013cu un m\u0101su sinhroniz\u0113to \u0161armu. Katra est\u0113tisk\u0101 izv\u0113le pastiprina nenoliedzamo augstas precizit\u0101tes Bonnie Brown z\u0113nu dv\u012b\u0146u atdzimu\u0161\u0101s lelles pievilc\u012bbu.<\/div>","protected":false},"excerpt":{"rendered":"<div>\u0160o smalko b\u0113rnistabas iem\u012btnieku adopt\u0113\u0161ana ienes dzi\u013cu miera saj\u016btu jebkura kolekcion\u0101ra patv\u0113rum\u0101. \u0160ie r\u016bp\u012bgi sv\u0113rtie kompanjoni atspogu\u013co jaundzimu\u0161o anatomijas smalk\u0101s nianses, veicinot t\u016bl\u012bt\u0113ju emocion\u0101lu saikni, kas p\u0101rsniedz vienk\u0101r\u0161u hobiju.<\/div>","protected":false},"featured_media":4196,"comment_status":"open","ping_status":"closed","template":"","meta":[],"product_brand":[],"product_cat":[237,145,236,152],"product_tag":[],"class_list":{"0":"post-4195","1":"product","2":"type-product","3":"status-publish","4":"has-post-thumbnail","6":"product_cat-20-inch-reborn-dolls","7":"product_cat-baby-boy-reborn-dolls","8":"product_cat-twin-reborn-dolls","9":"product_cat-vinyl-reborn-dolls","11":"first","12":"instock","13":"sale","14":"shipping-taxable","15":"purchasable","16":"product-type-simple"},"_links":{"self":[{"href":"https:\/\/www.mkreborns.com\/lv\/wp-json\/wp\/v2\/product\/4195","targetHints":{"allow":["GET"]}}],"collection":[{"href":"https:\/\/www.mkreborns.com\/lv\/wp-json\/wp\/v2\/product"}],"about":[{"href":"https:\/\/www.mkreborns.com\/lv\/wp-json\/wp\/v2\/types\/product"}],"replies":[{"embeddable":true,"href":"https:\/\/www.mkreborns.com\/lv\/wp-json\/wp\/v2\/comments?post=4195"}],"wp:featuredmedia":[{"embeddable":true,"href":"https:\/\/www.mkreborns.com\/lv\/wp-json\/wp\/v2\/media\/4196"}],"wp:attachment":[{"href":"https:\/\/www.mkreborns.com\/lv\/wp-json\/wp\/v2\/media?parent=4195"}],"wp:term":[{"taxonomy":"product_brand","embeddable":true,"href":"https:\/\/www.mkreborns.com\/lv\/wp-json\/wp\/v2\/product_brand?post=4195"},{"taxonomy":"product_cat","embeddable":true,"href":"https:\/\/www.mkreborns.com\/lv\/wp-json\/wp\/v2\/product_cat?post=4195"},{"taxonomy":"product_tag","embeddable":true,"href":"https:\/\/www.mkreborns.com\/lv\/wp-json\/wp\/v2\/product_tag?post=4195"}],"curies":[{"name":"wp","href":"https:\/\/api.w.org\/{rel}","templated":true}]}}