{"id":4165,"date":"2026-03-22T14:35:28","date_gmt":"2026-03-22T14:35:28","guid":{"rendered":"https:\/\/www.mkreborns.com\/product\/18-inch-soft-vinyl-open-eye-reborn-baby-doll\/"},"modified":"2026-03-22T15:34:35","modified_gmt":"2026-03-22T15:34:35","slug":"18-inch-soft-vinyl-open-eye-reborn-baby-doll","status":"publish","type":"product","link":"https:\/\/www.mkreborns.com\/lv\/product\/18-inch-soft-vinyl-open-eye-reborn-baby-doll\/","title":{"rendered":"18 collu m\u012bksta vinila atdzimu\u0161a mazu\u013ca lelle ar atv\u0113rt\u0101m ac\u012bm"},"content":{"rendered":"<p>\u0160ai atdzimu\u0161ajai lellei ir skaidri redzamas v\u0113nas, un t\u0101 ir \u013coti re\u0101listiska. T\u0101 var s\u0113d\u0113t vai apgulties, nerun\u0101 un nemirk\u0161\u0137ina, un tai nav sare\u017e\u0123\u012btu elektronisku deta\u013cu, t\u0101p\u0113c to ir viegli kopt un t\u0101 ir lieliski piem\u0113rota kolekcion\u0113\u0161anai. T\u012brot lelli, r\u012bkojieties uzman\u012bgi; izvairieties no sp\u0113c\u012bgas uzacu skr\u0101p\u0113\u0161anas, lai nov\u0113rstu kr\u0101sas izbal\u0113\u0161anu.<\/p>\n<p>&nbsp;<\/p>\n<p>Materi\u0101ls: Piln\u012bb\u0101 apr\u012bkots PVC<br \/>\nDzimums: Izv\u0113lieties starp z\u0113nu vai meiteni<br \/>\nAugstums: 18 collas<br \/>\nSvars: 1,1 kg<br \/>\nSkropstas: L\u012bm\u0113jo\u0161\u0101s skropstas<br \/>\nIepakojuma svars: 1,6 kg<br \/>\nIepakojuma izm\u0113ri: 46*20*13cm<br \/>\nPilns komplekts ietver: dr\u0113bes, auti\u0146biks\u012btes, magn\u0113tisko knup\u012bti, pudel\u012bti un dzim\u0161anas apliec\u012bbu.<\/p>\n<p>&nbsp;<\/p>\n<p><img decoding=\"async\" src=\"https:\/\/www.mkreborns.com\/wp-content\/uploads\/2026\/03\/O1CN01PhbSDV1lsnmHX7b7l_2831564875-0-cib.jpg\" alt=\"\" title=\"\"><\/p>\n<p><img decoding=\"async\" src=\"https:\/\/www.mkreborns.com\/wp-content\/uploads\/2026\/03\/O1CN01Fqa8AT1lsnmKDSTq1_2831564875-0-cib.jpg\" alt=\"\" title=\"\"><\/p>\n<p>L\u016bdzu, \u0146emiet v\u0113r\u0101 0,5\u20131 collas manu\u0101lo pielaidi, jo produkts tika m\u0113r\u012bts manu\u0101li.<\/p>","protected":false},"excerpt":{"rendered":"<p>K\u0101 atdzimu\u0161\u0101s lelles apr\u016bp\u0113t\u0101js, j\u016bs varat ieg\u0101d\u0101ties da\u017e\u0101da stila ap\u0123\u0113rbu lellei da\u017e\u0101diem gad\u012bjumiem.<\/p>","protected":false},"featured_media":4167,"comment_status":"open","ping_status":"closed","template":"","meta":[],"product_brand":[],"product_cat":[151,145,144,155,156,154,157,152],"product_tag":[],"class_list":{"0":"post-4165","1":"product","2":"type-product","3":"status-publish","4":"has-post-thumbnail","6":"product_cat-18-inch-reborn-dolls","7":"product_cat-baby-boy-reborn-dolls","8":"product_cat-baby-girl-reborn-dolls","9":"product_cat-cute-reborn-dolls","10":"product_cat-life-sized-dolls","11":"product_cat-lifelike-reborn-dolls","12":"product_cat-real-life-baby-dolls","13":"product_cat-vinyl-reborn-dolls","15":"first","16":"instock","17":"sale","18":"shipping-taxable","19":"purchasable","20":"product-type-variable","21":"has-default-attributes"},"_links":{"self":[{"href":"https:\/\/www.mkreborns.com\/lv\/wp-json\/wp\/v2\/product\/4165","targetHints":{"allow":["GET"]}}],"collection":[{"href":"https:\/\/www.mkreborns.com\/lv\/wp-json\/wp\/v2\/product"}],"about":[{"href":"https:\/\/www.mkreborns.com\/lv\/wp-json\/wp\/v2\/types\/product"}],"replies":[{"embeddable":true,"href":"https:\/\/www.mkreborns.com\/lv\/wp-json\/wp\/v2\/comments?post=4165"}],"wp:featuredmedia":[{"embeddable":true,"href":"https:\/\/www.mkreborns.com\/lv\/wp-json\/wp\/v2\/media\/4167"}],"wp:attachment":[{"href":"https:\/\/www.mkreborns.com\/lv\/wp-json\/wp\/v2\/media?parent=4165"}],"wp:term":[{"taxonomy":"product_brand","embeddable":true,"href":"https:\/\/www.mkreborns.com\/lv\/wp-json\/wp\/v2\/product_brand?post=4165"},{"taxonomy":"product_cat","embeddable":true,"href":"https:\/\/www.mkreborns.com\/lv\/wp-json\/wp\/v2\/product_cat?post=4165"},{"taxonomy":"product_tag","embeddable":true,"href":"https:\/\/www.mkreborns.com\/lv\/wp-json\/wp\/v2\/product_tag?post=4165"}],"curies":[{"name":"wp","href":"https:\/\/api.w.org\/{rel}","templated":true}]}}