{"id":4029,"date":"2026-03-18T15:28:55","date_gmt":"2026-03-18T15:28:55","guid":{"rendered":"https:\/\/www.mkreborns.com\/?post_type=product&#038;p=4029"},"modified":"2026-03-19T15:51:56","modified_gmt":"2026-03-19T15:51:56","slug":"17-18-inch-reborn-doll-feeding-pacifier-accessories","status":"publish","type":"product","link":"https:\/\/www.mkreborns.com\/lv\/product\/17-18-inch-reborn-doll-feeding-pacifier-accessories\/","title":{"rendered":"17\u201318 collu Reborn lelles baro\u0161anas knup\u012b\u0161u piederumi"},"content":{"rendered":"<div class=\"product-specs-list-container\"><\/div>\n<div class=\"detailmodule_html\">\n<div class=\"detail-desc-decorate-richtext\">\n<h2>Atdzimu\u0161o Lelle\u013cu Aksesu\u0101ri Bez Cauruma Pudeles Muc\u012btes<\/h2>\n<div>Reborn lelles aksesu\u0101ri - bez cauruma pudel\u012b\u0161u knup\u012b\u0161i - ir izstr\u0101d\u0101ti, lai atdarin\u0101tu autentiskas z\u012bdai\u0146u baro\u0161anas rut\u012bnas, vienlaikus saglab\u0101jot lelles integrit\u0101ti. \u0160aj\u0101 komplekt\u0101 ietilpst r\u016bp\u012bgi veidotas pudeles, m\u012bksti silikona uzga\u013ci un saska\u0146oti elementi, kas papildina Reborn lelles knup\u012b\u0161u komplekta stilu. \u0160ie aksesu\u0101ri, kas paredz\u0113ti kolekcion\u0101riem, kuriem priorit\u0101te ir re\u0101lisms, rada re\u0101listiskas apr\u016bpes iespaidu, neprasot lelles struktur\u0101las izmai\u0146as.<\/div>\n<h3>Dro\u0161s silikona dizains un re\u0101listiskas deta\u013cas<\/h3>\n<div>Komplekt\u0101 iek\u013cautie priek\u0161laic\u012bgi dzimu\u0161o le\u013c\u013cu silikona knup\u012b\u0161i bez caurumiem ir veidoti ar sl\u0113gtu uzgali, kas nov\u0113r\u0161 \u0161\u0137idruma pl\u016bsmu, vienlaikus saglab\u0101jot vizu\u0101lo autentiskumu. Katra deta\u013ca ir proporcion\u0101la 17\u201318 collu lell\u0113m, nodro\u0161inot dabisku piegul\u0161anu baro\u0161anas ain\u0101m vai dekor\u0101cij\u0101m.<\/div>\n<h3>Galven\u0101s iez\u012bmes un priek\u0161roc\u012bbas<\/h3>\n<ul>\n<li>Komplekt\u0101 ietilpst baro\u0161anas pudel\u012btes un atdzimu\u0161as lelles knup\u012b\u0161i<\/li>\n<li>Sl\u0113gta uzga\u013ca dizains dro\u0161ai, nefunkcion\u0101lai baro\u0161anas simul\u0101cijai<\/li>\n<li>Izgatavots no m\u012bksta silikona, lai ieg\u016btu re\u0101listisku tekst\u016bru<\/li>\n<li>Sader\u012bgs ar 17-18 collu atdzim\u0161anas lell\u0113m<\/li>\n<li>Ide\u0101li piem\u0113rots priek\u0161laic\u012bgi dzimu\u0161iem b\u0113rniem paredz\u0113tiem silikona knup\u012b\u0161iem bez caurumiem, kas paredz\u0113ti atdzimu\u0161\u0101m lell\u0113m.<\/li>\n<\/ul>\n<div>\u0160is r\u016bp\u012bgi saliktais komplekts uzlabo vizu\u0101lo st\u0101st\u012bjumu un kolekcijas v\u0113rt\u012bbu, padarot to par uzticamu izv\u0113li ikvienam, kur\u0161 mekl\u0113 atdzimu\u0161as lelles aksesu\u0101rus \u2013 pudeles knup\u012b\u0161us bez caurumiem.<\/div>\n<p><img decoding=\"async\" src=\"https:\/\/www.mkreborns.com\/wp-content\/uploads\/2026\/03\/kf-S821bc0c09e4b42a393cbbc2780b410d4P.webp\" alt=\"\" title=\"\"><img decoding=\"async\" src=\"https:\/\/www.mkreborns.com\/wp-content\/uploads\/2026\/03\/kf-S3ddca035184249b39a97908487b4d497n.webp\" alt=\"\" title=\"\"><img decoding=\"async\" src=\"https:\/\/www.mkreborns.com\/wp-content\/uploads\/2026\/03\/kf-Se4f5ae05ae6f4ec4a8ef9889288959d4L.webp\" alt=\"\" title=\"\"><img decoding=\"async\" src=\"https:\/\/www.mkreborns.com\/wp-content\/uploads\/2026\/03\/kf-S63a5bb887a674b8ab8ce2a3c3e8dc6den.webp\" alt=\"\" title=\"\"><span style=\"font-size: 18px;\"><strong>Maza izm\u0113ra roz\u0101:<\/strong><\/span><img decoding=\"async\" src=\"https:\/\/www.mkreborns.com\/wp-content\/uploads\/2026\/03\/kf-S5937a950d18c457d9632bc051f5569f9r.webp\" alt=\"\" title=\"\"><\/p>\n<p><span style=\"font-size: 18px;\"><strong>Maza izm\u0113ra zils:<\/strong><\/span><img decoding=\"async\" src=\"https:\/\/www.mkreborns.com\/wp-content\/uploads\/2026\/03\/kf-Scbcae8c5f5a14ec8ac5007fdc863b93cg.webp\" alt=\"\" title=\"\"><img decoding=\"async\" src=\"https:\/\/www.mkreborns.com\/wp-content\/uploads\/2026\/03\/kf-S5e160258b8954f42a85e81b8690efd27l.webp\" alt=\"\" title=\"\"><img decoding=\"async\" src=\"https:\/\/www.mkreborns.com\/wp-content\/uploads\/2026\/03\/kf-Sb8e5eb1c653f4d77bd66c73376d647894.webp\" alt=\"\" title=\"\"><img decoding=\"async\" src=\"https:\/\/www.mkreborns.com\/wp-content\/uploads\/2026\/03\/kf-S42bdf04560824f58a60c86c965c4d3f5Q.webp\" alt=\"\" title=\"\"><img decoding=\"async\" src=\"https:\/\/www.mkreborns.com\/wp-content\/uploads\/2026\/03\/kf-Sf8bed42865e04064a00206620943d9dfR.webp\" alt=\"\" title=\"\"><img decoding=\"async\" src=\"https:\/\/www.mkreborns.com\/wp-content\/uploads\/2026\/03\/kf-S419dce937a6049f997aa62428da2071dR.webp\" alt=\"Atdzimu\u0161as lelles baro\u0161anas piederumi, tostarp b\u0113rnu pudel\u012bte, knup\u012btis un baro\u0161anas r\u012bki.\" title=\"\"><\/p>\n<\/div>\n<\/div>","protected":false},"excerpt":{"rendered":"<div>Pilns baro\u0161anas piederumu komplekts, kas paredz\u0113ts 17\u201318 collu atdzim\u0161anas lell\u0113m, apvienojot re\u0101lismu, dro\u0161\u012bbu un smalkas deta\u013cas vien\u0101 kompakt\u0101 komplekt\u0101.<\/div>","protected":false},"featured_media":4030,"comment_status":"open","ping_status":"closed","template":"","meta":[],"product_brand":[],"product_cat":[148,162],"product_tag":[],"class_list":{"0":"post-4029","1":"product","2":"type-product","3":"status-publish","4":"has-post-thumbnail","6":"product_cat-reborn-doll-accessories","7":"product_cat-reborn-pacifier","9":"first","10":"instock","11":"sale","12":"shipping-taxable","13":"purchasable","14":"product-type-variable","15":"has-default-attributes"},"_links":{"self":[{"href":"https:\/\/www.mkreborns.com\/lv\/wp-json\/wp\/v2\/product\/4029","targetHints":{"allow":["GET"]}}],"collection":[{"href":"https:\/\/www.mkreborns.com\/lv\/wp-json\/wp\/v2\/product"}],"about":[{"href":"https:\/\/www.mkreborns.com\/lv\/wp-json\/wp\/v2\/types\/product"}],"replies":[{"embeddable":true,"href":"https:\/\/www.mkreborns.com\/lv\/wp-json\/wp\/v2\/comments?post=4029"}],"wp:featuredmedia":[{"embeddable":true,"href":"https:\/\/www.mkreborns.com\/lv\/wp-json\/wp\/v2\/media\/4030"}],"wp:attachment":[{"href":"https:\/\/www.mkreborns.com\/lv\/wp-json\/wp\/v2\/media?parent=4029"}],"wp:term":[{"taxonomy":"product_brand","embeddable":true,"href":"https:\/\/www.mkreborns.com\/lv\/wp-json\/wp\/v2\/product_brand?post=4029"},{"taxonomy":"product_cat","embeddable":true,"href":"https:\/\/www.mkreborns.com\/lv\/wp-json\/wp\/v2\/product_cat?post=4029"},{"taxonomy":"product_tag","embeddable":true,"href":"https:\/\/www.mkreborns.com\/lv\/wp-json\/wp\/v2\/product_tag?post=4029"}],"curies":[{"name":"wp","href":"https:\/\/api.w.org\/{rel}","templated":true}]}}