{"id":4000,"date":"2026-03-18T14:46:48","date_gmt":"2026-03-18T14:46:48","guid":{"rendered":"https:\/\/www.mkreborns.com\/?post_type=product&#038;p=4000"},"modified":"2026-03-19T15:52:09","modified_gmt":"2026-03-19T15:52:09","slug":"american-girl-doll-clothes-fit-18-inch-reborns-set","status":"publish","type":"product","link":"https:\/\/www.mkreborns.com\/lv\/product\/american-girl-doll-clothes-fit-18-inch-reborns-set\/","title":{"rendered":"Amerik\u0101\u0146u Meitene Lelle Dr\u0113bes Fit 18 Collu Reborns Komplekts"},"content":{"rendered":"<div class=\"product-specs-list-container\">\n<h2>Amerik\u0101\u0146u Meitenes Lelles Ap\u0123\u0113rbs, Kas Der Atdzimu\u0161aj\u0101m Lell\u0113m<\/h2>\n<div>Amerik\u0101\u0146u le\u013c\u013cu dr\u0113bes piegu\u013c atdzim\u0161anas cien\u012bt\u0101jiem ar iev\u0113rojamu precizit\u0101ti, nodro\u0161inot sader\u012bbu ar 18 collu lell\u0113m, kur\u0101m ir re\u0101listiskas proporcijas. \u0160ie t\u0113rpi ir veidoti t\u0101, lai tie atbilstu jaun\u0101 stila atdzim\u0161anas auduma le\u013c\u013cu \u0137erme\u0146iem, pied\u0101v\u0101jot l\u012bdzsvarotu siluetu, kas uzsver autentiskumu. Neatkar\u012bgi no t\u0101, vai tie ir veidoti demonstr\u0113\u0161anai vai saudz\u012bgai lieto\u0161anai, katrs ap\u0123\u0113rba gabals atspogu\u013co p\u0101rdom\u0101tu meistar\u012bbu.<\/div>\n<h3>Piel\u0101gots dizains un materi\u0101lu integrit\u0101te<\/h3>\n<div>\u0160ie roku darbs atdzimu\u0161o le\u013c\u013cu ap\u0123\u0113rbu komplekti, kas izgatavoti no m\u012bksta, bet iztur\u012bga auduma, saglab\u0101 strukt\u016bru bez st\u012bvuma. \u0160uves seko anatomisk\u0101m kont\u016br\u0101m, \u013caujot ap\u0123\u0113rbam dabiski piegult lelles r\u0101mim. Tas nodro\u0161ina gan vizu\u0101lu precizit\u0101ti, gan ilgtermi\u0146a lietojam\u012bbu.<\/div>\n<h3>Galven\u0101s iez\u012bmes un priek\u0161roc\u012bbas<\/h3>\n<ul>\n<li>Izstr\u0101d\u0101ts, lai prec\u012bzi atbilstu 43 cm \/ 18 collu Reborn izm\u0113ram<\/li>\n<li>Piem\u0113rots gan atdzimu\u0161u le\u013c\u013cu dr\u0113b\u0113m z\u0113nam, gan neitr\u0101liem stiliem<\/li>\n<li>Pastiprin\u0101tas v\u012bles ilg\u0101kai iztur\u012bbai<\/li>\n<li>Viegls tekstils \u0113rtai lieto\u0161anai<\/li>\n<li>Savietojams ar jaun\u0101 stila atdzimsto\u0161iem auduma le\u013c\u013cu \u0137erme\u0146iem<\/li>\n<\/ul>\n<div>Ar strukt\u016bras un maiguma l\u012bdzsvaru \u0161is ap\u0123\u0113rbu komplekts pie\u0161\u0137ir dzi\u013cumu un re\u0101lismu jebkurai kolekcijai, padarot to par uzticamu izv\u0113li kolekcion\u0101riem, kas mekl\u0113 atdzimu\u0161as American Girl lelles dr\u0113bes.<\/div>\n<div><\/div>\n<\/div>\n<div class=\"detailmodule_html\">\n<div class=\"detail-desc-decorate-richtext\">\n<p style=\"text-align: center; margin: 0px;\" align=\"center\"><img decoding=\"async\" src=\"https:\/\/www.mkreborns.com\/wp-content\/uploads\/2026\/03\/kf-Sbb815d83d55a42c6b75a953932f9eec9r.webp\" alt=\"\" title=\"\"><img decoding=\"async\" src=\"https:\/\/www.mkreborns.com\/wp-content\/uploads\/2026\/03\/kf-Sc2b352c412684bd7acc6bb9bcdf0c927X.webp\" alt=\"\" title=\"\"><img decoding=\"async\" src=\"https:\/\/www.mkreborns.com\/wp-content\/uploads\/2026\/03\/kf-S359e5961003a4ef683ca7929699e081fB.webp\" alt=\"\" title=\"\"><img decoding=\"async\" src=\"https:\/\/www.mkreborns.com\/wp-content\/uploads\/2026\/03\/kf-Scc518a1bba6e434daac8f2dece7ee61fs.webp\" alt=\"\" title=\"\"><img decoding=\"async\" src=\"https:\/\/www.mkreborns.com\/wp-content\/uploads\/2026\/03\/kf-S5c9fd673d94b407495c1b13241048299B.webp\" alt=\"\" title=\"\"><img decoding=\"async\" src=\"https:\/\/www.mkreborns.com\/wp-content\/uploads\/2026\/03\/kf-S4b118a05358c496d84bb2426874d92c8u.webp\" alt=\"\" title=\"\"><img decoding=\"async\" src=\"https:\/\/www.mkreborns.com\/wp-content\/uploads\/2026\/03\/kf-S41958fdfe8b14b4481003fedf9275197D.webp\" alt=\"\" title=\"\"><img decoding=\"async\" src=\"https:\/\/www.mkreborns.com\/wp-content\/uploads\/2026\/03\/kf-Sb7de3410d1f5466194271c86cc3b11047.webp\" alt=\"\" title=\"\"><img decoding=\"async\" src=\"https:\/\/www.mkreborns.com\/wp-content\/uploads\/2026\/03\/kf-Sf2d8e29dcfbb4426a9b5e0f048bc41bbl.webp\" alt=\"\" title=\"\"><img decoding=\"async\" src=\"https:\/\/www.mkreborns.com\/wp-content\/uploads\/2026\/03\/kf-S87f2002a343949f78d65c595eb6297c7W.webp\" alt=\"\" title=\"\"><img decoding=\"async\" src=\"https:\/\/www.mkreborns.com\/wp-content\/uploads\/2026\/03\/kf-Se889b72926b445a58aea59fc7b6b49b5L.webp\" alt=\"\" title=\"\"><\/p>\n<\/div>\n<\/div>","protected":false},"excerpt":{"rendered":"<div>R\u016bp\u012bgi piel\u0101goti t\u0113rpi, kas rad\u012bti, lai der\u0113tu 18 collu atdzimu\u0161ajiem, apvienojot klasisko stilu ar m\u012bkstiem materi\u0101liem, radot izsmalcin\u0101tu un dz\u012bv\u012bgu izskatu.<\/div>","protected":false},"featured_media":4001,"comment_status":"open","ping_status":"closed","template":"","meta":[],"product_brand":[],"product_cat":[159,148],"product_tag":[],"class_list":{"0":"post-4000","1":"product","2":"type-product","3":"status-publish","4":"has-post-thumbnail","6":"product_cat-clothes-for-reborn-dolls","7":"product_cat-reborn-doll-accessories","9":"first","10":"instock","11":"sale","12":"shipping-taxable","13":"purchasable","14":"product-type-variable","15":"has-default-attributes"},"_links":{"self":[{"href":"https:\/\/www.mkreborns.com\/lv\/wp-json\/wp\/v2\/product\/4000","targetHints":{"allow":["GET"]}}],"collection":[{"href":"https:\/\/www.mkreborns.com\/lv\/wp-json\/wp\/v2\/product"}],"about":[{"href":"https:\/\/www.mkreborns.com\/lv\/wp-json\/wp\/v2\/types\/product"}],"replies":[{"embeddable":true,"href":"https:\/\/www.mkreborns.com\/lv\/wp-json\/wp\/v2\/comments?post=4000"}],"wp:featuredmedia":[{"embeddable":true,"href":"https:\/\/www.mkreborns.com\/lv\/wp-json\/wp\/v2\/media\/4001"}],"wp:attachment":[{"href":"https:\/\/www.mkreborns.com\/lv\/wp-json\/wp\/v2\/media?parent=4000"}],"wp:term":[{"taxonomy":"product_brand","embeddable":true,"href":"https:\/\/www.mkreborns.com\/lv\/wp-json\/wp\/v2\/product_brand?post=4000"},{"taxonomy":"product_cat","embeddable":true,"href":"https:\/\/www.mkreborns.com\/lv\/wp-json\/wp\/v2\/product_cat?post=4000"},{"taxonomy":"product_tag","embeddable":true,"href":"https:\/\/www.mkreborns.com\/lv\/wp-json\/wp\/v2\/product_tag?post=4000"}],"curies":[{"name":"wp","href":"https:\/\/api.w.org\/{rel}","templated":true}]}}