{"id":3914,"date":"2026-03-18T13:49:16","date_gmt":"2026-03-18T13:49:16","guid":{"rendered":"https:\/\/www.mkreborns.com\/?post_type=product&#038;p=3914"},"modified":"2026-03-19T15:50:41","modified_gmt":"2026-03-19T15:50:41","slug":"handmade-20-22-inch-reborn-doll-outfits-and-princess-dress-sets","status":"publish","type":"product","link":"https:\/\/www.mkreborns.com\/lv\/product\/handmade-20-22-inch-reborn-doll-outfits-and-princess-dress-sets\/","title":{"rendered":"Roku darbs 20\u201322 collu Reborn le\u013c\u013cu t\u0113rpi un princeses kleitu komplekti"},"content":{"rendered":"<div class=\"product-specs-list-container\">\n<h2>Izsmalcin\u0101ti garderobes pamatelementi j\u016bsu \u012bstiem mazu\u013ciem<\/h2>\n<div>Atdzimu\u0161a b\u0113rna apr\u016bpe ietver vair\u0101k nek\u0101 tikai maigus piesk\u0101rienus; ir nepiecie\u0161ams ap\u0123\u0113rbs, kas atspogu\u013co vi\u0146a smalko skaistumu. M\u016bsu r\u016bp\u012bgi atlas\u012bt\u0101 20\u201322 collu atdzimu\u0161o le\u013c\u013cu ap\u0123\u0113rbu kolekcija nodro\u0161ina neman\u0101mu piegriezumu lell\u0113m no piecdesmit l\u012bdz piecdesmit pieciem centimetriem. Katrs ap\u0123\u0113rba gabals ir r\u016bp\u012bgi iz\u0161\u016bts, izmantojot augst\u0101k\u0101s kvalit\u0101tes tekstilizstr\u0101d\u0101jumus, kas rada maigu taustes saj\u016btu, saskaroties ar j\u016bsu kolekcion\u0113jam\u0101 priek\u0161meta vinila vai silikona virsm\u0101m. Neatkar\u012bgi no t\u0101, vai \u0123\u0113rbjat mazu meiteni vai jaundzimu\u0161o, \u0161ie ap\u0123\u0113rba gabali nodro\u0161ina j\u016bsu hobijam nepiecie\u0161amo est\u0113tisko izsmalcin\u0101t\u012bbu par augst\u0101ko cenu.<\/div>\n<h3>Daudzpus\u012bgi sezon\u0101li stili un funkcion\u0101li aksesu\u0101ri<\/h3>\n<div>Lai saglab\u0101tu b\u0113rnistabas re\u0101lismu, ir nepiecie\u0161ams atbilsto\u0161s ap\u0123\u0113rbs jebkuram klimatam. S\u0101kot ar elpojo\u0161iem kokvilnas mais\u012bjumiem vasaras izbraucieniem un beidzot ar daudzsl\u0101\u0146ainiem, m\u0101j\u012bgiem ad\u012bjumiem ziemas izr\u0101d\u0113m, m\u016bsu izv\u0113le apmierin\u0101s ikvienu stilistisko v\u0113lmi. \u0160\u012bs l\u0113t\u0101s atdzimu\u0161o le\u013c\u013cu dr\u0113bes pied\u0101v\u0101 pieejamu veidu, k\u0101 papla\u0161in\u0101t savas kolekcijas daudzpus\u012bbu, vienlaikus saglab\u0101jot augstus meistar\u012bbas standartus.<\/div>\n<ul>\n<li>Ar rok\u0101m \u0161\u016btas princeses kleitas ar sare\u017e\u0123\u012bt\u0101m me\u017e\u0123\u012b\u0146u un lent\u012b\u0161u deta\u013c\u0101m.<\/li>\n<li>Iztur\u012bga auduma konstrukcija, kas iztur bie\u017eu \u0123\u0113rb\u0161anos un poz\u0113\u0161anu.<\/li>\n<li>Spilgtas, netoksiskas kr\u0101svielas, kas nodro\u0161ina dro\u0161\u012bbu un ilgsto\u0161u kr\u0101su pies\u0101tin\u0101jumu.<\/li>\n<li>Saska\u0146oti komplekti, kas vienk\u0101r\u0161o stilu gan amatieriem, gan profesion\u0101liem kolekcion\u0101riem.<\/li>\n<\/ul>\n<div>Lelles \u012bpa\u0161umties\u012bbu prieks k\u013c\u016bst v\u0113l liel\u0101ks, ja izv\u0113laties perfektas atdzimu\u0161as silikona lelles dr\u0113bes un aksesu\u0101rus, lai papildin\u0101tu savas b\u0113rnistabas unik\u0101lo izskatu. Izv\u0113loties m\u016bsu augstas kvalit\u0101tes 20 collu atdzimu\u0161as lelles dr\u0113bes, j\u016bs nodro\u0161in\u0101siet, ka j\u016bsu mazulis paliks j\u016bsu kolekcijas centr\u0101lais elements, vienlaikus t\u0113rpts vislab\u0101kaj\u0101s 22 collu atdzimu\u0161as lelles dr\u0113b\u0113s.<\/div>\n<\/div>\n<p><img decoding=\"async\" src=\"https:\/\/www.mkreborns.com\/wp-content\/uploads\/2026\/03\/kf-S2e01ded1844b4877bf4c33f55020ae11c.webp\" alt=\"\" title=\"\"><img decoding=\"async\" src=\"https:\/\/www.mkreborns.com\/wp-content\/uploads\/2026\/03\/kf-S9e3f070a33d54057b89198cde073cd612.webp\" alt=\"\" title=\"\"><img decoding=\"async\" src=\"https:\/\/www.mkreborns.com\/wp-content\/uploads\/2026\/03\/kf-S6e3bf7adc684427696336b2801fea85fY.webp\" alt=\"\" title=\"\"><img decoding=\"async\" src=\"https:\/\/www.mkreborns.com\/wp-content\/uploads\/2026\/03\/kf-S33fd522146264b3d872df87a701c2946b.webp\" alt=\"\" title=\"\"><img decoding=\"async\" src=\"https:\/\/www.mkreborns.com\/wp-content\/uploads\/2026\/03\/kf-Sbf836be53df845d68bbc0b7a1f9c781f2.webp\" alt=\"\" title=\"\"><img decoding=\"async\" src=\"https:\/\/www.mkreborns.com\/wp-content\/uploads\/2026\/03\/kf-Sf1a7b314b8d347688f83c99d60dce0a3A.webp\" alt=\"\" title=\"\"><img decoding=\"async\" src=\"https:\/\/www.mkreborns.com\/wp-content\/uploads\/2026\/03\/kf-S61f931d28b264579b6dae3d8565e2e50T.webp\" alt=\"\" title=\"\"><img decoding=\"async\" src=\"https:\/\/www.mkreborns.com\/wp-content\/uploads\/2026\/03\/kf-S0c2952b48d644b18bd24e6028052eb98U.webp\" alt=\"\" title=\"\"><img decoding=\"async\" src=\"https:\/\/www.mkreborns.com\/wp-content\/uploads\/2026\/03\/kf-S9e63ed215fae43ad819d86d2033ee969r.webp\" alt=\"\" title=\"\"><img decoding=\"async\" src=\"https:\/\/www.mkreborns.com\/wp-content\/uploads\/2026\/03\/kf-S753c136e65d641e4943f67baf9baf5ccc.webp\" alt=\"\" title=\"\"><img decoding=\"async\" src=\"https:\/\/www.mkreborns.com\/wp-content\/uploads\/2026\/03\/kf-S67c85d54bdd34203a836b3a36c4bd4eaS.webp\" alt=\"\" title=\"\"><img decoding=\"async\" src=\"https:\/\/www.mkreborns.com\/wp-content\/uploads\/2026\/03\/kf-S50dfe06eb5cd479983c46dcf6260faee1.webp\" alt=\"\" title=\"\"><img decoding=\"async\" src=\"https:\/\/www.mkreborns.com\/wp-content\/uploads\/2026\/03\/kf-Sb5f6a65275bd4f43ab927c391e4be4d5i.webp\" alt=\"\" title=\"\"><img decoding=\"async\" src=\"https:\/\/www.mkreborns.com\/wp-content\/uploads\/2026\/03\/kf-S267c5a5569df43c99eeeb243ed4f3022A.webp\" alt=\"\" title=\"\"><img decoding=\"async\" src=\"https:\/\/www.mkreborns.com\/wp-content\/uploads\/2026\/03\/kf-Sfd4f91fa317844e6a20bedeb546fe009P.webp\" alt=\"Atdzimu\u0161as lelles princeses kleita ar vol\u0101niem un paste\u013ckr\u0101s\u0101m.\" title=\"\"> <img decoding=\"async\" src=\"https:\/\/www.mkreborns.com\/wp-content\/uploads\/2026\/03\/kf-Sf6881c96b70f469dae3e5e917a9a797c2.webp\" alt=\"\" title=\"\"><img decoding=\"async\" src=\"https:\/\/www.mkreborns.com\/wp-content\/uploads\/2026\/03\/kf-S37d300d49be64c689cdc2d9ac655ee8ef.webp\" alt=\"\" title=\"\"><img decoding=\"async\" src=\"https:\/\/www.mkreborns.com\/wp-content\/uploads\/2026\/03\/kf-Se12b5d5751db49a598419c27633fa249h.webp\" alt=\"Atdzimu\u0161as princeses lelles kleitu komplekts ar galaktikas apdruku un roz\u0101 akcentiem, ide\u0101li piem\u0113rots 20-22 collu lell\u0113m. Uni.\" title=\"\"> <img decoding=\"async\" src=\"https:\/\/www.mkreborns.com\/wp-content\/uploads\/2026\/03\/kf-Sfec6353fabc249739a9bfc7ff9c19194J.webp\" alt=\"Burv\u012bga, roku darbs, 20\u201322 collu atdzimu\u0161as lelles princeses kleita ar galaktikas apdruku un roz\u0101 akcentiem.\" title=\"\"> <img decoding=\"async\" src=\"https:\/\/www.mkreborns.com\/wp-content\/uploads\/2026\/03\/kf-S2fe53c2cf60a4dca806d62c9507c1527k.webp\" alt=\"\" title=\"\"><img decoding=\"async\" src=\"https:\/\/www.mkreborns.com\/wp-content\/uploads\/2026\/03\/kf-Scc80fb4332204489b9e54a2f1cd37684Y.webp\" alt=\"Atdzimu\u0161as lelles t\u0113rps ar roz\u0101 r\u016btainu kleitu ar me\u017e\u0123\u012b\u0146u apdari un baltu apak\u0161sv\u0101rku. Lieliski piem\u0113rots.\" title=\"\"> <img decoding=\"async\" src=\"https:\/\/www.mkreborns.com\/wp-content\/uploads\/2026\/03\/kf-Sa287f36538e54509a74becedf5d1e80aI.webp\" alt=\"Atdzimu\u0161as lelles t\u0113rps ar roz\u0101 r\u016btainu vol\u0101nu un sat\u012bna bant\u012bt\u0113m, lieliski piem\u0113rots 20\u201322 collu lell\u0113m.\" title=\"\"> <img decoding=\"async\" src=\"https:\/\/www.mkreborns.com\/wp-content\/uploads\/2026\/03\/kf-S804968ae87294c959b219b6c3d88016bB.webp\" alt=\"Atdzimu\u0161a lelle ziedu raksta princeses kleit\u0101 tur rok\u0101s roz\u0101 flamingo pl\u012b\u0161a rota\u013clietu un pudeli.\" title=\"\"> <img decoding=\"async\" src=\"https:\/\/www.mkreborns.com\/wp-content\/uploads\/2026\/03\/kf-Sd9fc481645ee4d3288511c710a4aa6fac.webp\" alt=\"\" title=\"\"><img decoding=\"async\" src=\"https:\/\/www.mkreborns.com\/wp-content\/uploads\/2026\/03\/kf-S5d746b3f7dda43a98510624ed31c719bq.webp\" alt=\"\" title=\"\"><img decoding=\"async\" src=\"https:\/\/www.mkreborns.com\/wp-content\/uploads\/2026\/03\/kf-Sdb0e2483cf38440085aa085deb7e8e72l.webp\" alt=\"Atdzimu\u0161as princeses lelles kleitu komplekts ar ziedu apdruku, roku darbs 20-22 collu lell\u0113m.\" title=\"\"> <img decoding=\"async\" src=\"https:\/\/www.mkreborns.com\/wp-content\/uploads\/2026\/03\/kf-S9b482f7f72f848b28fede3ec4a85ed32b.webp\" alt=\"\" title=\"\"><img decoding=\"async\" src=\"https:\/\/www.mkreborns.com\/wp-content\/uploads\/2026\/03\/kf-S09152d43a02f4b4f9bef4d5cfa7531daK.webp\" alt=\"Atdzimu\u0161as lelles t\u0113rps ar ziedu rakstu kleitu un dzeltenu lent\u012bti, ide\u0101li piem\u0113rots 20\u201322 collu lell\u0113m.\" title=\"\"> <img decoding=\"async\" src=\"https:\/\/www.mkreborns.com\/wp-content\/uploads\/2026\/03\/kf-Sc4c910a0f2e8414fa5bd80aa5709c8ecK.webp\" alt=\"\" title=\"\"><img decoding=\"async\" src=\"https:\/\/www.mkreborns.com\/wp-content\/uploads\/2026\/03\/kf-S6f2f906babe64407abb39604df6914a1J.webp\" alt=\"\" title=\"\"><img decoding=\"async\" src=\"https:\/\/www.mkreborns.com\/wp-content\/uploads\/2026\/03\/kf-S3492369ac2ce462f897f81971cc88ea2i.webp\" alt=\"Atdzimusi lelle ar rok\u0101m darin\u0101tu roz\u0101 princeses kleitu, baltu p\u016bkainu apkakli un pomponiem.\" title=\"\"> <img decoding=\"async\" src=\"https:\/\/www.mkreborns.com\/wp-content\/uploads\/2026\/03\/kf-Se51597a0a9504fc688712ba8acc06b61X.webp\" alt=\"\" title=\"\"><img decoding=\"async\" src=\"https:\/\/www.mkreborns.com\/wp-content\/uploads\/2026\/03\/kf-S2cd722838c3444e8853dfdd6cb7c6eeaF.webp\" alt=\"Atdzimu\u0161as lelles t\u0113rps ar roz\u0101 kleitu, balt\u0101m legingiem un pieska\u0146otiem z\u0101bakiem 20-22 collu lell\u0113m.\" title=\"\"> <img decoding=\"async\" src=\"https:\/\/www.mkreborns.com\/wp-content\/uploads\/2026\/03\/kf-S4485fab01df04a52b37771c9fd6fb6808.webp\" alt=\"Atdzimu\u0161as lelles ap\u0123\u0113rbu komplekts ar flamingo raksta biks\u0113m un pieska\u0146ot\u0101m austi\u0146\u0101m, kas lieliski piem\u0113rots rokdarbiem.\" title=\"\"> <img decoding=\"async\" src=\"https:\/\/www.mkreborns.com\/wp-content\/uploads\/2026\/03\/kf-S119e2ed0c63449e780a45353deed672fV.webp\" alt=\"Roz\u0101 atdzimu\u0161as lelles z\u0101baci\u0146i ar baltu m\u0101ksl\u012bg\u0101s ka\u017eok\u0101das apdari 20-22 collu lell\u0113m.\" title=\"\"> <img decoding=\"async\" src=\"https:\/\/www.mkreborns.com\/wp-content\/uploads\/2026\/03\/kf-Sc540755ac9cf4146835605b7b7171a0fT.webp\" alt=\"Atdzimu\u0161as lelles t\u0113rps ar roz\u0101 kleitu, balt\u0101m legingiem un pieska\u0146otiem z\u0101bakiem 20-22 collu lell\u0113m.\" title=\"\"><\/p>\n<div style=\"width: 640px;\" class=\"wp-video\"><video class=\"wp-video-shortcode\" id=\"video-3914-1\" width=\"640\" height=\"360\" preload=\"metadata\" controls=\"controls\"><source type=\"video\/mp4\" src=\"https:\/\/video.aliexpress-media.com\/play\/u\/ae_sg_item\/2216133796552\/p\/1\/e\/6\/t\/10301\/1100164358417.mp4?_=1\" \/><a href=\"https:\/\/video.aliexpress-media.com\/play\/u\/ae_sg_item\/2216133796552\/p\/1\/e\/6\/t\/10301\/1100164358417.mp4\" target=\"_blank\" rel=\"noopener\">https:\/\/video.aliexpress-media.com\/play\/u\/ae_sg_item\/2216133796552\/p\/1\/e\/6\/t\/10301\/1100164358417.mp4<\/a><\/video><\/div>","protected":false},"excerpt":{"rendered":"<p>Ap\u0123\u0113rbiet savu m\u012b\u013coto draugu izsmalcin\u0101t\u0101, roku darin\u0101t\u0101 ap\u0123\u0113rb\u0101, kas rad\u012bts, lai atspogu\u013cotu \u012bstu z\u012bdai\u0146u ap\u0123\u0113rbu \u0161armu, nodro\u0161inot, ka katrs rota\u013cu mirklis ir iev\u0113rojami autentisks un sirsn\u012bgs.<\/p>","protected":false},"featured_media":3915,"comment_status":"open","ping_status":"closed","template":"","meta":[],"product_brand":[],"product_cat":[159,148],"product_tag":[],"class_list":{"0":"post-3914","1":"product","2":"type-product","3":"status-publish","4":"has-post-thumbnail","6":"product_cat-clothes-for-reborn-dolls","7":"product_cat-reborn-doll-accessories","9":"first","10":"instock","11":"sale","12":"shipping-taxable","13":"purchasable","14":"product-type-variable","15":"has-default-attributes"},"_links":{"self":[{"href":"https:\/\/www.mkreborns.com\/lv\/wp-json\/wp\/v2\/product\/3914","targetHints":{"allow":["GET"]}}],"collection":[{"href":"https:\/\/www.mkreborns.com\/lv\/wp-json\/wp\/v2\/product"}],"about":[{"href":"https:\/\/www.mkreborns.com\/lv\/wp-json\/wp\/v2\/types\/product"}],"replies":[{"embeddable":true,"href":"https:\/\/www.mkreborns.com\/lv\/wp-json\/wp\/v2\/comments?post=3914"}],"wp:featuredmedia":[{"embeddable":true,"href":"https:\/\/www.mkreborns.com\/lv\/wp-json\/wp\/v2\/media\/3915"}],"wp:attachment":[{"href":"https:\/\/www.mkreborns.com\/lv\/wp-json\/wp\/v2\/media?parent=3914"}],"wp:term":[{"taxonomy":"product_brand","embeddable":true,"href":"https:\/\/www.mkreborns.com\/lv\/wp-json\/wp\/v2\/product_brand?post=3914"},{"taxonomy":"product_cat","embeddable":true,"href":"https:\/\/www.mkreborns.com\/lv\/wp-json\/wp\/v2\/product_cat?post=3914"},{"taxonomy":"product_tag","embeddable":true,"href":"https:\/\/www.mkreborns.com\/lv\/wp-json\/wp\/v2\/product_tag?post=3914"}],"curies":[{"name":"wp","href":"https:\/\/api.w.org\/{rel}","templated":true}]}}