{"id":3908,"date":"2026-03-18T13:24:18","date_gmt":"2026-03-18T13:24:18","guid":{"rendered":"https:\/\/www.mkreborns.com\/?post_type=product&#038;p=3908"},"modified":"2026-03-19T15:51:18","modified_gmt":"2026-03-19T15:51:18","slug":"18-inch-reborn-dolls-clothes-for-baby-doll-outfits","status":"publish","type":"product","link":"https:\/\/www.mkreborns.com\/lv\/product\/18-inch-reborn-dolls-clothes-for-baby-doll-outfits\/","title":{"rendered":"18 collu atdzim\u0161anas le\u013c\u013cu dr\u0113bes mazu\u013cu le\u013c\u013cu t\u0113rpiem"},"content":{"rendered":"<h2>Stil\u012bgas 18 collu Reborn le\u013c\u013cu dr\u0113bes katram gad\u012bjumam<\/h2>\n<div>Pie\u0161\u0137iriet savai le\u013c\u013cu kolekcijai \u0161armu un autentiskumu ar m\u016bsu 18 collu atdzimu\u0161o le\u013c\u013cu dr\u0113b\u0113m. Katrs t\u0113rps ir r\u016bp\u012bgi izstr\u0101d\u0101ts, lai perfekti der\u0113tu atdzimu\u0161o le\u013c\u013cu kolekcij\u0101, vienlaikus pied\u0101v\u0101jot komfortu un re\u0101listisku izskatu. \u0160ie ap\u0123\u0113rbi, kas ir ide\u0101li piem\u0113roti gan sp\u0113l\u0113\u0161anai, gan izr\u0101d\u012b\u0161anai, p\u0101rv\u0113r\u0161 katru lelli par modernu pavadoni.<\/div>\n<h3>Detaliz\u0113ti dizaini un \u0113rta piegul\u0161ana<\/h3>\n<div>M\u016bsu kolekcij\u0101 ir apskat\u0101mas atdzimu\u0161u le\u013c\u013cu dr\u0113bes, \u012bpa\u0161u uzman\u012bbu piev\u0113r\u0161ot atdzimu\u0161u le\u013c\u013cu auduma korpusiem, nodro\u0161inot, ka katrs ap\u0123\u0113rba gabals cie\u0161i piegu\u013c, vienlaikus izce\u013cot re\u0101listiskas iez\u012bmes. S\u0101kot ar rota\u013c\u012bgiem kombinezoniem un beidzot ar elegant\u0101m kleit\u0101m, \u0161ie t\u0113rpi nodro\u0161ina daudzpus\u012bbu un stilu, liekot j\u016bsu 18 collu lellei izcelties.<\/div>\n<ul>\n<li>Prec\u012bzs izm\u0113rs: paredz\u0113ts 18 collu lell\u0113m, lai nodro\u0161in\u0101tu perfektu piegul\u0161anu un \u0113rtu uzvilk\u0161anu.<\/li>\n<li>Augstas kvalit\u0101tes audumi: M\u012bksti, iztur\u012bgi materi\u0101li nodro\u0161ina komfortu un ilgsto\u0161u valk\u0101\u0161anu.<\/li>\n<li>Re\u0101listiskas deta\u013cas: Sare\u017e\u0123\u012btas \u0161uves un raksti atspogu\u013co autentisku mazu\u013cu ap\u0123\u0113rbu.<\/li>\n<li>Stilu da\u017e\u0101d\u012bba: Ietver ikdienas, form\u0101lus un sezon\u0101lus t\u0113rpus visiem gad\u012bjumiem.<\/li>\n<li>Uzlabots lelles re\u0101lisms: piel\u0101gots, lai papildin\u0101tu atdzimu\u0161\u0101s lelles auduma korpusu, radot re\u0101listisku \u0161armu.<\/li>\n<\/ul>\n<div>Papildini savu le\u013c\u013cu garderobi ar \u0161\u012bm izsmalcin\u0101taj\u0101m 18 collu atdzimu\u0161o le\u013c\u013cu dr\u0113b\u0113m, kas apvieno stilu, komfortu un autentisku pievilc\u012bbu.<\/div>\n<p style=\"text-align: center;\" align=\"center\"><img decoding=\"async\" src=\"https:\/\/www.mkreborns.com\/wp-content\/uploads\/2026\/03\/kf-S9d31fc2e9fcd434fafe9c0f471411531G.webp\" alt=\"\" title=\"\"><img decoding=\"async\" src=\"https:\/\/www.mkreborns.com\/wp-content\/uploads\/2026\/03\/kf-Sb94cdf6699bc46d3a5df6fd0f3b9305eP.webp\" alt=\"\" title=\"\"><img decoding=\"async\" src=\"https:\/\/www.mkreborns.com\/wp-content\/uploads\/2026\/03\/kf-S2c32be6ab85b4bc298e8b61239d41026x.webp\" alt=\"\" title=\"\"><img decoding=\"async\" src=\"https:\/\/www.mkreborns.com\/wp-content\/uploads\/2026\/03\/kf-S572f25d107b74315a31d1340abf1216fq.webp\" alt=\"\" title=\"\"><img decoding=\"async\" src=\"https:\/\/www.mkreborns.com\/wp-content\/uploads\/2026\/03\/kf-S5255329b890042289e03e8edbc8650fdh.webp\" alt=\"\" title=\"\"><\/p>","protected":false},"excerpt":{"rendered":"<p>Izrot\u0101jiet savu 18 collu atdzim\u0161anas lelli ar stil\u012bgiem, m\u012bkstiem un detaliz\u0113tiem t\u0113rpiem, kas rad\u012bti re\u0101listisk\u0101m sp\u0113l\u0113m un ilgsto\u0161ai elegancei.<\/p>","protected":false},"featured_media":3909,"comment_status":"open","ping_status":"closed","template":"","meta":[],"product_brand":[],"product_cat":[159,148],"product_tag":[],"class_list":{"0":"post-3908","1":"product","2":"type-product","3":"status-publish","4":"has-post-thumbnail","6":"product_cat-clothes-for-reborn-dolls","7":"product_cat-reborn-doll-accessories","9":"first","10":"instock","11":"sale","12":"shipping-taxable","13":"purchasable","14":"product-type-simple"},"_links":{"self":[{"href":"https:\/\/www.mkreborns.com\/lv\/wp-json\/wp\/v2\/product\/3908","targetHints":{"allow":["GET"]}}],"collection":[{"href":"https:\/\/www.mkreborns.com\/lv\/wp-json\/wp\/v2\/product"}],"about":[{"href":"https:\/\/www.mkreborns.com\/lv\/wp-json\/wp\/v2\/types\/product"}],"replies":[{"embeddable":true,"href":"https:\/\/www.mkreborns.com\/lv\/wp-json\/wp\/v2\/comments?post=3908"}],"wp:featuredmedia":[{"embeddable":true,"href":"https:\/\/www.mkreborns.com\/lv\/wp-json\/wp\/v2\/media\/3909"}],"wp:attachment":[{"href":"https:\/\/www.mkreborns.com\/lv\/wp-json\/wp\/v2\/media?parent=3908"}],"wp:term":[{"taxonomy":"product_brand","embeddable":true,"href":"https:\/\/www.mkreborns.com\/lv\/wp-json\/wp\/v2\/product_brand?post=3908"},{"taxonomy":"product_cat","embeddable":true,"href":"https:\/\/www.mkreborns.com\/lv\/wp-json\/wp\/v2\/product_cat?post=3908"},{"taxonomy":"product_tag","embeddable":true,"href":"https:\/\/www.mkreborns.com\/lv\/wp-json\/wp\/v2\/product_tag?post=3908"}],"curies":[{"name":"wp","href":"https:\/\/api.w.org\/{rel}","templated":true}]}}