{"id":3552,"date":"2026-01-30T08:42:16","date_gmt":"2026-01-30T08:42:16","guid":{"rendered":"https:\/\/www.mkreborns.com\/?post_type=product&#038;p=3552"},"modified":"2026-03-18T15:09:45","modified_gmt":"2026-03-18T15:09:45","slug":"owen-lifelike-pvc-baby-reborn-doll","status":"publish","type":"product","link":"https:\/\/www.mkreborns.com\/lv\/product\/owen-lifelike-pvc-baby-reborn-doll\/","title":{"rendered":"Owen dz\u012bv\u012bgas formas PVC atdzim\u0161anas lelle"},"content":{"rendered":"<p>Viena no pievilc\u012bg\u0101kaj\u0101m \u0161o atdzimu\u0161o vinila le\u013c\u013cu priek\u0161roc\u012bb\u0101m ir to cena. Piln\u012bb\u0101 no silikona atdzimu\u0161\u0101s lelles parasti ir daudz d\u0101rg\u0101kas materi\u0101lu un kr\u0101so\u0161anas procesu at\u0161\u0137ir\u012bbu d\u0113\u013c. Savuk\u0101rt piln\u012bb\u0101 no vinila atdzimu\u0161\u0101s lelles ir sal\u012bdzino\u0161i l\u0113tas, tom\u0113r daudzas no t\u0101m joproj\u0101m ir m\u0101kslinieciski \u0161edevri. Tas noz\u012bm\u0113, ka j\u016bs varat ieg\u0101d\u0101ties tikpat skaistu un \u0113rtu atdzimu\u0161o lelli par maz\u0101ku naudu, padarot to par \u013coti draudz\u012bgu izv\u0113li pirmreiz\u0113jiem pirc\u0113jiem vai tiem, kam ir ierobe\u017eots bud\u017eets. Ja mekl\u0113jat d\u0101vanu draugam vai \u0123imenes loceklim, augstas kvalit\u0101tes atdzimu\u0161ais vinils ir ar\u012b lieliska izv\u0113le.<\/p>\n<p>Atdzimu\u0161\u0101 lelle izskat\u0101s neticami m\u012bl\u012bga, jo t\u0101 apmierin\u0101ti s\u016bk\u0101 savu knup\u012bti.<\/p>\n<p>Dzimums: Z\u0113ns<br \/>\nSvars: 3,3 m\u0101rci\u0146as<br \/>\nAugstums: 18 collas<br \/>\nMateri\u0101ls: PVC<\/p>\n<div style=\"width: 720px;\" class=\"wp-video\"><video class=\"wp-video-shortcode\" id=\"video-3552-1\" width=\"720\" height=\"960\" preload=\"metadata\" controls=\"controls\"><source type=\"video\/mp4\" src=\"https:\/\/www.mkreborns.com\/wp-content\/uploads\/2026\/01\/angel-baby-doll.mp4?_=1\" \/><a href=\"https:\/\/www.mkreborns.com\/wp-content\/uploads\/2026\/01\/angel-baby-doll.mp4\">https:\/\/www.mkreborns.com\/wp-content\/uploads\/2026\/01\/angel-baby-doll.mp4<\/a><\/video><\/div>\n<p><img decoding=\"async\" class=\"aligncenter wp-image-3601 size-full\" src=\"https:\/\/www.mkreborns.com\/wp-content\/themes\/woodmart\/images\/lazy.svg\" data-src=\"https:\/\/www.mkreborns.com\/wp-content\/uploads\/2026\/01\/angel-baby-doll10.jpg\" alt=\"\" width=\"800\" height=\"800\" title=\"\" srcset=\"\" data-srcset=\"https:\/\/www.mkreborns.com\/wp-content\/uploads\/2026\/01\/angel-baby-doll10.jpg 800w, https:\/\/www.mkreborns.com\/wp-content\/uploads\/2026\/01\/angel-baby-doll10-150x150.jpg 150w, https:\/\/www.mkreborns.com\/wp-content\/uploads\/2026\/01\/angel-baby-doll10-700x700.jpg 700w, https:\/\/www.mkreborns.com\/wp-content\/uploads\/2026\/01\/angel-baby-doll10-300x300.jpg 300w, https:\/\/www.mkreborns.com\/wp-content\/uploads\/2026\/01\/angel-baby-doll10-768x768.jpg 768w\" sizes=\"(max-width: 800px) 100vw, 800px\" \/><img decoding=\"async\" class=\"aligncenter wp-image-3599 size-full\" src=\"https:\/\/www.mkreborns.com\/wp-content\/themes\/woodmart\/images\/lazy.svg\" data-src=\"https:\/\/www.mkreborns.com\/wp-content\/uploads\/2026\/01\/angel-baby-doll8.jpg\" alt=\"Re\u0101listiska PVC atdzimusi mazu\u013ca lelle kolekcion\u0101riem un b\u0113rniem.\" width=\"800\" height=\"800\" title=\"\" srcset=\"\" data-srcset=\"https:\/\/www.mkreborns.com\/wp-content\/uploads\/2026\/01\/angel-baby-doll8.jpg 800w, https:\/\/www.mkreborns.com\/wp-content\/uploads\/2026\/01\/angel-baby-doll8-150x150.jpg 150w, https:\/\/www.mkreborns.com\/wp-content\/uploads\/2026\/01\/angel-baby-doll8-700x700.jpg 700w, https:\/\/www.mkreborns.com\/wp-content\/uploads\/2026\/01\/angel-baby-doll8-300x300.jpg 300w, https:\/\/www.mkreborns.com\/wp-content\/uploads\/2026\/01\/angel-baby-doll8-768x768.jpg 768w\" sizes=\"(max-width: 800px) 100vw, 800px\" \/><\/p>","protected":false},"excerpt":{"rendered":"<p>Ieg\u0101d\u0101jieties \u0161o atdzim\u0161anas vinila lelli un sa\u0146emiet bezmaksas dr\u0113bes, auti\u0146biks\u012btes un dzim\u0161anas apliec\u012bbu. Atdzim\u0161anas lelles mute ir magn\u0113tiska, kas \u013cauj izmantot magn\u0113tisko knup\u012bti.<\/p>","protected":false},"featured_media":3592,"comment_status":"open","ping_status":"closed","template":"","meta":[],"product_brand":[],"product_cat":[151,145,154,157,152],"product_tag":[],"class_list":{"0":"post-3552","1":"product","2":"type-product","3":"status-publish","4":"has-post-thumbnail","6":"product_cat-18-inch-reborn-dolls","7":"product_cat-baby-boy-reborn-dolls","8":"product_cat-lifelike-reborn-dolls","9":"product_cat-real-life-baby-dolls","10":"product_cat-vinyl-reborn-dolls","12":"first","13":"instock","14":"sale","15":"shipping-taxable","16":"purchasable","17":"product-type-simple"},"_links":{"self":[{"href":"https:\/\/www.mkreborns.com\/lv\/wp-json\/wp\/v2\/product\/3552","targetHints":{"allow":["GET"]}}],"collection":[{"href":"https:\/\/www.mkreborns.com\/lv\/wp-json\/wp\/v2\/product"}],"about":[{"href":"https:\/\/www.mkreborns.com\/lv\/wp-json\/wp\/v2\/types\/product"}],"replies":[{"embeddable":true,"href":"https:\/\/www.mkreborns.com\/lv\/wp-json\/wp\/v2\/comments?post=3552"}],"wp:featuredmedia":[{"embeddable":true,"href":"https:\/\/www.mkreborns.com\/lv\/wp-json\/wp\/v2\/media\/3592"}],"wp:attachment":[{"href":"https:\/\/www.mkreborns.com\/lv\/wp-json\/wp\/v2\/media?parent=3552"}],"wp:term":[{"taxonomy":"product_brand","embeddable":true,"href":"https:\/\/www.mkreborns.com\/lv\/wp-json\/wp\/v2\/product_brand?post=3552"},{"taxonomy":"product_cat","embeddable":true,"href":"https:\/\/www.mkreborns.com\/lv\/wp-json\/wp\/v2\/product_cat?post=3552"},{"taxonomy":"product_tag","embeddable":true,"href":"https:\/\/www.mkreborns.com\/lv\/wp-json\/wp\/v2\/product_tag?post=3552"}],"curies":[{"name":"wp","href":"https:\/\/api.w.org\/{rel}","templated":true}]}}