{"id":3183,"date":"2026-01-14T15:28:06","date_gmt":"2026-01-14T15:28:06","guid":{"rendered":"https:\/\/www.mkreborns.com\/?post_type=product&#038;p=3183"},"modified":"2026-03-15T15:34:13","modified_gmt":"2026-03-15T15:34:13","slug":"cassie-reborn-silicone-sweet-baby-doll","status":"publish","type":"product","link":"https:\/\/www.mkreborns.com\/lv\/product\/cassie-reborn-silicone-sweet-baby-doll\/","title":{"rendered":"Cassie Reborn silikona sald\u0101 mazu\u013ca lelle"},"content":{"rendered":"<p>&nbsp;<\/p>\n<p>Kad turat rok\u0101s \u0161o 1,3\u00a0m\u0101rci\u0146as smago silikona atdzim\u0161anas lelli, t\u0101s re\u0101listiskais svars un piesk\u0101riens tie\u0161i nodod siltumu, pal\u012bdzot jums izjust vec\u0101ku lomu vai pild\u012bt apr\u016bp\u0113t\u0101ja lomu. Ja esat nemier\u012bgs, \u0161\u012b atdzim\u0161anas lelle var ar\u012b pal\u012bdz\u0113t mazin\u0101t un nomierin\u0101t trauksmi un skumjas. T\u0101 nodro\u0161ina dro\u0161u emocion\u0101lu izvadi, \u013caujot taj\u0101 izliet savu nepiepild\u012bto m\u0101tes vai t\u0113va m\u012blest\u012bbu un rodot mierin\u0101jumu, r\u016bp\u0113joties par lelli.<\/p>\n<p>&nbsp;<\/p>\n<p>Dzimums: Meitene<br \/>\nSvars: 3,3 m\u0101rci\u0146as<br \/>\nAugstums: 40 cm<br \/>\nMateri\u0101ls: Silikons<\/p>\n<p>&nbsp;<\/p>\n<div style=\"width: 1920px;\" class=\"wp-video\"><video class=\"wp-video-shortcode\" id=\"video-3183-1\" width=\"1920\" height=\"1080\" preload=\"metadata\" controls=\"controls\"><source type=\"video\/mp4\" src=\"https:\/\/www.mkreborns.com\/wp-content\/uploads\/2026\/01\/cassie-reborn-sweet.mp4?_=1\" \/><a href=\"https:\/\/www.mkreborns.com\/wp-content\/uploads\/2026\/01\/cassie-reborn-sweet.mp4\">https:\/\/www.mkreborns.com\/wp-content\/uploads\/2026\/01\/cassie-reborn-sweet.mp4<\/a><\/video><\/div>\n<p><img decoding=\"async\" class=\"aligncenter wp-image-3261 size-full\" src=\"https:\/\/www.mkreborns.com\/wp-content\/themes\/woodmart\/images\/lazy.svg\" data-src=\"https:\/\/www.mkreborns.com\/wp-content\/uploads\/2026\/01\/a1.jpg\" alt=\"Atdzimu\u0161a silikona lelle re\u0101listiskai sp\u0113l\u0113\u0161anai un kolekcijai. Dro\u0161a, m\u012bksta un emocion\u0101li mierino\u0161a.\" width=\"1464\" height=\"600\" title=\"\" srcset=\"\" data-srcset=\"https:\/\/www.mkreborns.com\/wp-content\/uploads\/2026\/01\/a1.jpg 1464w, https:\/\/www.mkreborns.com\/wp-content\/uploads\/2026\/01\/a1-150x61.jpg 150w, https:\/\/www.mkreborns.com\/wp-content\/uploads\/2026\/01\/a1-700x287.jpg 700w, https:\/\/www.mkreborns.com\/wp-content\/uploads\/2026\/01\/a1-400x164.jpg 400w, https:\/\/www.mkreborns.com\/wp-content\/uploads\/2026\/01\/a1-1300x533.jpg 1300w, https:\/\/www.mkreborns.com\/wp-content\/uploads\/2026\/01\/a1-768x315.jpg 768w\" sizes=\"(max-width: 1464px) 100vw, 1464px\" \/> <img decoding=\"async\" class=\"aligncenter wp-image-3262 size-full\" src=\"https:\/\/www.mkreborns.com\/wp-content\/themes\/woodmart\/images\/lazy.svg\" data-src=\"https:\/\/www.mkreborns.com\/wp-content\/uploads\/2026\/01\/a2.jpg\" alt=\"Atdzimu\u0161a silikona lelle ar re\u0101listisk\u0101m iez\u012bm\u0113m un maigu \u0101du. Lieliski piem\u0113rota kolekcion\u0101riem un entuziastiem.\" width=\"1464\" height=\"600\" title=\"\" srcset=\"\" data-srcset=\"https:\/\/www.mkreborns.com\/wp-content\/uploads\/2026\/01\/a2.jpg 1464w, https:\/\/www.mkreborns.com\/wp-content\/uploads\/2026\/01\/a2-150x61.jpg 150w, https:\/\/www.mkreborns.com\/wp-content\/uploads\/2026\/01\/a2-700x287.jpg 700w, https:\/\/www.mkreborns.com\/wp-content\/uploads\/2026\/01\/a2-400x164.jpg 400w, https:\/\/www.mkreborns.com\/wp-content\/uploads\/2026\/01\/a2-1300x533.jpg 1300w, https:\/\/www.mkreborns.com\/wp-content\/uploads\/2026\/01\/a2-768x315.jpg 768w\" sizes=\"(max-width: 1464px) 100vw, 1464px\" \/> <img decoding=\"async\" class=\"aligncenter wp-image-3263 size-full\" src=\"https:\/\/www.mkreborns.com\/wp-content\/themes\/woodmart\/images\/lazy.svg\" data-src=\"https:\/\/www.mkreborns.com\/wp-content\/uploads\/2026\/01\/a3.jpg\" alt=\"Atdzimu\u0161a silikona lelle ar atv\u0113rt\u0101m ac\u012bm, re\u0101listisk\u0101m iez\u012bm\u0113m un m\u012bkstu silikona materi\u0101lu, ide\u0101li piem\u0113rota.\" width=\"1464\" height=\"600\" title=\"\" srcset=\"\" data-srcset=\"https:\/\/www.mkreborns.com\/wp-content\/uploads\/2026\/01\/a3.jpg 1464w, https:\/\/www.mkreborns.com\/wp-content\/uploads\/2026\/01\/a3-150x61.jpg 150w, https:\/\/www.mkreborns.com\/wp-content\/uploads\/2026\/01\/a3-700x287.jpg 700w, https:\/\/www.mkreborns.com\/wp-content\/uploads\/2026\/01\/a3-400x164.jpg 400w, https:\/\/www.mkreborns.com\/wp-content\/uploads\/2026\/01\/a3-1300x533.jpg 1300w, https:\/\/www.mkreborns.com\/wp-content\/uploads\/2026\/01\/a3-768x315.jpg 768w\" sizes=\"(max-width: 1464px) 100vw, 1464px\" \/> <img decoding=\"async\" class=\"aligncenter wp-image-3264 size-full\" src=\"https:\/\/www.mkreborns.com\/wp-content\/themes\/woodmart\/images\/lazy.svg\" data-src=\"https:\/\/www.mkreborns.com\/wp-content\/uploads\/2026\/01\/a4.jpg\" alt=\"Atdzimusi silikona lelle ar re\u0101listisk\u0101m iez\u012bm\u0113m, ide\u0101li piem\u0113rota kolekcion\u0101riem un entuziastiem.\" width=\"1464\" height=\"600\" title=\"\" srcset=\"\" data-srcset=\"https:\/\/www.mkreborns.com\/wp-content\/uploads\/2026\/01\/a4.jpg 1464w, https:\/\/www.mkreborns.com\/wp-content\/uploads\/2026\/01\/a4-150x61.jpg 150w, https:\/\/www.mkreborns.com\/wp-content\/uploads\/2026\/01\/a4-700x287.jpg 700w, https:\/\/www.mkreborns.com\/wp-content\/uploads\/2026\/01\/a4-400x164.jpg 400w, https:\/\/www.mkreborns.com\/wp-content\/uploads\/2026\/01\/a4-1300x533.jpg 1300w, https:\/\/www.mkreborns.com\/wp-content\/uploads\/2026\/01\/a4-768x315.jpg 768w\" sizes=\"(max-width: 1464px) 100vw, 1464px\" \/> <img decoding=\"async\" class=\"aligncenter wp-image-3265 size-full\" src=\"https:\/\/www.mkreborns.com\/wp-content\/themes\/woodmart\/images\/lazy.svg\" data-src=\"https:\/\/www.mkreborns.com\/wp-content\/uploads\/2026\/01\/a5.jpg\" alt=\"Atdzimu\u0161a silikona lelle kolekcion\u0101riem un b\u0113rniem, re\u0101listiska un m\u012bksta. Lieliski piem\u0113rota audzin\u0101\u0161anai.\" width=\"1464\" height=\"600\" title=\"\" srcset=\"\" data-srcset=\"https:\/\/www.mkreborns.com\/wp-content\/uploads\/2026\/01\/a5.jpg 1464w, https:\/\/www.mkreborns.com\/wp-content\/uploads\/2026\/01\/a5-150x61.jpg 150w, https:\/\/www.mkreborns.com\/wp-content\/uploads\/2026\/01\/a5-700x287.jpg 700w, https:\/\/www.mkreborns.com\/wp-content\/uploads\/2026\/01\/a5-400x164.jpg 400w, https:\/\/www.mkreborns.com\/wp-content\/uploads\/2026\/01\/a5-1300x533.jpg 1300w, https:\/\/www.mkreborns.com\/wp-content\/uploads\/2026\/01\/a5-768x315.jpg 768w\" sizes=\"(max-width: 1464px) 100vw, 1464px\" \/><\/p>","protected":false},"excerpt":{"rendered":"<p>M\u012b\u013c\u0101s atdzimu\u0161\u0101s lelles vienm\u0113r izraisa aizsardz\u012bbas instinktu. T\u0101s var izmantot k\u0101 biedriskuma veidu vai kolekcion\u0113t k\u0101 m\u0101kslas darbus.<\/p>","protected":false},"featured_media":3250,"comment_status":"open","ping_status":"closed","template":"","meta":[],"product_brand":[],"product_cat":[144,158,146,153,157],"product_tag":[],"class_list":{"0":"post-3183","1":"product","2":"type-product","3":"status-publish","4":"has-post-thumbnail","6":"product_cat-baby-girl-reborn-dolls","7":"product_cat-15-inch-baby-dolls","8":"product_cat-full-silicone-reborn-dolls","9":"product_cat-newborn-reborn-dolls","10":"product_cat-real-life-baby-dolls","12":"first","13":"instock","14":"sale","15":"shipping-taxable","16":"purchasable","17":"product-type-simple"},"_links":{"self":[{"href":"https:\/\/www.mkreborns.com\/lv\/wp-json\/wp\/v2\/product\/3183","targetHints":{"allow":["GET"]}}],"collection":[{"href":"https:\/\/www.mkreborns.com\/lv\/wp-json\/wp\/v2\/product"}],"about":[{"href":"https:\/\/www.mkreborns.com\/lv\/wp-json\/wp\/v2\/types\/product"}],"replies":[{"embeddable":true,"href":"https:\/\/www.mkreborns.com\/lv\/wp-json\/wp\/v2\/comments?post=3183"}],"wp:featuredmedia":[{"embeddable":true,"href":"https:\/\/www.mkreborns.com\/lv\/wp-json\/wp\/v2\/media\/3250"}],"wp:attachment":[{"href":"https:\/\/www.mkreborns.com\/lv\/wp-json\/wp\/v2\/media?parent=3183"}],"wp:term":[{"taxonomy":"product_brand","embeddable":true,"href":"https:\/\/www.mkreborns.com\/lv\/wp-json\/wp\/v2\/product_brand?post=3183"},{"taxonomy":"product_cat","embeddable":true,"href":"https:\/\/www.mkreborns.com\/lv\/wp-json\/wp\/v2\/product_cat?post=3183"},{"taxonomy":"product_tag","embeddable":true,"href":"https:\/\/www.mkreborns.com\/lv\/wp-json\/wp\/v2\/product_tag?post=3183"}],"curies":[{"name":"wp","href":"https:\/\/api.w.org\/{rel}","templated":true}]}}