{"id":3515,"date":"2026-01-27T09:55:51","date_gmt":"2026-01-27T09:55:51","guid":{"rendered":"https:\/\/www.mkreborns.com\/?page_id=3515"},"modified":"2026-03-19T09:31:16","modified_gmt":"2026-03-19T09:31:16","slug":"reborn-doll-care","status":"publish","type":"page","link":"https:\/\/www.mkreborns.com\/lv\/reborn-doll-care\/","title":{"rendered":"Atdzimu\u0161o le\u013c\u013cu apr\u016bpe"},"content":{"rendered":"<div>J\u016bsu Mk Reborns silikona lelle nav tikai piemi\u0146as lieta, bet gan skulptur\u0101ls m\u0101kslas darbs \u2013 rad\u012bts, lai iztur\u0113tu un tiktu lolots. Katra lelle, kas izgatavota no augst\u0101k\u0101s kvalit\u0101tes plat\u012bna silikona, ir paredz\u0113ta, lai, izturoties pret to ar paciet\u012bbu un maigumu, j\u016bs pavad\u012btu gadu desmitiem.<br \/>\nIr sp\u0113k\u0101 vienk\u0101r\u0161s vadl\u012bnija: r\u016bp\u0113jieties par savu atdzim\u0161anas lelli k\u0101 par \u012bstu z\u012bdaini.<\/div>\n<h2>Profilaktisk\u0101 apr\u016bpe<\/h2>\n<div>Lai saglab\u0101tu smalkas deta\u013cas, vienm\u0113r turiet savu atdzim\u0161anas lelli m\u0101jdz\u012bvniekiem nepieejam\u0101 viet\u0101. Pat vislab\u0101kie meistardarbi neiztur ko\u0161\u013c\u0101\u0161anu vai atk\u0101rtotu ko\u0161anu.<br \/>\n\u0160\u012bs lelles nav paredz\u0113tas maziem b\u0113rniem vai ener\u0123iskai apie\u0161anai. P\u0101rm\u0113r\u012bga manipul\u0101cija var saboj\u0101t kr\u0101soto deta\u013cu, \u0161uvju vai silikona integrit\u0101ti.<\/div>\n<h2>Silikona atdzimu\u0161o le\u013c\u013cu t\u012br\u012b\u0161ana<\/h2>\n<div>Virsmas net\u012brumiem vai atlikumiem izmantojiet viegli mitru, m\u012bkstu dr\u0101nu.<br \/>\nNekad neberz\u0113jiet un nepielietojiet spiedienu, jo tas var noberzt ar roku kr\u0101sotos sl\u0101\u0146us un dabiskos \u0101das to\u0146us.<\/div>\n<ul>\n<li>Izvairieties no lelles \u0137erme\u0146a pies\u0101tin\u0101\u0161anas.<\/li>\n<li>Viegli nosusiniet ar t\u012bru dvieli.<\/li>\n<li>P\u0101rliecinieties, ka iek\u0161\u0113jais pild\u012bjums paliek sauss, lai nov\u0113rstu pel\u0113juma veido\u0161anos.<\/li>\n<\/ul>\n<div>Vietas, kur b\u0113rnu p\u016bderis ir nodilis, var piesaist\u012bt p\u016bkas vai putek\u013cus. Pirms pl\u0101nas p\u016bdera k\u0101rtas atk\u0101rtotas uzkl\u0101\u0161anas r\u016bp\u012bgi not\u012briet \u0161\u012bs vietas.<\/div>\n<h2>Matu kop\u0161ana un saglab\u0101\u0161ana<\/h2>\n<div>Matu kop\u0161ana ir b\u016btiska atdzim\u0161anas lelles kop\u0161anas sast\u0101vda\u013ca.<\/div>\n<ul>\n<li>Izmantojiet tikai m\u012bkstu saru suku.<\/li>\n<li>Stingras otas var atbr\u012bvot sak\u0146otus mati\u0146us vai saboj\u0101t sejas kr\u0101su.<\/li>\n<li>Maiga birste no\u0146em putek\u013cus un gais\u0101 eso\u0161\u0101s da\u013ci\u0146as.<\/li>\n<\/ul>\n<div>Slapji mati ir \u012bpa\u0161i trausli. Mazg\u0101t tos nav ieteicams. T\u0101 viet\u0101, ja nepiecie\u0161ams, viegli noslaukiet galvas \u0101du ar tikko mitru dr\u0101nu.<\/div>\n<div>Kop\u0161anas padoms: Maigs \u0137\u012bmisk\u0101s t\u012br\u012b\u0161anas aerosols var mazin\u0101t m\u0101ksl\u012bgo sp\u012bdumu gai\u0161os sint\u0113tiskos matos, atjaunojot autentisk\u0101ku izskatu.<\/div>\n<h2>Acu kop\u0161ana<\/h2>\n<div>Lell\u0113m ar atv\u0113rt\u0101m ac\u012bm ap ac\u012bm laiku pa laikam var nos\u0113sties putek\u013ci.<\/div>\n<ul>\n<li>Lai no\u0146emtu da\u013ci\u0146as, izmantojiet t\u012bru kosm\u0113tikas otu vai vates tamponu.<\/li>\n<li>Nelietojiet mitras dr\u0101nas acu tuvum\u0101.<\/li>\n<li>Mitruma aizture var saboj\u0101t skropstas vai apk\u0101rt\u0113jos materi\u0101lus.<\/li>\n<\/ul>\n<div>Vienm\u0113r r\u012bkojieties ar acu zonu ar \u012bpa\u0161u delik\u0101t\u012bbu.<\/div>\n<div><\/div>\n<div>Ar p\u0101rdom\u0101tu r\u016bp\u012bbu j\u016bsu Mk Reborns lelle saglab\u0101s savu re\u0101lismu, maigumu un emocion\u0101lo kl\u0101tb\u016btni daudzus gadus.<\/div>","protected":false},"excerpt":{"rendered":"<p>Tava Mk Reborns silikona lelle nav tikai piemi\u0146as lieta, bet gan skulptur\u0101ls m\u0101kslas darbs \u2014 rad\u012bts, lai iztur\u0113tu un...<\/p>","protected":false},"author":1,"featured_media":0,"parent":0,"menu_order":0,"comment_status":"closed","ping_status":"closed","template":"","meta":{"footnotes":""},"class_list":["post-3515","page","type-page","status-publish","hentry"],"_links":{"self":[{"href":"https:\/\/www.mkreborns.com\/lv\/wp-json\/wp\/v2\/pages\/3515","targetHints":{"allow":["GET"]}}],"collection":[{"href":"https:\/\/www.mkreborns.com\/lv\/wp-json\/wp\/v2\/pages"}],"about":[{"href":"https:\/\/www.mkreborns.com\/lv\/wp-json\/wp\/v2\/types\/page"}],"author":[{"embeddable":true,"href":"https:\/\/www.mkreborns.com\/lv\/wp-json\/wp\/v2\/users\/1"}],"replies":[{"embeddable":true,"href":"https:\/\/www.mkreborns.com\/lv\/wp-json\/wp\/v2\/comments?post=3515"}],"version-history":[{"count":0,"href":"https:\/\/www.mkreborns.com\/lv\/wp-json\/wp\/v2\/pages\/3515\/revisions"}],"wp:attachment":[{"href":"https:\/\/www.mkreborns.com\/lv\/wp-json\/wp\/v2\/media?parent=3515"}],"curies":[{"name":"wp","href":"https:\/\/api.w.org\/{rel}","templated":true}]}}