{"id":3458,"date":"2026-01-21T15:19:57","date_gmt":"2026-01-21T15:19:57","guid":{"rendered":"https:\/\/www.mkreborns.com\/?page_id=3458"},"modified":"2026-01-22T14:02:09","modified_gmt":"2026-01-22T14:02:09","slug":"payment-methods","status":"publish","type":"page","link":"https:\/\/www.mkreborns.com\/lv\/payment-methods\/","title":{"rendered":"Maks\u0101juma metodes"},"content":{"rendered":"<div>Plkst. <strong>Mk atdzim\u0161ana<\/strong>, m\u0113s pie\u0161\u0137iram priorit\u0101ti dar\u012bjumu dro\u0161\u012bbai, diskr\u0113tumam un \u0113rt\u012bb\u0101m.<br \/>\nLai nodro\u0161in\u0101tu netrauc\u0113tu nor\u0113\u0137in\u0101\u0161an\u0101s pieredzi, m\u0113s atbalst\u0101m vair\u0101kus glob\u0101li atz\u012btus maks\u0101jumu risin\u0101jumus, kas visi tiek apstr\u0101d\u0101ti, izmantojot \u0161ifr\u0113tus un atbilsto\u0161us maks\u0101jumu v\u0101rtejus.<\/div>\n<hr \/>\n<h2>PayPal<\/h2>\n<div>PayPal ir viena no pasaul\u0113 visizveidot\u0101kaj\u0101m un uzticam\u0101kaj\u0101m digit\u0101lo maks\u0101jumu ekosist\u0113m\u0101m.<\/div>\n<div>Izmantojot PayPal, m\u0113s pie\u0146emam pla\u0161u finans\u0113juma avotu kl\u0101stu, tostarp:<\/div>\n<ul>\n<li>V\u012bza<\/li>\n<li>MasterCard<\/li>\n<li>American Express<\/li>\n<li>Atkl\u0101jiet<\/li>\n<li>Saist\u012btie bankas konti<\/li>\n<\/ul>\n<div>Ja jums ir akt\u012bvs PayPal konts, varat pabeigt pirkumu, izmantojot savu PayPal atlikumu, saglab\u0101t\u0101s kred\u012btkartes vai debetkartes vai saist\u012bto bankas kontu, atk\u0101rtoti neievadot sensit\u012bvu finan\u0161u inform\u0101ciju.<\/div>\n<h3>Vai es varu izmantot PayPal, neizveidojot kontu?<\/h3>\n<div>J\u0101.<br \/>\nP\u0113c pas\u016bt\u012bjuma veik\u0161anas j\u016bs tiksiet novirz\u012bts uz PayPal dro\u0161o maks\u0101jumu saskarni.<br \/>\nJa nev\u0113laties re\u0123istr\u0113ties PayPal kontam, vienk\u0101r\u0161i atlasiet opciju \u201cMaks\u0101t ar debetkarti vai kred\u012btkarti\u201d (vai \u201cMan nav PayPal konta\u201d) un turpiniet k\u0101 viesis, tie\u0161i ievadot savas kartes datus.<\/div>\n<div>Viesu nor\u0113\u0137in\u0101\u0161an\u0101s veik\u0161anai PayPal konts nav nepiecie\u0161ams.<\/div>\n<hr \/>\n<h2>Kred\u012btkartes un debetkartes<\/h2>\n<div>M\u0113s pie\u0146emam visas galven\u0101s starptautisk\u0101s kred\u012btkartes un debetkartes, tostarp:<\/div>\n<ul>\n<li>V\u012bza<\/li>\n<li>MasterCard<\/li>\n<li>American Express<\/li>\n<li>Atkl\u0101jiet<\/li>\n<\/ul>\n<div>Visi kar\u0161u maks\u0101jumi tiek apstr\u0101d\u0101ti, izmantojot nozar\u0113 sertific\u0113tus maks\u0101jumu v\u0101rtejus, un ir aizsarg\u0101ti ar 256 bitu SSL \u0161ifr\u0113\u0161anu, attiec\u012bg\u0101 gad\u012bjum\u0101 apvienojum\u0101 ar 3D Secure autentifik\u0101ciju.<\/div>\n<div>J\u016bsu kartes inform\u0101cija nekad netiek glab\u0101ta m\u016bsu serveros.<\/div>\n<h2>K\u0101p\u0113c mans kartes maks\u0101jums tika noraid\u012bts?<\/h2>\n<div>Noraid\u012bts dar\u012bjums var notikt vair\u0101ku iemeslu d\u0113\u013c, tostarp, bet ne tikai:<\/div>\n<ul>\n<li>Nepareizs kartes numurs, der\u012bguma termi\u0146\u0161 vai CVV kods<\/li>\n<li>Nepietiekams pieejamais atlikums<\/li>\n<li>P\u0101rsniegti j\u016bsu izdev\u0113jbankas noteiktie dienas vai dar\u012bjumu limiti<\/li>\n<li>J\u016bsu banka ierobe\u017eo tie\u0161saistes vai starptautiskos dar\u012bjumus<\/li>\n<\/ul>\n<h3>K\u0101 atrisin\u0101t probl\u0113mas ar maks\u0101jumiem ar karti<\/h3>\n<ul>\n<li><strong>P\u0101rbaudiet savas kartes datus<\/strong><br \/>\nV\u0113lreiz p\u0101rbaudiet kartes numuru, der\u012bguma termi\u0146u, CVV kodu un nor\u0113\u0137inu adresi.<\/li>\n<li><strong>Sazinieties ar savu banku<\/strong><br \/>\nPiepras\u012bt at\u013cauju dar\u012bjumam vai tie\u0161saistes\/p\u0101rrobe\u017eu maks\u0101jumu ierobe\u017eojumu atcel\u0161anu.<\/li>\n<li><strong>Izm\u0113\u0123iniet alternat\u012bvu karti<\/strong><br \/>\nIzmantojot citu kred\u012btkarti vai debetkarti, probl\u0113ma bie\u017ei vien tiek nekav\u0113joties atrisin\u0101ta.<\/li>\n<\/ul>\n<hr \/>\n<h2>Dro\u0161\u012bbas garantija<\/h2>\n<div>\ud83d\udd12 Maks\u0101jumu dro\u0161\u012bbas pazi\u0146ojums<\/div>\n<div>Visi Mk Reborns dar\u012bjumi tiek \u0161ifr\u0113ti no s\u0101kuma l\u012bdz beig\u0101m un apstr\u0101d\u0101ti, izmantojot dro\u0161as, PCI atbilsto\u0161as maks\u0101jumu infrastrukt\u016bras.<\/div>\n<div>M\u0113s nevien\u0101 dar\u012bjuma posm\u0101 nesaglab\u0101jam un mums nav piek\u013cuves j\u016bsu pilnajiem maks\u0101juma akredit\u0101cijas datiem, t\u0101d\u0113j\u0101di nodro\u0161inot, ka j\u016bsu personisk\u0101 un finan\u0161u inform\u0101cija vienm\u0113r paliek konfidenci\u0101la un aizsarg\u0101ta.<\/div>","protected":false},"excerpt":{"rendered":"<p>Mk Reborns m\u0113s priorit\u0101ri izvirz\u0101m dar\u012bjumu dro\u0161\u012bbu, diskr\u0113tumu un \u0113rt\u012bbas. Lai nodro\u0161in\u0101tu netrauc\u0113tu nor\u0113\u0137in\u0101\u0161an\u0101s pieredzi, m\u0113s atbalst\u0101m vair\u0101kus glob\u0101lus pakalpojumu sniedz\u0113jus.<\/p>","protected":false},"author":1,"featured_media":0,"parent":0,"menu_order":0,"comment_status":"closed","ping_status":"closed","template":"","meta":{"footnotes":""},"class_list":["post-3458","page","type-page","status-publish","hentry"],"_links":{"self":[{"href":"https:\/\/www.mkreborns.com\/lv\/wp-json\/wp\/v2\/pages\/3458","targetHints":{"allow":["GET"]}}],"collection":[{"href":"https:\/\/www.mkreborns.com\/lv\/wp-json\/wp\/v2\/pages"}],"about":[{"href":"https:\/\/www.mkreborns.com\/lv\/wp-json\/wp\/v2\/types\/page"}],"author":[{"embeddable":true,"href":"https:\/\/www.mkreborns.com\/lv\/wp-json\/wp\/v2\/users\/1"}],"replies":[{"embeddable":true,"href":"https:\/\/www.mkreborns.com\/lv\/wp-json\/wp\/v2\/comments?post=3458"}],"version-history":[{"count":0,"href":"https:\/\/www.mkreborns.com\/lv\/wp-json\/wp\/v2\/pages\/3458\/revisions"}],"wp:attachment":[{"href":"https:\/\/www.mkreborns.com\/lv\/wp-json\/wp\/v2\/media?parent=3458"}],"curies":[{"name":"wp","href":"https:\/\/api.w.org\/{rel}","templated":true}]}}