{"id":3455,"date":"2026-01-21T15:17:36","date_gmt":"2026-01-21T15:17:36","guid":{"rendered":"https:\/\/www.mkreborns.com\/?page_id=3455"},"modified":"2026-01-21T15:17:36","modified_gmt":"2026-01-21T15:17:36","slug":"help-faqs","status":"publish","type":"page","link":"https:\/\/www.mkreborns.com\/lv\/help-faqs\/","title":{"rendered":"Pal\u012bdz\u012bba un bie\u017ei uzdotie jaut\u0101jumi"},"content":{"rendered":"<h3>K\u0101 man vajadz\u0113tu mazg\u0101t un r\u016bp\u0113ties par savu atdzimsto lelli?<\/h3>\n<div>Piln\u012bb\u0101 no silikona izgatavotas lelles var viegli mazg\u0101t. Lelles ar auduma korpusu dr\u012bkst t\u012br\u012bt tikai ar viegli samitrin\u0101tu dr\u0101nu un p\u0113c tam \u017e\u0101v\u0113t labi v\u0113din\u0101m\u0101 telp\u0101.<br \/>\nKad lelli nelietojat, iesak\u0101m to dro\u0161i uzglab\u0101t t\u0101s kast\u0113 un pasarg\u0101t no ilgsto\u0161as saules gaismas.<\/div>\n<hr \/>\n<h3>Vai j\u016bsu mazu\u013cus var poz\u0113t?<\/h3>\n<div>J\u0101. Visiem Mk Reborn mazu\u013ciem ir zin\u0101ma artikul\u0101cija. Tom\u0113r, t\u0101pat k\u0101 \u012bstiem z\u012bdai\u0146iem, vi\u0146iem var b\u016bt nepiecie\u0161ams maigs atbalsts vai \u0161\u016bpo\u0161ana, lai saglab\u0101tu noteiktas pozas.<\/div>\n<hr \/>\n<h3>Vai atdzim\u0161anas lell\u0113m ir aksesu\u0101ri?<\/h3>\n<div>Piln\u012bgi noteikti. Katrs Mk Reborn mazulis tiek pieg\u0101d\u0101ts piln\u012bb\u0101 ap\u0123\u0113rbts, ar knup\u012bti un auti\u0146biks\u012bt\u0113m. J\u016bsu lelle ir gatava sam\u012b\u013co\u0161anai br\u012bd\u012b, kad t\u0101 tiek iz\u0146emta no kastes.<\/div>\n<hr \/>\n<h3>Vai tum\u0161i sarkan\u0101s krokas uz \u0101das ir defekti vai skrambas?<\/h3>\n<div>Nepavisam. \u0160\u012bs dzi\u013c\u0101k\u0101s sarkan\u0101s krokas ir at\u0161\u0137ir\u012bga un apzin\u0101ta iez\u012bme, nevis defekts. T\u0101s dabiski par\u0101d\u0101s ap ekstremit\u0101t\u0113m, \u012bpa\u0161i lell\u0113m ar izm\u0113ru 22\u201324 collas, un pastiprina re\u0101lismu.<\/div>\n<hr \/>\n<h3>K\u0101di ap\u0123\u0113rba izm\u0113ri atbilst da\u017e\u0101diem atdzim\u0161anas le\u013c\u013cu izm\u0113riem?<\/h3>\n<div>M\u016bsu le\u013c\u013cu izm\u0113rs ir no 5 l\u012bdz 24 coll\u0101m:<\/div>\n<ul>\n<li>5 collas: Nepiecie\u0161ams p\u0113c pas\u016bt\u012bjuma \u0161\u016bts ap\u0123\u0113rbs<\/li>\n<li>12\u201320 collas: piem\u0113rots jaundzimu\u0161\u0101\/0\u20133 m\u0113ne\u0161u vecuma mazu\u013ca ap\u0123\u0113rbam<\/li>\n<li>22 collas: piem\u0113rots 3\u20136 m\u0113ne\u0161u vecumam paredz\u0113t\u0101m z\u012bdai\u0146u dr\u0113b\u0113m<\/li>\n<li>24 collas: piem\u0113rots 6\u20139 m\u0113ne\u0161us vecu b\u0113rnu ap\u0123\u0113rbam<\/li>\n<\/ul>\n<hr \/>\n<h3>Vai j\u016bsu atdzim\u0161anas lell\u0113m ir magn\u0113ti?<\/h3>\n<div>J\u0101. Daudz\u0101m m\u016bsu lell\u0113m ir mazi magn\u0113ti (knup\u012b\u0161iem vai aksesu\u0101riem). \u0160\u012bs lelles nav ieteicamas person\u0101m ar elektrokardiostimulatoriem, dzirdes apar\u0101tiem vai jut\u012bbu pret magn\u0113tiskajiem laukiem.<\/div>\n<hr \/>\n<h3>Vai j\u016bsu lelles ir piem\u0113rotas b\u0113rniem l\u012bdz 14 gadu vecumam?<\/h3>\n<div>Visas Mk Reborns lelles ir p\u0101rbaud\u012btas dro\u0161\u012bbas zi\u0146\u0101 un piem\u0113rotas b\u0113rniem no 3 gadu vecuma, lai gan t\u0101s \u012bpa\u0161i lolo pieaugu\u0161ie kolekcion\u0101ri.<br \/>\nM\u016bsu mini 5 collu lelles ir piem\u0113rotas jaun\u0101kiem b\u0113rniem tikai stingr\u0101 pieaugu\u0161o uzraudz\u012bb\u0101.<\/div>\n<hr \/>\n<h3>K\u0101dus maks\u0101juma veidus j\u016bs pie\u0146emat?<\/h3>\n<div>Pas\u016bt\u012bjumus var veikt tie\u0161i m\u016bsu t\u012bmek\u013ca vietn\u0113, izmantojot galven\u0101s kred\u012btkartes, debetkartes vai PayPal.<\/div>\n<hr \/>\n<h3>K\u0101 es varu izsekot savam pas\u016bt\u012bjumam un pieg\u0101des laikam?<\/h3>\n<div>Kad j\u016bsu pas\u016bt\u012bjums tiks nos\u016bt\u012bts, j\u016bs sa\u0146emsiet apstiprin\u0101juma e-pastu ar izseko\u0161anas numuru.<br \/>\nInform\u0101ciju par pieg\u0101des metod\u0113m un paredzamo pieg\u0101des laiku skatiet m\u016bsu Pieg\u0101des inform\u0101cijas lap\u0101.<\/div>\n<hr \/>\n<h3>Vai j\u016bs pieg\u0101d\u0101jat uz manu valsti?<\/h3>\n<div>J\u0101. M\u0113s uzturam viet\u0113jo invent\u0101ru Amerikas Savienotaj\u0101s Valst\u012bs, ES, Kan\u0101d\u0101, Austr\u0101lij\u0101 un Apvienotaj\u0101 Karalist\u0113.<br \/>\nPas\u016bt\u012bjumi tiek pieg\u0101d\u0101ti 3\u20137 darba dienu laik\u0101, un visiem atdzimu\u0161o le\u013c\u013cu pirkumiem tiek piem\u0113rota bezmaksas pieg\u0101de.<\/div>\n<hr \/>\n<h3>Vai joproj\u0101m nepiecie\u0161ama pal\u012bdz\u012bba?<\/h3>\n<div>M\u0113s vienm\u0113r priec\u0101jamies pal\u012bdz\u0113t.<\/div>\n<div>\ud83d\udce7 E-pasts: <a href=\"mailto:support@mkreborns.com\">support@mkreborns.com<\/a><\/div>","protected":false},"excerpt":{"rendered":"<p>K\u0101 man vajadz\u0113tu mazg\u0101t un r\u016bp\u0113ties par savu atdzim\u0161anas lelli? Piln\u012bb\u0101 no silikona izgatavotas lelles var mazg\u0101t maigi. Lelles ar auduma korpusu dr\u012bkst mazg\u0101t...<\/p>","protected":false},"author":1,"featured_media":0,"parent":0,"menu_order":0,"comment_status":"closed","ping_status":"closed","template":"","meta":{"footnotes":""},"class_list":["post-3455","page","type-page","status-publish","hentry"],"_links":{"self":[{"href":"https:\/\/www.mkreborns.com\/lv\/wp-json\/wp\/v2\/pages\/3455","targetHints":{"allow":["GET"]}}],"collection":[{"href":"https:\/\/www.mkreborns.com\/lv\/wp-json\/wp\/v2\/pages"}],"about":[{"href":"https:\/\/www.mkreborns.com\/lv\/wp-json\/wp\/v2\/types\/page"}],"author":[{"embeddable":true,"href":"https:\/\/www.mkreborns.com\/lv\/wp-json\/wp\/v2\/users\/1"}],"replies":[{"embeddable":true,"href":"https:\/\/www.mkreborns.com\/lv\/wp-json\/wp\/v2\/comments?post=3455"}],"version-history":[{"count":0,"href":"https:\/\/www.mkreborns.com\/lv\/wp-json\/wp\/v2\/pages\/3455\/revisions"}],"wp:attachment":[{"href":"https:\/\/www.mkreborns.com\/lv\/wp-json\/wp\/v2\/media?parent=3455"}],"curies":[{"name":"wp","href":"https:\/\/api.w.org\/{rel}","templated":true}]}}