{"id":3454,"date":"2026-01-21T15:16:46","date_gmt":"2026-01-21T15:16:46","guid":{"rendered":"https:\/\/www.mkreborns.com\/?page_id=3454"},"modified":"2026-01-28T02:26:13","modified_gmt":"2026-01-28T02:26:13","slug":"shipping-policy","status":"publish","type":"page","link":"https:\/\/www.mkreborns.com\/lv\/shipping-policy\/","title":{"rendered":"Pieg\u0101des politika"},"content":{"rendered":"<div>Paldies, ka izv\u0113l\u0113j\u0101ties Mk Reborns. J\u016bsu pas\u016bt\u012bjums tiek r\u016bp\u012bgi sagatavots un nos\u016bt\u012bts efekt\u012bvi un diskr\u0113ti.<\/div>\n<hr \/>\n<h2>Bezmaksas pieg\u0101de vis\u0101 pasaul\u0113<\/h2>\n<div>M\u0113s nodro\u0161in\u0101m bezmaksas pieg\u0101di no strat\u0113\u0123iski izvietot\u0101m \u0101rvalstu noliktav\u0101m Amerikas Savienotaj\u0101s Valst\u012bs, Eirop\u0101, Kan\u0101d\u0101, Apvienotaj\u0101 Karalist\u0113 un Austr\u0101lij\u0101.<br \/>\nJa ir pieejamas viet\u0113j\u0101s preces, preces tiek pieg\u0101d\u0101tas no tuv\u0101k\u0101s noliktavas, lai nodro\u0161in\u0101tu \u0101tr\u0101ku pieg\u0101di.<\/div>\n<hr \/>\n<h2>Paredzamais pieg\u0101des laiks (noliktav\u0101 eso\u0161\u0101s preces)<\/h2>\n<div>\n<table border=\"1\" data-coda-grid-id=\"grid-O7-V0P1M6p\" data-coda-display-column-id=\"c-gzvnCsHVXd\" data-coda-view-config-inheritsdefaultformat=\"false\" data-coda-view-config-tablesearch=\"&quot;AlwaysShow&quot;\" data-coda-grid-configuration-set=\"SimpleTable\">\n<tbody>\n<tr>\n<td>Losand\u017eelosa, ASV<\/td>\n<td>\n<div>Amerikas Savienot\u0101s Valstis (A\u013cask\u0101 un Havaju sal\u0101s tiek piem\u0113rota aptuveni 100 USD piemaksa)<\/div>\n<\/td>\n<td>3\u20135 darba dienas<\/td>\n<\/tr>\n<tr>\n<td>ES noliktavas (V\u0101cija \/ Polija)<\/td>\n<td>Liel\u0101k\u0101 da\u013ca ES valstu un atsevi\u0161\u0137as EEZ valstis<\/td>\n<td>3\u201310 darba dienas<\/td>\n<\/tr>\n<tr>\n<td>Vank\u016bvera<\/td>\n<td>Kan\u0101da<\/td>\n<td>3\u20135 darba dienas<\/td>\n<\/tr>\n<tr>\n<td>Sidneja<\/td>\n<td>Austr\u0101lija<\/td>\n<td>3\u20137 darba dienas<\/td>\n<\/tr>\n<tr>\n<td>Apvienot\u0101 Karaliste<\/td>\n<td>Apvienot\u0101 Karaliste<\/td>\n<td>3\u20137 darba dienas<\/td>\n<\/tr>\n<\/tbody>\n<\/table>\n<\/div>\n<div>Piez\u012bme: Liel\u0101k\u0101 da\u013ca pas\u016bt\u012bjumu tiek apstr\u0101d\u0101ti un nos\u016bt\u012bti 48 stundu laik\u0101. Vid\u0113jais pieg\u0101des laiks ir 3\u20135 darba dienas, ja vien nav \u0101rk\u0101rtas apst\u0101k\u013cu.<\/div>\n<hr \/>\n<h2>Muita un nodevas<\/h2>\n<div>Ja viet\u0113j\u0101s noliktavas nav pieejamas, preces var tikt pieg\u0101d\u0101tas no citas valsts.<br \/>\nIerobe\u017eotos gad\u012bjumos sa\u0146\u0113m\u0113jiem var l\u016bgt pal\u012bdz\u012bbu muitas formalit\u0101\u0161u vai importa nodok\u013cu nomaks\u0101\u0161an\u0101.<\/div>\n<div>Norv\u0113\u0123ij\u0101, \u0160veic\u0113, Island\u0113 un Meksik\u0101 muitas formalit\u0101tes un piem\u0113rojamie nodok\u013ci ir tikai sa\u0146\u0113m\u0113ja atbild\u012bba.<\/div>\n<hr \/>\n<h2>Pas\u016bt\u012bjumu izseko\u0161ana<\/h2>\n<div>P\u0113c nos\u016bt\u012b\u0161anas tiks nos\u016bt\u012bts apstiprin\u0101juma e-pasts ar izseko\u0161anas inform\u0101ciju.<br \/>\nIzseko\u0161anas inform\u0101cijas atjaunin\u0101\u0161anai var b\u016bt nepiecie\u0161amas l\u012bdz pat 48 stund\u0101m.<\/div>\n<hr \/>\n<h2>Sadal\u012bti s\u016bt\u012bjumi<\/h2>\n<div>Pas\u016bt\u012bjumi, kas satur vair\u0101kas preces, var tikt pieg\u0101d\u0101ti atsevi\u0161\u0137os s\u016bt\u012bjumos.<br \/>\nJa da\u013ca no j\u016bsu pas\u016bt\u012bjuma tiek pieg\u0101d\u0101ta pirm\u0101, atliku\u0161\u0101s preces joproj\u0101m atrodas ce\u013c\u0101.<\/div>\n<hr \/>\n<h2>Pieg\u0101des probl\u0113mas<\/h2>\n<ul>\n<li>Atz\u012bm\u0113ts k\u0101 pieg\u0101d\u0101ts, bet nav sa\u0146emts: nekav\u0113joties sazinieties ar kurjeru un nos\u016btiet e-pastu <a href=\"http:\/\/\">support@mkreborns.com<\/a>.<\/li>\n<li>Boj\u0101tas preces: dokument\u0113jiet boj\u0101jumus ar skaidriem fotoatt\u0113liem vai video un p\u0113c tam iesniedziet kurjera pras\u012bbu.<\/li>\n<li>Nepareizas preces: l\u016bdzu, iesniedziet foto un video pier\u0101d\u012bjumus, un m\u016bsu klientu apkalpo\u0161anas komanda p\u0113c iesp\u0113jas \u0101tr\u0101k atrisin\u0101s probl\u0113mu.<\/li>\n<\/ul>\n<hr \/>\n<h2>Atgrie\u0161ana un apmai\u0146a<\/h2>\n<div>L\u016bdzu, sazinieties <a href=\"http:\/\/\">support@mkreborns.com<\/a> pirms jebk\u0101das atgrie\u0161anas uzs\u0101k\u0161anas.<br \/>\nNeat\u013cautas atgrie\u0161anas vai atteiktas pieg\u0101des netiks pie\u0146emtas.<\/div>\n<div>Prec\u0113m j\u0101paliek nelietot\u0101m un ar neatv\u0113rtu iek\u0161\u0113jo aizsargiepakojumu.<br \/>\nDetaliz\u0113tus nosac\u012bjumus skatiet m\u016bsu pilnaj\u0101 atgrie\u0161anas politik\u0101.<\/div>","protected":false},"excerpt":{"rendered":"<p>Paldies, ka izv\u0113l\u0113j\u0101ties Mk Reborns. J\u016bsu pas\u016bt\u012bjums tiek r\u016bp\u012bgi sagatavots un nos\u016bt\u012bts efekt\u012bvi un diskr\u0113ti. Bezmaksas pieg\u0101de vis\u0101 pasaul\u0113.<\/p>","protected":false},"author":1,"featured_media":0,"parent":0,"menu_order":0,"comment_status":"closed","ping_status":"closed","template":"","meta":{"footnotes":""},"class_list":["post-3454","page","type-page","status-publish","hentry"],"_links":{"self":[{"href":"https:\/\/www.mkreborns.com\/lv\/wp-json\/wp\/v2\/pages\/3454","targetHints":{"allow":["GET"]}}],"collection":[{"href":"https:\/\/www.mkreborns.com\/lv\/wp-json\/wp\/v2\/pages"}],"about":[{"href":"https:\/\/www.mkreborns.com\/lv\/wp-json\/wp\/v2\/types\/page"}],"author":[{"embeddable":true,"href":"https:\/\/www.mkreborns.com\/lv\/wp-json\/wp\/v2\/users\/1"}],"replies":[{"embeddable":true,"href":"https:\/\/www.mkreborns.com\/lv\/wp-json\/wp\/v2\/comments?post=3454"}],"version-history":[{"count":0,"href":"https:\/\/www.mkreborns.com\/lv\/wp-json\/wp\/v2\/pages\/3454\/revisions"}],"wp:attachment":[{"href":"https:\/\/www.mkreborns.com\/lv\/wp-json\/wp\/v2\/media?parent=3454"}],"curies":[{"name":"wp","href":"https:\/\/api.w.org\/{rel}","templated":true}]}}