{"id":3449,"date":"2026-01-20T14:40:52","date_gmt":"2026-01-20T14:40:52","guid":{"rendered":"https:\/\/www.mkreborns.com\/?page_id=3449"},"modified":"2026-01-28T02:03:34","modified_gmt":"2026-01-28T02:03:34","slug":"terms-conditions","status":"publish","type":"page","link":"https:\/\/www.mkreborns.com\/lv\/terms-conditions\/","title":{"rendered":"Noteikumi un nosac\u012bjumi"},"content":{"rendered":"<h2 class=\"wp-block-heading\">1. Ievads<\/h2>\r\n\r\n\r\n\r\n<p>\u0160ie Noteikumi un nosac\u012bjumi (turpm\u0101k tekst\u0101 \u2014 \u201cNoteikumi\u201d) regul\u0113 j\u016bsu piek\u013cuvi un lieto\u0161anu <strong>mkreborns.com<\/strong> (turpm\u0101k tekst\u0101 \u2014 \u201cT\u012bmek\u013ca vietne\u201d), digit\u0101ls \u012bpa\u0161ums, ko p\u0101rvalda <strong>Mk atdzim\u0161ana<\/strong> (\u201cm\u0113s\u201d, \u201cm\u016bs\u201d, \u201cm\u016bsu\u201d).<\/p>\r\n\r\n\r\n\r\n<p>Lai izvair\u012btos no \u0161aub\u0101m, jebkura atsauce \u0161eit uz \u201cj\u016bs\u201d, \u201cj\u016bsu\u201d vai \u201cklients\u201d noz\u012bm\u0113 jebkuru fizisku vai juridiskas personas, kas ieg\u0101d\u0101jas produktus no Mk Reborns, izmantojot \u0161o t\u012bmek\u013ca vietni.<\/p>\r\n\r\n\r\n\r\n<p>J\u016bsu likum\u0101 noteikt\u0101s pat\u0113r\u0113t\u0101ja ties\u012bbas paliek neskartas.<\/p>\r\n\r\n\r\n\r\n<p>Piek\u013c\u016bstot \u0161ai t\u012bmek\u013ca vietnei, p\u0101rl\u016bkojot to vai veicot pas\u016bt\u012bjumu, izmantojot to, j\u016bs apliecin\u0101t, ka esat izlas\u012bjis, sapratis un piekritis \u0161iem Noteikumiem, k\u0101 ar\u012b m\u016bsu Noteikumiem un nosac\u012bjumiem. <strong>Priv\u0101tuma politika<\/strong>, <strong>Atgrie\u0161anas politika<\/strong>, un <strong>Pieg\u0101des politika<\/strong>, kas kop\u0101 veido visu vieno\u0161anos starp jums un Mk Reborns.<\/p>\r\n\r\n\r\n\r\n<p>Ja j\u016bs piln\u012bb\u0101 nepiekr\u012btat \u0161iem Noteikumiem, j\u016bs nedr\u012bkstat veikt pas\u016bt\u012bjumu, izmantojot \u0161o t\u012bmek\u013ca vietni.<\/p>\r\n\r\n\r\n<hr class=\"wp-block-separator has-alpha-channel-opacity\" \/>\r\n\r\n\r\n<h2 class=\"wp-block-heading\">2. \u0160o Noteikumu groz\u012bjumi<\/h2>\r\n\r\n\r\n\r\n<p>Mk Reborns patur ties\u012bbas jebkur\u0101 laik\u0101 bez iepriek\u0161\u0113ja br\u012bdin\u0101juma p\u0101rskat\u012bt, groz\u012bt vai aizst\u0101t \u0161os Noteikumus.<br \/>Uz \u0161o dar\u012bjumu attiecas Noteikumi, kas ir sp\u0113k\u0101 pas\u016bt\u012bjuma iesnieg\u0161anas br\u012bd\u012b.<\/p>\r\n\r\n\r\n\r\n<p>Pirms katra pirkuma ieteicams p\u0101rskat\u012bt \u0161os Noteikumus.<\/p>\r\n\r\n\r\n<hr class=\"wp-block-separator has-alpha-channel-opacity\" \/>\r\n\r\n\r\n<h2 class=\"wp-block-heading\">3. Likum\u012bg\u0101 vecuma pras\u012bba<\/h2>\r\n\r\n\r\n\r\n<p>Veicot pas\u016bt\u012bjumu \u0161aj\u0101 t\u012bmek\u013ca vietn\u0113, j\u016bs apliecin\u0101t un garant\u0113jat, ka esat sasniedzis pilngad\u012bbu, lai ieg\u0101d\u0101tos pied\u0101v\u0101tos produktus.<\/p>\r\n\r\n\r\n\r\n<p>Ja mums ir pamatots iemesls uzskat\u012bt, ka pas\u016bt\u012bjumu ir veikusi persona, kas neatbilst likum\u0101 noteiktajam vecumam, m\u0113s paturam ties\u012bbas atcelt \u0161\u0101du pas\u016bt\u012bjumu bez jebk\u0101d\u0101m saist\u012bb\u0101m.<\/p>\r\n\r\n\r\n<hr class=\"wp-block-separator has-alpha-channel-opacity\" \/>\r\n\r\n\r\n<h2 class=\"wp-block-heading\">4. L\u012bguma nosl\u0113g\u0161ana<\/h2>\r\n\r\n\r\n\r\n<p>Visi pas\u016bt\u012bjumi, kas iesniegti, izmantojot \u0161o t\u012bmek\u013ca vietni, ir atkar\u012bgi no Mk Reborns apstiprin\u0101juma un produktu pieejam\u012bbas.<\/p>\r\n\r\n\r\n\r\n<p>M\u0113s paturam ties\u012bbas piln\u012bb\u0101 atteikt vai atcelt jebkuru pas\u016bt\u012bjumu jebk\u0101da iemesla d\u0113\u013c, tostarp, bet ne tikai, ierobe\u017eotas noliktavas, neprec\u012bzu cenu vai aizdom\u0101m par kr\u0101pniecisku darb\u012bbu d\u0113\u013c.<\/p>\r\n\r\n\r\n\r\n<p>Saisto\u0161s l\u012bgums tiek uzskat\u012bts par nosl\u0113gtu tikai tad, kad Mk Reborns nos\u016bt\u012bs pas\u016bt\u012bt\u0101s preces un izsniegs s\u016bt\u012bjuma apstiprin\u0101juma e-pastu.<\/p>\r\n\r\n\r\n<hr class=\"wp-block-separator has-alpha-channel-opacity\" \/>\r\n\r\n\r\n<h2 class=\"wp-block-heading\">5. Cenas un precizit\u0101te<\/h2>\r\n\r\n\r\n\r\n<p>Lai gan m\u0113s cen\u0161amies nodro\u0161in\u0101t, lai visas nor\u0101d\u012bt\u0101s cenas public\u0113\u0161anas br\u012bd\u012b b\u016btu prec\u012bzas, m\u0113s paturam ties\u012bbas jebkur\u0101 laik\u0101 main\u012bt cenas.<\/p>\r\n\r\n\r\n\r\n<p>Ja cenu korekcija b\u016btiski ietekm\u0113s j\u016bsu pas\u016bt\u012bjumu, j\u016bs tiksiet inform\u0113ts pirms pieg\u0101des.<\/p>\r\n\r\n\r\n<hr class=\"wp-block-separator has-alpha-channel-opacity\" \/>\r\n\r\n\r\n<h2 class=\"wp-block-heading\">6. Atteikuma ties\u012bbas (ES un Apvienot\u0101s Karalistes pat\u0113r\u0113t\u0101ji)<\/h2>\r\n\r\n\r\n\r\n<p>Ja esat pat\u0113r\u0113t\u0101js, kas atrodas Eiropas Savien\u012bb\u0101 vai Apvienotaj\u0101 Karalist\u0113, jums var b\u016bt ties\u012bbas atcelt savu pas\u016bt\u012bjumu \u010detrpadsmit (14) darba dienu laik\u0101 p\u0113c pre\u010du sa\u0146em\u0161anas saska\u0146\u0101 ar piem\u0113rojamajiem pat\u0113r\u0113t\u0101ju ties\u012bbu aizsardz\u012bbas ties\u012bbu aktiem.<\/p>\r\n\r\n\r\n\r\n<p>P\u0113c atcel\u0161anas atmaks\u0101jamie maks\u0101jumi tiks apstr\u0101d\u0101ti saska\u0146\u0101 ar j\u016bsu likum\u012bgaj\u0101m ties\u012bb\u0101m.<\/p>\r\n\r\n\r\n\r\n<p>Atgrie\u0161anas ties\u012bbas un proced\u016bras var at\u0161\u0137irties atkar\u012bb\u0101 no re\u0123iona. L\u016bdzu, skatiet m\u016bsu <strong>Atgrie\u0161anas politika<\/strong> s\u012bk\u0101ku inform\u0101ciju.<\/p>\r\n\r\n\r\n<hr class=\"wp-block-separator has-alpha-channel-opacity\" \/>\r\n\r\n\r\n<h2 class=\"wp-block-heading\">7. M\u0101rketinga komunik\u0101cija<\/h2>\r\n\r\n\r\n\r\n<p>Inform\u0101cija par e-pasta sazi\u0146u un rekl\u0101mas zi\u0146ojumiem ir sniegta m\u016bsu <strong>Priv\u0101tuma politika<\/strong>.<\/p>\r\n\r\n\r\n\r\n<p>Sniedzot savu kontaktinform\u0101ciju, j\u016bs piekr\u012btat sazi\u0146ai saska\u0146\u0101 ar \u0161o politiku.<\/p>\r\n\r\n\r\n<hr class=\"wp-block-separator has-alpha-channel-opacity\" \/>\r\n\r\n\r\n<h2 class=\"wp-block-heading\">8. Priv\u0101tums un datu aizsardz\u012bba<\/h2>\r\n\r\n\r\n\r\n<p>M\u016bsu <strong>Priv\u0101tuma politika<\/strong> paskaidro, k\u0101 personas dati tiek v\u0101kti, apstr\u0101d\u0101ti, glab\u0101ti, kop\u012bgoti un saglab\u0101ti.<\/p>\r\n\r\n\r\n\r\n<p>M\u0113s ievie\u0161am komerci\u0101li pamatotus dro\u0161\u012bbas pas\u0101kumus, lai nodro\u0161in\u0101tu datu dro\u0161\u012bbu un atbilst\u012bbu piem\u0113rojamajiem datu aizsardz\u012bbas likumiem j\u016bsu jurisdikcij\u0101.<\/p>\r\n\r\n\r\n\r\n<p>Lai uzlabotu t\u012bmek\u013ca vietnes funkcionalit\u0101ti, tiek izmantotas s\u012bkdatnes un l\u012bdz\u012bgas tehnolo\u0123ijas. S\u012bk\u0101ka inform\u0101cija ir pieejama m\u016bsu <strong>S\u012bkfailu politika<\/strong>.<\/p>\r\n\r\n\r\n<hr class=\"wp-block-separator has-alpha-channel-opacity\" \/>\r\n\r\n\r\n<h2 class=\"wp-block-heading\">9. Kr\u0101p\u0161anas nov\u0113r\u0161ana<\/h2>\r\n\r\n\r\n\r\n<p>Mk Reborns \u012bsteno stingrus kr\u0101p\u0161anas nov\u0113r\u0161anas pas\u0101kumus un izmanto tre\u0161o pu\u0161u verifik\u0101cijas un uzraudz\u012bbas pakalpojumus.<\/p>\r\n\r\n\r\n\r\n<p>Jebkur\u0161 m\u0113\u0123in\u0101jums sniegt nepatiesu, maldino\u0161u vai neprec\u012bzu inform\u0101ciju kr\u0101p\u0161anas nol\u016bk\u0101 var tikt zi\u0146ots attiec\u012bgaj\u0101m kr\u0101p\u0161anas apkaro\u0161anas iest\u0101d\u0113m.<\/p>\r\n\r\n\r\n\r\n<p>M\u0113s paturam ties\u012bbas aptur\u0113t vai izbeigt kontus, kas saist\u012bti ar aizdom\u0101m par kr\u0101pniecisku r\u012bc\u012bbu.<\/p>\r\n\r\n\r\n<hr class=\"wp-block-separator has-alpha-channel-opacity\" \/>\r\n\r\n\r\n<h2 class=\"wp-block-heading\">10. Automatiz\u0113ta piek\u013cuve un t\u012bmek\u013ca roboti<\/h2>\r\n\r\n\r\n\r\n<p>\u0160ai t\u012bmek\u013ca vietnei dr\u012bkst piek\u013c\u016bt tikai automatiz\u0113tas programmat\u016bras lietojumprogrammas, kuras ir nep\u0101rprotami at\u013c\u0101vis Mk Reborns un kuras atbilst m\u016bsu robotu lieto\u0161anas politik\u0101m (\u201cAt\u013cautie roboti\u201d).<\/p>\r\n\r\n\r\n\r\n<p>Neat\u013cauti roboti ietver, bet ne tikai, skriptus, kas p\u0101rslogo serverus, automatiz\u0113 groza darb\u012bbu, nokop\u0113 saturu vai trauc\u0113 klientu pieredzi.<\/p>\r\n\r\n\r\n\r\n<p>M\u0113s paturam ties\u012bbas nekav\u0113joties blo\u0137\u0113t \u0161\u0101du piek\u013cuvi un aptur\u0113t saist\u012btos kontus.<\/p>\r\n\r\n\r\n\r\n<p>J\u016bs piekr\u012btat atl\u012bdzin\u0101t Mk Reborns visus zaud\u0113jumus, izmaksas un izdevumus, kas radu\u0161ies neat\u013cautas automatiz\u0113tas piek\u013cuves rezult\u0101t\u0101.<\/p>\r\n\r\n\r\n<hr class=\"wp-block-separator has-alpha-channel-opacity\" \/>\r\n\r\n\r\n<h2 class=\"wp-block-heading\">11. Intelektu\u0101lais \u012bpa\u0161ums<\/h2>\r\n\r\n\r\n\r\n<p>Viss t\u012bmek\u013ca vietnes saturs, tostarp teksts, att\u0113li, grafika un izk\u0101rtojums, ir Mk Reborns ekskluz\u012bvs \u012bpa\u0161ums, ja vien nav nor\u0101d\u012bts cit\u0101di.<\/p>\r\n\r\n\r\n\r\n<p>Nek\u0101du saturu nedr\u012bkst reproduc\u0113t, izplat\u012bt, modific\u0113t vai izmantot komerci\u0101liem m\u0113r\u0137iem bez iepriek\u0161\u0113jas rakstiskas piekri\u0161anas, iz\u0146emot personisku, nekomerci\u0101lu lieto\u0161anu.<\/p>\r\n\r\n\r\n\r\n<p>J\u016bs piekr\u012btat nerad\u012bt atvasin\u0101tus darbus no T\u012bmek\u013ca vietnes satura.<\/p>\r\n\r\n\r\n<hr class=\"wp-block-separator has-alpha-channel-opacity\" \/>\r\n\r\n\r\n<h2 class=\"wp-block-heading\">12. Garantiju atruna<\/h2>\r\n\r\n\r\n\r\n<p>\u0160\u012b t\u012bmek\u013ca vietne tiek nodro\u0161in\u0101ta \u201ct\u0101d\u0101 st\u0101vokl\u012b, k\u0101d\u0101 t\u0101 ir\u201d un \u201ct\u0101d\u0101 veid\u0101, k\u0101 t\u0101 ir pieejama\u201d.<\/p>\r\n\r\n\r\n\r\n<p>M\u0113s nesniedzam nek\u0101das tie\u0161as vai netie\u0161as garantijas attiec\u012bb\u0101 uz nep\u0101rtrauktu piek\u013cuvi, precizit\u0101ti, darb\u012bbu bez k\u013c\u016bd\u0101m vai kait\u012bgu komponentu neesam\u012bbu.<\/p>\r\n\r\n\r\n\r\n<p>Nekas \u0161aj\u0101 atrun\u0101 neierobe\u017eo j\u016bsu likum\u012bg\u0101s ties\u012bbas attiec\u012bb\u0101 uz ieg\u0101d\u0101taj\u0101m prec\u0113m.<\/p>\r\n\r\n\r\n<hr class=\"wp-block-separator has-alpha-channel-opacity\" \/>\r\n\r\n\r\n<h2 class=\"wp-block-heading\">13. Atbild\u012bbas ierobe\u017eojums<\/h2>\r\n\r\n\r\n\r\n<p>Cikt\u0101l to at\u013cauj likums, Mk Reborns nav atbild\u012bgs par:<\/p>\r\n\r\n\r\n\r\n<ul class=\"wp-block-list\">\r\n<li>zaud\u0113jumi, kas nebija pamatoti paredzami l\u012bguma nosl\u0113g\u0161anas br\u012bd\u012b;<\/li>\r\n\r\n\r\n\r\n<li>zaud\u0113jumi, kas nav radu\u0161ies m\u016bsu p\u0101rk\u0101puma rezult\u0101t\u0101;<\/li>\r\n\r\n\r\n\r\n<li>uz\u0146\u0113m\u0113jdarb\u012bbas zaud\u0113jumi vai zaud\u0113jumi, kas nav saist\u012bti ar pat\u0113r\u0113t\u0101jiem.<\/li>\r\n<\/ul>\r\n\r\n\r\n\r\n<p>M\u0113s neizsl\u0113dzam un neierobe\u017eojam atbild\u012bbu par:<\/p>\r\n\r\n\r\n\r\n<p>(a) n\u0101ve vai miesas boj\u0101jumi, kas radu\u0161ies nolaid\u012bbas d\u0113\u013c;<br \/>(b) kr\u0101p\u0161ana vai kr\u0101pnieciska sagroz\u012b\u0161ana;<br \/>(c) likum\u0101 paredz\u0113to netie\u0161o noteikumu p\u0101rk\u0101pums attiec\u012bb\u0101 uz nosaukumu, aprakstu, kvalit\u0101ti vai piem\u0113rot\u012bbu;<br \/>(d) atbild\u012bba saska\u0146\u0101 ar piem\u0113rojamajiem pat\u0113r\u0113t\u0101ju ties\u012bbu aizsardz\u012bbas ties\u012bbu aktiem.<\/p>\r\n\r\n\r\n<hr class=\"wp-block-separator has-alpha-channel-opacity\" \/>\r\n\r\n\r\n<h2 class=\"wp-block-heading\">14. Pie\u0146emama lieto\u0161ana<\/h2>\r\n\r\n\r\n\r\n<p>J\u016bs piekr\u012btat izmantot \u0161o T\u012bmek\u013ca vietni tikai likum\u012bgiem m\u0113r\u0137iem un t\u0101d\u0101 veid\u0101, kas nep\u0101rk\u0101pj citu personu ties\u012bbas vai neierobe\u017eo vi\u0146u T\u012bmek\u013ca vietnes lieto\u0161anas iesp\u0113jas.<\/p>\r\n\r\n\r\n\r\n<p>Aizliegta r\u012bc\u012bba ietver, bet neaprobe\u017eojas ar, uzm\u0101k\u0161anos, aizskaro\u0161a materi\u0101la izplat\u012b\u0161anu vai norm\u0101las T\u012bmek\u013ca vietnes darb\u012bbas trauc\u0113\u0161anu.<\/p>\r\n\r\n\r\n<hr class=\"wp-block-separator has-alpha-channel-opacity\" \/>\r\n\r\n\r\n<h2 class=\"wp-block-heading\">15. Lietot\u0101ju \u0123ener\u0113ts saturs (atsauksmes, att\u0113li, iesniegumi)<\/h2>\r\n\r\n\r\n\r\n<p>Iesniedzot atsauksmes, v\u0113rt\u0113jumus, att\u0113lus vai citu saturu, j\u016bs apliecin\u0101t un garant\u0113jat, ka:<\/p>\r\n\r\n\r\n\r\n<ul class=\"wp-block-list\">\r\n<li>Jums pieder visas intelektu\u0101l\u0101 \u012bpa\u0161uma ties\u012bbas uz to;<\/li>\r\n\r\n\r\n\r\n<li>J\u016bs esat atteicies no jebk\u0101d\u0101m mor\u0101l\u0101m ties\u012bb\u0101m.<\/li>\r\n\r\n\r\n\r\n<li>Saturs ir patiess un likum\u012bgs.<\/li>\r\n\r\n\r\n\r\n<li>Jums ir vismaz asto\u0146padsmit (18) gadi.<\/li>\r\n<\/ul>\r\n\r\n\r\n\r\n<p>J\u016bs pie\u0161\u0137irat Mk Reborns past\u0101v\u012bgu, neatsaucamu, bezatl\u012bdz\u012bbas, vis\u0101 pasaul\u0113 sp\u0113k\u0101 eso\u0161u licenci \u0161\u0101da satura izmanto\u0161anai, reproduc\u0113\u0161anai, modific\u0113\u0161anai, public\u0113\u0161anai, tulko\u0161anai, izplat\u012b\u0161anai un cit\u0101di izmanto\u0161anai bez atl\u012bdz\u012bbas.<\/p>\r\n\r\n\r\n\r\n<p>M\u0113s paturam ties\u012bbas p\u0113c saviem ieskatiem redi\u0123\u0113t, no\u0146emt vai atteikt jebk\u0101da satura public\u0113\u0161anu.<\/p>\r\n\r\n\r\n\r\n<p>J\u016bs esat piln\u012bb\u0101 atbild\u012bgs par iesniegto saturu.<\/p>\r\n\r\n\r\n<hr class=\"wp-block-separator has-alpha-channel-opacity\" \/>\r\n\r\n\r\n<h2 class=\"wp-block-heading\">16. Lojalit\u0101tes programma<\/h2>\r\n\r\n\r\n\r\n<p>M\u0113s p\u0101rstruktur\u0113jam savu lojalit\u0101tes programmu.<br \/>Eso\u0161\u0101s punktu sist\u0113mas var tikt p\u0101rtrauktas bez turpm\u0101kas uzkr\u0101\u0161anas vai atpirk\u0161anas.<\/p>\r\n\r\n\r\n<hr class=\"wp-block-separator has-alpha-channel-opacity\" \/>\r\n\r\n\r\n<h2 class=\"wp-block-heading\">17. P\u0101rdo\u0161anas nodoklis (Amerikas Savienot\u0101s Valstis)<\/h2>\r\n\r\n\r\n\r\n<p>Piem\u0113rojamais p\u0101rdo\u0161anas vai lieto\u0161anas nodoklis tiks apr\u0113\u0137in\u0101ts, pamatojoties uz j\u016bsu pieg\u0101des adresi, un tiks par\u0101d\u012bts nor\u0113\u0137in\u0101\u0161an\u0101s laik\u0101.<\/p>\r\n\r\n\r\n\r\n<p>Nor\u0101d\u012bt\u0101s nodok\u013cu summas ir aptuvenas; gal\u012bg\u0101 nodok\u013ca summa tiks apstiprin\u0101ta p\u0113c pas\u016bt\u012bjuma pabeig\u0161anas.<\/p>\r\n\r\n\r\n<hr class=\"wp-block-separator has-alpha-channel-opacity\" \/>\r\n\r\n\r\n<h2 class=\"wp-block-heading\">18. \u0100r\u0113j\u0101s saites<\/h2>\r\n\r\n\r\n\r\n<p>\u0160\u012b t\u012bmek\u013ca vietne var satur\u0113t saites uz tre\u0161o pu\u0161u vietn\u0113m.<br \/>M\u0113s nekontrol\u0113jam un neatbalst\u0101m \u0161\u0101das vietnes un neuz\u0146emamies nek\u0101du atbild\u012bbu par to saturu.<\/p>\r\n\r\n\r\n<hr class=\"wp-block-separator has-alpha-channel-opacity\" \/>\r\n\r\n\r\n<h2 class=\"wp-block-heading\">19. Piem\u0113rojamie ties\u012bbu akti un jurisdikcija<\/h2>\r\n<div>\u0160ie Noteikumi un jebkur\u0161 str\u012bds vai pras\u012bjums, kas izriet no tiem vai ir saist\u012bts ar tiem (tostarp \u0101rpusl\u012bgumiski str\u012bdi vai pras\u012bbas), ir pak\u013cauts Honkongas \u012apa\u0161\u0101 Administrat\u012bv\u0101 Apgabala (HKSAR) ties\u012bbu aktiem un tiek interpret\u0113ts saska\u0146\u0101 ar tiem, ne\u0146emot v\u0113r\u0101 t\u0101 ties\u012bbu normu kol\u012bziju principus.<\/div>\r\n<div>J\u016bs neatsaucami piekr\u012btat, ka Honkongas ties\u0101m ir ekskluz\u012bva jurisdikcija iz\u0161\u0137irt jebkuru str\u012bdu vai pras\u012bbu, kas izriet no \u0161iem Noteikumiem vai j\u016bsu T\u012bmek\u013ca vietnes lieto\u0161anas vai ir saist\u012bta ar tiem.<\/div>\r\n\r\n\r\n<hr class=\"wp-block-separator has-alpha-channel-opacity\" \/>\r\n\r\n\r\n<h2 class=\"wp-block-heading\">20. Nep\u0101rvarama vara<\/h2>\r\n\r\n\r\n\r\n<p>M\u0113s neuz\u0146emamies atbild\u012bbu par k\u013c\u016bm\u0113m vai kav\u0113\u0161anos izpild\u0113, ko izrais\u012bju\u0161i notikumi \u0101rpus m\u016bsu sapr\u0101t\u012bgas kontroles, tostarp, bet ne tikai, dabas katastrofas, pand\u0113mijas, vald\u012bbas darb\u012bbas vai pilsoniskie nemieri.<\/p>\r\n\r\n\r\n\r\n<p>Skart\u0101s saist\u012bbas tiek aptur\u0113tas uz \u0161\u0101da notikuma laiku.<\/p>\r\n\r\n\r\n<hr class=\"wp-block-separator has-alpha-channel-opacity\" \/>\r\n\r\n\r\n<h2 class=\"wp-block-heading\">21. Ties\u012bbu pie\u0161\u0137ir\u0161ana un atdal\u0101m\u012bba<\/h2>\r\n\r\n\r\n\r\n<p>M\u0113s varam nodot savas ties\u012bbas un pien\u0101kumus saska\u0146\u0101 ar \u0161iem Noteikumiem, neietekm\u0113jot j\u016bsu ties\u012bbas.<\/p>\r\n\r\n\r\n\r\n<p>J\u016bs nedr\u012bkstat nodot savas ties\u012bbas bez m\u016bsu rakstiskas piekri\u0161anas.<\/p>\r\n\r\n\r\n\r\n<p>Ja k\u0101ds noteikums tiek atz\u012bts par neizpild\u0101mu, p\u0101r\u0113jie noteikumi paliek sp\u0113k\u0101 piln\u012bb\u0101.<\/p>\r\n\r\n\r\n<hr class=\"wp-block-separator has-alpha-channel-opacity\" \/>\r\n\r\n\r\n<h2 class=\"wp-block-heading\">22. Atteik\u0161an\u0101s<\/h2>\r\n\r\n\r\n\r\n<p>Mk Reborns nesp\u0113ja \u012bstenot jebkuru noteikumu nenoz\u012bm\u0113 atteik\u0161anos no turpm\u0101kas \u012bsteno\u0161anas.<\/p>","protected":false},"excerpt":{"rendered":"<p>1. Ievads \u0160ie Noteikumi un nosac\u012bjumi (\u201cNoteikumi\u201d) regul\u0113 j\u016bsu piek\u013cuvi vietnei mkreborns.com (\u201cVietne\u201d), kas ir digit\u0101la\u2026<\/p>","protected":false},"author":1,"featured_media":0,"parent":0,"menu_order":0,"comment_status":"closed","ping_status":"closed","template":"","meta":{"footnotes":""},"class_list":["post-3449","page","type-page","status-publish","hentry"],"_links":{"self":[{"href":"https:\/\/www.mkreborns.com\/lv\/wp-json\/wp\/v2\/pages\/3449","targetHints":{"allow":["GET"]}}],"collection":[{"href":"https:\/\/www.mkreborns.com\/lv\/wp-json\/wp\/v2\/pages"}],"about":[{"href":"https:\/\/www.mkreborns.com\/lv\/wp-json\/wp\/v2\/types\/page"}],"author":[{"embeddable":true,"href":"https:\/\/www.mkreborns.com\/lv\/wp-json\/wp\/v2\/users\/1"}],"replies":[{"embeddable":true,"href":"https:\/\/www.mkreborns.com\/lv\/wp-json\/wp\/v2\/comments?post=3449"}],"version-history":[{"count":0,"href":"https:\/\/www.mkreborns.com\/lv\/wp-json\/wp\/v2\/pages\/3449\/revisions"}],"wp:attachment":[{"href":"https:\/\/www.mkreborns.com\/lv\/wp-json\/wp\/v2\/media?parent=3449"}],"curies":[{"name":"wp","href":"https:\/\/api.w.org\/{rel}","templated":true}]}}