{"id":3,"date":"2025-12-24T14:18:41","date_gmt":"2025-12-24T14:18:41","guid":{"rendered":"https:\/\/www.mkreborns.com\/?page_id=3"},"modified":"2026-01-20T10:07:36","modified_gmt":"2026-01-20T10:07:36","slug":"privacy-policy","status":"publish","type":"page","link":"https:\/\/www.mkreborns.com\/lv\/privacy-policy\/","title":{"rendered":"Priv\u0101tuma politika"},"content":{"rendered":"<p>Plkst. <strong>Mk atdzim\u0161ana<\/strong>, M\u0113s pie\u0161\u0137iram lielu noz\u012bmi personas inform\u0101cijas konfidencialit\u0101tei, integrit\u0101tei un atbild\u012bgai r\u012bc\u012bbai. \u0160aj\u0101 konfidencialit\u0101tes politik\u0101 ir paskaidrots, k\u0101 dati tiek apkopoti, apstr\u0101d\u0101ti, glab\u0101ti un aizsarg\u0101ti, kad j\u016bs piek\u013c\u016bstat m\u016bsu t\u012bmek\u013ca vietnei vai mijiedarbojaties ar to.<\/p>\n\n\n\n<hr class=\"wp-block-separator has-alpha-channel-opacity\"\/>\n\n\n\n<h2 class=\"wp-block-heading\">1. Kas m\u0113s esam<\/h2>\n\n\n\n<p>T\u012bmek\u013ca vietne <strong><a href=\"https:\/\/www.mkreborns.com\/lv\/\">https:\/\/www.mkreborns.com<\/a><\/strong> pieder un to p\u0101rvalda <strong>Mk atdzim\u0161ana<\/strong>.<br>\u0160aj\u0101 politik\u0101 atsauces uz \u201cm\u0113s\u201d, \u201cm\u016bsu\u201d vai \u201cmums\u201d attiecas tikai uz Mk Reborns.<\/p>\n\n\n\n<hr class=\"wp-block-separator has-alpha-channel-opacity\"\/>\n\n\n\n<h2 class=\"wp-block-heading\">2. Koment\u0101ri un lietot\u0101ju iesniegumi<\/h2>\n\n\n\n<p>Kad apmekl\u0113t\u0101ji izv\u0113las atst\u0101t koment\u0101rus m\u016bsu t\u012bmek\u013ca vietn\u0113, m\u0113s apkopojam inform\u0101ciju, kas redzama koment\u0101ru iesnieg\u0161anas veidlap\u0101, k\u0101 ar\u012b apmekl\u0113t\u0101ja <strong>IP adrese<\/strong> un <strong>p\u0101rl\u016bkprogrammas lietot\u0101ja a\u0123enta virkne<\/strong>. \u0160\u012b inform\u0101cija tiek apkopota tikai un vien\u012bgi platformas dro\u0161\u012bbas uztur\u0113\u0161anas un nev\u0113lama vai aizskaro\u0161a satura nov\u0113r\u0161anas nol\u016bkos.<\/p>\n\n\n\n<p>Anonimiz\u0113ts identifikators, kas \u0123ener\u0113ts no j\u016bsu e-pasta adreses (parasti saukts par <em>ha\u0161s<\/em>) var tikt p\u0101rraid\u012bts uz <strong>Gravatar<\/strong> pakalpojums, lai noteiktu, vai past\u0101v saist\u012bts profils.<br>Gravatar pakalpojums darbojas saska\u0146\u0101 ar savu priv\u0101tuma regul\u0113jumu, ar kuru var iepaz\u012bties \u0161eit:<br><a href=\"https:\/\/automattic.com\/privacy\/\" target=\"_blank\" rel=\"noopener\">https:\/\/automattic.com\/privacy\/<\/a><\/p>\n\n\n\n<p>Kad koment\u0101rs ir apstiprin\u0101ts, jebkur\u0161 saist\u012btais profila att\u0113ls k\u013c\u016bst publiski redzams blakus koment\u0101ram.<\/p>\n\n\n\n<hr class=\"wp-block-separator has-alpha-channel-opacity\"\/>\n\n\n\n<h2 class=\"wp-block-heading\">3. Multivides aug\u0161upiel\u0101des<\/h2>\n\n\n\n<p>Ja aug\u0161upiel\u0101d\u0113jat att\u0113lus t\u012bmek\u013ca vietn\u0113, m\u0113s stingri iesak\u0101m tos neiek\u013caut <strong>iegultie atra\u0161an\u0101s vietas metadati (EXIF GPS)<\/strong>.<br>Vietnes apmekl\u0113t\u0101ji var lejupiel\u0101d\u0113t att\u0113lus un ieg\u016bt tajos ietvertos atra\u0161an\u0101s vietas datus. Mk Reborns neuz\u0146emas nek\u0101du atbild\u012bbu par metadatiem, kas br\u012bvpr\u0101t\u012bgi iek\u013cauti aug\u0161upiel\u0101d\u0113taj\u0101 multivid\u0113.<\/p>\n\n\n\n<hr class=\"wp-block-separator has-alpha-channel-opacity\"\/>\n\n\n\n<h2 class=\"wp-block-heading\">4. S\u012bkfaili un l\u012bdz\u012bgas tehnolo\u0123ijas<\/h2>\n\n\n\n<p>Lai uzlabotu lietot\u0101ju \u0113rt\u012bbas un funkcionalit\u0101ti, m\u016bsu t\u012bmek\u013ca vietne izmanto s\u012bkfailus \u0161\u0101dos apst\u0101k\u013cos:<\/p>\n\n\n\n<ul class=\"wp-block-list\">\n<li>Iesniedzot koment\u0101ru, varat izv\u0113l\u0113ties saglab\u0101t savu v\u0101rdu, e-pasta adresi un vietnes inform\u0101ciju s\u012bkfailos. \u0160ie s\u012bkfaili tiek saglab\u0101ti <strong>viens gads<\/strong> lai nov\u0113rstu nepiecie\u0161am\u012bbu atk\u0101rtoti ievad\u012bt datus.<\/li>\n\n\n\n<li>Apmekl\u0113jot pieteik\u0161an\u0101s lapu, tiek \u0123ener\u0113ta pagaidu s\u012bkdatne, lai p\u0101rbaud\u012btu, vai j\u016bsu p\u0101rl\u016bkprogramma pie\u0146em s\u012bkdatnes. \u0160aj\u0101 s\u012bkdatn\u0113 nav personas inform\u0101cijas un t\u0101 tiek dz\u0113sta, aizverot p\u0101rl\u016bkprogrammu.<\/li>\n\n\n\n<li>Piesakoties, tiek izveidotas vair\u0101kas s\u012bkdatnes, lai saglab\u0101tu j\u016bsu autentifik\u0101cijas statusu un att\u0113lo\u0161anas preferences.\n<ul class=\"wp-block-list\">\n<li>Pieteik\u0161an\u0101s s\u012bkfaili paliek akt\u012bvi <strong>divas dienas<\/strong><\/li>\n\n\n\n<li>Att\u0113lo\u0161anas preferen\u010du s\u012bkfaili tiek saglab\u0101ti <strong>viens gads<\/strong><\/li>\n\n\n\n<li>Ja ir atlas\u012bta opcija \u201cAtcer\u0113ties mani\u201d, pieteik\u0161an\u0101s dati tiek saglab\u0101ti <strong>divas ned\u0113\u013cas<\/strong><\/li>\n<\/ul>\n<\/li>\n\n\n\n<li>Kad izrakst\u0101ties, ar pieteik\u0161anos saist\u012bt\u0101s s\u012bkdatnes tiek no\u0146emtas.<\/li>\n\n\n\n<li>Ja redi\u0123\u0113jat vai public\u0113jat saturu, j\u016bsu p\u0101rl\u016bkprogramm\u0101 tiek saglab\u0101ta papildu s\u012bkdatne. \u0160\u012b s\u012bkdatne nesatur personas datus un kalpo tikai redi\u0123\u0113t\u0101s zi\u0146as identific\u0113\u0161anai. T\u0101s der\u012bguma termi\u0146\u0161 beidzas p\u0113c <strong>24 stundas<\/strong>.<\/li>\n<\/ul>\n\n\n\n<hr class=\"wp-block-separator has-alpha-channel-opacity\"\/>\n\n\n\n<h2 class=\"wp-block-heading\">5. Iegults saturs no tre\u0161o pu\u0161u t\u012bmek\u013ca vietn\u0113m<\/h2>\n\n\n\n<p>\u0160\u012bs t\u012bmek\u013ca vietnes lap\u0101s var b\u016bt iegults saturs (tostarp, bet ne tikai, videoklipi, att\u0113li vai raksti).<br>No \u0101r\u0113j\u0101m t\u012bmek\u013ca vietn\u0113m iegultais saturs darbojas t\u0101pat k\u0101 tad, ja j\u016bs b\u016btu tie\u0161i apmekl\u0113jis s\u0101kotn\u0113jo t\u012bmek\u013ca vietni.<\/p>\n\n\n\n<p>\u0160\u0101das tre\u0161o pu\u0161u t\u012bmek\u013ca vietnes var:<\/p>\n\n\n\n<ul class=\"wp-block-list\">\n<li>Apkopot datus par jums<\/li>\n\n\n\n<li>Izmantot s\u012bkfailus<\/li>\n\n\n\n<li>Izmantojiet papildu tre\u0161o pu\u0161u izseko\u0161anas r\u012bkus<\/li>\n\n\n\n<li>Mijiedarb\u012bbas ar iegulto saturu uzraudz\u012bba<\/li>\n<\/ul>\n\n\n\n<p>Tas var ietvert mijiedarb\u012bbas izseko\u0161anu, ja jums ir konts \u0101r\u0113j\u0101 platform\u0101 un esat taj\u0101 pieteicies.<\/p>\n\n\n\n<hr class=\"wp-block-separator has-alpha-channel-opacity\"\/>\n\n\n\n<h2 class=\"wp-block-heading\">6. Datu koplieto\u0161ana<\/h2>\n\n\n\n<p>Ja piepras\u0101t paroles atiestat\u012b\u0161anu, j\u016bsu <strong>IP adrese<\/strong> tiks iek\u013cauta paroles atiestat\u012b\u0161anas sazi\u0146\u0101 dro\u0161\u012bbas p\u0101rbaudes nol\u016bkos.<\/p>\n\n\n\n<p>Mk Reborns nep\u0101rdod, neiznom\u0101 un netirgo personas datus neat\u013caut\u0101m tre\u0161aj\u0101m person\u0101m.<\/p>\n\n\n\n<hr class=\"wp-block-separator has-alpha-channel-opacity\"\/>\n\n\n\n<h2 class=\"wp-block-heading\">7. Datu saglab\u0101\u0161ana<\/h2>\n\n\n\n<p>Koment\u0101ri un ar tiem saist\u012btie metadati tiek saglab\u0101ti <strong>bezgal\u012bgi<\/strong>. Tas \u013cauj mums autom\u0101tiski atpaz\u012bt un apstiprin\u0101t turpm\u0101kos koment\u0101rus, tos neregul\u0113jot.<\/p>\n\n\n\n<p>Lietot\u0101jiem, kuri re\u0123istr\u0113jas m\u016bsu t\u012bmek\u013ca vietn\u0113 (ja piem\u0113rojams), m\u0113s uzglab\u0101jam vi\u0146u lietot\u0101ju profilos sniegto personisko inform\u0101ciju.<br>Re\u0123istr\u0113tie lietot\u0101ji jebkur\u0101 laik\u0101 var skat\u012bt, main\u012bt vai dz\u0113st savu personas inform\u0101ciju, iz\u0146emot lietot\u0101jv\u0101rdus. Vietnes administratori patur ties\u012bbas piek\u013c\u016bt \u0161ai inform\u0101cijai un redi\u0123\u0113t to, kad tas nepiecie\u0161ams.<\/p>\n\n\n\n<hr class=\"wp-block-separator has-alpha-channel-opacity\"\/>\n\n\n\n<h2 class=\"wp-block-heading\">8. J\u016bsu ties\u012bbas attiec\u012bb\u0101 uz j\u016bsu datiem<\/h2>\n\n\n\n<p>Ja jums ir konts \u0161aj\u0101 t\u012bmek\u013ca vietn\u0113 vai esat iepriek\u0161 iesniedzis koment\u0101rus, varat piepras\u012bt:<\/p>\n\n\n\n<ul class=\"wp-block-list\">\n<li>Eksport\u0113ts fails, kur\u0101 ir j\u016bsu personas dati, ko m\u0113s glab\u0101jam<\/li>\n\n\n\n<li>Ar jums saist\u012bto personas datu dz\u0113\u0161ana<\/li>\n<\/ul>\n\n\n\n<p>Datu dz\u0113\u0161anas piepras\u012bjumi neattiecas uz inform\u0101ciju, kas mums ir juridiski vai administrat\u012bvi j\u0101glab\u0101 atbilst\u012bbas, dro\u0161\u012bbas vai darb\u012bbas nol\u016bkos.<\/p>\n\n\n\n<hr class=\"wp-block-separator has-alpha-channel-opacity\"\/>\n\n\n\n<h2 class=\"wp-block-heading\">9. Kur tiek apstr\u0101d\u0101ti j\u016bsu dati<\/h2>\n\n\n\n<p>Apmekl\u0113t\u0101ju koment\u0101rus var p\u0101rbaud\u012bt, izmantojot automatiz\u0113tus surog\u0101tpasta noteik\u0161anas pakalpojumus, lai nodro\u0161in\u0101tu t\u012bmek\u013ca vietnes dro\u0161\u012bbu un integrit\u0101ti.<\/p>\n\n\n\n<hr class=\"wp-block-separator has-alpha-channel-opacity\"\/>\n\n\n\n<h2 class=\"wp-block-heading\">10. Kontaktinform\u0101cija<\/h2>\n\n\n\n<p>Ja jums ir k\u0101di jaut\u0101jumi par \u0161o Priv\u0101tuma politiku vai j\u016bsu personas datu apstr\u0101di, l\u016bdzu, sazinieties ar mums, izmantojot:<\/p>\n\n\n\n<p>\ud83d\udce7 <strong><a href=\"mailto:support@mkreborns.com\">support@mkreborns.com<\/a><\/strong><\/p>\n\n\n\n<p><\/p>","protected":false},"excerpt":{"rendered":"<p>Uz\u0146\u0113mum\u0101 Mk Reborns m\u0113s pie\u0161\u0137iram lielu noz\u012bmi personas inform\u0101cijas konfidencialit\u0101tei, integrit\u0101tei un atbild\u012bgai apstr\u0101dei. \u0160\u012b konfidencialit\u0101tes politika<\/p>","protected":false},"author":1,"featured_media":0,"parent":0,"menu_order":0,"comment_status":"closed","ping_status":"closed","template":"","meta":{"footnotes":""},"class_list":["post-3","page","type-page","status-publish","hentry"],"_links":{"self":[{"href":"https:\/\/www.mkreborns.com\/lv\/wp-json\/wp\/v2\/pages\/3","targetHints":{"allow":["GET"]}}],"collection":[{"href":"https:\/\/www.mkreborns.com\/lv\/wp-json\/wp\/v2\/pages"}],"about":[{"href":"https:\/\/www.mkreborns.com\/lv\/wp-json\/wp\/v2\/types\/page"}],"author":[{"embeddable":true,"href":"https:\/\/www.mkreborns.com\/lv\/wp-json\/wp\/v2\/users\/1"}],"replies":[{"embeddable":true,"href":"https:\/\/www.mkreborns.com\/lv\/wp-json\/wp\/v2\/comments?post=3"}],"version-history":[{"count":0,"href":"https:\/\/www.mkreborns.com\/lv\/wp-json\/wp\/v2\/pages\/3\/revisions"}],"wp:attachment":[{"href":"https:\/\/www.mkreborns.com\/lv\/wp-json\/wp\/v2\/media?parent=3"}],"curies":[{"name":"wp","href":"https:\/\/api.w.org\/{rel}","templated":true}]}}