{"id":13,"date":"2026-01-16T17:03:18","date_gmt":"2026-01-16T17:03:18","guid":{"rendered":"https:\/\/www.mkreborns.com\/?page_id=13"},"modified":"2026-01-28T02:12:14","modified_gmt":"2026-01-28T02:12:14","slug":"refund_returns","status":"publish","type":"page","link":"https:\/\/www.mkreborns.com\/lv\/refund_returns\/","title":{"rendered":"Atmaksa un pre\u010du atgrie\u0161ana"},"content":{"rendered":"<p>Plkst. <strong>Mk atdzim\u0161ana<\/strong>, m\u0113s velt\u0101m sevi augstas kvalit\u0101tes atdzimu\u0161u le\u013c\u013cu rad\u012b\u0161anai, katra no t\u0101m ir r\u016bp\u012bgi izstr\u0101d\u0101ta, lai b\u016btu at\u0161\u0137ir\u012bga, izteiksm\u012bga un \u0101rk\u0101rt\u012bgi dz\u012bv\u012bga. Ja j\u016bsu pirkums neatbilst cer\u012bb\u0101m, aicin\u0101m sazin\u0101ties ar m\u016bsu klientu apkalpo\u0161anas komandu pa t\u0101lr. <strong><a href=\"mailto:support@mkreborns.com\">support@mkreborns.com<\/a><\/strong> bez kav\u0113\u0161an\u0101s. Katrs piepras\u012bjums tiek izv\u0113rt\u0113ts individu\u0101li, un atbilsto\u0161i risin\u0101jumi tiek sniegti, pamatojoties uz konkr\u0113tajiem apst\u0101k\u013ciem.<\/p>\r\n\r\n\r\n<hr class=\"wp-block-separator has-alpha-channel-opacity\" \/>\r\n\r\n\r\n<h2 class=\"wp-block-heading\">Pas\u016bt\u012bjuma atcel\u0161ana<\/h2>\r\n\r\n\r\n\r\n<p>P\u0113c pas\u016bt\u012bjuma veik\u0161anas j\u016bsu atdzimu\u0161\u0101s lelles sagatavo\u0161ana vai nos\u016bt\u012b\u0161ana var s\u0101kties nekav\u0113joties. <strong>Kad pas\u016bt\u012bjums ir nos\u016bt\u012bts, atcel\u0161ana vairs nav iesp\u0113jama.<\/strong><\/p>\r\n\r\n\r\n\r\n<p>Ja j\u016bsu pas\u016bt\u012bjum\u0101 ir <strong>v\u0113l nav non\u0101kusi pieg\u0101des stadij\u0101<\/strong>, j\u016bs varat iesniegt atcel\u0161anas piepras\u012bjumu <strong>24 stundu laik\u0101 p\u0113c ieg\u0101des<\/strong>. Klientiem ir j\u0101aizpilda ofici\u0101la atcel\u0161anas piepras\u012bjuma veidlapa. M\u016bsu atbalsta komanda pal\u012bdz\u0113s jums vis\u0101 proces\u0101 no s\u0101kuma l\u012bdz beig\u0101m.<\/p>\r\n\r\n\r\n\r\n<h3 class=\"wp-block-heading\">Atmaksas grafiks par atcel\u0161anu<\/h3>\r\n\r\n\r\n\r\n<ul class=\"wp-block-list\">\r\n<li>\u2705 <strong>12 stundu laik\u0101 (pirms nos\u016bt\u012b\u0161anas):<\/strong> A <strong>10% apstr\u0101des atskait\u012bjums<\/strong> attiecas uz banku un tie\u0161saistes maks\u0101jumu dar\u012bjumu komisijas maks\u0101m.<\/li>\r\n\r\n\r\n\r\n<li>\u2705 <strong>24 stundu laik\u0101:<\/strong> <strong>85% no pas\u016bt\u012bjuma v\u0113rt\u012bbas<\/strong> tiks atmaks\u0101ts.<\/li>\r\n\r\n\r\n\r\n<li>\u2705 <strong>48 stundu laik\u0101:<\/strong> <strong>70% no pas\u016bt\u012bjuma v\u0113rt\u012bbas<\/strong> tiks atmaks\u0101ts.<\/li>\r\n\r\n\r\n\r\n<li>\u274c <strong>P\u0113c nos\u016bt\u012b\u0161anas:<\/strong> Atcel\u0161ana netiek pie\u0146emta.<\/li>\r\n<\/ul>\r\n\r\n\r\n\r\n<p><strong>Svar\u012bgs pazi\u0146ojums:<\/strong><br \/>Paredzams, ka atmaksa tiks sa\u0146emta 10\u201320 darba dienu laik\u0101 atkar\u012bb\u0101 no bankas apstr\u0101des laika. Tikai atcel\u0161anas piepras\u012bjumi <strong>iesniegts 24 stundu laik\u0101 p\u0113c pirkuma un m\u016bsu skaidri apstiprin\u0101ts <a href=\"https:\/\/www.mkreborns.com\/lv\/contact-us\/\">atbalsta komanda<\/a><\/strong> tiks uzskat\u012bta par der\u012bgu.<\/p>\r\n\r\n\r\n<hr class=\"wp-block-separator has-alpha-channel-opacity\" \/>\r\n\r\n\r\n<h2 class=\"wp-block-heading\">Pas\u016bt\u012bjuma groz\u012bjumi<\/h2>\r\n\r\n\r\n\r\n<p>M\u0113s stingri iesak\u0101m klientiem r\u016bp\u012bgi p\u0101rbaud\u012bt visas lelles specifik\u0101cijas pirms pirkuma pabeig\u0161anas.<\/p>\r\n\r\n\r\n\r\n<ul class=\"wp-block-list\">\r\n<li>\u2705 <strong>12 stundu laik\u0101 p\u0113c pas\u016bt\u012bjuma veik\u0161anas:<\/strong> Groz\u012bjumus var piepras\u012bt attiec\u012bb\u0101 uz <strong>vienreiz\u0113ja modifik\u0101cijas maksa $19 USD apm\u0113r\u0101<\/strong>.<br \/>Lai turpin\u0101tu, l\u016bdzu, iesniedziet piepras\u012bjumu, izmantojot m\u016bsu <strong>Sazinieties ar mums<\/strong> forma.<\/li>\r\n\r\n\r\n\r\n<li>\u274c <strong>P\u0113c 12 stund\u0101m:<\/strong> Pas\u016bt\u012bjumi parasti tiek iepakoti un sagatavoti nos\u016bt\u012b\u0161anai rind\u0101, padarot turpm\u0101kas izmai\u0146as neiesp\u0113jamas.<\/li>\r\n<\/ul>\r\n\r\n\r\n<hr class=\"wp-block-separator has-alpha-channel-opacity\" \/>\r\n\r\n\r\n<h2 class=\"wp-block-heading\">Tr\u016bksto\u0161\u0101s preces pas\u016bt\u012bjum\u0101<\/h2>\r\n\r\n\r\n\r\n<p>Lo\u0123istikas un iepako\u0161anas apsv\u0113rumu d\u0113\u013c da\u017ei pas\u016bt\u012bjumi var tikt nos\u016bt\u012bti <strong>vair\u0101ki s\u016bt\u012bjumi<\/strong>.<br \/>Piem\u0113ram, atdzimusi lelle un t\u0101s aksesu\u0101ri var tikt pieg\u0101d\u0101ti atsevi\u0161\u0137i un non\u0101kt pie jums da\u017e\u0101dos laikos.<\/p>\r\n\r\n\r\n\r\n<p>Ja nepiecie\u0161ama sa\u0146em\u0161ana no pasta iest\u0101des, l\u016bdzu, p\u0101rliecinieties, ka jums ir <strong>visi piem\u0113rojamie izseko\u0161anas numuri<\/strong>. Ja rodas k\u0101das neskaidr\u012bbas, m\u016bsu atbalsta komanda joproj\u0101m ir pieejama, lai pal\u012bdz\u0113tu.<\/p>\r\n\r\n\r\n<hr class=\"wp-block-separator has-alpha-channel-opacity\" \/>\r\n\r\n\r\n<h2 class=\"wp-block-heading\">Atgrie\u0161ana un atmaksas ties\u012bbas<\/h2>\r\n\r\n\r\n\r\n<p>M\u0113s iev\u0113rojam stingrus kvalit\u0101tes standartus. Pre\u010du atgrie\u0161ana vai nomai\u0146a ir at\u013cauta. <strong>tikai ar \u0161\u0101diem nosac\u012bjumiem<\/strong>:<\/p>\r\n\r\n\r\n\r\n<h3 class=\"wp-block-heading\">Pie\u0146emami apst\u0101k\u013ci<\/h3>\r\n\r\n\r\n\r\n<ul class=\"wp-block-list\">\r\n<li>\u2705 <strong>Boj\u0101jumi, kas radu\u0161ies pirms lieto\u0161anas vai transport\u0113\u0161anas laik\u0101<\/strong><\/li>\r\n\r\n\r\n\r\n<li>\u2705 <strong>Sa\u0146emta nepareiza prece:<\/strong><br \/>Ja pieg\u0101d\u0101t\u0101 lelle neatbilst j\u016bsu pas\u016bt\u012bjumam, l\u016bdzu, iesniedziet <strong>skaidrs atkast\u012b\u0161anas video<\/strong> att\u0113lot:\r\n<ul class=\"wp-block-list\">\r\n<li>Lelle<\/li>\r\n\r\n\r\n\r\n<li>Galva<\/li>\r\n\r\n\r\n\r\n<li>Pieg\u0101des eti\u0137ete<\/li>\r\n\r\n\r\n\r\n<li>\u0100r\u0113jais iepakojums<br \/>P\u0113c p\u0101rbaudes tiks nodro\u0161in\u0101ta nomai\u0146a.<\/li>\r\n<\/ul>\r\n<\/li>\r\n\r\n\r\n\r\n<li>\u2705 <strong>Pazaud\u0113ta s\u016bt\u012bjums:<\/strong><br \/>Ja transport\u0113\u0161anas laik\u0101 prece tiek pazaud\u0113ta, l\u016bdzu, iesniedziet pras\u012bbu p\u0101rvad\u0101t\u0101jam un nekav\u0113joties inform\u0113jiet m\u016bs.<br \/>Liel\u0101kajai da\u013cai paku ir nepiecie\u0161ams\u00a0<strong>pieaugu\u0161\u0101 paraksts p\u0113c pieg\u0101des<\/strong>; ieteicama r\u016bp\u012bga izseko\u0161ana.<\/li>\r\n\r\n\r\n\r\n<li>\u2705 <strong>Ra\u017eo\u0161anas vai kvalit\u0101tes probl\u0113mas:<\/strong><br \/>Ja, pirmo reizi atverot iepakojumu, tiek konstat\u0113ti defekti, l\u016bdzu, s\u0101ciet atgrie\u0161anas procesu. <strong>12 stundu laik\u0101 p\u0113c pieg\u0101des<\/strong>.<br \/>Iesniedzot zi\u0146ojumu par produkta probl\u0113mu, ir nepiecie\u0161ami fotoatt\u0113li vai video pier\u0101d\u012bjumi par neatv\u0113rtu iepakojumu un izpako\u0161anas procesu.<\/li>\r\n<\/ul>\r\n\r\n\r\n<hr class=\"wp-block-separator has-alpha-channel-opacity\" \/>\r\n\r\n\r\n<h3 class=\"wp-block-heading\">Neatgrie\u017eamas un neatmaks\u0101jamas preces<\/h3>\r\n\r\n\r\n\r\n<ul class=\"wp-block-list\">\r\n<li>\u274c Atdzimus\u012b lelle ir bijusi <strong>izmantots vai apstr\u0101d\u0101ts \u0101rpus p\u0101rbaudes<\/strong>.<\/li>\r\n\r\n\r\n\r\n<li>\u274c Probl\u0113mas ir <strong>nav zi\u0146ots 12 stundu laik\u0101 p\u0113c sa\u0146em\u0161anas<\/strong>, kam pievienoti skaidri vizu\u0101li pier\u0101d\u012bjumi.<\/li>\r\n\r\n\r\n\r\n<li>\u274c Neapmierin\u0101t\u012bba p\u0113c lieto\u0161anas. Atdzimu\u0161as lelles tiek uzskat\u012btas par\u00a0<strong>person\u012bg\u0101s mantas<\/strong> un p\u0113c lieto\u0161anas to nevar p\u0101rdot t\u0101l\u0101k.<\/li>\r\n\r\n\r\n\r\n<li>\u274c Piepras\u012bjumi, kas veikti p\u0113c iepakojuma atv\u0113r\u0161anas, ja vien tie nav apstiprin\u0101ti p\u0101rbaud\u012btu kvalit\u0101tes defektu d\u0113\u013c.<\/li>\r\n\r\n\r\n\r\n<li>\u274c Pieg\u0101des k\u013c\u016bmes, kas radu\u0161\u0101s \u0161\u0101du iemeslu d\u0113\u013c: <strong>klienta sniegt\u0101s k\u013c\u016bdas<\/strong>, tostarp nepareizas vai nepiln\u012bgas pieg\u0101des adreses.<\/li>\r\n\r\n\r\n\r\n<li>\u274c Pieg\u0101des trauc\u0113jumi, ko izrais\u012bju\u0161i faktori, kas nav m\u016bsu kontrol\u0113, piem\u0113ram, muitas formalit\u0101\u0161u neveiksme vai dabas katastrofas.<\/li>\r\n<\/ul>\r\n\r\n\r\n\r\n<p><strong>L\u016bdzu, \u0146emiet v\u0113r\u0101:<\/strong><br \/>Visas Mk Reborns lelles ir <strong>roku darbs m\u0101kslas darbi<\/strong>. Nelielas \u012bpatn\u012bbas, piem\u0113ram, bl\u0101vas \u0161uvju l\u012bnijas vai nelielas kr\u0101su vari\u0101cijas, ir rakstur\u012bgas roku darba procesam un netiek uzskat\u012btas par defektiem.<br \/>Ja paman\u0101t nelielas neatbilst\u012bbas, aicin\u0101m sazin\u0101ties ar mums \u2014 m\u016bsu komanda vienm\u0113r ir gatava pal\u012bdz\u0113t.<\/p>\r\n\r\n\r\n<hr class=\"wp-block-separator has-alpha-channel-opacity\" \/>\r\n\r\n\r\n<h2 class=\"wp-block-heading\">Atbild\u012bba par atgrie\u0161anas pieg\u0101di<\/h2>\r\n\r\n\r\n\r\n<ul class=\"wp-block-list\">\r\n<li>Ja tiek uzs\u0101kta atgrie\u0161anas proced\u016bra par\u00a0<strong>ar klientu saist\u012bti iemesli<\/strong>, klientam j\u0101sedz atgrie\u0161anas pieg\u0101des izmaksas, kas at\u0161\u0137iras atkar\u012bb\u0101 no p\u0101rvad\u0101t\u0101ja.<\/li>\r\n\r\n\r\n\r\n<li>Ja atgrie\u0161an\u0101s ir saist\u012bta ar <strong>m\u016bsu atbild\u012bba<\/strong> (boj\u0101ta vai nepareiza prece), Mk Reborns segs visas ar to saist\u012bt\u0101s atgrie\u0161anas pieg\u0101des izmaksas.<\/li>\r\n<\/ul>\r\n\r\n\r\n<hr class=\"wp-block-separator has-alpha-channel-opacity\" \/>\r\n\r\n\r\n<h2 class=\"wp-block-heading\">Vai nepiecie\u0161ama papildu pal\u012bdz\u012bba?<\/h2>\r\n\r\n\r\n\r\n<p>Ja jums nepiecie\u0161ams papildu atbalsts vai preciz\u0113jumi, l\u016bdzu, sazinieties ar mums, izmantojot:<br \/>\ud83d\udce7 <strong><a href=\"mailto:support@mkreborns.com\">support@mkreborns.com<\/a><\/strong><\/p>\r\n\r\n\r\n\r\n<p>M\u016bsu klientu apkalpo\u0161anas komanda cen\u0161as atbild\u0113t uz visiem jaut\u0101jumiem <strong>24 stundu laik\u0101<\/strong>.<\/p>\r\n\r\n\r\n\r\n<p>&nbsp;<\/p>","protected":false},"excerpt":{"rendered":"<p>Mk Reborns m\u0113s velt\u0101m sevi augstas kvalit\u0101tes atdzim\u0161anas le\u013c\u013cu rad\u012b\u0161anai, katra no t\u0101m ir r\u016bp\u012bgi izstr\u0101d\u0101ta, lai b\u016btu at\u0161\u0137ir\u012bga, izteiksm\u012bga un izcila.<\/p>","protected":false},"author":1,"featured_media":0,"parent":0,"menu_order":0,"comment_status":"closed","ping_status":"closed","template":"","meta":{"footnotes":""},"class_list":["post-13","page","type-page","status-publish","hentry"],"_links":{"self":[{"href":"https:\/\/www.mkreborns.com\/lv\/wp-json\/wp\/v2\/pages\/13","targetHints":{"allow":["GET"]}}],"collection":[{"href":"https:\/\/www.mkreborns.com\/lv\/wp-json\/wp\/v2\/pages"}],"about":[{"href":"https:\/\/www.mkreborns.com\/lv\/wp-json\/wp\/v2\/types\/page"}],"author":[{"embeddable":true,"href":"https:\/\/www.mkreborns.com\/lv\/wp-json\/wp\/v2\/users\/1"}],"replies":[{"embeddable":true,"href":"https:\/\/www.mkreborns.com\/lv\/wp-json\/wp\/v2\/comments?post=13"}],"version-history":[{"count":0,"href":"https:\/\/www.mkreborns.com\/lv\/wp-json\/wp\/v2\/pages\/13\/revisions"}],"wp:attachment":[{"href":"https:\/\/www.mkreborns.com\/lv\/wp-json\/wp\/v2\/media?parent=13"}],"curies":[{"name":"wp","href":"https:\/\/api.w.org\/{rel}","templated":true}]}}