{"id":4614,"date":"2026-05-07T01:55:32","date_gmt":"2026-05-07T01:55:32","guid":{"rendered":"https:\/\/www.mkreborns.com\/?post_type=product&#038;p=4614"},"modified":"2026-05-07T03:27:22","modified_gmt":"2026-05-07T03:27:22","slug":"potato-7-inch-mini-reborn-dolls-smiling-baby-toy","status":"publish","type":"product","link":"https:\/\/www.mkreborns.com\/lt\/product\/potato-7-inch-mini-reborn-dolls-smiling-baby-toy\/","title":{"rendered":"Bulvi\u0173 7 coli\u0173 mini atgimusios l\u0117l\u0117s besi\u0161ypsantis k\u016bdikio \u017eaislas"},"content":{"rendered":"<h2>Bulvi\u0173 mini atgimusios l\u0117lyt\u0117s su mielomis besi\u0161ypsan\u010diomis detal\u0117mis<\/h2>\n<div>Bulv\u0117 yra viena jaudinan\u010di\u0173 mini atgimusi\u0173 l\u0117li\u0173, sukurt\u0173 kolekcionieriams, kurie dievina ma\u017ey\u010dius, realisti\u0161kus kompanionus. Linksma i\u0161rai\u0161ka, subtilus formavimas ir ry\u0161kiai m\u0117lynos akrilin\u0117s akys Bulv\u0117 spinduliuoja ramaus naujagimio, gulin\u010dio j\u016bs\u0173 rankose, \u017eavesiu. D\u0117l kompakti\u0161ko 7 coli\u0173 dyd\u017eio ji idealiai tinka eksponuoti lentynose, kaip kelioni\u0173 draug\u0117, fotografijos rekvizitas ir smalsi\u0173 dovan\u0173 akimirkoms.<\/div>\n<h3>Ma\u017ea besi\u0161ypsanti atgimusi l\u0117l\u0117, pilna asmenyb\u0117s<\/h3>\n<div>Skirtingai nuo \u012fprast\u0173 \u017eaislini\u0173 fig\u016br\u0117li\u0173, Bulv\u0117 pagaminta i\u0161 mink\u0161to vinilo, tod\u0117l l\u0117l\u0117ms b\u016bdinga elastinga ir \u0161velni tekst\u016bra. Jos judan\u010dios gal\u016bn\u0117s ir lanksti galva leid\u017eia nat\u016braliai pozuoti, o besi\u0161ypsanti atgimusios l\u0117l\u0117s i\u0161vaizda sukuria jauki\u0105 atmosfer\u0105 bet kuriame vaik\u0173 kambaryje ar atgimusi\u0173 l\u0117li\u0173 kolekcijoje. Kolekcionieriai, ie\u0161kantys mini atgimusi\u0173 l\u0117li\u0173 pardavimui, da\u017enai ie\u0161ko i\u0161skirtini\u0173 veido form\u0173 ir realisti\u0161k\u0173 proporcij\u0173, o Bulv\u0117 pasi\u017eymi abiem \u0161iomis savyb\u0117mis \u2013 kompakti\u0161ka forma ir \u012fsimintinu charakteriu.<\/div>\n<h2>Produkto specifikacijos<\/h2>\n<ul>\n<li>L\u0117l\u0117s vardas: Bulv\u0117<\/li>\n<li>Dydis: 7 coliai \/ 17 cm<\/li>\n<li>Med\u017eiaga: mink\u0161tas vinilas<\/li>\n<li>Lytis: Unisex<\/li>\n<li>Akys: M\u0117lynos akrilin\u0117s akys<\/li>\n<li>Jud\u0117jimas: Judinama galva ir gal\u016bn\u0117s<\/li>\n<li>Tinka vandeniui: tinka \u017eaisti vonioje<\/li>\n<li>Didel\u012f susir\u016bpinim\u0105 kelianti chemin\u0117 med\u017eiaga: n\u0117ra<\/li>\n<\/ul>\n<div>Bulv\u0117 viename ma\u017eame k\u016brinyje sujungia realizm\u0105, \u0161velnum\u0105 ir kolekcin\u012f men\u0105, tod\u0117l ji yra puikus pasirinkimas visiems, ie\u0161kantiems mini atgimusi\u0173 l\u0117li\u0173.<\/div>\n<p><img decoding=\"async\" src=\"https:\/\/www.mkreborns.com\/wp-content\/uploads\/2026\/05\/kf-Se154f858f6a849349cdcd76bbf1872d0W.webp\" alt=\"\" title=\"\"><img decoding=\"async\" src=\"https:\/\/www.mkreborns.com\/wp-content\/uploads\/2026\/05\/kf-S410aa67aa548435698fbd27a3fb64c19p.webp\" alt=\"\" title=\"\"><img decoding=\"async\" src=\"https:\/\/www.mkreborns.com\/wp-content\/uploads\/2026\/05\/kf-S4125dbf4d532429b9571597763eb7d3eI-1.webp\" alt=\"\" title=\"\"><img decoding=\"async\" src=\"https:\/\/www.mkreborns.com\/wp-content\/uploads\/2026\/05\/kf-Sf180e3a8185c4ab5a05c6659d3876e49U-1.webp\" alt=\"\" title=\"\"><img decoding=\"async\" src=\"https:\/\/www.mkreborns.com\/wp-content\/uploads\/2026\/05\/kf-S23d6d7b83f794931857b73f6bd85a9a9c-1.webp\" alt=\"\" title=\"\"><img decoding=\"async\" src=\"https:\/\/www.mkreborns.com\/wp-content\/uploads\/2026\/05\/kf-S9684c1e9c66040cfa84f6ae70eb82a03a-1.webp\" alt=\"\" title=\"\"><img decoding=\"async\" src=\"https:\/\/www.mkreborns.com\/wp-content\/uploads\/2026\/05\/kf-S2371c35111914378822505f3c2dd234bx-1.webp\" alt=\"\" title=\"\"><img decoding=\"async\" src=\"https:\/\/www.mkreborns.com\/wp-content\/uploads\/2026\/05\/kf-S213e1f76af814b5398bc23eda5fded5et.webp\" alt=\"\" title=\"\"><img decoding=\"async\" src=\"https:\/\/www.mkreborns.com\/wp-content\/uploads\/2026\/05\/kf-Sc2a2e60655264e8abb4ad94432039d95L.webp\" alt=\"\" title=\"\"><img decoding=\"async\" src=\"https:\/\/www.mkreborns.com\/wp-content\/uploads\/2026\/05\/kf-S6b0ee659018143f6ba8f9ba3cf98f50fd.webp\" alt=\"\" title=\"\"><\/p>","protected":false},"excerpt":{"rendered":"<div>Bulv\u0117 \u2013 ma\u017ea besi\u0161ypsanti kompanion\u0117 su ry\u0161kiai m\u0117lynomis akimis ir mink\u0161tu vinilo k\u016bneliu, kuris puikiai telpa delne. \u0160is \u017eavus ma\u017eylis \u012f kiekvien\u0105 kolekcij\u0105 \u012fne\u0161a \u0161ilumos, jaukumo ir tikrovi\u0161k\u0173 detali\u0173.<\/div>","protected":false},"featured_media":4615,"comment_status":"open","ping_status":"closed","template":"","meta":[],"product_brand":[],"product_cat":[250,145,144,155,152],"product_tag":[],"class_list":{"0":"post-4614","1":"product","2":"type-product","3":"status-publish","4":"has-post-thumbnail","6":"product_cat-7-inch-reborn-dolls","7":"product_cat-baby-boy-reborn-dolls","8":"product_cat-baby-girl-reborn-dolls","9":"product_cat-cute-reborn-dolls","10":"product_cat-vinyl-reborn-dolls","12":"first","13":"instock","14":"sale","15":"shipping-taxable","16":"purchasable","17":"product-type-simple"},"_links":{"self":[{"href":"https:\/\/www.mkreborns.com\/lt\/wp-json\/wp\/v2\/product\/4614","targetHints":{"allow":["GET"]}}],"collection":[{"href":"https:\/\/www.mkreborns.com\/lt\/wp-json\/wp\/v2\/product"}],"about":[{"href":"https:\/\/www.mkreborns.com\/lt\/wp-json\/wp\/v2\/types\/product"}],"replies":[{"embeddable":true,"href":"https:\/\/www.mkreborns.com\/lt\/wp-json\/wp\/v2\/comments?post=4614"}],"wp:featuredmedia":[{"embeddable":true,"href":"https:\/\/www.mkreborns.com\/lt\/wp-json\/wp\/v2\/media\/4615"}],"wp:attachment":[{"href":"https:\/\/www.mkreborns.com\/lt\/wp-json\/wp\/v2\/media?parent=4614"}],"wp:term":[{"taxonomy":"product_brand","embeddable":true,"href":"https:\/\/www.mkreborns.com\/lt\/wp-json\/wp\/v2\/product_brand?post=4614"},{"taxonomy":"product_cat","embeddable":true,"href":"https:\/\/www.mkreborns.com\/lt\/wp-json\/wp\/v2\/product_cat?post=4614"},{"taxonomy":"product_tag","embeddable":true,"href":"https:\/\/www.mkreborns.com\/lt\/wp-json\/wp\/v2\/product_tag?post=4614"}],"curies":[{"name":"wp","href":"https:\/\/api.w.org\/{rel}","templated":true}]}}