{"id":4602,"date":"2026-05-07T01:53:54","date_gmt":"2026-05-07T01:53:54","guid":{"rendered":"https:\/\/www.mkreborns.com\/?post_type=product&#038;p=4602"},"modified":"2026-05-13T14:41:14","modified_gmt":"2026-05-13T14:41:14","slug":"12-inch-full-silicone-children-gifts-reborn-baby-doll","status":"publish","type":"product","link":"https:\/\/www.mkreborns.com\/lt\/product\/12-inch-full-silicone-children-gifts-reborn-baby-doll\/","title":{"rendered":"12 coli\u0173 pilnos silikonin\u0117s vaik\u0173 dovanos atgimstan\u010diai k\u016bdikio l\u0117lei"},"content":{"rendered":"<div class=\"product-specs-list-container\"><\/div>\n<div class=\"detailmodule_text\">\n<p class=\"detail-desc-decorate-content\" style=\"font-family: OpenSans; font-size: 14px; font-weight: 300; line-height: 20px; white-space: pre-wrap; margin-bottom: 12px;\"><span style=\"color: #000000;\">Auk\u0161tis: 12 coli\u0173<\/span><br \/>\n<span style=\"color: #000000;\">Svoris: 1,1 kg<\/span><br \/>\n<span style=\"color: #000000;\">Lytis: Berniukas<\/span><br \/>\n<span style=\"color: #000000;\">Med\u017eiaga: Silikonas<\/span><br \/>\n<span style=\"color: #000000;\">\u0160i atgimusi l\u0117l\u0117 pristatoma be drabu\u017ei\u0173; drabu\u017eiai \u012f komplekt\u0105 ne\u012feina. Jei jums reikia aprangos, per\u017ei\u016br\u0117kite m\u016bs\u0173 \u201eAtgimusios l\u0117l\u0117s\u201c aksesuar\u0173 skyri\u0173 ir i\u0161sirinkite jums tinkamiausius drabu\u017eius.<\/span><br \/>\n<span style=\"color: #000000;\">Atgimusi l\u0117l\u0117 pasi\u017eymi lanks\u010diomis gal\u016bn\u0117mis, kurios leid\u017eia jai lengvai atsis\u0117sti, atsigulti ar u\u017eimti \u012fvairias miego pozas. Joje n\u0117ra joki\u0173 papildom\u0173 elektronini\u0173 komponent\u0173, tod\u0117l \u017eymiai suma\u017e\u0117ja prie\u017ei\u016bros poreikis. Atgimusias l\u0117les galima padovanoti brangiausiems \u017emon\u0117ms kaip gimtadienio dovanas, Kal\u0117d\u0173 dovanas, kaip \u017eaislus vaikams ar l\u0117li\u0173 kolekcijos papildym\u0105.<\/span><\/p>\n<p>&nbsp;<\/p>\n<\/div>\n<div class=\"detailmodule_image\"><img decoding=\"async\" class=\"detail-desc-decorate-image\" src=\"https:\/\/www.mkreborns.com\/wp-content\/uploads\/2026\/05\/kf-Sa2b8d47ad684458b990351e19f5d1a2bs-1.webp\" alt=\"\" title=\"\"><img decoding=\"async\" class=\"detail-desc-decorate-image\" src=\"https:\/\/www.mkreborns.com\/wp-content\/uploads\/2026\/05\/kf-S39ce9a8a554f438a96fcf130a132d83aa-1.webp\" alt=\"\" title=\"\"><img decoding=\"async\" class=\"detail-desc-decorate-image\" src=\"https:\/\/www.mkreborns.com\/wp-content\/uploads\/2026\/05\/kf-S3d4515f2deb64d17aeee4f89277607772-1.webp\" alt=\"Atgimusi silikonin\u0117 l\u0117l\u0117 su lanks\u010diomis gal\u016bn\u0117mis, puikiai tinka vaikams ir kolekcininkams. Mink\u0161ta, tikrovi\u0161ka.\" title=\"\"> <img decoding=\"async\" class=\"detail-desc-decorate-image\" src=\"https:\/\/www.mkreborns.com\/wp-content\/uploads\/2026\/05\/kf-S83d31e6e6fb847929a053f66ca75cd2dp-1.webp\" alt=\"Realisti\u0161ka atgimusi k\u016bdikio l\u0117l\u0117, 12,2 colio, pagaminta i\u0161 silikono, tinka vaikams ir dovanoms, su detal\u0117mis.\" title=\"\"> <img decoding=\"async\" class=\"detail-desc-decorate-image\" src=\"https:\/\/www.mkreborns.com\/wp-content\/uploads\/2026\/05\/kf-S1d7c4a92f2da488182c621f78f77ba35K-1.webp\" alt=\"\" title=\"\"><\/div>","protected":false},"excerpt":{"rendered":"<p>\u0160i naujagim\u0117 atgimusi l\u0117l\u0117 yra ideali dovana vaikams, draugams ar \u0161eimos nariams, nes ji tampa nuostabiu kompanionu. Atgimusios l\u0117l\u0117s gal\u016bn\u0117s yra lankstomos, tod\u0117l j\u0105 galima i\u0161d\u0117styti \u012fvairiose miegojimo pozose \u2013 tai suteikia jai papildomo tikrovi\u0161kumo ir draugyst\u0117s \u012fsp\u016bd\u017eio.<\/p>","protected":false},"featured_media":4603,"comment_status":"open","ping_status":"closed","template":"","meta":[],"product_brand":[],"product_cat":[240,145,155,154,153],"product_tag":[],"class_list":{"0":"post-4602","1":"product","2":"type-product","3":"status-publish","4":"has-post-thumbnail","6":"product_cat-12-inch-reborn-dolls","7":"product_cat-baby-boy-reborn-dolls","8":"product_cat-cute-reborn-dolls","9":"product_cat-lifelike-reborn-dolls","10":"product_cat-newborn-reborn-dolls","12":"first","13":"instock","14":"sale","15":"shipping-taxable","16":"purchasable","17":"product-type-simple"},"_links":{"self":[{"href":"https:\/\/www.mkreborns.com\/lt\/wp-json\/wp\/v2\/product\/4602","targetHints":{"allow":["GET"]}}],"collection":[{"href":"https:\/\/www.mkreborns.com\/lt\/wp-json\/wp\/v2\/product"}],"about":[{"href":"https:\/\/www.mkreborns.com\/lt\/wp-json\/wp\/v2\/types\/product"}],"replies":[{"embeddable":true,"href":"https:\/\/www.mkreborns.com\/lt\/wp-json\/wp\/v2\/comments?post=4602"}],"wp:featuredmedia":[{"embeddable":true,"href":"https:\/\/www.mkreborns.com\/lt\/wp-json\/wp\/v2\/media\/4603"}],"wp:attachment":[{"href":"https:\/\/www.mkreborns.com\/lt\/wp-json\/wp\/v2\/media?parent=4602"}],"wp:term":[{"taxonomy":"product_brand","embeddable":true,"href":"https:\/\/www.mkreborns.com\/lt\/wp-json\/wp\/v2\/product_brand?post=4602"},{"taxonomy":"product_cat","embeddable":true,"href":"https:\/\/www.mkreborns.com\/lt\/wp-json\/wp\/v2\/product_cat?post=4602"},{"taxonomy":"product_tag","embeddable":true,"href":"https:\/\/www.mkreborns.com\/lt\/wp-json\/wp\/v2\/product_tag?post=4602"}],"curies":[{"name":"wp","href":"https:\/\/api.w.org\/{rel}","templated":true}]}}