{"id":4594,"date":"2026-05-07T01:52:24","date_gmt":"2026-05-07T01:52:24","guid":{"rendered":"https:\/\/www.mkreborns.com\/?post_type=product&#038;p=4594"},"modified":"2026-05-13T15:23:59","modified_gmt":"2026-05-13T15:23:59","slug":"19-inches-solid-silicone-cute-reborn-doll","status":"publish","type":"product","link":"https:\/\/www.mkreborns.com\/lt\/product\/19-inches-solid-silicone-cute-reborn-doll\/","title":{"rendered":"19 coli\u0173 kieta silikonin\u0117 miela atgimusi l\u0117l\u0117"},"content":{"rendered":"<div class=\"product-specs-list-container\"><\/div>\n<div class=\"detailmodule_text\">\n<p>Auk\u0161tis: 18,9 colio<br \/>\nLytis: Berniukas<br \/>\nSvoris: 3,1 kg<br \/>\nMed\u017eiaga: Silikonas<br \/>\n\u012esigijus \u0161i\u0105 atgimusi\u0105 l\u0117l\u0119, kaip nemokama dovana bus prid\u0117tas atsitiktinai parinktas apranga.<\/p>\n<p>\u0160i atgimusi l\u0117l\u0117 pagaminta i\u0161 silikonin\u0117s med\u017eiagos ir gali b\u016bti plaunama \u0161iltu vandeniu; ta\u010diau po plovimo j\u0105 reikia i\u0161 karto kruop\u0161\u010diai i\u0161d\u017eiovinti. Kadangi ji pagaminta i\u0161 tvirto silikono, jos lyt\u0117jimo poj\u016btis labai pana\u0161us \u012f tikro k\u016bdikio odos. B\u016bdama 48 cm \u016bgio, \u0161i atgimusi l\u0117l\u0117 labai artima tikro naujagimio fiziniams matmenims, tod\u0117l puikiai tinka glamon\u0117ti ar demonstruoti. \u0160i miela atgimusi l\u0117l\u0117 yra vidutinio svorio, tod\u0117l j\u0105 lengva ne\u0161ioti, i\u0161laikant autenti\u0161k\u0105, tikrovi\u0161k\u0105 k\u016bdikio svor\u012f.<br \/>\nLaikant rekomenduojama atgimusi\u0105 l\u0117l\u0119 paguldyti horizontaliai arba pastatyti vertikaliai, kad ji nedeformuot\u0173si d\u0117l sunki\u0173 daikt\u0173 ar ilgalaikio suspaudimo. Kad atgimusi l\u0117l\u0117 tarnaut\u0173 ilgai, laikykite j\u0105 atokiau nuo tiesiogini\u0173 saul\u0117s spinduli\u0173 ir dulki\u0173, taip pat apsaugokite nuo a\u0161tri\u0173 daikt\u0173 ir namini\u0173 gyv\u016bn\u0117li\u0173, kad nepa\u017eeistum\u0117te silikonin\u0117s med\u017eiagos.<\/p>\n<p>&nbsp;<\/p>\n<\/div>\n<div class=\"detailmodule_image\"><img decoding=\"async\" class=\"detail-desc-decorate-image\" src=\"https:\/\/www.mkreborns.com\/wp-content\/uploads\/2026\/05\/kf-Sd449c2299cac4582b03493bccbd5ba86G.webp\" alt=\"Labai detali 18,9 colio silikonin\u0117 atgimimo l\u0117l\u0117, mink\u0161ta, skalbiama, puikiai tinka kolekcijai ar dovanai.\" title=\"\"><\/div>","protected":false},"excerpt":{"rendered":"<p>Atgimusios l\u0117l\u0117s imituoja tikro k\u016bdikio odos mink\u0161tum\u0105 ir elastingum\u0105, suteikdamos \u0161ilt\u0105, \u0161veln\u0173 ir malon\u0173 odai prisilietim\u0105. Pagamintos i\u0161 tvirto silikono, \u0161ios atgimusios l\u0117l\u0117s pasi\u017eymi i\u0161skirtiniu atsparumu oksidacijai, tod\u0117l net ir po ilgo naudojimo jos lengvai nepagelsta ir nesutr\u016bkin\u0117ja.<\/p>","protected":false},"featured_media":4595,"comment_status":"open","ping_status":"closed","template":"","meta":[],"product_brand":[],"product_cat":[241,145,243,155,146,154,153,157],"product_tag":[],"class_list":{"0":"post-4594","1":"product","2":"type-product","3":"status-publish","4":"has-post-thumbnail","6":"product_cat-19-inch-reborn-dolls","7":"product_cat-baby-boy-reborn-dolls","8":"product_cat-black-reborn-dolls","9":"product_cat-cute-reborn-dolls","10":"product_cat-full-silicone-reborn-dolls","11":"product_cat-lifelike-reborn-dolls","12":"product_cat-newborn-reborn-dolls","13":"product_cat-real-life-baby-dolls","15":"first","16":"instock","17":"sale","18":"shipping-taxable","19":"purchasable","20":"product-type-simple"},"_links":{"self":[{"href":"https:\/\/www.mkreborns.com\/lt\/wp-json\/wp\/v2\/product\/4594","targetHints":{"allow":["GET"]}}],"collection":[{"href":"https:\/\/www.mkreborns.com\/lt\/wp-json\/wp\/v2\/product"}],"about":[{"href":"https:\/\/www.mkreborns.com\/lt\/wp-json\/wp\/v2\/types\/product"}],"replies":[{"embeddable":true,"href":"https:\/\/www.mkreborns.com\/lt\/wp-json\/wp\/v2\/comments?post=4594"}],"wp:featuredmedia":[{"embeddable":true,"href":"https:\/\/www.mkreborns.com\/lt\/wp-json\/wp\/v2\/media\/4595"}],"wp:attachment":[{"href":"https:\/\/www.mkreborns.com\/lt\/wp-json\/wp\/v2\/media?parent=4594"}],"wp:term":[{"taxonomy":"product_brand","embeddable":true,"href":"https:\/\/www.mkreborns.com\/lt\/wp-json\/wp\/v2\/product_brand?post=4594"},{"taxonomy":"product_cat","embeddable":true,"href":"https:\/\/www.mkreborns.com\/lt\/wp-json\/wp\/v2\/product_cat?post=4594"},{"taxonomy":"product_tag","embeddable":true,"href":"https:\/\/www.mkreborns.com\/lt\/wp-json\/wp\/v2\/product_tag?post=4594"}],"curies":[{"name":"wp","href":"https:\/\/api.w.org\/{rel}","templated":true}]}}