{"id":4430,"date":"2026-04-12T14:16:20","date_gmt":"2026-04-12T14:16:20","guid":{"rendered":"https:\/\/www.mkreborns.com\/?post_type=product&#038;p=4430"},"modified":"2026-04-12T15:16:32","modified_gmt":"2026-04-12T15:16:32","slug":"13-inch-crying-silicone-reborn-doll","status":"publish","type":"product","link":"https:\/\/www.mkreborns.com\/lt\/product\/13-inch-crying-silicone-reborn-doll\/","title":{"rendered":"13 coli\u0173 verkianti silikonin\u0117 atgimusi l\u0117l\u0117"},"content":{"rendered":"<p>33 cm auk\u0161\u010dio verkian\u010dios atgimimo l\u0117l\u0117s gal\u016bn\u0117s, galva ir k\u016bnas pagaminti i\u0161 tvirto silikono, kuris yra mink\u0161tas, elastingas ir gali b\u016bti plaunamas 37 laipsni\u0173 \u0161ilto vandens temperat\u016broje. D\u0117l ypatingos silikono prigimties, \u017eaidimo metu jos negalima traukti ar tempti per stipriai, be to, j\u0105 reikia kruop\u0161\u010diai pri\u017ei\u016br\u0117ti, kad ji ilgiau tarnaut\u0173.<\/p>\n<p>Med\u017eiaga: Silikonas<br \/>\nLytis: Mergait\u0117<br \/>\nAuk\u0161tis: 13 coli\u0173<br \/>\nSvoris: 1,4 kg<br \/>\nPakuot\u0117s svoris: 1,8 kg<\/p>\n<p>\u012e komplekt\u0105 \u012feina: drabu\u017eiai ir butelis.<\/p>\n<p>Pra\u0161ome leisti 0,5\u20131 colio rankin\u012f paklaid\u0105, nes produktas buvo matuojamas rankiniu b\u016bdu.<\/p>\n<p><img decoding=\"async\" src=\"https:\/\/www.mkreborns.com\/wp-content\/uploads\/2026\/04\/O1CN01ON65FG1jfP7Pj2VhP_2220331144575-0-cib.jpg\" alt=\"\" title=\"\"><\/p>\n<p><img decoding=\"async\" src=\"https:\/\/www.mkreborns.com\/wp-content\/uploads\/2026\/04\/O1CN01Vmhokj1jfP7PuZuwV_2220331144575-0-cib.jpg\" alt=\"\" title=\"\"><\/p>\n<p><img decoding=\"async\" src=\"https:\/\/www.mkreborns.com\/wp-content\/uploads\/2026\/04\/O1CN01qKbtvK1jfP7PZjkwL_2220331144575-0-cib.jpg\" alt=\"\" title=\"\"><\/p>\n<p><img decoding=\"async\" src=\"https:\/\/www.mkreborns.com\/wp-content\/uploads\/2026\/04\/O1CN01UBS4M51jfP7QJPr5Y_2220331144575-0-cib.jpg\" alt=\"Atgimusi silikonin\u0117 verkianti l\u0117l\u0117, tikrovi\u0161ka k\u016bdikio l\u0117l\u0117 su buteliuku, puikiai tinka kolekcininkams ir vaikams.\" title=\"\"><\/p>\n<p><img decoding=\"async\" src=\"https:\/\/www.mkreborns.com\/wp-content\/uploads\/2026\/04\/O1CN01NWHI1G1jfP7OsCKVe_2220331144575-0-cib.jpg\" alt=\"Realisti\u0161ka 13 coli\u0173 verkianti silikonin\u0117 atgimusi l\u0117l\u0117 su buteliuku, mink\u0161tais drabu\u017eiais ir rausva kepure.\" title=\"\"><\/p>\n<p><img decoding=\"async\" src=\"https:\/\/www.mkreborns.com\/wp-content\/uploads\/2026\/04\/O1CN01WrErxo1jfP7QDMEjp_2220331144575-0-cib.jpg\" alt=\"Atgimusi verkianti silikonin\u0117 l\u0117l\u0117 laiko k\u016bdikio buteliuk\u0105, realisti\u0161k\u0173 bruo\u017e\u0173, puikiai tinka kolekcininkams ir kt.\" title=\"\"><\/p>\n<p>&nbsp;<\/p>","protected":false},"excerpt":{"rendered":"<p>Verkianti atgimusi l\u0117l\u0117 atrodo lygiai kaip naujagimis, verkiantis pieno, su mielais ir ry\u0161kiais bruo\u017eais.<\/p>","protected":false},"featured_media":4461,"comment_status":"open","ping_status":"closed","template":"","meta":[],"product_brand":[],"product_cat":[238,242,144,146,156,154,153],"product_tag":[],"class_list":{"0":"post-4430","1":"product","2":"type-product","3":"status-publish","4":"has-post-thumbnail","6":"product_cat-13-inch-reborn-dolls","7":"product_cat-african-american-reborn-dolls","8":"product_cat-baby-girl-reborn-dolls","9":"product_cat-full-silicone-reborn-dolls","10":"product_cat-life-sized-dolls","11":"product_cat-lifelike-reborn-dolls","12":"product_cat-newborn-reborn-dolls","14":"first","15":"instock","16":"sale","17":"shipping-taxable","18":"purchasable","19":"product-type-simple"},"_links":{"self":[{"href":"https:\/\/www.mkreborns.com\/lt\/wp-json\/wp\/v2\/product\/4430","targetHints":{"allow":["GET"]}}],"collection":[{"href":"https:\/\/www.mkreborns.com\/lt\/wp-json\/wp\/v2\/product"}],"about":[{"href":"https:\/\/www.mkreborns.com\/lt\/wp-json\/wp\/v2\/types\/product"}],"replies":[{"embeddable":true,"href":"https:\/\/www.mkreborns.com\/lt\/wp-json\/wp\/v2\/comments?post=4430"}],"wp:featuredmedia":[{"embeddable":true,"href":"https:\/\/www.mkreborns.com\/lt\/wp-json\/wp\/v2\/media\/4461"}],"wp:attachment":[{"href":"https:\/\/www.mkreborns.com\/lt\/wp-json\/wp\/v2\/media?parent=4430"}],"wp:term":[{"taxonomy":"product_brand","embeddable":true,"href":"https:\/\/www.mkreborns.com\/lt\/wp-json\/wp\/v2\/product_brand?post=4430"},{"taxonomy":"product_cat","embeddable":true,"href":"https:\/\/www.mkreborns.com\/lt\/wp-json\/wp\/v2\/product_cat?post=4430"},{"taxonomy":"product_tag","embeddable":true,"href":"https:\/\/www.mkreborns.com\/lt\/wp-json\/wp\/v2\/product_tag?post=4430"}],"curies":[{"name":"wp","href":"https:\/\/api.w.org\/{rel}","templated":true}]}}