{"id":4220,"date":"2026-03-25T02:36:20","date_gmt":"2026-03-25T02:36:20","guid":{"rendered":"https:\/\/www.mkreborns.com\/?post_type=product&#038;p=4220"},"modified":"2026-03-25T02:47:14","modified_gmt":"2026-03-25T02:47:14","slug":"ronal-avatar-silicone-newborn-baby-reborn-doll","status":"publish","type":"product","link":"https:\/\/www.mkreborns.com\/lt\/product\/ronal-avatar-silicone-newborn-baby-reborn-doll\/","title":{"rendered":"Silikonin\u0117 naujagimio l\u0117l\u0117 \u201eRonal Avatar\u201c su atgimimo simbolika"},"content":{"rendered":"<p><strong>Parametrai:<\/strong><\/p>\n<ul>\n<li>Didel\u012f susir\u016bpinim\u0105 kelianti chemin\u0117 med\u017eiaga: n\u0117ra<\/li>\n<li>Lytis: Unisex<\/li>\n<li>Matmenys: 12 coli\u0173, 30 cm<\/li>\n<li>Med\u017eiaga: silikonas<\/li>\n<li>Svoris: L\u0117l\u0117s grynasis svoris yra apie 1,15 kg<\/li>\n<\/ul>\n<h2>K\u016bdiki\u0173 atgimusios avataro l\u0117l\u0117s su mink\u0161tu silikoniniu realizmu<\/h2>\n<div>\u0160ios atgimusios k\u016bdikio l\u0117l\u0117s avataras yra kruop\u0161\u010diai sukurtas taip, kad atspind\u0117t\u0173 naujagimio proporcijas ir kartu suteikt\u0173 subtili\u0105 fantazijos estetik\u0105. Visas korpusas pagamintas i\u0161 tvirto silikono, tod\u0117l suteikia lyg\u0173 ir lankst\u0173 poj\u016bt\u012f, pranokstant\u012f tradicin\u012f vinil\u0105. Visoje visi\u0161kai silikonini\u0173 atgimusi\u0173 k\u016bdikio l\u0117li\u0173 avatar\u0173 parduotuv\u0117se \u0161is modelis i\u0161siskiria kompakti\u0161ku 12 coli\u0173 dyd\u017eiu ir subalansuota meistri\u0161kumu.<\/div>\n<h3>Patvari konstrukcija su rafinuotomis vizualin\u0117mis detal\u0117mis<\/h3>\n<div>Besi\u016blis silikoninis korpusas u\u017etikrina patvarum\u0105 ir tikrovi\u0161k\u0105 lyt\u0117jimo poj\u016bt\u012f. Skaidrios akrilin\u0117s akys ir vos 1,15 kg svoris u\u017etikrina nat\u016bral\u0173 laikym\u0105. Tai realisti\u0161ka atgimusi avataro l\u0117l\u0117 u\u017e ma\u017e\u0105 kain\u0105, pasi\u017eyminti patikima kokybe be dideli\u0173 i\u0161laid\u0173, tod\u0117l tinka tiek kolekcionieriams, tiek dovan\u0173 pirk\u0117jams.<\/div>\n<h3>Produkto savyb\u0117s ir privalumai<\/h3>\n<ol>\n<li>Pilnai silikoninis korpusas su mink\u0161ta, elastinga tekst\u016bra<\/li>\n<li>12 coli\u0173 dydis idealiai tinka rodyti ir valdyti<\/li>\n<li>Lengva konstrukcija, sverianti apie 1,15 kg<\/li>\n<li>Detalios akrilin\u0117s akys su skaidria apdaila<\/li>\n<li>Unisex dizainas universaliam patrauklumui<\/li>\n<\/ol>","protected":false},"excerpt":{"rendered":"<p>Mink\u0161tas, kompakti\u0161kas ir vizualiai \u012fsp\u016bdingas \u2013 \u0161is atgimusios l\u0117l\u0117s avataras sujungia subtilias naujagimio proporcijas su \u0161velnia silikonine tekst\u016bra, kad b\u016bt\u0173 sukurtas \u017eavus vaizdas.<\/p>","protected":false},"featured_media":4221,"comment_status":"open","ping_status":"closed","template":"","meta":[],"product_brand":[],"product_cat":[239,240,145,144,146,156,153],"product_tag":[],"class_list":{"0":"post-4220","1":"product","2":"type-product","3":"status-publish","4":"has-post-thumbnail","6":"product_cat-avatar-reborn-dolls","7":"product_cat-12-inch-reborn-dolls","8":"product_cat-baby-boy-reborn-dolls","9":"product_cat-baby-girl-reborn-dolls","10":"product_cat-full-silicone-reborn-dolls","11":"product_cat-life-sized-dolls","12":"product_cat-newborn-reborn-dolls","14":"first","15":"instock","16":"sale","17":"shipping-taxable","18":"purchasable","19":"product-type-simple"},"_links":{"self":[{"href":"https:\/\/www.mkreborns.com\/lt\/wp-json\/wp\/v2\/product\/4220","targetHints":{"allow":["GET"]}}],"collection":[{"href":"https:\/\/www.mkreborns.com\/lt\/wp-json\/wp\/v2\/product"}],"about":[{"href":"https:\/\/www.mkreborns.com\/lt\/wp-json\/wp\/v2\/types\/product"}],"replies":[{"embeddable":true,"href":"https:\/\/www.mkreborns.com\/lt\/wp-json\/wp\/v2\/comments?post=4220"}],"wp:featuredmedia":[{"embeddable":true,"href":"https:\/\/www.mkreborns.com\/lt\/wp-json\/wp\/v2\/media\/4221"}],"wp:attachment":[{"href":"https:\/\/www.mkreborns.com\/lt\/wp-json\/wp\/v2\/media?parent=4220"}],"wp:term":[{"taxonomy":"product_brand","embeddable":true,"href":"https:\/\/www.mkreborns.com\/lt\/wp-json\/wp\/v2\/product_brand?post=4220"},{"taxonomy":"product_cat","embeddable":true,"href":"https:\/\/www.mkreborns.com\/lt\/wp-json\/wp\/v2\/product_cat?post=4220"},{"taxonomy":"product_tag","embeddable":true,"href":"https:\/\/www.mkreborns.com\/lt\/wp-json\/wp\/v2\/product_tag?post=4220"}],"curies":[{"name":"wp","href":"https:\/\/api.w.org\/{rel}","templated":true}]}}