{"id":4202,"date":"2026-03-24T16:06:44","date_gmt":"2026-03-24T16:06:44","guid":{"rendered":"https:\/\/www.mkreborns.com\/?post_type=product&#038;p=4202"},"modified":"2026-03-25T00:45:53","modified_gmt":"2026-03-25T00:45:53","slug":"full-body-silicone-twins-mini-reborn-baby-girl-dolls","status":"publish","type":"product","link":"https:\/\/www.mkreborns.com\/lt\/product\/full-body-silicone-twins-mini-reborn-baby-girl-dolls\/","title":{"rendered":"Tracy ir Tasha viso k\u016bno silikonin\u0117s dvynuk\u0117s atgimusios l\u0117l\u0117s"},"content":{"rendered":"<h2>Tracy ir Tasha viso k\u016bno silikonin\u0117s dvyn\u0117s<\/h2>\n<div>Tracy ir Tasha \u2013 tai rafinuota viso k\u016bno silikonini\u0173 dvynuki\u0173 pora, tiksliai suformuota, kad atspind\u0117t\u0173 naujagimio \u0161velnum\u0105 ir simetrij\u0105. \u0160ios parduodamos viso k\u016bno silikonin\u0117s dvyn\u0117s \u017eavisi savo ma\u017eu 13 coli\u0173 dyd\u017eiu ir subalansuotomis proporcijomis, tod\u0117l jos yra puikus pasirinkimas kolekcininkams, ie\u0161kantiems dvyni\u0173 miel\u0173 atgimusi\u0173 k\u016bdiki\u0173 l\u0117li\u0173 su i\u0161skirtiniu identitetu.<\/div>\n<h3>Dvynuki\u0173 mergait\u0117s atgimimas su mini detal\u0117mis<\/h3>\n<div>Atgimusios dvyn\u0117s mergait\u0117s Tracy ir Tasha pasi\u017eymi mink\u0161tais silikoniniais k\u016bneliais ir subtiliomis veido i\u0161rai\u0161komis, kurios atspindi tikrus k\u016bdikius. \u0160ios atgimusios dvyn\u0117s l\u0117l\u0117s yra lengvos, pasi\u017eymi lanks\u010dia strukt\u016bra, kuri padidina realizm\u0105, ta\u010diau tuo pa\u010diu metu yra lengvai laikomos ir demonstruojamos.<\/div>\n<h3>Savyb\u0117s ir privalumai<\/h3>\n<ol>\n<li>Kompakti\u0161kas 13 coli\u0173 mini dydis su detaliu dizainu<\/li>\n<li>Viso korpuso silikonin\u0117 konstrukcija su mink\u0161ta lyt\u0117jimo apdaila<\/li>\n<li>Lengvas dizainas, kad pozavimas b\u016bt\u0173 patogus<\/li>\n<li>Pagaminta be daug pavoj\u0173 kelian\u010di\u0173 chemini\u0173 med\u017eiag\u0173<\/li>\n<\/ol>\n<div>Specifikacijos<\/div>\n<ul>\n<li>Med\u017eiaga: Silikonas<\/li>\n<li>Dydis: 13 coli\u0173<\/li>\n<li>Savyb\u0117s: Mini, mink\u0161tas<\/li>\n<li>Lytis: Merginos<\/li>\n<li>Didel\u012f susir\u016bpinim\u0105 kelianti chemin\u0117 med\u017eiaga: n\u0117ra<\/li>\n<\/ul>\n<div>Tracy ir Tasha harmoningai pristato dvynukus, tod\u0117l jos puikiai dera prie bet kurios viso k\u016bno silikonini\u0173 dvynuk\u0173 kolekcijos.<\/div>","protected":false},"excerpt":{"rendered":"<p>Tracy ir Tasha \u2013 \u0161velnus dvynuk\u0173 \u012fvaizdis, pasi\u017eymintis mink\u0161ta silikonine tekst\u016bra ir tikrovi\u0161komis naujagimio savyb\u0117mis, sukurtomis akimirksniu patraukti d\u0117mes\u012f.<\/p>","protected":false},"featured_media":4203,"comment_status":"open","ping_status":"closed","template":"","meta":[],"product_brand":[],"product_cat":[236,238,146,156,153],"product_tag":[],"class_list":{"0":"post-4202","1":"product","2":"type-product","3":"status-publish","4":"has-post-thumbnail","6":"product_cat-twin-reborn-dolls","7":"product_cat-13-inch-reborn-dolls","8":"product_cat-full-silicone-reborn-dolls","9":"product_cat-life-sized-dolls","10":"product_cat-newborn-reborn-dolls","12":"first","13":"instock","14":"sale","15":"shipping-taxable","16":"purchasable","17":"product-type-simple"},"_links":{"self":[{"href":"https:\/\/www.mkreborns.com\/lt\/wp-json\/wp\/v2\/product\/4202","targetHints":{"allow":["GET"]}}],"collection":[{"href":"https:\/\/www.mkreborns.com\/lt\/wp-json\/wp\/v2\/product"}],"about":[{"href":"https:\/\/www.mkreborns.com\/lt\/wp-json\/wp\/v2\/types\/product"}],"replies":[{"embeddable":true,"href":"https:\/\/www.mkreborns.com\/lt\/wp-json\/wp\/v2\/comments?post=4202"}],"wp:featuredmedia":[{"embeddable":true,"href":"https:\/\/www.mkreborns.com\/lt\/wp-json\/wp\/v2\/media\/4203"}],"wp:attachment":[{"href":"https:\/\/www.mkreborns.com\/lt\/wp-json\/wp\/v2\/media?parent=4202"}],"wp:term":[{"taxonomy":"product_brand","embeddable":true,"href":"https:\/\/www.mkreborns.com\/lt\/wp-json\/wp\/v2\/product_brand?post=4202"},{"taxonomy":"product_cat","embeddable":true,"href":"https:\/\/www.mkreborns.com\/lt\/wp-json\/wp\/v2\/product_cat?post=4202"},{"taxonomy":"product_tag","embeddable":true,"href":"https:\/\/www.mkreborns.com\/lt\/wp-json\/wp\/v2\/product_tag?post=4202"}],"curies":[{"name":"wp","href":"https:\/\/api.w.org\/{rel}","templated":true}]}}