{"id":4195,"date":"2026-03-24T08:06:41","date_gmt":"2026-03-24T08:06:41","guid":{"rendered":"https:\/\/www.mkreborns.com\/?post_type=product&#038;p=4195"},"modified":"2026-03-24T08:33:50","modified_gmt":"2026-03-24T08:33:50","slug":"realistic-bonnie-brown-20-inch-vinyl-boy-twin-reborn-doll","status":"publish","type":"product","link":"https:\/\/www.mkreborns.com\/lt\/product\/realistic-bonnie-brown-20-inch-vinyl-boy-twin-reborn-doll\/","title":{"rendered":"Realisti\u0161ka Bonnie Brown 20 coli\u0173 vinilo berniuki\u0161ka dvynuk\u0173 atgimimo l\u0117l\u0117"},"content":{"rendered":"<h2>Meistri\u0161kas Bonnie Brown dvyni\u0173 A menas<\/h2>\n<div>\u201eMk Reborns\u201c pristato i\u0161skirtin\u0119 legendin\u0117s Bonnie Brown dvyn\u0117s skulpt\u016bros versij\u0105, \u012fam\u017einan\u010di\u0105 eterin\u012f k\u016bdikyst\u0117s nekaltum\u0105. Kiekviena 20 coli\u0173 vinilo plok\u0161tel\u0117 pasi\u017eymi rankomis tapytomis odos d\u0117m\u0117mis ir \u0161velniomis gal\u016bn\u0117mis, kurios atkartoja tikros odos elastingum\u0105. Nors \u0161ios atgimusios dvyn\u0117s l\u0117l\u0117s yra \u012fperkamos, j\u0173 rafinuotas meistri\u0161kumas u\u017etikrina, kad jos u\u017eims presti\u017ein\u0119 viet\u0105 j\u016bs\u0173 kuruojamoje ekspozicijoje.<\/div>\n<h3>Autenti\u0161kos \u201eReborn Twins\u201c l\u0117li\u0173 savyb\u0117s<\/h3>\n<div>\u0160ios atgimusios dvynuk\u0117s l\u0117l\u0117s pristatomos su specialiai pritaikytais drabu\u017eiais ir \u0161velniu ap\u010diuopiamu dizainu. J\u0173 anatominis tikslumas ir rami veido i\u0161rai\u0161ka suteikia terapin\u012f atspalv\u012f tiems, kurie ie\u0161ko realisti\u0161kos prie\u017ei\u016bros simuliacijos.<\/div>\n<ul>\n<li>Pagaminta i\u0161 auk\u0161\u010diausios kokyb\u0117s netoksi\u0161ko vinilo, kad b\u016bt\u0173 u\u017etikrintas ilgalaikis konstrukcijos vientisumas.<\/li>\n<li>I\u0161matuotas 50 cm, kad s\u016bpuojant b\u016bt\u0173 u\u017etikrintas didelis, tikrovi\u0161kas svoris.<\/li>\n<li>Detaliai i\u0161rai\u017eyti mikro gyslomis ir permatomi nag\u0173 guoliai suteikia vizualin\u012f gyl\u012f.<\/li>\n<\/ul>\n<div>Savininkai brangina dvigub\u0105 draugij\u0105, kuri\u0105 si\u016blo \u0161ios mielos dvyn\u0117s atgimusios l\u0117l\u0117s, nes jos puikiai perteikia sinchronizuot\u0105 broli\u0173 ir seser\u0173 \u017eaves\u012f. Kiekvienas estetinis pasirinkimas sustiprina negin\u010dijam\u0105 auk\u0161tos kokyb\u0117s \u201eBonnie Brown\u201c berniuki\u0161kos atgimusios dvynuk\u0117s \u017eaves\u012f.<\/div>","protected":false},"excerpt":{"rendered":"<div>\u0160i\u0173 gle\u017en\u0173 vaik\u0173 kambario gyventoj\u0173 priglausimas bet kuriam kolekcininkui suteikia gil\u0173 ramyb\u0117s jausm\u0105. \u0160ie kruop\u0161\u010diai subalansuoti kompanionai atspindi subtilius naujagimi\u0173 anatomijos niuansus, skatindami tiesiogin\u012f emocin\u012f ry\u0161\u012f, per\u017eengiant\u012f paprast\u0105 hob\u012f.<\/div>","protected":false},"featured_media":4196,"comment_status":"open","ping_status":"closed","template":"","meta":[],"product_brand":[],"product_cat":[237,145,236,152],"product_tag":[],"class_list":{"0":"post-4195","1":"product","2":"type-product","3":"status-publish","4":"has-post-thumbnail","6":"product_cat-20-inch-reborn-dolls","7":"product_cat-baby-boy-reborn-dolls","8":"product_cat-twin-reborn-dolls","9":"product_cat-vinyl-reborn-dolls","11":"first","12":"instock","13":"sale","14":"shipping-taxable","15":"purchasable","16":"product-type-simple"},"_links":{"self":[{"href":"https:\/\/www.mkreborns.com\/lt\/wp-json\/wp\/v2\/product\/4195","targetHints":{"allow":["GET"]}}],"collection":[{"href":"https:\/\/www.mkreborns.com\/lt\/wp-json\/wp\/v2\/product"}],"about":[{"href":"https:\/\/www.mkreborns.com\/lt\/wp-json\/wp\/v2\/types\/product"}],"replies":[{"embeddable":true,"href":"https:\/\/www.mkreborns.com\/lt\/wp-json\/wp\/v2\/comments?post=4195"}],"wp:featuredmedia":[{"embeddable":true,"href":"https:\/\/www.mkreborns.com\/lt\/wp-json\/wp\/v2\/media\/4196"}],"wp:attachment":[{"href":"https:\/\/www.mkreborns.com\/lt\/wp-json\/wp\/v2\/media?parent=4195"}],"wp:term":[{"taxonomy":"product_brand","embeddable":true,"href":"https:\/\/www.mkreborns.com\/lt\/wp-json\/wp\/v2\/product_brand?post=4195"},{"taxonomy":"product_cat","embeddable":true,"href":"https:\/\/www.mkreborns.com\/lt\/wp-json\/wp\/v2\/product_cat?post=4195"},{"taxonomy":"product_tag","embeddable":true,"href":"https:\/\/www.mkreborns.com\/lt\/wp-json\/wp\/v2\/product_tag?post=4195"}],"curies":[{"name":"wp","href":"https:\/\/api.w.org\/{rel}","templated":true}]}}