{"id":4165,"date":"2026-03-22T14:35:28","date_gmt":"2026-03-22T14:35:28","guid":{"rendered":"https:\/\/www.mkreborns.com\/product\/18-inch-soft-vinyl-open-eye-reborn-baby-doll\/"},"modified":"2026-03-22T15:34:35","modified_gmt":"2026-03-22T15:34:35","slug":"18-inch-soft-vinyl-open-eye-reborn-baby-doll","status":"publish","type":"product","link":"https:\/\/www.mkreborns.com\/lt\/product\/18-inch-soft-vinyl-open-eye-reborn-baby-doll\/","title":{"rendered":"18 coli\u0173 mink\u0161to vinilo atmerktomis akimis atgimusi k\u016bdikio l\u0117l\u0117"},"content":{"rendered":"<p>\u0160i atgimusi l\u0117l\u0117 turi ai\u0161kiai matomas venas ir yra labai tikrovi\u0161ka. Ji gali s\u0117d\u0117ti arba gul\u0117ti, nekalba ir nemirksi, neturi sud\u0117ting\u0173 elektronini\u0173 dali\u0173, tod\u0117l j\u0105 lengva pri\u017ei\u016br\u0117ti ir ji puikiai tinka kolekcionuoti. Valydami l\u0117l\u0119, elkit\u0117s su ja atsargiai; venkite stipriai gramdyti antakius, kad i\u0161vengtum\u0117te spalvos i\u0161blukimo.<\/p>\n<p>&nbsp;<\/p>\n<p>Med\u017eiaga: Visas korpusas PVC<br \/>\nLytis: Pasirinkite tarp berniuko ar mergait\u0117s<br \/>\nAuk\u0161tis: 18 coli\u0173<br \/>\nSvoris: 1,1 kg<br \/>\nBlakstienos: Lipnios blakstienos<br \/>\nPakuot\u0117s svoris: 1,6 kg<br \/>\nPakuot\u0117s matmenys: 46 * 20 * 13 cm<br \/>\n\u012e komplekt\u0105 \u012feina: drabu\u017eiai, sauskeln\u0117s, magnetinis \u010diulptukas, buteliukas ir gimimo liudijimas.<\/p>\n<p>&nbsp;<\/p>\n<p><img decoding=\"async\" src=\"https:\/\/www.mkreborns.com\/wp-content\/uploads\/2026\/03\/O1CN01PhbSDV1lsnmHX7b7l_2831564875-0-cib.jpg\" alt=\"\" title=\"\"><\/p>\n<p><img decoding=\"async\" src=\"https:\/\/www.mkreborns.com\/wp-content\/uploads\/2026\/03\/O1CN01Fqa8AT1lsnmKDSTq1_2831564875-0-cib.jpg\" alt=\"\" title=\"\"><\/p>\n<p>Pra\u0161ome leisti 0,5\u20131 colio rankin\u012f paklaid\u0105, nes produktas buvo matuojamas rankiniu b\u016bdu.<\/p>","protected":false},"excerpt":{"rendered":"<p>Kaip atgimusios l\u0117l\u0117s glob\u0117ja, galite nupirkti skirting\u0173 stili\u0173 drabu\u017ei\u0173 l\u0117lei skirtingoms progoms.<\/p>","protected":false},"featured_media":4167,"comment_status":"open","ping_status":"closed","template":"","meta":[],"product_brand":[],"product_cat":[151,145,144,155,156,154,157,152],"product_tag":[],"class_list":{"0":"post-4165","1":"product","2":"type-product","3":"status-publish","4":"has-post-thumbnail","6":"product_cat-18-inch-reborn-dolls","7":"product_cat-baby-boy-reborn-dolls","8":"product_cat-baby-girl-reborn-dolls","9":"product_cat-cute-reborn-dolls","10":"product_cat-life-sized-dolls","11":"product_cat-lifelike-reborn-dolls","12":"product_cat-real-life-baby-dolls","13":"product_cat-vinyl-reborn-dolls","15":"first","16":"instock","17":"sale","18":"shipping-taxable","19":"purchasable","20":"product-type-variable","21":"has-default-attributes"},"_links":{"self":[{"href":"https:\/\/www.mkreborns.com\/lt\/wp-json\/wp\/v2\/product\/4165","targetHints":{"allow":["GET"]}}],"collection":[{"href":"https:\/\/www.mkreborns.com\/lt\/wp-json\/wp\/v2\/product"}],"about":[{"href":"https:\/\/www.mkreborns.com\/lt\/wp-json\/wp\/v2\/types\/product"}],"replies":[{"embeddable":true,"href":"https:\/\/www.mkreborns.com\/lt\/wp-json\/wp\/v2\/comments?post=4165"}],"wp:featuredmedia":[{"embeddable":true,"href":"https:\/\/www.mkreborns.com\/lt\/wp-json\/wp\/v2\/media\/4167"}],"wp:attachment":[{"href":"https:\/\/www.mkreborns.com\/lt\/wp-json\/wp\/v2\/media?parent=4165"}],"wp:term":[{"taxonomy":"product_brand","embeddable":true,"href":"https:\/\/www.mkreborns.com\/lt\/wp-json\/wp\/v2\/product_brand?post=4165"},{"taxonomy":"product_cat","embeddable":true,"href":"https:\/\/www.mkreborns.com\/lt\/wp-json\/wp\/v2\/product_cat?post=4165"},{"taxonomy":"product_tag","embeddable":true,"href":"https:\/\/www.mkreborns.com\/lt\/wp-json\/wp\/v2\/product_tag?post=4165"}],"curies":[{"name":"wp","href":"https:\/\/api.w.org\/{rel}","templated":true}]}}