{"id":4123,"date":"2026-03-19T03:34:52","date_gmt":"2026-03-19T03:34:52","guid":{"rendered":"https:\/\/www.mkreborns.com\/?post_type=product&#038;p=4123"},"modified":"2026-04-03T16:00:43","modified_gmt":"2026-04-03T16:00:43","slug":"magnetic-pacifiers-for-reborn-dolls-cute-dummy-set","status":"publish","type":"product","link":"https:\/\/www.mkreborns.com\/lt\/product\/magnetic-pacifiers-for-reborn-dolls-cute-dummy-set\/","title":{"rendered":"Magnetiniai \u010diulptukai Reborn l\u0117l\u0117ms, mieli \u010diulptukai"},"content":{"rendered":"<div class=\"product-specs-list-container\"><\/div>\n<div class=\"detailmodule_text\">\n<h2>Magnetiniai \u010diulptukai atgimusioms l\u0117l\u0117ms su tikrovi\u0161komis detal\u0117mis<\/h2>\n<div>Magnetiniai \u010diulptukai atgimusioms l\u0117l\u0117ms sukurti taip, kad atspind\u0117t\u0173 autenti&scaron;kus k\u016bdiki\u0173 aksesuarus, suteikdami rafinuot\u0105 estetik\u0105 kolekcininkams ir l\u0117li\u0173 menininkams. Pagaminti i&scaron; patvaraus ABS plastiko, kiekvienas \u010diulptukas i&scaron;laiko lengv\u0105 profil\u012f ir u\u017etikrina tvirt\u0105 magnetin\u012f laikym\u0105. &Scaron;ie magnetiniai \u010diulptukai atgimusioms l\u0117l\u0117ms skland\u017eiai integruojasi su atgimusi\u0173 l\u0117li\u0173 buteliukais ir lengvai dera su atgimusi\u0173 l\u0117li\u0173 buteliukais bei \u010diulptukais, sukurdami darn\u0173 vaizd\u0105, kuris padidina demonstravimo realizm\u0105.&lt;\/p&gt;<\/div>\n<h3>Tikslus pritaikymas ir subtilus meistri\u0161kumas<\/h3>\n<div>Sukurta 20\u201322 coli\u0173 l\u0117l\u0117ms, kompakti\u0161ka 4 \u00d7 2,8 cm konstrukcija u\u017etikrina proporcingumo tikslum\u0105. Manepe\u010dio speneli\u0173 detal\u0117s suteikia \u012ftikinam\u0105 vaizdin\u012f element\u0105, tod\u0117l kiekvienas aksesuaras atrodo kruop\u0161\u010diai parinktas, o ne masin\u0117s gamybos.<\/div>\n<div>Produkto privalumai ir savyb\u0117s<\/div>\n<ol>\n<li>Stabilus vidinis magnetas u\u017etikrina pastov\u0173 i\u0161d\u0117stym\u0105<\/li>\n<li>Lygus ABS pavir\u0161ius su \u0161velniais kont\u016brais<\/li>\n<li>Mastelio matmenys, kad b\u016bt\u0173 u\u017etikrintos tikrovi\u0161kos proporcijos<\/li>\n<li>Dera su atgimusi\u0173 l\u0117li\u0173 buteliukais ir rinkiniais<\/li>\n<li>Puikus, netikras speneli\u0173 dizainas autenti\u0161kam \u012fvaizd\u017eiui<\/li>\n<\/ol>\n<div>Kolekcionieriams, vertinantiems subtilias detales ir darn\u0173 stili\u0173, \u0161ie aksesuarai u\u017ebaigia bet koki\u0105 ekspozicij\u0105 su pusiausvyra ir rafinuotumu, tod\u0117l magnetiniai \u010diulptukai atgimusioms l\u0117l\u0117ms yra nepakei\u010diami.<\/div>\n<\/div>\n<div><\/div>\n<div>\n<div>Med\u017eiaga: ABS plastikas<br \/>\nMatmenys: apie 4 * 2,8 cm \/ 1,57 * 1,10 colio\u201d<br \/>\nLytis: Unisex<br \/>\n1 funkcija: L\u0117l\u0117s magnetinis \u010diulptukas<br \/>\n2 funkcija: netikros speneliai<br \/>\n3 funkcija: maitinimo buteliukas<br \/>\nNaudojimas: Magnetinis \u010diulptukas tinka imitacinei k\u016bdikio l\u0117lei.<br \/>\nKostiumas 20\u201322 coli\u0173 k\u016bdikio l\u0117lei<\/div>\n<div><\/div>\n<\/div>\n<div class=\"detailmodule_image\"><img decoding=\"async\" class=\"detail-desc-decorate-image\" src=\"https:\/\/www.mkreborns.com\/wp-content\/uploads\/2026\/03\/kf-S248844369ace4c1aa7ecadd1fb1d0d77o.webp\" alt=\"Mielas \u010diulptuk\u0173 rinkinys atgimusioms l\u0117l\u0117ms su spalvingais dizainais.\" title=\"\"> <img decoding=\"async\" class=\"detail-desc-decorate-image\" src=\"https:\/\/www.mkreborns.com\/wp-content\/uploads\/2026\/03\/kf-S6c63382f84a445439fd1199024f840611.webp\" alt=\"Mielas ro\u017einis \u0161irdel\u0117s formos \u010diulptukas atgimusioms l\u0117l\u0117ms, puikiai tinkantis tikrovi\u0161kiems l\u0117li\u0173 aksesuarams.\" title=\"\"> <img decoding=\"async\" class=\"detail-desc-decorate-image\" src=\"https:\/\/www.mkreborns.com\/wp-content\/uploads\/2026\/03\/kf-S488c94b7729a465194d2961210c54cf4W.webp\" alt=\"Ro\u017einis magnetinis \u010diulptuk\u0173 rinkinys atgimusioms l\u0117l\u0117ms, puikiai tinkantis tikrovi\u0161kiems l\u0117li\u0173 aksesuarams ir \u017eaidimams.\" title=\"\"> <img decoding=\"async\" class=\"detail-desc-decorate-image\" src=\"https:\/\/www.mkreborns.com\/wp-content\/uploads\/2026\/03\/kf-S6d9fe9cd873645dab6046f8da360a0a8b.webp\" alt=\"\u017davingas Reborn L\u0117l\u0117s \u010ciulptukas su leopardo ra\u0161tu ro\u017ein\u0117s ir \u017ealios spalvos.\" title=\"\"> <img decoding=\"async\" class=\"detail-desc-decorate-image\" src=\"https:\/\/www.mkreborns.com\/wp-content\/uploads\/2026\/03\/kf-S36de425f031d44459e8cd61cbd96964e7.webp\" alt=\"Atgim\u0119 l\u0117l\u0117s \u010diulptukai su magnetiniais segtukais, ro\u017ein\u0117s ir m\u0117lynos spalvos, puikiai tinkantys tikrovi\u0161kiems l\u0117l\u0117s aksesuarams.\" title=\"\"> <img decoding=\"async\" class=\"detail-desc-decorate-image\" src=\"https:\/\/www.mkreborns.com\/wp-content\/uploads\/2026\/03\/kf-S8f01849a5e554d6f9882dc6eb12f4d74Q.webp\" alt=\"Atgimusi l\u0117l\u0117-\u010diulptukas su u\u017era\u0161u &quot;Myliu savo t\u0117t\u012f&quot; ir rausva \u0161irdele.\" title=\"\"> <img decoding=\"async\" class=\"detail-desc-decorate-image\" src=\"https:\/\/www.mkreborns.com\/wp-content\/uploads\/2026\/03\/kf-S360412167aed492087b732d2883baf0dO.webp\" alt=\"\" title=\"\"><img decoding=\"async\" class=\"detail-desc-decorate-image\" src=\"https:\/\/www.mkreborns.com\/wp-content\/uploads\/2026\/03\/kf-Sf7b9cb29f2514cbaa1e852f7cbcb87d3y.webp\" alt=\"Mielas \u010diulptuk\u0173 rinkinys atgimusios l\u0117l\u0117s aksesuarams.\" title=\"\"> <img decoding=\"async\" class=\"detail-desc-decorate-image\" src=\"https:\/\/www.mkreborns.com\/wp-content\/uploads\/2026\/03\/kf-S764e1e37d2424828804a097b43bc71c2k.webp\" alt=\"Realisti\u0161ki magnetiniai \u010diulptukai atgimusioms l\u0117l\u0117ms, puikiai tinkantys norint papildyti savo kolekcij\u0105 mielu \u010diulptuk\u0173 rinkiniu.\" title=\"\"> <img decoding=\"async\" class=\"detail-desc-decorate-image\" src=\"https:\/\/www.mkreborns.com\/wp-content\/uploads\/2026\/03\/kf-Sf1b85ed7bf994100bf9924d9ab1847392.webp\" alt=\"\" title=\"\"><\/div>\n<div class=\"detailmodule_image\"><img decoding=\"async\" class=\"detail-desc-decorate-image\" src=\"https:\/\/www.mkreborns.com\/wp-content\/uploads\/2026\/03\/kf-S5a111b8135df4b96aa04929da0abd73b6.webp\" alt=\"Atgim\u0119s l\u0117l\u0117s \u010diulptukas su geltonos anties dizainu ir raudona rankena, puikiai tinkantis tikrovi\u0161kiems l\u0117l\u0117s aksesuarams.\" title=\"\"><\/div>","protected":false},"excerpt":{"rendered":"<p>Magnetiniai \u010diulptukai atgimusioms l\u0117l\u0117ms, tvirtai priglud\u0119 ir tikrovi\u0161ko dizaino. Puikus aksesuaras, derantis su atgimusi\u0173 k\u016bdiki\u0173 l\u0117li\u0173 buteliukais ir \u010diulptuk\u0173 rinkiniais.<\/p>","protected":false},"featured_media":4124,"comment_status":"open","ping_status":"closed","template":"","meta":[],"product_brand":[],"product_cat":[148,162],"product_tag":[],"class_list":{"0":"post-4123","1":"product","2":"type-product","3":"status-publish","4":"has-post-thumbnail","6":"product_cat-reborn-doll-accessories","7":"product_cat-reborn-pacifier","9":"first","10":"instock","11":"sale","12":"shipping-taxable","13":"purchasable","14":"product-type-variable"},"_links":{"self":[{"href":"https:\/\/www.mkreborns.com\/lt\/wp-json\/wp\/v2\/product\/4123","targetHints":{"allow":["GET"]}}],"collection":[{"href":"https:\/\/www.mkreborns.com\/lt\/wp-json\/wp\/v2\/product"}],"about":[{"href":"https:\/\/www.mkreborns.com\/lt\/wp-json\/wp\/v2\/types\/product"}],"replies":[{"embeddable":true,"href":"https:\/\/www.mkreborns.com\/lt\/wp-json\/wp\/v2\/comments?post=4123"}],"wp:featuredmedia":[{"embeddable":true,"href":"https:\/\/www.mkreborns.com\/lt\/wp-json\/wp\/v2\/media\/4124"}],"wp:attachment":[{"href":"https:\/\/www.mkreborns.com\/lt\/wp-json\/wp\/v2\/media?parent=4123"}],"wp:term":[{"taxonomy":"product_brand","embeddable":true,"href":"https:\/\/www.mkreborns.com\/lt\/wp-json\/wp\/v2\/product_brand?post=4123"},{"taxonomy":"product_cat","embeddable":true,"href":"https:\/\/www.mkreborns.com\/lt\/wp-json\/wp\/v2\/product_cat?post=4123"},{"taxonomy":"product_tag","embeddable":true,"href":"https:\/\/www.mkreborns.com\/lt\/wp-json\/wp\/v2\/product_tag?post=4123"}],"curies":[{"name":"wp","href":"https:\/\/api.w.org\/{rel}","templated":true}]}}