{"id":4094,"date":"2026-03-19T02:43:43","date_gmt":"2026-03-19T02:43:43","guid":{"rendered":"https:\/\/www.mkreborns.com\/?post_type=product&#038;p=4094"},"modified":"2026-03-19T15:52:52","modified_gmt":"2026-03-19T15:52:52","slug":"reborn-baby-doll-magnetic-pacifier-realistic-fit","status":"publish","type":"product","link":"https:\/\/www.mkreborns.com\/lt\/product\/reborn-baby-doll-magnetic-pacifier-realistic-fit\/","title":{"rendered":"Atgimusio k\u016bdikio l\u0117l\u0117s magnetinis \u010diulptukas realisti\u0161kas pritaikymas"},"content":{"rendered":"<h2>Atgimusio k\u016bdikio l\u0117l\u0117s magnetinis \u010diulptukas<\/h2>\n<div>Atgimusio k\u016bdikio l\u0117l\u0117s magnetinis \u010diulptukas sukurtas siekiant sukurti \u012ftikinam\u0105 ir nat\u016brali\u0105 s\u0105veik\u0105 tarp l\u0117l\u0117s ir jos pried\u0173. Sukurtas suderinamumui su naujagimio atgimusiomis l\u0117l\u0117mis, turin\u010diomis magnetin\u012f \u010diulptuk\u0105, \u0161is priedas skland\u017eiai prisitvirtina prie l\u0117li\u0173, turin\u010di\u0173 vidinius magnetus. Subalansuota jo strukt\u016bra u\u017etikrina tinkam\u0105 i\u0161lygiavim\u0105 be pasislinkim\u0173, i\u0161laikant gyvybing\u0105 ir realisti\u0161k\u0105 vaizd\u0105.<\/div>\n<h3>Saugus pritvirtinimas ir realisti\u0161kos detal\u0117s<\/h3>\n<div>\u0160is \u010diulptukas turi \u012fmontuot\u0105 magnetin\u0119 \u0161erd\u012f, kuri leid\u017eia lengvai \u012fd\u0117ti ir i\u0161imti \u010diulptuk\u0105, i\u0161laikant jo stabilum\u0105. Jis ypa\u010d tinka tikrovi\u0161koms atgimusioms l\u0117l\u0117ms, kurios gali naudoti tikrus \u010diulptukus, nes si\u016blo vizualiai tiksli\u0105 maitinimo ar raminimo poz\u0105. Lygus i\u0161orinis pavir\u0161ius u\u017etikrina saug\u0173 naudojim\u0105 ir rafinuot\u0105 apdail\u0105.<\/div>\n<h3>Pagrindin\u0117s savyb\u0117s ir privalumai<\/h3>\n<ul>\n<li>Stiprus vidinis magnetas stabiliai pad\u0117\u010diai<\/li>\n<li>Sukurta naujagimiui atgimstan\u010diai l\u0117lei su magnetiniu \u010diulptuku<\/li>\n<li>Suderinamas su tikrovi\u0161komis atgimusiomis l\u0117l\u0117mis, kurios gali naudoti tikrus \u010diulptukus<\/li>\n<li>Lengva konstrukcija nat\u016braliam i\u0161d\u0117stymui<\/li>\n<li>Patvari med\u017eiaga daugkartiniam naudojimui<\/li>\n<\/ul>\n<div>\u0160is aksesuaras padidina bendr\u0105 j\u016bs\u0173 kolekcijos realizm\u0105, tod\u0117l yra b\u016btinas papildymas kolekcionieriams, ie\u0161kantiems auk\u0161tos kokyb\u0117s magnetinio \u010diulptuko atgimstan\u010diai l\u0117lei.<\/div>\n<div>Magnetinis \u010diulptukas, b\u016btinas k\u016bdikiui atgimti! Su juo l\u0117l\u0117 (u\u017edaryta burna) gali \u010diulpti \u010diulptuk\u0105! Bet vis\u0173 pirma, tai tur\u0117t\u0173 b\u016bti magnetas l\u0117l\u0117s burnoje.<\/div>\n<div>Dydis: kaip parodyta nuotraukose<\/div>\n<div>\u012e pakuot\u0119 \u012feina: 1 vnt.<\/div>\n<div class=\"detailmodule_image\"><img decoding=\"async\" class=\"detail-desc-decorate-image\" src=\"https:\/\/www.mkreborns.com\/wp-content\/uploads\/2026\/03\/kf-S57fdc27edc6e45fd90840739bcbc10bdK.webp\" alt=\"\" title=\"\"><img decoding=\"async\" class=\"detail-desc-decorate-image\" src=\"https:\/\/www.mkreborns.com\/wp-content\/uploads\/2026\/03\/kf-Scd0b0263191840aca2c6d9d9092853bb8.webp\" alt=\"\" title=\"\"><img decoding=\"async\" class=\"detail-desc-decorate-image\" src=\"https:\/\/www.mkreborns.com\/wp-content\/uploads\/2026\/03\/kf-Sad85ad6e0e2e4333b9ffe757ec183004e.webp\" alt=\"\" title=\"\"><img decoding=\"async\" class=\"detail-desc-decorate-image\" src=\"https:\/\/www.mkreborns.com\/wp-content\/uploads\/2026\/03\/kf-Sca74611577a2480781484c8c07bd4ff2F.webp\" alt=\"\" title=\"\"><img decoding=\"async\" class=\"detail-desc-decorate-image\" src=\"https:\/\/www.mkreborns.com\/wp-content\/uploads\/2026\/03\/kf-Sa13d45d1c7c54ba29181db819686fb23X.webp\" alt=\"\" title=\"\"><img decoding=\"async\" class=\"detail-desc-decorate-image\" src=\"https:\/\/www.mkreborns.com\/wp-content\/uploads\/2026\/03\/kf-S5499cdc26d4a40e9903777a859be4f1eP.webp\" alt=\"\" title=\"\"><img decoding=\"async\" class=\"detail-desc-decorate-image\" src=\"https:\/\/www.mkreborns.com\/wp-content\/uploads\/2026\/03\/kf-S11408845c0cb4f4193474b5608f40c9fI.webp\" alt=\"\" title=\"\"><img decoding=\"async\" class=\"detail-desc-decorate-image\" src=\"https:\/\/www.mkreborns.com\/wp-content\/uploads\/2026\/03\/kf-S0113e3dd80594293b07c453364e8fb07i.webp\" alt=\"\" title=\"\"><\/div>","protected":false},"excerpt":{"rendered":"<p>Tiksliai pagamintas magnetinis \u010diulptukas, sukurtas sustiprinti realizm\u0105, u\u017etikrinant saug\u0173 ir nat\u016bral\u0173 prigludim\u0105 prie suderinam\u0173 atgimusi\u0173 l\u0117li\u0173.<\/p>","protected":false},"featured_media":4095,"comment_status":"open","ping_status":"closed","template":"","meta":[],"product_brand":[],"product_cat":[162,148],"product_tag":[],"class_list":{"0":"post-4094","1":"product","2":"type-product","3":"status-publish","4":"has-post-thumbnail","6":"product_cat-reborn-pacifier","7":"product_cat-reborn-doll-accessories","9":"first","10":"instock","11":"sale","12":"shipping-taxable","13":"purchasable","14":"product-type-variable"},"_links":{"self":[{"href":"https:\/\/www.mkreborns.com\/lt\/wp-json\/wp\/v2\/product\/4094","targetHints":{"allow":["GET"]}}],"collection":[{"href":"https:\/\/www.mkreborns.com\/lt\/wp-json\/wp\/v2\/product"}],"about":[{"href":"https:\/\/www.mkreborns.com\/lt\/wp-json\/wp\/v2\/types\/product"}],"replies":[{"embeddable":true,"href":"https:\/\/www.mkreborns.com\/lt\/wp-json\/wp\/v2\/comments?post=4094"}],"wp:featuredmedia":[{"embeddable":true,"href":"https:\/\/www.mkreborns.com\/lt\/wp-json\/wp\/v2\/media\/4095"}],"wp:attachment":[{"href":"https:\/\/www.mkreborns.com\/lt\/wp-json\/wp\/v2\/media?parent=4094"}],"wp:term":[{"taxonomy":"product_brand","embeddable":true,"href":"https:\/\/www.mkreborns.com\/lt\/wp-json\/wp\/v2\/product_brand?post=4094"},{"taxonomy":"product_cat","embeddable":true,"href":"https:\/\/www.mkreborns.com\/lt\/wp-json\/wp\/v2\/product_cat?post=4094"},{"taxonomy":"product_tag","embeddable":true,"href":"https:\/\/www.mkreborns.com\/lt\/wp-json\/wp\/v2\/product_tag?post=4094"}],"curies":[{"name":"wp","href":"https:\/\/api.w.org\/{rel}","templated":true}]}}