{"id":4043,"date":"2026-03-18T15:39:40","date_gmt":"2026-03-18T15:39:40","guid":{"rendered":"https:\/\/www.mkreborns.com\/?post_type=product&#038;p=4043"},"modified":"2026-04-03T16:02:07","modified_gmt":"2026-04-03T16:02:07","slug":"complete-reborn-doll-kit-starter-sets-accessories","status":"publish","type":"product","link":"https:\/\/www.mkreborns.com\/lt\/product\/complete-reborn-doll-kit-starter-sets-accessories\/","title":{"rendered":"Pilnas \u201eReborn\u201c l\u0117l\u0117s rinkinys pradedantiesiems ir aksesuarams"},"content":{"rendered":"<div class=\"product-specs-list-container\">\n<h2>Pilni \u201eReborn\u201c l\u0117li\u0173 rinkiniai pradedantiesiems<\/h2>\n<div>Pilni atgimusi\u0173 l\u0117li\u0173 rinkiniai pradedantiesiems suteikia prakti\u0161k\u0105 pagrind\u0105 kolekcionieriams, ie\u0161kantiems darnaus ir tikrovi\u0161ko rinkinio. \u0160iame kruop\u0161\u010diai atrinktame rinkinyje yra b\u016btini atgimusi\u0173 k\u016bdiki\u0173 l\u0117li\u0173 aksesuar\u0173 rinkiniai, tokie kaip maitinimo buteliukai, \u010diulptukai ir miniati\u016briniai prie\u017ei\u016bros reikmenys, visi pritaikyti 18 coli\u0173 l\u0117l\u0117ms. Kiekvienas komponentas i\u0161laiko vientis\u0105 estetik\u0105 ir yra lengvai naudojamas tiek eksponuojant, tiek naudojant.<\/div>\n<h3>Funkcinis dizainas ir darnus stilius<\/h3>\n<div>Sukurti suderinamumui, \u0161ie silikoniniai l\u0117li\u0173 aksesuarai atgimsta skland\u017eiai integruojasi su \u012fvairi\u0173 tip\u0173 l\u0117l\u0117mis, \u012fskaitant vinilo ir silikono formas. Med\u017eiagos yra lengvos, ta\u010diau patvarios, u\u017etikrinan\u010dios ilgalaik\u012f naudojim\u0105. \u0160is rinkinys, kaip parduodam\u0173 atgimusi\u0173 l\u0117li\u0173 aksesuar\u0173 dalis, suderina prieinam\u0105 kain\u0105 su detali\u0173 tikslumu, tod\u0117l tinka \u012fvairaus lygio kolekcionieriams.<\/div>\n<h3>Pagrindin\u0117s savyb\u0117s ir privalumai<\/h3>\n<ul>\n<li>\u012e vien\u0105 pakuot\u0119 \u012feina keli atgimusi\u0173 l\u0117li\u0173 aksesuar\u0173 rinkiniai<\/li>\n<li>Skirta 43 cm \/ 18 coli\u0173 atgimusioms l\u0117l\u0117ms<\/li>\n<li>Patvarus plastikas ir mink\u0161ti komponentai daugkartiniam naudojimui<\/li>\n<li>Ekonomi\u0161kas pasirinkimas tarp pigi\u0173 atgimusios l\u0117l\u0117s aksesuar\u0173<\/li>\n<li>Suderinamas su atgimstan\u010diais silikoniniais l\u0117li\u0173 aksesuarais<\/li>\n<\/ul>\n<div>\u0160is universalus rinkinys supaprastina surinkim\u0105 ir padidina realizm\u0105, tod\u0117l yra b\u016btinas priedas kolekcininkams, ie\u0161kantiems piln\u0173 atgimusi\u0173 l\u0117li\u0173 rinkini\u0173 pradedantiesiems.<\/div>\n<\/div>\n<p><img decoding=\"async\" src=\"https:\/\/ae01.alicdn.com\/kf\/S2ac0c07b28bc4ac8bbc8ec1493f5eca1O.jpg\" alt=\"\" title=\"\"><img decoding=\"async\" src=\"https:\/\/ae01.alicdn.com\/kf\/S6441869820c0453aba5911026275c27ep.jpg\" alt=\"\" title=\"\"><img decoding=\"async\" src=\"https:\/\/ae01.alicdn.com\/kf\/S5ab5abe146bb48fa9a94c8997f2c7ee4Q.jpg\" alt=\"\" title=\"\"><img decoding=\"async\" src=\"https:\/\/ae01.alicdn.com\/kf\/S3be2280f24a34965835a8ce1a38fd957R.jpg\" alt=\"\" title=\"\"><img decoding=\"async\" src=\"https:\/\/ae01.alicdn.com\/kf\/S6fe7d906696141b0ab07dde1e6e5908aw.jpg\" alt=\"\" title=\"\"><img decoding=\"async\" src=\"https:\/\/ae01.alicdn.com\/kf\/S3c5d9ee971ad4bd78e12de7dc8cd6ea2u.jpg\" alt=\"\" title=\"\"><img decoding=\"async\" src=\"https:\/\/ae01.alicdn.com\/kf\/Sebfcb2540dcf40888a721f47209f1862r.jpg\" alt=\"\" title=\"\"><img decoding=\"async\" src=\"https:\/\/ae01.alicdn.com\/kf\/S11f70586ef5d40829a72c2d3c3839908x.jpg\" alt=\"\" title=\"\"><img decoding=\"async\" src=\"https:\/\/ae01.alicdn.com\/kf\/Sa441d5ba97b64c05b54233527ce711d4p.jpg\" alt=\"\" title=\"\"><img decoding=\"async\" src=\"https:\/\/ae01.alicdn.com\/kf\/S33ea08f4b52549eaba6ec4b300eb133en.jpg\" alt=\"\" title=\"\"><img decoding=\"async\" src=\"https:\/\/ae01.alicdn.com\/kf\/Sfe1a1140e2f84221af639b7f50630a7e8.jpg\" alt=\"\" title=\"\"><img decoding=\"async\" src=\"https:\/\/ae01.alicdn.com\/kf\/S81d555bccfea4f4a85ffddd12ce9000aE.jpg\" alt=\"\" title=\"\"><img decoding=\"async\" src=\"https:\/\/ae01.alicdn.com\/kf\/S486e610f959b4b88b28666d56447564f4.jpg\" alt=\"\" title=\"\"><img decoding=\"async\" src=\"https:\/\/ae01.alicdn.com\/kf\/Sfa43f26ea86e4e08913ebcf4b01e20202.jpg\" alt=\"\" title=\"\"><img decoding=\"async\" src=\"https:\/\/ae01.alicdn.com\/kf\/S2382dce1c04247f0b0299b7f841cce3dk.jpg\" alt=\"\" title=\"\"><\/p>","protected":false},"excerpt":{"rendered":"<p>Viskas viename pradinis rinkinys, skirtas apr\u016bpinti j\u016bs\u0173 atgimusi\u0105 l\u0117l\u0119 b\u016btiniausiais priedais, padidinan\u010diais realizm\u0105 ir kasdien\u012f demonstravimo stili\u0173.<\/p>","protected":false},"featured_media":4044,"comment_status":"open","ping_status":"closed","template":"","meta":[],"product_brand":[],"product_cat":[148],"product_tag":[],"class_list":{"0":"post-4043","1":"product","2":"type-product","3":"status-publish","4":"has-post-thumbnail","6":"product_cat-reborn-doll-accessories","8":"first","9":"instock","10":"sale","11":"shipping-taxable","12":"purchasable","13":"product-type-variable","14":"has-default-attributes"},"_links":{"self":[{"href":"https:\/\/www.mkreborns.com\/lt\/wp-json\/wp\/v2\/product\/4043","targetHints":{"allow":["GET"]}}],"collection":[{"href":"https:\/\/www.mkreborns.com\/lt\/wp-json\/wp\/v2\/product"}],"about":[{"href":"https:\/\/www.mkreborns.com\/lt\/wp-json\/wp\/v2\/types\/product"}],"replies":[{"embeddable":true,"href":"https:\/\/www.mkreborns.com\/lt\/wp-json\/wp\/v2\/comments?post=4043"}],"wp:featuredmedia":[{"embeddable":true,"href":"https:\/\/www.mkreborns.com\/lt\/wp-json\/wp\/v2\/media\/4044"}],"wp:attachment":[{"href":"https:\/\/www.mkreborns.com\/lt\/wp-json\/wp\/v2\/media?parent=4043"}],"wp:term":[{"taxonomy":"product_brand","embeddable":true,"href":"https:\/\/www.mkreborns.com\/lt\/wp-json\/wp\/v2\/product_brand?post=4043"},{"taxonomy":"product_cat","embeddable":true,"href":"https:\/\/www.mkreborns.com\/lt\/wp-json\/wp\/v2\/product_cat?post=4043"},{"taxonomy":"product_tag","embeddable":true,"href":"https:\/\/www.mkreborns.com\/lt\/wp-json\/wp\/v2\/product_tag?post=4043"}],"curies":[{"name":"wp","href":"https:\/\/api.w.org\/{rel}","templated":true}]}}