{"id":4000,"date":"2026-03-18T14:46:48","date_gmt":"2026-03-18T14:46:48","guid":{"rendered":"https:\/\/www.mkreborns.com\/?post_type=product&#038;p=4000"},"modified":"2026-03-19T15:52:09","modified_gmt":"2026-03-19T15:52:09","slug":"american-girl-doll-clothes-fit-18-inch-reborns-set","status":"publish","type":"product","link":"https:\/\/www.mkreborns.com\/lt\/product\/american-girl-doll-clothes-fit-18-inch-reborns-set\/","title":{"rendered":"Amerikos Mergina L\u0117l\u0117s Drabu\u017eiai Tinka 18 Coli\u0173 Reborns Rinkinys"},"content":{"rendered":"<div class=\"product-specs-list-container\">\n<h2>Amerikieti\u0161k\u0173 mergai\u010di\u0173 l\u0117li\u0173 drabu\u017eiai tinka atgimusioms l\u0117l\u0117ms<\/h2>\n<div>Amerikieti\u0161k\u0173 mergai\u010di\u0173 l\u0117li\u0173 drabu\u017eiai atgimusioms merginoms puikiai tinka, u\u017etikrindami suderinamum\u0105 su 18 coli\u0173 l\u0117l\u0117mis, kurios atitinka tikrovi\u0161kas proporcijas. \u0160ie drabu\u017eiai yra sukurti taip, kad der\u0117t\u0173 prie naujo stiliaus atgimusi\u0173 med\u017eiagini\u0173 l\u0117li\u0173 k\u016bn\u0173, pasi\u017eymint subalansuotu siluetu, kuris sustiprina autenti\u0161kum\u0105. Nesvarbu, ar jie sukurti demonstravimui, ar \u0161velniam naudojimui, kiekvienas drabu\u017eis atspindi kruop\u0161t\u0173 meistri\u0161kum\u0105.<\/div>\n<h3>Individualus dizainas ir med\u017eiag\u0173 vientisumas<\/h3>\n<div>\u0160ie rank\u0173 darbo atgimusi\u0173 l\u0117li\u0173 drabu\u017ei\u0173 komplektai, pasi\u016bti i\u0161 mink\u0161to, bet patvaraus audinio, i\u0161laiko strukt\u016br\u0105 be standumo. Si\u016bl\u0117s atitinka anatomines kont\u016bras, tod\u0117l drabu\u017eis nat\u016braliai priglunda prie l\u0117l\u0117s r\u0117mo. Tai u\u017etikrina tiek vizualin\u012f tikslum\u0105, tiek ilgalaik\u012f naudojim\u0105.<\/div>\n<h3>Pagrindin\u0117s savyb\u0117s ir privalumai<\/h3>\n<ul>\n<li>Sukurta tiksliai 43 cm \/ 18 coli\u0173 atgimimui<\/li>\n<li>Tinka tiek atgimusios l\u0117l\u0117s drabu\u017eiams berniukui, tiek neutraliems stiliams<\/li>\n<li>Sustiprintos si\u016bl\u0117s ilgesniam patvarumui<\/li>\n<li>Lengvas tekstil\u0117s gaminys patogiam ne\u0161iojimui<\/li>\n<li>Suderinamas su naujais atgimusi\u0173 med\u017eiagini\u0173 l\u0117li\u0173 k\u016bn\u0173 stiliais<\/li>\n<\/ul>\n<div>Derindamas strukt\u016br\u0105 ir mink\u0161tum\u0105, \u0161is aprangos rinkinys suteikia gylio ir realisti\u0161kumo bet kuriai kolekcijai, tod\u0117l tai patikimas pasirinkimas kolekcionieriams, ie\u0161kantiems drabu\u017ei\u0173, tinkam\u0173 atgimusioms l\u0117l\u0117ms pagal amerikieti\u0161k\u0173 mergai\u010di\u0173 l\u0117li\u0173 dyd\u012f.<\/div>\n<div><\/div>\n<\/div>\n<div class=\"detailmodule_html\">\n<div class=\"detail-desc-decorate-richtext\">\n<p style=\"text-align: center; margin: 0px;\" align=\"center\"><img decoding=\"async\" src=\"https:\/\/www.mkreborns.com\/wp-content\/uploads\/2026\/03\/kf-Sbb815d83d55a42c6b75a953932f9eec9r.webp\" alt=\"\" title=\"\"><img decoding=\"async\" src=\"https:\/\/www.mkreborns.com\/wp-content\/uploads\/2026\/03\/kf-Sc2b352c412684bd7acc6bb9bcdf0c927X.webp\" alt=\"\" title=\"\"><img decoding=\"async\" src=\"https:\/\/www.mkreborns.com\/wp-content\/uploads\/2026\/03\/kf-S359e5961003a4ef683ca7929699e081fB.webp\" alt=\"\" title=\"\"><img decoding=\"async\" src=\"https:\/\/www.mkreborns.com\/wp-content\/uploads\/2026\/03\/kf-Scc518a1bba6e434daac8f2dece7ee61fs.webp\" alt=\"\" title=\"\"><img decoding=\"async\" src=\"https:\/\/www.mkreborns.com\/wp-content\/uploads\/2026\/03\/kf-S5c9fd673d94b407495c1b13241048299B.webp\" alt=\"\" title=\"\"><img decoding=\"async\" src=\"https:\/\/www.mkreborns.com\/wp-content\/uploads\/2026\/03\/kf-S4b118a05358c496d84bb2426874d92c8u.webp\" alt=\"\" title=\"\"><img decoding=\"async\" src=\"https:\/\/www.mkreborns.com\/wp-content\/uploads\/2026\/03\/kf-S41958fdfe8b14b4481003fedf9275197D.webp\" alt=\"\" title=\"\"><img decoding=\"async\" src=\"https:\/\/www.mkreborns.com\/wp-content\/uploads\/2026\/03\/kf-Sb7de3410d1f5466194271c86cc3b11047.webp\" alt=\"\" title=\"\"><img decoding=\"async\" src=\"https:\/\/www.mkreborns.com\/wp-content\/uploads\/2026\/03\/kf-Sf2d8e29dcfbb4426a9b5e0f048bc41bbl.webp\" alt=\"\" title=\"\"><img decoding=\"async\" src=\"https:\/\/www.mkreborns.com\/wp-content\/uploads\/2026\/03\/kf-S87f2002a343949f78d65c595eb6297c7W.webp\" alt=\"\" title=\"\"><img decoding=\"async\" src=\"https:\/\/www.mkreborns.com\/wp-content\/uploads\/2026\/03\/kf-Se889b72926b445a58aea59fc7b6b49b5L.webp\" alt=\"\" title=\"\"><\/p>\n<\/div>\n<\/div>","protected":false},"excerpt":{"rendered":"<div>Kruop\u0161\u010diai pasi\u016bti drabu\u017eiai, sukurti 18 coli\u0173 atgimstantiems, derinant klasikin\u012f stili\u0173 su mink\u0161tomis med\u017eiagomis, kad b\u016bt\u0173 rafinuota ir tikrovi\u0161ka i\u0161vaizda.<\/div>","protected":false},"featured_media":4001,"comment_status":"open","ping_status":"closed","template":"","meta":[],"product_brand":[],"product_cat":[159,148],"product_tag":[],"class_list":{"0":"post-4000","1":"product","2":"type-product","3":"status-publish","4":"has-post-thumbnail","6":"product_cat-clothes-for-reborn-dolls","7":"product_cat-reborn-doll-accessories","9":"first","10":"instock","11":"sale","12":"shipping-taxable","13":"purchasable","14":"product-type-variable","15":"has-default-attributes"},"_links":{"self":[{"href":"https:\/\/www.mkreborns.com\/lt\/wp-json\/wp\/v2\/product\/4000","targetHints":{"allow":["GET"]}}],"collection":[{"href":"https:\/\/www.mkreborns.com\/lt\/wp-json\/wp\/v2\/product"}],"about":[{"href":"https:\/\/www.mkreborns.com\/lt\/wp-json\/wp\/v2\/types\/product"}],"replies":[{"embeddable":true,"href":"https:\/\/www.mkreborns.com\/lt\/wp-json\/wp\/v2\/comments?post=4000"}],"wp:featuredmedia":[{"embeddable":true,"href":"https:\/\/www.mkreborns.com\/lt\/wp-json\/wp\/v2\/media\/4001"}],"wp:attachment":[{"href":"https:\/\/www.mkreborns.com\/lt\/wp-json\/wp\/v2\/media?parent=4000"}],"wp:term":[{"taxonomy":"product_brand","embeddable":true,"href":"https:\/\/www.mkreborns.com\/lt\/wp-json\/wp\/v2\/product_brand?post=4000"},{"taxonomy":"product_cat","embeddable":true,"href":"https:\/\/www.mkreborns.com\/lt\/wp-json\/wp\/v2\/product_cat?post=4000"},{"taxonomy":"product_tag","embeddable":true,"href":"https:\/\/www.mkreborns.com\/lt\/wp-json\/wp\/v2\/product_tag?post=4000"}],"curies":[{"name":"wp","href":"https:\/\/api.w.org\/{rel}","templated":true}]}}