{"id":3914,"date":"2026-03-18T13:49:16","date_gmt":"2026-03-18T13:49:16","guid":{"rendered":"https:\/\/www.mkreborns.com\/?post_type=product&#038;p=3914"},"modified":"2026-03-19T15:50:41","modified_gmt":"2026-03-19T15:50:41","slug":"handmade-20-22-inch-reborn-doll-outfits-and-princess-dress-sets","status":"publish","type":"product","link":"https:\/\/www.mkreborns.com\/lt\/product\/handmade-20-22-inch-reborn-doll-outfits-and-princess-dress-sets\/","title":{"rendered":"Rank\u0173 darbo 20\u201322 coli\u0173 atgimusios l\u0117l\u0117s kostiumai ir princes\u0117s sukneli\u0173 rinkiniai"},"content":{"rendered":"<div class=\"product-specs-list-container\">\n<h2>I\u0161skirtiniai drabu\u017ei\u0173 spintos reikmenys j\u016bs\u0173 tikrovi\u0161kiems k\u016bdikiams<\/h2>\n<div>Atgimusio k\u016bdikio prie\u017ei\u016bra apima daugiau nei \u0161velnius prisilietimus; tam reikia drabu\u017ei\u0173, kurie atspind\u0117t\u0173 jo subtil\u0173 gro\u017e\u012f. M\u016bs\u0173 kruop\u0161\u010diai atrinkta 20\u201322 coli\u0173 (50\u201355 cm) dyd\u017eio atgimusi\u0173 l\u0117li\u0173 drabu\u017ei\u0173 kolekcija puikiai tinka l\u0117l\u0117ms nuo penkiasde\u0161imties iki penkiasde\u0161imt penki\u0173 centimetr\u0173 dyd\u017eio. Kiekvienas komplektas kruop\u0161\u010diai pasi\u016btas naudojant auk\u0161\u010diausios kokyb\u0117s tekstil\u0119, kuri suteikia \u0161veln\u0173 lyt\u0117jimo poj\u016bt\u012f, kai lie\u010diasi su j\u016bs\u0173 kolekcinio daikto vinilo ar silikono pavir\u0161iais. Nesvarbu, ar rengiate ma\u017eyl\u0119 mergait\u0119, ar naujagimio dyd\u017eio fig\u016br\u0117l\u0119, \u0161ie drabu\u017eiai suteiks j\u016bs\u0173 pom\u0117giui reikalingo estetinio rafinuotumo u\u017e didel\u0119 kain\u0105.<\/div>\n<h3>Universal\u016bs sezoniniai stiliai ir funkcional\u016bs aksesuarai<\/h3>\n<div>Norint i\u0161laikyti savo vaik\u0173 kambario realizm\u0105, reikia tur\u0117ti tinkamus drabu\u017eius kiekvienam klimatui. Nuo kv\u0117puojan\u010di\u0173 medviln\u0117s mi\u0161ini\u0173 vasaros i\u0161vykoms iki daugiasluoksni\u0173, jauki\u0173 megztini\u0173 \u017eiemos dekoracijoms \u2013 m\u016bs\u0173 pasirinkimas patenkins kiekvien\u0105 stiliaus pageidavim\u0105. \u0160ie pig\u016bs atgimusi\u0173 l\u0117li\u0173 drabu\u017eiai si\u016blo prieinam\u0105 b\u016bd\u0105 i\u0161pl\u0117sti savo kolekcijos universalum\u0105, i\u0161laikant auk\u0161tus meistri\u0161kumo standartus.<\/div>\n<ul>\n<li>Rankomis si\u016btos princes\u0117s suknel\u0117s su \u012fmantriomis n\u0117rini\u0173 ir juosteli\u0173 detal\u0117mis.<\/li>\n<li>Patvari audinio konstrukcija, atlaikanti da\u017en\u0105 rengim\u0105si ir pozavim\u0105.<\/li>\n<li>Ry\u0161k\u016bs, netoksi\u0161ki da\u017eai u\u017etikrina saugum\u0105 ir ilgalaik\u012f spalv\u0173 sodrum\u0105.<\/li>\n<li>Koordinuoti rinkiniai, kurie supaprastina stili\u0173 tiek m\u0117g\u0117jams, tiek profesionaliems kolekcionieriams.<\/li>\n<\/ul>\n<div>L\u0117l\u0117s tur\u0117jimo d\u017eiaugsmas dar labiau padid\u0117ja, kai pasirenkate tobulus atgimusios silikonin\u0117s l\u0117l\u0117s drabu\u017eius ir aksesuarus, kurie u\u017ebaigs unikal\u0173 j\u016bs\u0173 vaik\u0173 kambario \u012fvaizd\u012f. Pasirinkdami m\u016bs\u0173 auk\u0161tos kokyb\u0117s 20 coli\u0173 atgimusios l\u0117l\u0117s drabu\u017eius, u\u017etikrinsite, kad j\u016bs\u0173 k\u016bdikis i\u0161liks j\u016bs\u0173 kolekcijos pagrindiniu akcentu, pasipuo\u0161\u0119s geriausiais 22 coli\u0173 atgimusios l\u0117l\u0117s drabu\u017eiais.<\/div>\n<\/div>\n<p><img decoding=\"async\" src=\"https:\/\/www.mkreborns.com\/wp-content\/uploads\/2026\/03\/kf-S2e01ded1844b4877bf4c33f55020ae11c.webp\" alt=\"\" title=\"\"><img decoding=\"async\" src=\"https:\/\/www.mkreborns.com\/wp-content\/uploads\/2026\/03\/kf-S9e3f070a33d54057b89198cde073cd612.webp\" alt=\"\" title=\"\"><img decoding=\"async\" src=\"https:\/\/www.mkreborns.com\/wp-content\/uploads\/2026\/03\/kf-S6e3bf7adc684427696336b2801fea85fY.webp\" alt=\"\" title=\"\"><img decoding=\"async\" src=\"https:\/\/www.mkreborns.com\/wp-content\/uploads\/2026\/03\/kf-S33fd522146264b3d872df87a701c2946b.webp\" alt=\"\" title=\"\"><img decoding=\"async\" src=\"https:\/\/www.mkreborns.com\/wp-content\/uploads\/2026\/03\/kf-Sbf836be53df845d68bbc0b7a1f9c781f2.webp\" alt=\"\" title=\"\"><img decoding=\"async\" src=\"https:\/\/www.mkreborns.com\/wp-content\/uploads\/2026\/03\/kf-Sf1a7b314b8d347688f83c99d60dce0a3A.webp\" alt=\"\" title=\"\"><img decoding=\"async\" src=\"https:\/\/www.mkreborns.com\/wp-content\/uploads\/2026\/03\/kf-S61f931d28b264579b6dae3d8565e2e50T.webp\" alt=\"\" title=\"\"><img decoding=\"async\" src=\"https:\/\/www.mkreborns.com\/wp-content\/uploads\/2026\/03\/kf-S0c2952b48d644b18bd24e6028052eb98U.webp\" alt=\"\" title=\"\"><img decoding=\"async\" src=\"https:\/\/www.mkreborns.com\/wp-content\/uploads\/2026\/03\/kf-S9e63ed215fae43ad819d86d2033ee969r.webp\" alt=\"\" title=\"\"><img decoding=\"async\" src=\"https:\/\/www.mkreborns.com\/wp-content\/uploads\/2026\/03\/kf-S753c136e65d641e4943f67baf9baf5ccc.webp\" alt=\"\" title=\"\"><img decoding=\"async\" src=\"https:\/\/www.mkreborns.com\/wp-content\/uploads\/2026\/03\/kf-S67c85d54bdd34203a836b3a36c4bd4eaS.webp\" alt=\"\" title=\"\"><img decoding=\"async\" src=\"https:\/\/www.mkreborns.com\/wp-content\/uploads\/2026\/03\/kf-S50dfe06eb5cd479983c46dcf6260faee1.webp\" alt=\"\" title=\"\"><img decoding=\"async\" src=\"https:\/\/www.mkreborns.com\/wp-content\/uploads\/2026\/03\/kf-Sb5f6a65275bd4f43ab927c391e4be4d5i.webp\" alt=\"\" title=\"\"><img decoding=\"async\" src=\"https:\/\/www.mkreborns.com\/wp-content\/uploads\/2026\/03\/kf-S267c5a5569df43c99eeeb243ed4f3022A.webp\" alt=\"\" title=\"\"><img decoding=\"async\" src=\"https:\/\/www.mkreborns.com\/wp-content\/uploads\/2026\/03\/kf-Sfd4f91fa317844e6a20bedeb546fe009P.webp\" alt=\"Atgimusios l\u0117l\u0117s princes\u0117s suknel\u0117 su raukiniais ir pastelin\u0117mis spalvomis.\" title=\"\"> <img decoding=\"async\" src=\"https:\/\/www.mkreborns.com\/wp-content\/uploads\/2026\/03\/kf-Sf6881c96b70f469dae3e5e917a9a797c2.webp\" alt=\"\" title=\"\"><img decoding=\"async\" src=\"https:\/\/www.mkreborns.com\/wp-content\/uploads\/2026\/03\/kf-S37d300d49be64c689cdc2d9ac655ee8ef.webp\" alt=\"\" title=\"\"><img decoding=\"async\" src=\"https:\/\/www.mkreborns.com\/wp-content\/uploads\/2026\/03\/kf-Se12b5d5751db49a598419c27633fa249h.webp\" alt=\"Atgimusios l\u0117l\u0117s princes\u0117s suknel\u0117s komplektas su galaktikos ra\u0161tu ir ro\u017einiais akcentais, puikiai tinkantis 20-22 coli\u0173 l\u0117l\u0117ms. Uni.\" title=\"\"> <img decoding=\"async\" src=\"https:\/\/www.mkreborns.com\/wp-content\/uploads\/2026\/03\/kf-Sfec6353fabc249739a9bfc7ff9c19194J.webp\" alt=\"\u017davinga rank\u0173 darbo 50\u201355 cm atgimusios princes\u0117s l\u0117l\u0117s suknel\u0117 su galaktikos ra\u0161tu ir ro\u017einiais akcentais.\" title=\"\"> <img decoding=\"async\" src=\"https:\/\/www.mkreborns.com\/wp-content\/uploads\/2026\/03\/kf-S2fe53c2cf60a4dca806d62c9507c1527k.webp\" alt=\"\" title=\"\"><img decoding=\"async\" src=\"https:\/\/www.mkreborns.com\/wp-content\/uploads\/2026\/03\/kf-Scc80fb4332204489b9e54a2f1cd37684Y.webp\" alt=\"Atgimusios l\u0117l\u0117s kostium\u0117lis su ro\u017eine languota suknele su n\u0117rini\u0173 apdaila ir baltu apatiniu sijonu. Puikiai tinka.\" title=\"\"> <img decoding=\"async\" src=\"https:\/\/www.mkreborns.com\/wp-content\/uploads\/2026\/03\/kf-Sa287f36538e54509a74becedf5d1e80aI.webp\" alt=\"Atgimusios l\u0117l\u0117s kostium\u0117lis su ro\u017einiais languoto audinio raukiniais ir atlasiniais kaspin\u0117liais, puikiai tinkantis 20\u201322 coli\u0173 l\u0117l\u0117ms.\" title=\"\"> <img decoding=\"async\" src=\"https:\/\/www.mkreborns.com\/wp-content\/uploads\/2026\/03\/kf-S804968ae87294c959b219b6c3d88016bB.webp\" alt=\"Atgimusi l\u0117l\u0117, vilkinti g\u0117l\u0117ta princes\u0117s suknele, laikanti ro\u017ein\u012f flamingo pliu\u0161in\u012f \u017eaisl\u0105 ir buteliuk\u0105 \u0161alia.\" title=\"\"> <img decoding=\"async\" src=\"https:\/\/www.mkreborns.com\/wp-content\/uploads\/2026\/03\/kf-Sd9fc481645ee4d3288511c710a4aa6fac.webp\" alt=\"\" title=\"\"><img decoding=\"async\" src=\"https:\/\/www.mkreborns.com\/wp-content\/uploads\/2026\/03\/kf-S5d746b3f7dda43a98510624ed31c719bq.webp\" alt=\"\" title=\"\"><img decoding=\"async\" src=\"https:\/\/www.mkreborns.com\/wp-content\/uploads\/2026\/03\/kf-Sdb0e2483cf38440085aa085deb7e8e72l.webp\" alt=\"Rank\u0173 darbo atgimusios princes\u0117s l\u0117l\u0117s suknel\u0117s komplektas su g\u0117li\u0173 ra\u0161tais, skirtas 20-22 coli\u0173 l\u0117l\u0117ms.\" title=\"\"> <img decoding=\"async\" src=\"https:\/\/www.mkreborns.com\/wp-content\/uploads\/2026\/03\/kf-S9b482f7f72f848b28fede3ec4a85ed32b.webp\" alt=\"\" title=\"\"><img decoding=\"async\" src=\"https:\/\/www.mkreborns.com\/wp-content\/uploads\/2026\/03\/kf-S09152d43a02f4b4f9bef4d5cfa7531daK.webp\" alt=\"Atgimusios l\u0117l\u0117s kostiumas su g\u0117l\u0117ta suknele ir geltonu kaspinu, puikiai tinkantis 20\u201322 coli\u0173 l\u0117l\u0117ms.\" title=\"\"> <img decoding=\"async\" src=\"https:\/\/www.mkreborns.com\/wp-content\/uploads\/2026\/03\/kf-Sc4c910a0f2e8414fa5bd80aa5709c8ecK.webp\" alt=\"\" title=\"\"><img decoding=\"async\" src=\"https:\/\/www.mkreborns.com\/wp-content\/uploads\/2026\/03\/kf-S6f2f906babe64407abb39604df6914a1J.webp\" alt=\"\" title=\"\"><img decoding=\"async\" src=\"https:\/\/www.mkreborns.com\/wp-content\/uploads\/2026\/03\/kf-S3492369ac2ce462f897f81971cc88ea2i.webp\" alt=\"Atgimusi l\u0117l\u0117, vilkinti rank\u0173 darbo ro\u017ein\u0119 princes\u0117s suknel\u0119 su balta p\u016bkuota apykakle ir bumbulais.\" title=\"\"> <img decoding=\"async\" src=\"https:\/\/www.mkreborns.com\/wp-content\/uploads\/2026\/03\/kf-Se51597a0a9504fc688712ba8acc06b61X.webp\" alt=\"\" title=\"\"><img decoding=\"async\" src=\"https:\/\/www.mkreborns.com\/wp-content\/uploads\/2026\/03\/kf-S2cd722838c3444e8853dfdd6cb7c6eeaF.webp\" alt=\"Atgimusios l\u0117l\u0117s kostiumas su ro\u017eine suknele, baltomis tampr\u0117mis ir deran\u010diais batais 20\u201322 coli\u0173 l\u0117l\u0117ms.\" title=\"\"> <img decoding=\"async\" src=\"https:\/\/www.mkreborns.com\/wp-content\/uploads\/2026\/03\/kf-S4485fab01df04a52b37771c9fd6fb6808.webp\" alt=\"Atgimusios l\u0117l\u0117s drabu\u017ei\u0173 komplektas su flamingo ra\u0161to keln\u0117mis ir deran\u010diomis ausin\u0117mis, puikiai tinkan\u010diomis rankdarbiams.\" title=\"\"> <img decoding=\"async\" src=\"https:\/\/www.mkreborns.com\/wp-content\/uploads\/2026\/03\/kf-S119e2ed0c63449e780a45353deed672fV.webp\" alt=\"Ro\u017einiai atgimusios l\u0117l\u0117s batai su baltu dirbtinio kailio apdaila, skirti 20-22 coli\u0173 l\u0117l\u0117ms.\" title=\"\"> <img decoding=\"async\" src=\"https:\/\/www.mkreborns.com\/wp-content\/uploads\/2026\/03\/kf-Sc540755ac9cf4146835605b7b7171a0fT.webp\" alt=\"Atgimusios l\u0117l\u0117s kostiumas su ro\u017eine suknele, baltomis tampr\u0117mis ir deran\u010diais batais 20\u201322 coli\u0173 l\u0117l\u0117ms.\" title=\"\"><\/p>\n<div style=\"width: 640px;\" class=\"wp-video\"><video class=\"wp-video-shortcode\" id=\"video-3914-1\" width=\"640\" height=\"360\" preload=\"metadata\" controls=\"controls\"><source type=\"video\/mp4\" src=\"https:\/\/video.aliexpress-media.com\/play\/u\/ae_sg_item\/2216133796552\/p\/1\/e\/6\/t\/10301\/1100164358417.mp4?_=1\" \/><a href=\"https:\/\/video.aliexpress-media.com\/play\/u\/ae_sg_item\/2216133796552\/p\/1\/e\/6\/t\/10301\/1100164358417.mp4\" target=\"_blank\" rel=\"noopener\">https:\/\/video.aliexpress-media.com\/play\/u\/ae_sg_item\/2216133796552\/p\/1\/e\/6\/t\/10301\/1100164358417.mp4<\/a><\/video><\/div>","protected":false},"excerpt":{"rendered":"<p>Aprenkite savo brang\u0173 draug\u0105 i\u0161skirtiniais, rank\u0173 darbo drabu\u017eiais, sukurtais taip, kad atspind\u0117t\u0173 tikr\u0173 k\u016bdikio drabu\u017ei\u0173 \u017eaves\u012f, u\u017etikrindami, kad kiekviena \u017eaidimo akimirka b\u016bt\u0173 nepaprastai autenti\u0161ka ir jaudinanti.<\/p>","protected":false},"featured_media":3915,"comment_status":"open","ping_status":"closed","template":"","meta":[],"product_brand":[],"product_cat":[159,148],"product_tag":[],"class_list":{"0":"post-3914","1":"product","2":"type-product","3":"status-publish","4":"has-post-thumbnail","6":"product_cat-clothes-for-reborn-dolls","7":"product_cat-reborn-doll-accessories","9":"first","10":"instock","11":"sale","12":"shipping-taxable","13":"purchasable","14":"product-type-variable","15":"has-default-attributes"},"_links":{"self":[{"href":"https:\/\/www.mkreborns.com\/lt\/wp-json\/wp\/v2\/product\/3914","targetHints":{"allow":["GET"]}}],"collection":[{"href":"https:\/\/www.mkreborns.com\/lt\/wp-json\/wp\/v2\/product"}],"about":[{"href":"https:\/\/www.mkreborns.com\/lt\/wp-json\/wp\/v2\/types\/product"}],"replies":[{"embeddable":true,"href":"https:\/\/www.mkreborns.com\/lt\/wp-json\/wp\/v2\/comments?post=3914"}],"wp:featuredmedia":[{"embeddable":true,"href":"https:\/\/www.mkreborns.com\/lt\/wp-json\/wp\/v2\/media\/3915"}],"wp:attachment":[{"href":"https:\/\/www.mkreborns.com\/lt\/wp-json\/wp\/v2\/media?parent=3914"}],"wp:term":[{"taxonomy":"product_brand","embeddable":true,"href":"https:\/\/www.mkreborns.com\/lt\/wp-json\/wp\/v2\/product_brand?post=3914"},{"taxonomy":"product_cat","embeddable":true,"href":"https:\/\/www.mkreborns.com\/lt\/wp-json\/wp\/v2\/product_cat?post=3914"},{"taxonomy":"product_tag","embeddable":true,"href":"https:\/\/www.mkreborns.com\/lt\/wp-json\/wp\/v2\/product_tag?post=3914"}],"curies":[{"name":"wp","href":"https:\/\/api.w.org\/{rel}","templated":true}]}}