{"id":3908,"date":"2026-03-18T13:24:18","date_gmt":"2026-03-18T13:24:18","guid":{"rendered":"https:\/\/www.mkreborns.com\/?post_type=product&#038;p=3908"},"modified":"2026-03-19T15:51:18","modified_gmt":"2026-03-19T15:51:18","slug":"18-inch-reborn-dolls-clothes-for-baby-doll-outfits","status":"publish","type":"product","link":"https:\/\/www.mkreborns.com\/lt\/product\/18-inch-reborn-dolls-clothes-for-baby-doll-outfits\/","title":{"rendered":"18 coli\u0173 atgimusi\u0173 l\u0117li\u0173 drabu\u017eiai k\u016bdiki\u0173 l\u0117li\u0173 aprangai"},"content":{"rendered":"<h2>Stilingi 18 coli\u0173 atgimusi\u0173 l\u0117li\u0173 drabu\u017eiai kiekvienai progai<\/h2>\n<div>Suteikite savo l\u0117li\u0173 kolekcijai \u017eavesio ir autenti\u0161kumo su m\u016bs\u0173 18 coli\u0173 atgimusi\u0173 l\u0117li\u0173 drabu\u017eiais. Kiekvienas drabu\u017eis yra kruop\u0161\u010diai sukurtas taip, kad puikiai tikt\u0173 atgimusi\u0173 k\u016bdiki\u0173 l\u0117l\u0117ms, tuo pa\u010diu u\u017etikrindamas komfort\u0105 ir tikrovi\u0161k\u0105 i\u0161vaizd\u0105. \u0160ie drabu\u017eiai idealiai tinka tiek \u017eaidimams, tiek demonstravimui, paver\u010dia kiekvien\u0105 l\u0117l\u0119 madingu kompanionu.<\/div>\n<h3>Detalus dizainas ir patogus prigludimas<\/h3>\n<div>M\u016bs\u0173 kolekcijoje pristatomi atgimusios l\u0117l\u0117s drabu\u017eiai, ypating\u0105 d\u0117mes\u012f skiriant atgimusios l\u0117l\u0117s med\u017eiaginiams k\u016bnams, u\u017etikrinant, kad kiekvienas drabu\u017eis b\u016bt\u0173 patogus ir kartu i\u0161ry\u0161kint\u0173 tikrovi\u0161kus bruo\u017eus. Nuo \u017eaisming\u0173 kombinezon\u0173 iki eleganti\u0161k\u0173 sukneli\u0173 \u2013 \u0161ie drabu\u017eiai yra universal\u016bs ir stilingi, tod\u0117l j\u016bs\u0173 18 coli\u0173 l\u0117l\u0117 i\u0161siskirs i\u0161 kit\u0173.<\/div>\n<ul>\n<li>Tikslus dydis: sukurtas 18 coli\u0173 l\u0117l\u0117ms, kad b\u016bt\u0173 u\u017etikrintas puikus prigludimas ir lengvas apsirengimas.<\/li>\n<li>Auk\u0161tos kokyb\u0117s audiniai: mink\u0161tos, patvarios med\u017eiagos u\u017etikrina komfort\u0105 ir ilgaam\u017ei\u0161kum\u0105.<\/li>\n<li>Realisti\u0161kos detal\u0117s: sud\u0117tingos si\u016bl\u0117s ir ra\u0161tai atspindi autenti\u0161kus k\u016bdiki\u0173 drabu\u017eius.<\/li>\n<li>Stili\u0173 \u012fvairov\u0117: apima laisvalaikio, formalius ir sezoninius drabu\u017eius visoms progoms.<\/li>\n<li>Patobulintas l\u0117l\u0117s realizmas: pritaikytas prie atgimusios l\u0117l\u0117s med\u017eiaginio k\u016bno, kad b\u016bt\u0173 tikrovi\u0161ko \u017eavesio.<\/li>\n<\/ul>\n<div>Papildykite savo l\u0117l\u0117s garderob\u0105 \u0161iais i\u0161skirtiniais 45 cm atgimusios l\u0117l\u0117s drabu\u017eiais, kurie derina stili\u0173, patogum\u0105 ir autenti\u0161k\u0105 patrauklum\u0105.<\/div>\n<p style=\"text-align: center;\" align=\"center\"><img decoding=\"async\" src=\"https:\/\/www.mkreborns.com\/wp-content\/uploads\/2026\/03\/kf-S9d31fc2e9fcd434fafe9c0f471411531G.webp\" alt=\"\" title=\"\"><img decoding=\"async\" src=\"https:\/\/www.mkreborns.com\/wp-content\/uploads\/2026\/03\/kf-Sb94cdf6699bc46d3a5df6fd0f3b9305eP.webp\" alt=\"\" title=\"\"><img decoding=\"async\" src=\"https:\/\/www.mkreborns.com\/wp-content\/uploads\/2026\/03\/kf-S2c32be6ab85b4bc298e8b61239d41026x.webp\" alt=\"\" title=\"\"><img decoding=\"async\" src=\"https:\/\/www.mkreborns.com\/wp-content\/uploads\/2026\/03\/kf-S572f25d107b74315a31d1340abf1216fq.webp\" alt=\"\" title=\"\"><img decoding=\"async\" src=\"https:\/\/www.mkreborns.com\/wp-content\/uploads\/2026\/03\/kf-S5255329b890042289e03e8edbc8650fdh.webp\" alt=\"\" title=\"\"><\/p>","protected":false},"excerpt":{"rendered":"<p>Papuo\u0161kite savo 18 coli\u0173 atgimusi\u0105 l\u0117l\u0119 stilingais, mink\u0161tais ir detaliais drabu\u017eiais, sukurtais realisti\u0161kam \u017eaidimui ir ilgalaikei elegancijai.<\/p>","protected":false},"featured_media":3909,"comment_status":"open","ping_status":"closed","template":"","meta":[],"product_brand":[],"product_cat":[159,148],"product_tag":[],"class_list":{"0":"post-3908","1":"product","2":"type-product","3":"status-publish","4":"has-post-thumbnail","6":"product_cat-clothes-for-reborn-dolls","7":"product_cat-reborn-doll-accessories","9":"first","10":"instock","11":"sale","12":"shipping-taxable","13":"purchasable","14":"product-type-simple"},"_links":{"self":[{"href":"https:\/\/www.mkreborns.com\/lt\/wp-json\/wp\/v2\/product\/3908","targetHints":{"allow":["GET"]}}],"collection":[{"href":"https:\/\/www.mkreborns.com\/lt\/wp-json\/wp\/v2\/product"}],"about":[{"href":"https:\/\/www.mkreborns.com\/lt\/wp-json\/wp\/v2\/types\/product"}],"replies":[{"embeddable":true,"href":"https:\/\/www.mkreborns.com\/lt\/wp-json\/wp\/v2\/comments?post=3908"}],"wp:featuredmedia":[{"embeddable":true,"href":"https:\/\/www.mkreborns.com\/lt\/wp-json\/wp\/v2\/media\/3909"}],"wp:attachment":[{"href":"https:\/\/www.mkreborns.com\/lt\/wp-json\/wp\/v2\/media?parent=3908"}],"wp:term":[{"taxonomy":"product_brand","embeddable":true,"href":"https:\/\/www.mkreborns.com\/lt\/wp-json\/wp\/v2\/product_brand?post=3908"},{"taxonomy":"product_cat","embeddable":true,"href":"https:\/\/www.mkreborns.com\/lt\/wp-json\/wp\/v2\/product_cat?post=3908"},{"taxonomy":"product_tag","embeddable":true,"href":"https:\/\/www.mkreborns.com\/lt\/wp-json\/wp\/v2\/product_tag?post=3908"}],"curies":[{"name":"wp","href":"https:\/\/api.w.org\/{rel}","templated":true}]}}