{"id":3890,"date":"2026-03-18T13:08:27","date_gmt":"2026-03-18T13:08:27","guid":{"rendered":"https:\/\/www.mkreborns.com\/?post_type=product&#038;p=3890"},"modified":"2026-03-19T15:52:23","modified_gmt":"2026-03-19T15:52:23","slug":"baby-doll-clothes-17-18-inch-reborn-outfits-for-girls","status":"publish","type":"product","link":"https:\/\/www.mkreborns.com\/lt\/product\/baby-doll-clothes-17-18-inch-reborn-outfits-for-girls\/","title":{"rendered":"L\u0117l\u0117s drabu\u017eiai, 17\u201318 coli\u0173, atgim\u0119 drabu\u017eiai mergait\u0117ms"},"content":{"rendered":"<div class=\"detailmodule_html\">\n<div class=\"detail-desc-decorate-richtext\">\n<h2>\u017davingi 17\u201318 coli\u0173 \u201eReborn\u201c l\u0117li\u0173 drabu\u017ei\u0173 stiliai<\/h2>\n<div>Pakelkite savo atgimimo kolekcij\u0105 \u012f auk\u0161tesn\u012f lyg\u012f su m\u016bs\u0173 auk\u0161\u010diausios kokyb\u0117s 17\u201318 coli\u0173 dyd\u017eio \u201eReborn\u201c l\u0117l\u0117s drabu\u017eiais. Kiekvienas drabu\u017eis yra kruop\u0161\u010diai sukurtas taip, kad papildyt\u0173 \u201eReborn\u201c l\u0117l\u0117s drabu\u017eius mergait\u0117ms, derinant patogum\u0105, patvarum\u0105 ir tikrovi\u0161kas detales. Nesvarbu, ar tai skirta \u017eaidimams, ar demonstravimui, \u0161ie drabu\u017eiai puikiai tinka ir yra ry\u0161k\u016bs, ak\u012f traukiantys.<\/div>\n<h3>Unikal\u016bs dizainai ir ra\u0161tuotos detal\u0117s<\/h3>\n<div>M\u016bs\u0173 asortimente yra sud\u0117ting\u0173 atgimusi\u0173 l\u0117li\u0173 audini\u0173 ra\u0161t\u0173, leid\u017eian\u010di\u0173 kiekvienai l\u0117lei atskleisti asmenyb\u0119 ir stili\u0173. Rinkit\u0117s i\u0161 sukneli\u0173, kombinezon\u0173 ir deran\u010di\u0173 komplekt\u0173, pritaikyt\u0173 tiek 17, tiek 18 coli\u0173 atgimusioms l\u0117l\u0117ms. Mink\u0161ti audiniai ir tikrovi\u0161kos apdailos suteikia kiekvienam drabu\u017eiui tikrovi\u0161k\u0105 j\u016bs\u0173 l\u0117l\u0117s \u017eaves\u012f.<\/div>\n<ul>\n<li>Individualus dydis: tiksliai pritaikytas 17\u201318 coli\u0173 atgimusioms l\u0117l\u0117ms, kad jas b\u016bt\u0173 lengva apsirengti.<\/li>\n<li>Auk\u0161tos kokyb\u0117s med\u017eiagos: mink\u0161ti, patvar\u016bs audiniai, kurie i\u0161laiko form\u0105 ir spalv\u0105.<\/li>\n<li>Ra\u0161t\u0173 \u012fvairov\u0117: atgimusios l\u0117l\u0117s audinio k\u016bno ra\u0161tas suteikia kiekvienam aprangai individualumo.<\/li>\n<li>Universalus drabu\u017ei\u0173 spinta: apima laisvalaikio drabu\u017eius, oficialias sukneles ir \u017eaismingus komplektus.<\/li>\n<li>Patobulintas realizmas: Kruop\u0161tus siuvimas ir apdaila suteikia kiekvienam gaminiui autenti\u0161kumo.<\/li>\n<\/ul>\n<div>Suteikite d\u017eiaugsmo ir rafinuotumo kiekvienai l\u0117l\u0117s ekspozicijai su \u0161iais gra\u017eiai pagamintais 17\u201318 coli\u0173 atgimstan\u010diais k\u016bdikio l\u0117l\u0117s drabu\u017eiais, kurie derina stili\u0173, patogum\u0105 ir tikrovi\u0161k\u0105 elegancij\u0105.<\/div>\n<div><\/div>\n<p style=\"text-align: center; margin: 0px;\" align=\"center\"><img decoding=\"async\" src=\"https:\/\/www.mkreborns.com\/wp-content\/uploads\/2026\/03\/kf-Sff4af0a0ce8d4485b7c09410cb094249I.webp\" alt=\"\" title=\"\"><img decoding=\"async\" src=\"https:\/\/www.mkreborns.com\/wp-content\/uploads\/2026\/03\/kf-S10d68fad596841c589219dc0c10319fbZ.webp\" alt=\"\" title=\"\"><img decoding=\"async\" src=\"https:\/\/www.mkreborns.com\/wp-content\/uploads\/2026\/03\/kf-S8dbdfa36fe014c8fa0765011983d82caD.webp\" alt=\"\" title=\"\"><img decoding=\"async\" src=\"https:\/\/www.mkreborns.com\/wp-content\/uploads\/2026\/03\/kf-S920d035ab985467b8517b1483d4f6bbaY.webp\" alt=\"\" title=\"\"><img decoding=\"async\" src=\"https:\/\/www.mkreborns.com\/wp-content\/uploads\/2026\/03\/kf-S4b96cea014a44b709b752532f6113fbfu.webp\" alt=\"\" title=\"\"><img decoding=\"async\" src=\"https:\/\/www.mkreborns.com\/wp-content\/uploads\/2026\/03\/kf-S44c92652455b47b98527b3aa131f6b1eT.webp\" alt=\"\" title=\"\"><img decoding=\"async\" src=\"https:\/\/www.mkreborns.com\/wp-content\/uploads\/2026\/03\/kf-S56de3d76be034bbfb5ae1261f59232a1O.webp\" alt=\"\" title=\"\"><img decoding=\"async\" src=\"https:\/\/www.mkreborns.com\/wp-content\/uploads\/2026\/03\/kf-S0590e45ab54740c38d581d7611ef244cS.webp\" alt=\"\" title=\"\"><img decoding=\"async\" src=\"https:\/\/www.mkreborns.com\/wp-content\/uploads\/2026\/03\/kf-S4d9af2659e454d8b87e97bd159ed9cdfz.webp\" alt=\"\" title=\"\"><img decoding=\"async\" src=\"https:\/\/www.mkreborns.com\/wp-content\/uploads\/2026\/03\/kf-Sb9c38680031e40f6b3db3e4e386af5c5l.webp\" alt=\"\" title=\"\"><\/p>\n<\/div>\n<\/div>","protected":false},"excerpt":{"rendered":"<p>Paverskite savo atgimusi\u0105 l\u0117l\u0119 stilinga drauge su mink\u0161tais, detaliais drabu\u017eiais, sukurtais tikrovi\u0161kam \u017eaidimui ir begaliniam \u017eavesiui.<\/p>","protected":false},"featured_media":3891,"comment_status":"open","ping_status":"closed","template":"","meta":[],"product_brand":[],"product_cat":[159,148],"product_tag":[],"class_list":{"0":"post-3890","1":"product","2":"type-product","3":"status-publish","4":"has-post-thumbnail","6":"product_cat-clothes-for-reborn-dolls","7":"product_cat-reborn-doll-accessories","9":"first","10":"instock","11":"sale","12":"shipping-taxable","13":"purchasable","14":"product-type-variable","15":"has-default-attributes"},"_links":{"self":[{"href":"https:\/\/www.mkreborns.com\/lt\/wp-json\/wp\/v2\/product\/3890","targetHints":{"allow":["GET"]}}],"collection":[{"href":"https:\/\/www.mkreborns.com\/lt\/wp-json\/wp\/v2\/product"}],"about":[{"href":"https:\/\/www.mkreborns.com\/lt\/wp-json\/wp\/v2\/types\/product"}],"replies":[{"embeddable":true,"href":"https:\/\/www.mkreborns.com\/lt\/wp-json\/wp\/v2\/comments?post=3890"}],"wp:featuredmedia":[{"embeddable":true,"href":"https:\/\/www.mkreborns.com\/lt\/wp-json\/wp\/v2\/media\/3891"}],"wp:attachment":[{"href":"https:\/\/www.mkreborns.com\/lt\/wp-json\/wp\/v2\/media?parent=3890"}],"wp:term":[{"taxonomy":"product_brand","embeddable":true,"href":"https:\/\/www.mkreborns.com\/lt\/wp-json\/wp\/v2\/product_brand?post=3890"},{"taxonomy":"product_cat","embeddable":true,"href":"https:\/\/www.mkreborns.com\/lt\/wp-json\/wp\/v2\/product_cat?post=3890"},{"taxonomy":"product_tag","embeddable":true,"href":"https:\/\/www.mkreborns.com\/lt\/wp-json\/wp\/v2\/product_tag?post=3890"}],"curies":[{"name":"wp","href":"https:\/\/api.w.org\/{rel}","templated":true}]}}