{"id":3868,"date":"2026-03-18T10:01:51","date_gmt":"2026-03-18T10:01:51","guid":{"rendered":"https:\/\/www.mkreborns.com\/?post_type=product&#038;p=3868"},"modified":"2026-03-19T15:52:36","modified_gmt":"2026-03-19T15:52:36","slug":"18-inch-reborn-doll-clothes-for-toddlers-and-girls","status":"publish","type":"product","link":"https:\/\/www.mkreborns.com\/lt\/product\/18-inch-reborn-doll-clothes-for-toddlers-and-girls\/","title":{"rendered":"18 coli\u0173 atgimusios l\u0117l\u0117s drabu\u017eiai ma\u017eyliams ir mergait\u0117ms"},"content":{"rendered":"<div class=\"product-specs-list-container\">\n<h2>Eleganti\u0161ki drabu\u017eiai kiekvienai 18 coli\u0173 Reborn l\u0117lei<\/h2>\n<div>Paverskite savo atgimusi\u0105 l\u0117l\u0119 d\u0117mesio centru su m\u016bs\u0173 auk\u0161\u010diausios kokyb\u0117s 18 coli\u0173 atgimusios l\u0117l\u0117s drabu\u017eiais. Kiekvienas drabu\u017eis, sukurtas taip, kad puikiai tikt\u0173 atgimusioms ma\u017eyliams, derinamas su realisti\u0161komis detal\u0117mis ir mink\u0161tais, patvariais audiniais. Nuo kasdienio d\u0117v\u0117jimo iki ypating\u0173 prog\u0173, \u0161ie drabu\u017eiai u\u017etikrina, kad j\u016bs\u0173 l\u0117l\u0117 visada atrodyt\u0173 tobulai.<\/div>\n<h3>Stilinga \u012fvairov\u0117 ir aksesuarai<\/h3>\n<div>M\u016bs\u0173 kolekcijoje yra atgimusi\u0173 silikonini\u0173 l\u0117li\u0173 drabu\u017ei\u0173 ir aksesuar\u0173, kurie papildys kiekvienos l\u0117l\u0117s garderob\u0105. Rinkit\u0117s i\u0161 ry\u0161kiai violetini\u0173 aprang\u0173 atgimusioms l\u0117l\u0117ms, subtili\u0173 sukneli\u0173 atgimusioms mergait\u0117ms ir universali\u0173 k\u016bdiki\u0173 drabu\u017ei\u0173, tinkan\u010di\u0173 bet kokiai situacijai. Kiekvienas drabu\u017eis yra pritaikytas taip, kad j\u012f b\u016bt\u0173 lengva aprengti, i\u0161laikant tikrovi\u0161k\u0105, rank\u0173 darbo poj\u016bt\u012f.<\/div>\n<ul>\n<li>Auk\u0161\u010diausios kokyb\u0117s dydis: puikiai tinka 18 coli\u0173 atgimusioms l\u0117l\u0117ms, u\u017etikrinant patogum\u0105 ir elegancij\u0105.<\/li>\n<li>Auk\u0161tos kokyb\u0117s audiniai: mink\u0161tos, patvarios med\u017eiagos, imituojan\u010dios tikr\u0173 k\u016bdiki\u0173 drabu\u017ei\u0173 tekst\u016bras.<\/li>\n<li>Universal\u016bs stiliai: nuo \u017eaisming\u0173 laisvalaikio drabu\u017ei\u0173 iki rafinuot\u0173 violetini\u0173 aprang\u0173.<\/li>\n<li>Aksesuar\u0173 parinktys: \u012e komplekt\u0105 \u012feina deran\u010dios kepur\u0117s, batai ir antklod\u0117s.<\/li>\n<li>Realisti\u0161kos detal\u0117s: rankomis apdailintos si\u016bl\u0117s ir \u017eav\u016bs papuo\u0161imai suteikia tikrovi\u0161k\u0105 vaizd\u0105.<\/li>\n<\/ul>\n<div>\u012ene\u0161kite \u017eavesio, realizmo ir linksmybi\u0173 \u012f savo kolekcij\u0105 su \u0161iais gra\u017eiai pagamintais 45 cm atgimusios l\u0117l\u0117s drabu\u017eiais, kurie pa\u012fvairins kiekvien\u0105 \u017eaidimo nuotyk\u012f.<\/div>\n<div><\/div>\n<\/div>\n<div class=\"detailmodule_html\">\n<div class=\"detail-desc-decorate-richtext\">\n<p style=\"text-align: center; margin: 0px;\" align=\"center\"><img decoding=\"async\" src=\"https:\/\/www.mkreborns.com\/wp-content\/uploads\/2026\/03\/kf-S7d8ebb1a885d44398f64514886946629E.webp\" alt=\"\" title=\"\"><img decoding=\"async\" src=\"https:\/\/www.mkreborns.com\/wp-content\/uploads\/2026\/03\/kf-S89a1ffaead92487d9a130af90b3d4fc5K.webp\" alt=\"\" title=\"\"><img decoding=\"async\" src=\"https:\/\/www.mkreborns.com\/wp-content\/uploads\/2026\/03\/kf-Sc34b80cf2d3a4c60b3a32babd9f3f5548.webp\" alt=\"\" title=\"\"><img decoding=\"async\" src=\"https:\/\/www.mkreborns.com\/wp-content\/uploads\/2026\/03\/kf-S160a0246ec60450ba40c67d32c0961672.webp\" alt=\"\" title=\"\"><img decoding=\"async\" src=\"https:\/\/www.mkreborns.com\/wp-content\/uploads\/2026\/03\/kf-S4d9f66438f1f42e0b260f4684f54fb0bW.webp\" alt=\"\" title=\"\"><img decoding=\"async\" src=\"https:\/\/ae01.alicdn.com\/kf\/S9f14fbaf63524021b86c7a946d713f30N.jpg\" alt=\"\" title=\"\"><img decoding=\"async\" src=\"https:\/\/ae01.alicdn.com\/kf\/Sf7fd6a137dba47e9aecbf4de66cb87df3.jpg\" alt=\"\" title=\"\"><img decoding=\"async\" src=\"https:\/\/ae01.alicdn.com\/kf\/S06ea55e7d37a45acb579364f3408aa76B.jpg\" alt=\"\" title=\"\"><img decoding=\"async\" src=\"https:\/\/ae01.alicdn.com\/kf\/S81d380c3ee694b8eafebd8a9c2653a1at.jpg\" alt=\"\" title=\"\"><img decoding=\"async\" src=\"https:\/\/ae01.alicdn.com\/kf\/S580e530ac6c84a7a82ce96a246202693U.jpg\" alt=\"\" title=\"\"><img decoding=\"async\" src=\"https:\/\/ae01.alicdn.com\/kf\/S4fce4907e8dd42a7b8679f2512ebba25I.jpg\" alt=\"\" title=\"\"><img decoding=\"async\" src=\"https:\/\/ae01.alicdn.com\/kf\/S0f517424cd3642999a0a881e47972c1du.jpg\" alt=\"\" title=\"\"><img decoding=\"async\" src=\"https:\/\/ae01.alicdn.com\/kf\/Sca06b8ff57b34251853a9fb540f747afw.jpg\" alt=\"\" title=\"\"><img decoding=\"async\" src=\"https:\/\/ae01.alicdn.com\/kf\/Sfd3631ab03ee426692991be15c6afe4ee.jpg\" alt=\"\" title=\"\"><\/p>\n<\/div>\n<\/div>","protected":false},"excerpt":{"rendered":"<p>Aprenkite savo atgimusi\u0105 l\u0117l\u0119 stilingai jaukiais, auk\u0161tos kokyb\u0117s drabu\u017eiais, kurie derina \u017eaves\u012f ir patogum\u0105 valand\u0173 valandas i\u0161radingo \u017eaidimo.<\/p>","protected":false},"featured_media":3869,"comment_status":"open","ping_status":"closed","template":"","meta":[],"product_brand":[],"product_cat":[159,148],"product_tag":[],"class_list":{"0":"post-3868","1":"product","2":"type-product","3":"status-publish","4":"has-post-thumbnail","6":"product_cat-clothes-for-reborn-dolls","7":"product_cat-reborn-doll-accessories","9":"first","10":"instock","11":"sale","12":"shipping-taxable","13":"purchasable","14":"product-type-variable","15":"has-default-attributes"},"_links":{"self":[{"href":"https:\/\/www.mkreborns.com\/lt\/wp-json\/wp\/v2\/product\/3868","targetHints":{"allow":["GET"]}}],"collection":[{"href":"https:\/\/www.mkreborns.com\/lt\/wp-json\/wp\/v2\/product"}],"about":[{"href":"https:\/\/www.mkreborns.com\/lt\/wp-json\/wp\/v2\/types\/product"}],"replies":[{"embeddable":true,"href":"https:\/\/www.mkreborns.com\/lt\/wp-json\/wp\/v2\/comments?post=3868"}],"wp:featuredmedia":[{"embeddable":true,"href":"https:\/\/www.mkreborns.com\/lt\/wp-json\/wp\/v2\/media\/3869"}],"wp:attachment":[{"href":"https:\/\/www.mkreborns.com\/lt\/wp-json\/wp\/v2\/media?parent=3868"}],"wp:term":[{"taxonomy":"product_brand","embeddable":true,"href":"https:\/\/www.mkreborns.com\/lt\/wp-json\/wp\/v2\/product_brand?post=3868"},{"taxonomy":"product_cat","embeddable":true,"href":"https:\/\/www.mkreborns.com\/lt\/wp-json\/wp\/v2\/product_cat?post=3868"},{"taxonomy":"product_tag","embeddable":true,"href":"https:\/\/www.mkreborns.com\/lt\/wp-json\/wp\/v2\/product_tag?post=3868"}],"curies":[{"name":"wp","href":"https:\/\/api.w.org\/{rel}","templated":true}]}}