{"id":3800,"date":"2026-03-08T16:05:18","date_gmt":"2026-03-08T16:05:18","guid":{"rendered":"https:\/\/www.mkreborns.com\/?post_type=product&#038;p=3800"},"modified":"2026-03-18T15:18:26","modified_gmt":"2026-03-18T15:18:26","slug":"bonnie-all-silicone-realistic-reborn-doll","status":"publish","type":"product","link":"https:\/\/www.mkreborns.com\/lt\/product\/bonnie-all-silicone-realistic-reborn-doll\/","title":{"rendered":"Bonnie realisti\u0161ka atgimusi silikonin\u0117 l\u0117l\u0117"},"content":{"rendered":"<p>Pagaminta vien i\u0161 silikono, \u0161i atgimimo l\u0117l\u0117 ne tik atrodo tikrovi\u0161kai, bet ir yra saugi bei patvari. Silikonin\u0117 atgimimo l\u0117l\u0117 yra netoksi\u0161ka, bekvap\u0117 ir draugi\u0161ka odai, tod\u0117l j\u0105 saugu apkabinti. Joje n\u0117ra baterij\u0173 ar sud\u0117ting\u0173 elektronini\u0173 komponent\u0173, tod\u0117l tai tikrai tyras ir tylus \u017eaislas-kompanionas.<\/p>\n<p>Lytis: Mergait\u0117<br \/>\nAuk\u0161tis: 40 cm<br \/>\nSvoris: 1,5 kg<br \/>\nPakuot\u0117s svoris: 2,2 kg<br \/>\nPakuot\u0117s matmenys: 46 * 21 * 15 cm<\/p>\n<p>&nbsp;<\/p>\n<p><img decoding=\"async\" class=\"aligncenter wp-image-3805 size-full\" src=\"https:\/\/www.mkreborns.com\/wp-content\/themes\/woodmart\/images\/lazy.svg\" data-src=\"https:\/\/www.mkreborns.com\/wp-content\/uploads\/2026\/03\/Boy-reborn-doll5.jpg\" alt=\"\" width=\"1400\" height=\"933\" title=\"\" srcset=\"\" data-srcset=\"https:\/\/www.mkreborns.com\/wp-content\/uploads\/2026\/03\/Boy-reborn-doll5.jpg 1400w, https:\/\/www.mkreborns.com\/wp-content\/uploads\/2026\/03\/Boy-reborn-doll5-400x267.jpg 400w, https:\/\/www.mkreborns.com\/wp-content\/uploads\/2026\/03\/Boy-reborn-doll5-1200x800.jpg 1200w, https:\/\/www.mkreborns.com\/wp-content\/uploads\/2026\/03\/Boy-reborn-doll5-768x512.jpg 768w, https:\/\/www.mkreborns.com\/wp-content\/uploads\/2026\/03\/Boy-reborn-doll5-18x12.jpg 18w, https:\/\/www.mkreborns.com\/wp-content\/uploads\/2026\/03\/Boy-reborn-doll5-700x467.jpg 700w, https:\/\/www.mkreborns.com\/wp-content\/uploads\/2026\/03\/Boy-reborn-doll5-150x100.jpg 150w\" sizes=\"(max-width: 1400px) 100vw, 1400px\" \/><img decoding=\"async\" class=\"aligncenter wp-image-3814 size-full\" src=\"https:\/\/www.mkreborns.com\/wp-content\/themes\/woodmart\/images\/lazy.svg\" data-src=\"https:\/\/www.mkreborns.com\/wp-content\/uploads\/2026\/03\/Boy-reborn-doll14.jpg\" alt=\"\" width=\"1400\" height=\"933\" title=\"\" srcset=\"\" data-srcset=\"https:\/\/www.mkreborns.com\/wp-content\/uploads\/2026\/03\/Boy-reborn-doll14.jpg 1400w, https:\/\/www.mkreborns.com\/wp-content\/uploads\/2026\/03\/Boy-reborn-doll14-400x267.jpg 400w, https:\/\/www.mkreborns.com\/wp-content\/uploads\/2026\/03\/Boy-reborn-doll14-1200x800.jpg 1200w, https:\/\/www.mkreborns.com\/wp-content\/uploads\/2026\/03\/Boy-reborn-doll14-768x512.jpg 768w, https:\/\/www.mkreborns.com\/wp-content\/uploads\/2026\/03\/Boy-reborn-doll14-18x12.jpg 18w, https:\/\/www.mkreborns.com\/wp-content\/uploads\/2026\/03\/Boy-reborn-doll14-700x467.jpg 700w, https:\/\/www.mkreborns.com\/wp-content\/uploads\/2026\/03\/Boy-reborn-doll14-150x100.jpg 150w\" sizes=\"(max-width: 1400px) 100vw, 1400px\" \/><\/p>","protected":false},"excerpt":{"rendered":"<p>Realisti\u0161kos atgimusios l\u0117l\u0117s tinka \u012fvairiems \u017emon\u0117ms. Jos gali b\u016bti ne tik vaik\u0173 kompanion\u0117s, bet ir palengvinti vieni\u0161um\u0105 vyresnio am\u017eiaus \u017emon\u0117ms, jaunimui ir vidutinio am\u017eiaus \u017emon\u0117ms.<\/p>","protected":false},"featured_media":3806,"comment_status":"open","ping_status":"closed","template":"","meta":[],"product_brand":[],"product_cat":[158,144,155,146,153],"product_tag":[],"class_list":{"0":"post-3800","1":"product","2":"type-product","3":"status-publish","4":"has-post-thumbnail","6":"product_cat-15-inch-baby-dolls","7":"product_cat-baby-girl-reborn-dolls","8":"product_cat-cute-reborn-dolls","9":"product_cat-full-silicone-reborn-dolls","10":"product_cat-newborn-reborn-dolls","12":"first","13":"instock","14":"sale","15":"shipping-taxable","16":"purchasable","17":"product-type-simple"},"_links":{"self":[{"href":"https:\/\/www.mkreborns.com\/lt\/wp-json\/wp\/v2\/product\/3800","targetHints":{"allow":["GET"]}}],"collection":[{"href":"https:\/\/www.mkreborns.com\/lt\/wp-json\/wp\/v2\/product"}],"about":[{"href":"https:\/\/www.mkreborns.com\/lt\/wp-json\/wp\/v2\/types\/product"}],"replies":[{"embeddable":true,"href":"https:\/\/www.mkreborns.com\/lt\/wp-json\/wp\/v2\/comments?post=3800"}],"wp:featuredmedia":[{"embeddable":true,"href":"https:\/\/www.mkreborns.com\/lt\/wp-json\/wp\/v2\/media\/3806"}],"wp:attachment":[{"href":"https:\/\/www.mkreborns.com\/lt\/wp-json\/wp\/v2\/media?parent=3800"}],"wp:term":[{"taxonomy":"product_brand","embeddable":true,"href":"https:\/\/www.mkreborns.com\/lt\/wp-json\/wp\/v2\/product_brand?post=3800"},{"taxonomy":"product_cat","embeddable":true,"href":"https:\/\/www.mkreborns.com\/lt\/wp-json\/wp\/v2\/product_cat?post=3800"},{"taxonomy":"product_tag","embeddable":true,"href":"https:\/\/www.mkreborns.com\/lt\/wp-json\/wp\/v2\/product_tag?post=3800"}],"curies":[{"name":"wp","href":"https:\/\/api.w.org\/{rel}","templated":true}]}}