{"id":3782,"date":"2026-03-08T15:57:12","date_gmt":"2026-03-08T15:57:12","guid":{"rendered":"https:\/\/www.mkreborns.com\/?post_type=product&#038;p=3782"},"modified":"2026-03-18T15:02:57","modified_gmt":"2026-03-18T15:02:57","slug":"ashley-silicone-lifelike-baby-reborn-doll","status":"publish","type":"product","link":"https:\/\/www.mkreborns.com\/lt\/product\/ashley-silicone-lifelike-baby-reborn-doll\/","title":{"rendered":"Ashley silikonin\u0117 tikrovi\u0161ka k\u016bdikio atgimimo l\u0117l\u0117"},"content":{"rendered":"<p>Tikro pavidalo atgimusi l\u0117l\u0117 yra tobulo dyd\u017eio; kadangi ji pakankamai ma\u017ea, jai reikia tik nedaug vietos ir j\u0105 galima lengvai pad\u0117ti ant naktinio stalelio arba sofos kampe, tapdama ramia ir \u0161ilta kambario dalimi. Gr\u012f\u017eus namo po ilgos dienos ir apkabinus atgimusi\u0105 l\u0117l\u0119, nuotaika akimirksniu palengv\u0117ja.<\/p>\n<p>Lytis: Mergait\u0117<br \/>\nAuk\u0161tis: 40 cm<br \/>\nSvoris: 1,7 kg<br \/>\nPakuot\u0117s svoris: 2,5 kg<br \/>\nPakuot\u0117s matmenys: 46 * 21 * 15 cm<\/p>\n<p><img decoding=\"async\" class=\"aligncenter wp-image-3798 size-full\" src=\"https:\/\/www.mkreborns.com\/wp-content\/themes\/woodmart\/images\/lazy.svg\" data-src=\"https:\/\/www.mkreborns.com\/wp-content\/uploads\/2026\/03\/ashley-reborn-doll16.jpg\" alt=\"Atgimusi silikonin\u0117 nei\u0161ne\u0161iotuko l\u0117l\u0117, tikrovi\u0161ka k\u016bdikio l\u0117l\u0117 kolekcininkams ir vaikams, mink\u0161ta ir tikrovi\u0161ka.\" width=\"1400\" height=\"933\" title=\"\" srcset=\"\" data-srcset=\"https:\/\/www.mkreborns.com\/wp-content\/uploads\/2026\/03\/ashley-reborn-doll16.jpg 1400w, https:\/\/www.mkreborns.com\/wp-content\/uploads\/2026\/03\/ashley-reborn-doll16-400x267.jpg 400w, https:\/\/www.mkreborns.com\/wp-content\/uploads\/2026\/03\/ashley-reborn-doll16-1200x800.jpg 1200w, https:\/\/www.mkreborns.com\/wp-content\/uploads\/2026\/03\/ashley-reborn-doll16-768x512.jpg 768w, https:\/\/www.mkreborns.com\/wp-content\/uploads\/2026\/03\/ashley-reborn-doll16-18x12.jpg 18w, https:\/\/www.mkreborns.com\/wp-content\/uploads\/2026\/03\/ashley-reborn-doll16-700x467.jpg 700w, https:\/\/www.mkreborns.com\/wp-content\/uploads\/2026\/03\/ashley-reborn-doll16-150x100.jpg 150w\" sizes=\"(max-width: 1400px) 100vw, 1400px\" \/> <img decoding=\"async\" class=\"aligncenter wp-image-3799 size-full\" src=\"https:\/\/www.mkreborns.com\/wp-content\/themes\/woodmart\/images\/lazy.svg\" data-src=\"https:\/\/www.mkreborns.com\/wp-content\/uploads\/2026\/03\/ashley-reborn-doll17.jpg\" alt=\"Realisti\u0161ka 40 cm silikonin\u0117 nei\u0161ne\u0161iotuko atgimimo l\u0117l\u0117, puikiai tinka kolekcionieriams ir vaik\u0173 dar\u017eeliams.\" width=\"1400\" height=\"933\" title=\"\" srcset=\"\" data-srcset=\"https:\/\/www.mkreborns.com\/wp-content\/uploads\/2026\/03\/ashley-reborn-doll17.jpg 1400w, https:\/\/www.mkreborns.com\/wp-content\/uploads\/2026\/03\/ashley-reborn-doll17-400x267.jpg 400w, https:\/\/www.mkreborns.com\/wp-content\/uploads\/2026\/03\/ashley-reborn-doll17-1200x800.jpg 1200w, https:\/\/www.mkreborns.com\/wp-content\/uploads\/2026\/03\/ashley-reborn-doll17-768x512.jpg 768w, https:\/\/www.mkreborns.com\/wp-content\/uploads\/2026\/03\/ashley-reborn-doll17-18x12.jpg 18w, https:\/\/www.mkreborns.com\/wp-content\/uploads\/2026\/03\/ashley-reborn-doll17-700x467.jpg 700w, https:\/\/www.mkreborns.com\/wp-content\/uploads\/2026\/03\/ashley-reborn-doll17-150x100.jpg 150w\" sizes=\"(max-width: 1400px) 100vw, 1400px\" \/> <img decoding=\"async\" class=\"aligncenter wp-image-3796 size-full\" src=\"https:\/\/www.mkreborns.com\/wp-content\/themes\/woodmart\/images\/lazy.svg\" data-src=\"https:\/\/www.mkreborns.com\/wp-content\/uploads\/2026\/03\/ashley-reborn-doll14.jpg\" alt=\"Realisti\u0161ka 40 cm silikonin\u0117 nei\u0161ne\u0161iotuko atgimimo l\u0117l\u0117, puikiai tinkanti kolekcininkams ir vaikams.\" width=\"1400\" height=\"933\" title=\"\" srcset=\"\" data-srcset=\"https:\/\/www.mkreborns.com\/wp-content\/uploads\/2026\/03\/ashley-reborn-doll14.jpg 1400w, https:\/\/www.mkreborns.com\/wp-content\/uploads\/2026\/03\/ashley-reborn-doll14-400x267.jpg 400w, https:\/\/www.mkreborns.com\/wp-content\/uploads\/2026\/03\/ashley-reborn-doll14-1200x800.jpg 1200w, https:\/\/www.mkreborns.com\/wp-content\/uploads\/2026\/03\/ashley-reborn-doll14-768x512.jpg 768w, https:\/\/www.mkreborns.com\/wp-content\/uploads\/2026\/03\/ashley-reborn-doll14-18x12.jpg 18w, https:\/\/www.mkreborns.com\/wp-content\/uploads\/2026\/03\/ashley-reborn-doll14-700x467.jpg 700w, https:\/\/www.mkreborns.com\/wp-content\/uploads\/2026\/03\/ashley-reborn-doll14-150x100.jpg 150w\" sizes=\"(max-width: 1400px) 100vw, 1400px\" \/><\/p>","protected":false},"excerpt":{"rendered":"<p>\u0160i miela atgimusi l\u0117l\u0117 atrodo labai rausva ir \u0161velni, su mielomis ma\u017eomis rankyt\u0117mis ir kojyt\u0117mis. \u0160velniai u\u017emerktomis akimis ji atrodo i\u0161ties pasin\u0117rusi \u012f sald\u0173 sapn\u0105.<\/p>","protected":false},"featured_media":3785,"comment_status":"open","ping_status":"closed","template":"","meta":[],"product_brand":[],"product_cat":[158,144,155,146,153],"product_tag":[],"class_list":{"0":"post-3782","1":"product","2":"type-product","3":"status-publish","4":"has-post-thumbnail","6":"product_cat-15-inch-baby-dolls","7":"product_cat-baby-girl-reborn-dolls","8":"product_cat-cute-reborn-dolls","9":"product_cat-full-silicone-reborn-dolls","10":"product_cat-newborn-reborn-dolls","12":"first","13":"instock","14":"sale","15":"shipping-taxable","16":"purchasable","17":"product-type-simple"},"_links":{"self":[{"href":"https:\/\/www.mkreborns.com\/lt\/wp-json\/wp\/v2\/product\/3782","targetHints":{"allow":["GET"]}}],"collection":[{"href":"https:\/\/www.mkreborns.com\/lt\/wp-json\/wp\/v2\/product"}],"about":[{"href":"https:\/\/www.mkreborns.com\/lt\/wp-json\/wp\/v2\/types\/product"}],"replies":[{"embeddable":true,"href":"https:\/\/www.mkreborns.com\/lt\/wp-json\/wp\/v2\/comments?post=3782"}],"wp:featuredmedia":[{"embeddable":true,"href":"https:\/\/www.mkreborns.com\/lt\/wp-json\/wp\/v2\/media\/3785"}],"wp:attachment":[{"href":"https:\/\/www.mkreborns.com\/lt\/wp-json\/wp\/v2\/media?parent=3782"}],"wp:term":[{"taxonomy":"product_brand","embeddable":true,"href":"https:\/\/www.mkreborns.com\/lt\/wp-json\/wp\/v2\/product_brand?post=3782"},{"taxonomy":"product_cat","embeddable":true,"href":"https:\/\/www.mkreborns.com\/lt\/wp-json\/wp\/v2\/product_cat?post=3782"},{"taxonomy":"product_tag","embeddable":true,"href":"https:\/\/www.mkreborns.com\/lt\/wp-json\/wp\/v2\/product_tag?post=3782"}],"curies":[{"name":"wp","href":"https:\/\/api.w.org\/{rel}","templated":true}]}}