{"id":3742,"date":"2026-03-08T14:06:59","date_gmt":"2026-03-08T14:06:59","guid":{"rendered":"https:\/\/www.mkreborns.com\/?post_type=product&#038;p=3742"},"modified":"2026-03-18T14:28:06","modified_gmt":"2026-03-18T14:28:06","slug":"bonnie-silicone-real-life-reborn-doll","status":"publish","type":"product","link":"https:\/\/www.mkreborns.com\/lt\/product\/bonnie-silicone-real-life-reborn-doll\/","title":{"rendered":"Bonnie silikonin\u0117 tikrovi\u0161ka atgimusi l\u0117l\u0117"},"content":{"rendered":"<p>Pasirink\u0119 \u0161i\u0105 atgimusi\u0105 l\u0117l\u0119, galite jai suteikti vard\u0105 ir palaipsniui u\u017emegzti su ja ry\u0161\u012f kasdien\u0117s prie\u017ei\u016bros d\u0117ka, suteikdami jai jaukumo savo vieni\u0161am ir pavargusiam gyvenimui. R\u016bpindamiesi atgimusia l\u0117le, taip pat galite nupirkti jai gra\u017ei\u0173 drabu\u017ei\u0173 ir kepuri\u0173. Jei reikia j\u0105 pasiimti \u012f \u012fvairias progas, taip pat galite pakeisti jos drabu\u017eius ir kepures.<\/p>\n<p>Lytis: Berniukas<br \/>\nAuk\u0161tis: 40 cm<br \/>\nSvoris: 1,8 kg<br \/>\nPakuot\u0117s svoris: 2,5 kg<br \/>\nPakuot\u0117s matmenys: 46 * 21 * 15 cm<\/p>\n<p><img decoding=\"async\" class=\"aligncenter wp-image-3755 size-full\" src=\"https:\/\/www.mkreborns.com\/wp-content\/themes\/woodmart\/images\/lazy.svg\" data-src=\"https:\/\/www.mkreborns.com\/wp-content\/uploads\/2026\/03\/closed-eye-reborn-doll13.jpg\" alt=\"\" width=\"1400\" height=\"2100\" title=\"\" srcset=\"\" data-srcset=\"https:\/\/www.mkreborns.com\/wp-content\/uploads\/2026\/03\/closed-eye-reborn-doll13.jpg 1400w, https:\/\/www.mkreborns.com\/wp-content\/uploads\/2026\/03\/closed-eye-reborn-doll13-200x300.jpg 200w, https:\/\/www.mkreborns.com\/wp-content\/uploads\/2026\/03\/closed-eye-reborn-doll13-533x800.jpg 533w, https:\/\/www.mkreborns.com\/wp-content\/uploads\/2026\/03\/closed-eye-reborn-doll13-768x1152.jpg 768w, https:\/\/www.mkreborns.com\/wp-content\/uploads\/2026\/03\/closed-eye-reborn-doll13-1024x1536.jpg 1024w, https:\/\/www.mkreborns.com\/wp-content\/uploads\/2026\/03\/closed-eye-reborn-doll13-1365x2048.jpg 1365w, https:\/\/www.mkreborns.com\/wp-content\/uploads\/2026\/03\/closed-eye-reborn-doll13-8x12.jpg 8w, https:\/\/www.mkreborns.com\/wp-content\/uploads\/2026\/03\/closed-eye-reborn-doll13-700x1050.jpg 700w, https:\/\/www.mkreborns.com\/wp-content\/uploads\/2026\/03\/closed-eye-reborn-doll13-150x225.jpg 150w\" sizes=\"(max-width: 1400px) 100vw, 1400px\" \/> <img decoding=\"async\" class=\"aligncenter wp-image-3754 size-full\" src=\"https:\/\/www.mkreborns.com\/wp-content\/themes\/woodmart\/images\/lazy.svg\" data-src=\"https:\/\/www.mkreborns.com\/wp-content\/uploads\/2026\/03\/closed-eye-reborn-doll12.jpg\" alt=\"Mini silikonin\u0117 atgimstanti l\u0117l\u0117 kolekcininkams ir vaikams. Tikrovi\u0161ka, mink\u0161ta ir tikrovi\u0161ka.\" width=\"1400\" height=\"2100\" title=\"\" srcset=\"\" data-srcset=\"https:\/\/www.mkreborns.com\/wp-content\/uploads\/2026\/03\/closed-eye-reborn-doll12.jpg 1400w, https:\/\/www.mkreborns.com\/wp-content\/uploads\/2026\/03\/closed-eye-reborn-doll12-200x300.jpg 200w, https:\/\/www.mkreborns.com\/wp-content\/uploads\/2026\/03\/closed-eye-reborn-doll12-533x800.jpg 533w, https:\/\/www.mkreborns.com\/wp-content\/uploads\/2026\/03\/closed-eye-reborn-doll12-768x1152.jpg 768w, https:\/\/www.mkreborns.com\/wp-content\/uploads\/2026\/03\/closed-eye-reborn-doll12-1024x1536.jpg 1024w, https:\/\/www.mkreborns.com\/wp-content\/uploads\/2026\/03\/closed-eye-reborn-doll12-1365x2048.jpg 1365w, https:\/\/www.mkreborns.com\/wp-content\/uploads\/2026\/03\/closed-eye-reborn-doll12-8x12.jpg 8w, https:\/\/www.mkreborns.com\/wp-content\/uploads\/2026\/03\/closed-eye-reborn-doll12-700x1050.jpg 700w, https:\/\/www.mkreborns.com\/wp-content\/uploads\/2026\/03\/closed-eye-reborn-doll12-150x225.jpg 150w\" sizes=\"(max-width: 1400px) 100vw, 1400px\" \/> <img decoding=\"async\" class=\"aligncenter wp-image-3744 size-full\" src=\"https:\/\/www.mkreborns.com\/wp-content\/themes\/woodmart\/images\/lazy.svg\" data-src=\"https:\/\/www.mkreborns.com\/wp-content\/uploads\/2026\/03\/closed-eye-reborn-doll2.jpg\" alt=\"\" width=\"1400\" height=\"2100\" title=\"\" srcset=\"\" data-srcset=\"https:\/\/www.mkreborns.com\/wp-content\/uploads\/2026\/03\/closed-eye-reborn-doll2.jpg 1400w, https:\/\/www.mkreborns.com\/wp-content\/uploads\/2026\/03\/closed-eye-reborn-doll2-200x300.jpg 200w, https:\/\/www.mkreborns.com\/wp-content\/uploads\/2026\/03\/closed-eye-reborn-doll2-533x800.jpg 533w, https:\/\/www.mkreborns.com\/wp-content\/uploads\/2026\/03\/closed-eye-reborn-doll2-768x1152.jpg 768w, https:\/\/www.mkreborns.com\/wp-content\/uploads\/2026\/03\/closed-eye-reborn-doll2-1024x1536.jpg 1024w, https:\/\/www.mkreborns.com\/wp-content\/uploads\/2026\/03\/closed-eye-reborn-doll2-1365x2048.jpg 1365w, https:\/\/www.mkreborns.com\/wp-content\/uploads\/2026\/03\/closed-eye-reborn-doll2-8x12.jpg 8w, https:\/\/www.mkreborns.com\/wp-content\/uploads\/2026\/03\/closed-eye-reborn-doll2-700x1050.jpg 700w, https:\/\/www.mkreborns.com\/wp-content\/uploads\/2026\/03\/closed-eye-reborn-doll2-150x225.jpg 150w\" sizes=\"(max-width: 1400px) 100vw, 1400px\" \/><\/p>","protected":false},"excerpt":{"rendered":"<p>Pasirink\u0119 \u0161i\u0105 atgimusi\u0105 l\u0117l\u0119, galite jai suteikti vard\u0105 ir palaipsniui u\u017emegzti su ja ry\u0161\u012f.<\/p>","protected":false},"featured_media":3756,"comment_status":"open","ping_status":"closed","template":"","meta":[],"product_brand":[],"product_cat":[145,158,155,146,153],"product_tag":[],"class_list":{"0":"post-3742","1":"product","2":"type-product","3":"status-publish","4":"has-post-thumbnail","6":"product_cat-baby-boy-reborn-dolls","7":"product_cat-15-inch-baby-dolls","8":"product_cat-cute-reborn-dolls","9":"product_cat-full-silicone-reborn-dolls","10":"product_cat-newborn-reborn-dolls","12":"first","13":"instock","14":"sale","15":"shipping-taxable","16":"purchasable","17":"product-type-simple"},"_links":{"self":[{"href":"https:\/\/www.mkreborns.com\/lt\/wp-json\/wp\/v2\/product\/3742","targetHints":{"allow":["GET"]}}],"collection":[{"href":"https:\/\/www.mkreborns.com\/lt\/wp-json\/wp\/v2\/product"}],"about":[{"href":"https:\/\/www.mkreborns.com\/lt\/wp-json\/wp\/v2\/types\/product"}],"replies":[{"embeddable":true,"href":"https:\/\/www.mkreborns.com\/lt\/wp-json\/wp\/v2\/comments?post=3742"}],"wp:featuredmedia":[{"embeddable":true,"href":"https:\/\/www.mkreborns.com\/lt\/wp-json\/wp\/v2\/media\/3756"}],"wp:attachment":[{"href":"https:\/\/www.mkreborns.com\/lt\/wp-json\/wp\/v2\/media?parent=3742"}],"wp:term":[{"taxonomy":"product_brand","embeddable":true,"href":"https:\/\/www.mkreborns.com\/lt\/wp-json\/wp\/v2\/product_brand?post=3742"},{"taxonomy":"product_cat","embeddable":true,"href":"https:\/\/www.mkreborns.com\/lt\/wp-json\/wp\/v2\/product_cat?post=3742"},{"taxonomy":"product_tag","embeddable":true,"href":"https:\/\/www.mkreborns.com\/lt\/wp-json\/wp\/v2\/product_tag?post=3742"}],"curies":[{"name":"wp","href":"https:\/\/api.w.org\/{rel}","templated":true}]}}