{"id":3458,"date":"2026-01-21T15:19:57","date_gmt":"2026-01-21T15:19:57","guid":{"rendered":"https:\/\/www.mkreborns.com\/?page_id=3458"},"modified":"2026-01-22T14:02:09","modified_gmt":"2026-01-22T14:02:09","slug":"payment-methods","status":"publish","type":"page","link":"https:\/\/www.mkreborns.com\/lt\/payment-methods\/","title":{"rendered":"Mok\u0117jimo b\u016bdai"},"content":{"rendered":"<div>Prie <strong>Mk Reborns<\/strong>, teikiame pirmenyb\u0119 operacij\u0173 saugumui, diskreti\u0161kumui ir patogumui.<br \/>\nSiekdami u\u017etikrinti skland\u0173 atsiskaitymo proces\u0105, palaikome kelis visame pasaulyje pripa\u017eintus mok\u0117jimo sprendimus, kurie visi apdorojami per u\u017e\u0161ifruotus ir reikalavimus atitinkan\u010dius mok\u0117jimo \u0161liuzus.<\/div>\n<hr \/>\n<h2>PayPal<\/h2>\n<div>\u201ePayPal\u201c yra viena i\u0161 labiausiai \u012fsitvirtinusi\u0173 ir patikimiausi\u0173 skaitmenini\u0173 mok\u0117jim\u0173 ekosistem\u0173 pasaulyje.<\/div>\n<div>Per \u201ePayPal\u201c priimame \u012fvairius finansavimo \u0161altinius, \u012fskaitant:<\/div>\n<ul>\n<li>Viza<\/li>\n<li>\u201eMasterCard\u201c<\/li>\n<li>\u201eAmerican Express\u201c<\/li>\n<li>Atraskite<\/li>\n<li>Susietos banko s\u0105skaitos<\/li>\n<\/ul>\n<div>Jei turite aktyvi\u0105 \u201ePayPal\u201c paskyr\u0105, galite u\u017ebaigti pirkim\u0105 naudodami \u201ePayPal\u201c likut\u012f, i\u0161saugotas kredito ar debeto korteles arba susiet\u0105 banko s\u0105skait\u0105 \u2013 i\u0161 naujo ne\u012fved\u0119 neskelbtinos finansin\u0117s informacijos.<\/div>\n<h3>Ar galiu naudoti \u201ePayPal\u201c nesukurdamas paskyros?<\/h3>\n<div>Taip.<br \/>\nPateik\u0119 u\u017esakym\u0105, b\u016bsite nukreipti \u012f saugi\u0105 \u201ePayPal\u201c mok\u0117jimo s\u0105saj\u0105.<br \/>\nJei nenorite registruotis \u201cPayPal\u201d paskyrai, tiesiog pasirinkite parinkt\u012f \u201cMok\u0117ti debeto arba kredito kortele\u201d (arba \u201eNeturiu \u201ePayPal\u201c paskyros\u201c) ir t\u0119skite kaip sve\u010dias, tiesiogiai \u012fvesdami savo kortel\u0117s duomenis.<\/div>\n<div>Norint atsiskaityti kaip sve\u010diui, \u201ePayPal\u201c paskyros nereikia.<\/div>\n<hr \/>\n<h2>Kredito ir debeto kortel\u0117s<\/h2>\n<div>Priimame visas pagrindines tarptautines kredito ir debeto korteles, \u012fskaitant:<\/div>\n<ul>\n<li>Viza<\/li>\n<li>\u201eMasterCard\u201c<\/li>\n<li>\u201eAmerican Express\u201c<\/li>\n<li>Atraskite<\/li>\n<\/ul>\n<div>Visi mok\u0117jimai kortel\u0117mis apdorojami per pramon\u0117je sertifikuotus mok\u0117jimo \u0161liuzus ir yra apsaugoti 256 bit\u0173 SSL \u0161ifravimu, kartu su 3D Secure autentifikavimu, jei taikoma.<\/div>\n<div>J\u016bs\u0173 kortel\u0117s informacija niekada n\u0117ra saugoma m\u016bs\u0173 serveriuose.<\/div>\n<h2>Kod\u0117l mano mok\u0117jimas kortele buvo atmestas?<\/h2>\n<div>Atmesti sandor\u012f gali b\u016bti d\u0117l keli\u0173 prie\u017eas\u010di\u0173, \u012fskaitant, bet neapsiribojant:<\/div>\n<ul>\n<li>Neteisingas kortel\u0117s numeris, galiojimo data arba CVV kodas<\/li>\n<li>Nepakankamas laisvas likutis<\/li>\n<li>Vir\u0161yti j\u016bs\u0173 i\u0161davusio banko nustatyti dienos arba operacij\u0173 limitai<\/li>\n<li>J\u016bs\u0173 bankas riboja internetines arba tarptautines operacijas<\/li>\n<\/ul>\n<h3>Kaip i\u0161spr\u0119sti mok\u0117jimo kortele problemas<\/h3>\n<ul>\n<li><strong>Patikrinkite savo kortel\u0117s duomenis<\/strong><br \/>\nDar kart\u0105 patikrinkite kortel\u0117s numer\u012f, galiojimo dat\u0105, CVV kod\u0105 ir atsiskaitymo adres\u0105.<\/li>\n<li><strong>Susisiekite su savo banku<\/strong><br \/>\nPapra\u0161ykite leidimo operacijai arba internetini\u0173 \/ tarptautini\u0173 mok\u0117jim\u0173 apribojim\u0173 pa\u0161alinimo.<\/li>\n<li><strong>I\u0161bandykite alternatyvi\u0105 kortel\u0119<\/strong><br \/>\nNaudojant kit\u0105 kredito ar debeto kortel\u0119, problema da\u017enai i\u0161sprend\u017eiama i\u0161 karto.<\/li>\n<\/ul>\n<hr \/>\n<h2>Saugumo u\u017etikrinimas<\/h2>\n<div>\ud83d\udd12 Mok\u0117jimo saugumo prane\u0161imas<\/div>\n<div>Visos \u201eMk Reborns\u201c operacijos yra \u0161ifruojamos nuo prad\u017eios iki galo ir apdorojamos naudojant saugias, PCI reikalavimus atitinkan\u010dias mok\u0117jimo infrastrukt\u016bras.<\/div>\n<div>Mes nesaugome ir neturime prieigos prie j\u016bs\u0173 piln\u0173 mok\u0117jimo duomen\u0173 jokiame sandorio etape, tod\u0117l u\u017etikriname, kad j\u016bs\u0173 asmenin\u0117 ir finansin\u0117 informacija visada i\u0161likt\u0173 konfidenciali ir apsaugota.<\/div>","protected":false},"excerpt":{"rendered":"<p>\u201eMk Reborns\u201c teikiame pirmenyb\u0119 operacij\u0173 saugumui, diskreti\u0161kumui ir patogumui. Siekdami u\u017etikrinti skland\u017ei\u0105 atsiskaitymo patirt\u012f, palaikome daugyb\u0119 pasaulini\u0173 paslaug\u0173.<\/p>","protected":false},"author":1,"featured_media":0,"parent":0,"menu_order":0,"comment_status":"closed","ping_status":"closed","template":"","meta":{"footnotes":""},"class_list":["post-3458","page","type-page","status-publish","hentry"],"_links":{"self":[{"href":"https:\/\/www.mkreborns.com\/lt\/wp-json\/wp\/v2\/pages\/3458","targetHints":{"allow":["GET"]}}],"collection":[{"href":"https:\/\/www.mkreborns.com\/lt\/wp-json\/wp\/v2\/pages"}],"about":[{"href":"https:\/\/www.mkreborns.com\/lt\/wp-json\/wp\/v2\/types\/page"}],"author":[{"embeddable":true,"href":"https:\/\/www.mkreborns.com\/lt\/wp-json\/wp\/v2\/users\/1"}],"replies":[{"embeddable":true,"href":"https:\/\/www.mkreborns.com\/lt\/wp-json\/wp\/v2\/comments?post=3458"}],"version-history":[{"count":0,"href":"https:\/\/www.mkreborns.com\/lt\/wp-json\/wp\/v2\/pages\/3458\/revisions"}],"wp:attachment":[{"href":"https:\/\/www.mkreborns.com\/lt\/wp-json\/wp\/v2\/media?parent=3458"}],"curies":[{"name":"wp","href":"https:\/\/api.w.org\/{rel}","templated":true}]}}