{"id":3454,"date":"2026-01-21T15:16:46","date_gmt":"2026-01-21T15:16:46","guid":{"rendered":"https:\/\/www.mkreborns.com\/?page_id=3454"},"modified":"2026-01-28T02:26:13","modified_gmt":"2026-01-28T02:26:13","slug":"shipping-policy","status":"publish","type":"page","link":"https:\/\/www.mkreborns.com\/lt\/shipping-policy\/","title":{"rendered":"Pristatymo politika"},"content":{"rendered":"<div>D\u0117kojame, kad pasirinkote \u201eMk Reborns\u201c. J\u016bs\u0173 u\u017esakymas kruop\u0161\u010diai paruo\u0161iamas ir i\u0161siun\u010diamas efektyviai ir diskreti\u0161kai.<\/div>\n<hr \/>\n<h2>Nemokamas pristatymas visame pasaulyje<\/h2>\n<div>Si\u016blome nemokam\u0105 pristatym\u0105 i\u0161 strategi\u0161kai i\u0161d\u0117styt\u0173 u\u017esienio sand\u0117li\u0173 Jungtin\u0117se Amerikos Valstijose, Europoje, Kanadoje, Jungtin\u0117je Karalyst\u0117je ir Australijoje.<br \/>\nKai prek\u0117s yra sand\u0117lyje, jos siun\u010diamos i\u0161 artimiausios \u012fmon\u0117s, kad b\u016bt\u0173 u\u017etikrintas greitesnis pristatymas.<\/div>\n<hr \/>\n<h2>Numatomas pristatymo laikas (sand\u0117lyje esan\u010dios prek\u0117s)<\/h2>\n<div>\n<table border=\"1\" data-coda-grid-id=\"grid-O7-V0P1M6p\" data-coda-display-column-id=\"c-gzvnCsHVXd\" data-coda-view-config-inheritsdefaultformat=\"false\" data-coda-view-config-tablesearch=\"&quot;AlwaysShow&quot;\" data-coda-grid-configuration-set=\"SimpleTable\">\n<tbody>\n<tr>\n<td>Los And\u017eelas, JAV<\/td>\n<td>\n<div>Jungtin\u0117s Valstijos (Aliaskoje ir Havajuose taikomas ma\u017edaug 100 USD papildomas mokestis)<\/div>\n<\/td>\n<td>3\u20135 darbo dienos<\/td>\n<\/tr>\n<tr>\n<td>ES sand\u0117liai (Vokietija \/ Lenkija)<\/td>\n<td>Daugumoje ES ir pasirinktose EEE \u0161alyse<\/td>\n<td>3\u201310 darbo dien\u0173<\/td>\n<\/tr>\n<tr>\n<td>Vankuveris<\/td>\n<td>Kanada<\/td>\n<td>3\u20135 darbo dienos<\/td>\n<\/tr>\n<tr>\n<td>Sidn\u0117jus<\/td>\n<td>Australija<\/td>\n<td>3\u20137 darbo dienos<\/td>\n<\/tr>\n<tr>\n<td>Jungtin\u0117 Karalyst\u0117<\/td>\n<td>Jungtin\u0117 Karalyst\u0117<\/td>\n<td>3\u20137 darbo dienos<\/td>\n<\/tr>\n<\/tbody>\n<\/table>\n<\/div>\n<div>Pastaba: dauguma u\u017esakym\u0173 apdorojami ir i\u0161siun\u010diami per 48 valandas. Vidutinis pristatymo laikas yra 3\u20135 darbo dienos, nebent susidaryt\u0173 i\u0161imtin\u0117s aplinkyb\u0117s.<\/div>\n<hr \/>\n<h2>Muitai ir mokes\u010diai<\/h2>\n<div>Jei vietini\u0173 preki\u0173 n\u0117ra, prek\u0117s gali b\u016bti i\u0161si\u0173stos i\u0161 kitos \u0161alies.<br \/>\nRetais atvejais gav\u0117j\u0173 gali b\u016bti papra\u0161yta pad\u0117ti atlikti muitin\u0117s formalumus arba importo mokes\u010dius.<\/div>\n<div>Norvegijoje, \u0160veicarijoje, Islandijoje ir Meksikoje muitin\u0117s formalum\u0173 tvarkymas ir taikomi mokes\u010diai yra tik gav\u0117jo atsakomyb\u0117.<\/div>\n<hr \/>\n<h2>U\u017esakym\u0173 sekimas<\/h2>\n<div>Kai siunta bus i\u0161si\u0173sta, bus i\u0161si\u0173stas patvirtinimo el. lai\u0161kas su sekimo informacija.<br \/>\nSekimo informacijos atnaujinimas gali u\u017etrukti iki 48 valand\u0173.<\/div>\n<hr \/>\n<h2>Padalinti siuntiniai<\/h2>\n<div>U\u017esakymai, kuriuose yra kelios prek\u0117s, gali b\u016bti pristatyti atskirose siuntose.<br \/>\nJei dalis j\u016bs\u0173 u\u017esakymo atkeliauja pirma, likusios prek\u0117s vis dar yra tranzitu.<\/div>\n<hr \/>\n<h2>Pristatymo problemos<\/h2>\n<ul>\n<li>Pa\u017eym\u0117ta pristatyta, bet negauta: Nedelsdami susisiekite su kurjeriu ir el. pa\u0161tu <a href=\"http:\/\/\">support@mkreborns.com<\/a>.<\/li>\n<li>Pa\u017eeisti daiktai: dokumentuokite pa\u017eeidimus ai\u0161kiomis nuotraukomis arba vaizdo \u012fra\u0161ais, tada pateikite pretenzij\u0105 kurjeriui.<\/li>\n<li>Neteisingi daiktai: pateikite nuotrauk\u0173 ir vaizdo \u012fra\u0161\u0173 \u012frodymus, o m\u016bs\u0173 klient\u0173 aptarnavimo komanda kuo grei\u010diau i\u0161spr\u0119s problem\u0105.<\/li>\n<\/ul>\n<hr \/>\n<h2>Gr\u0105\u017einimai ir keitimai<\/h2>\n<div>Pra\u0161ome susisiekti <a href=\"http:\/\/\">support@mkreborns.com<\/a> prie\u0161 pradedant bet kok\u012f gr\u0105\u017einim\u0105.<br \/>\nNeleistini gr\u0105\u017einimai arba atsisakytos pristatymo prek\u0117s nebus priimamos.<\/div>\n<div>Prek\u0117s turi likti nenaudotos ir su neatidaryta vidine apsaugine pakuote.<br \/>\nI\u0161samias s\u0105lygas rasite m\u016bs\u0173 i\u0161samioje gr\u0105\u017einimo politikoje.<\/div>","protected":false},"excerpt":{"rendered":"<p>D\u0117kojame, kad pasirinkote \u201eMk Reborns\u201c. J\u016bs\u0173 u\u017esakymas kruop\u0161\u010diai paruo\u0161iamas ir i\u0161siun\u010diamas efektyviai ir diskreti\u0161kai. Nemokamas pristatymas visame pasaulyje.<\/p>","protected":false},"author":1,"featured_media":0,"parent":0,"menu_order":0,"comment_status":"closed","ping_status":"closed","template":"","meta":{"footnotes":""},"class_list":["post-3454","page","type-page","status-publish","hentry"],"_links":{"self":[{"href":"https:\/\/www.mkreborns.com\/lt\/wp-json\/wp\/v2\/pages\/3454","targetHints":{"allow":["GET"]}}],"collection":[{"href":"https:\/\/www.mkreborns.com\/lt\/wp-json\/wp\/v2\/pages"}],"about":[{"href":"https:\/\/www.mkreborns.com\/lt\/wp-json\/wp\/v2\/types\/page"}],"author":[{"embeddable":true,"href":"https:\/\/www.mkreborns.com\/lt\/wp-json\/wp\/v2\/users\/1"}],"replies":[{"embeddable":true,"href":"https:\/\/www.mkreborns.com\/lt\/wp-json\/wp\/v2\/comments?post=3454"}],"version-history":[{"count":0,"href":"https:\/\/www.mkreborns.com\/lt\/wp-json\/wp\/v2\/pages\/3454\/revisions"}],"wp:attachment":[{"href":"https:\/\/www.mkreborns.com\/lt\/wp-json\/wp\/v2\/media?parent=3454"}],"curies":[{"name":"wp","href":"https:\/\/api.w.org\/{rel}","templated":true}]}}