{"id":3449,"date":"2026-01-20T14:40:52","date_gmt":"2026-01-20T14:40:52","guid":{"rendered":"https:\/\/www.mkreborns.com\/?page_id=3449"},"modified":"2026-01-28T02:03:34","modified_gmt":"2026-01-28T02:03:34","slug":"terms-conditions","status":"publish","type":"page","link":"https:\/\/www.mkreborns.com\/lt\/terms-conditions\/","title":{"rendered":"S\u0105lygos ir nuostatos"},"content":{"rendered":"<h2 class=\"wp-block-heading\">1. \u012evadas<\/h2>\r\n\r\n\r\n\r\n<p>\u0160ios s\u0105lygos ir nuostatos (\u201cS\u0105lygos\u201d) reglamentuoja j\u016bs\u0173 prieig\u0105 prie ir naudojim\u0105si <strong>mkreborns.com<\/strong> (\u201cSvetain\u0117\u201d) \u2013 skaitmenin\u0117 nuosavyb\u0117, kuri\u0105 valdo <strong>Mk Reborns<\/strong> (\u201cmes\u201d, \u201cmus\u201d, \u201cm\u016bs\u0173\u201d).<\/p>\r\n\r\n\r\n\r\n<p>Siekiant i\u0161vengti abejoni\u0173, bet kokia nuoroda \u012f \u201cj\u016bs\u201d, \u201cj\u016bs\u0173\u201d ar \u201cklientas\u201d rei\u0161kia bet kur\u012f asmen\u012f ar subjekt\u0105, perkant\u012f produktus i\u0161 \u201eMk Reborns\u201c per \u0161i\u0105 svetain\u0119.<\/p>\r\n\r\n\r\n\r\n<p>J\u016bs\u0173 \u012fstatymin\u0117s vartotoj\u0173 teis\u0117s lieka nepakitusios.<\/p>\r\n\r\n\r\n\r\n<p>Naudodamiesi \u0161ia svetaine, j\u0105 nar\u0161ydami ar pateikdami u\u017esakym\u0105 joje, j\u016bs patvirtinate, kad perskait\u0117te, supratote ir sutinkate su \u0161iomis S\u0105lygomis ir m\u016bs\u0173 <strong>Privatumo politika<\/strong>, <strong>Gr\u0105\u017einimo politika<\/strong>, ir <strong>Pristatymo politika<\/strong>, kurie kartu sudaro vis\u0105 susitarim\u0105 tarp j\u016bs\u0173 ir \u201eMk Reborns\u201c.<\/p>\r\n\r\n\r\n\r\n<p>Jei nesutinkate su \u0161iomis S\u0105lygomis, negalite pateikti u\u017esakymo per \u0161i\u0105 svetain\u0119.<\/p>\r\n\r\n\r\n<hr class=\"wp-block-separator has-alpha-channel-opacity\" \/>\r\n\r\n\r\n<h2 class=\"wp-block-heading\">2. \u0160i\u0173 S\u0105lyg\u0173 pakeitimai<\/h2>\r\n\r\n\r\n\r\n<p>\u201eMk Reborns\u201c pasilieka teis\u0119 bet kuriuo metu be i\u0161ankstinio \u012fsp\u0117jimo per\u017ei\u016br\u0117ti, i\u0161 dalies pakeisti arba pakeisti \u0161ias S\u0105lygas.<br \/>Tam sandoriui taikomos S\u0105lygos, galiojan\u010dios pateikiant u\u017esakym\u0105.<\/p>\r\n\r\n\r\n\r\n<p>Prie\u0161 kiekvien\u0105 pirkim\u0105 rekomenduojama per\u017ei\u016br\u0117ti \u0161ias S\u0105lygas.<\/p>\r\n\r\n\r\n<hr class=\"wp-block-separator has-alpha-channel-opacity\" \/>\r\n\r\n\r\n<h2 class=\"wp-block-heading\">3. Teis\u0117tas am\u017eiaus reikalavimas<\/h2>\r\n\r\n\r\n\r\n<p>Pateikdami u\u017esakym\u0105 \u0161ioje svetain\u0117je, J\u016bs patvirtinate ir garantuojate, kad esate pilnametis(-\u0117), turintis(-i) teis\u0119 pirkti si\u016blomas prekes.<\/p>\r\n\r\n\r\n\r\n<p>Jei pagr\u012fstai manysime, kad u\u017esakym\u0105 pateik\u0117 asmuo, neatitinkantis teis\u0117to am\u017eiaus reikalavimo, pasiliekame teis\u0119 at\u0161aukti tok\u012f u\u017esakym\u0105 be jokios atsakomyb\u0117s.<\/p>\r\n\r\n\r\n<hr class=\"wp-block-separator has-alpha-channel-opacity\" \/>\r\n\r\n\r\n<h2 class=\"wp-block-heading\">4. Sutarties sudarymas<\/h2>\r\n\r\n\r\n\r\n<p>Visi u\u017esakymai, pateikti per \u0161i\u0105 svetain\u0119, priklauso nuo \u201eMk Reborns\u201c patvirtinimo ir produkto prieinamumo.<\/p>\r\n\r\n\r\n\r\n<p>Pasiliekame absoliu\u010di\u0105 teis\u0119 atsisakyti arba at\u0161aukti bet kok\u012f u\u017esakym\u0105 d\u0117l bet kokios prie\u017easties, \u012fskaitant, bet neapsiribojant, preki\u0173 ribojim\u0105, kain\u0173 netikslumus ar \u012ftariam\u0105 nes\u0105\u017eining\u0105 veikl\u0105.<\/p>\r\n\r\n\r\n\r\n<p>Privaloma sutartis laikoma sudaryta tik tada, kai \u201eMk Reborns\u201c i\u0161siun\u010dia u\u017esakytas prekes ir i\u0161siun\u010dia siuntos patvirtinimo el. lai\u0161k\u0105.<\/p>\r\n\r\n\r\n<hr class=\"wp-block-separator has-alpha-channel-opacity\" \/>\r\n\r\n\r\n<h2 class=\"wp-block-heading\">5. Kainodara ir tikslumas<\/h2>\r\n\r\n\r\n\r\n<p>Nors stengiam\u0117s u\u017etikrinti, kad visos rodomos kainos b\u016bt\u0173 tikslios publikavimo metu, pasiliekame teis\u0119 bet kuriuo metu jas keisti.<\/p>\r\n\r\n\r\n\r\n<p>Jei kainos pakeitimas i\u0161 esm\u0117s paveiks j\u016bs\u0173 u\u017esakym\u0105, b\u016bsite informuoti prie\u0161 i\u0161siuntim\u0105.<\/p>\r\n\r\n\r\n<hr class=\"wp-block-separator has-alpha-channel-opacity\" \/>\r\n\r\n\r\n<h2 class=\"wp-block-heading\">6. At\u0161aukimo teis\u0117 (ES ir JK vartotojams)<\/h2>\r\n\r\n\r\n\r\n<p>Jei esate vartotojas, esantis Europos S\u0105jungoje arba Jungtin\u0117je Karalyst\u0117je, galite tur\u0117ti teis\u0119 at\u0161aukti savo u\u017esakym\u0105 per keturiolika (14) darbo dien\u0173 nuo preki\u0173 gavimo dienos, vadovaudamiesi taikomais vartotoj\u0173 apsaugos teis\u0117s aktais.<\/p>\r\n\r\n\r\n\r\n<p>Gr\u0105\u017einimas po at\u0161aukimo bus atliekamas laikantis j\u016bs\u0173 \u012fstatymini\u0173 teisi\u0173.<\/p>\r\n\r\n\r\n\r\n<p>Gr\u0105\u017einimo teis\u0117s ir proced\u016bros gali skirtis priklausomai nuo regiono. \u017dr. m\u016bs\u0173 <strong>Gr\u0105\u017einimo politika<\/strong> d\u0117l i\u0161samesn\u0117s informacijos.<\/p>\r\n\r\n\r\n<hr class=\"wp-block-separator has-alpha-channel-opacity\" \/>\r\n\r\n\r\n<h2 class=\"wp-block-heading\">7. Rinkodaros komunikacijos<\/h2>\r\n\r\n\r\n\r\n<p>Informacija apie el. pa\u0161to komunikacij\u0105 ir reklaminius prane\u0161imus pateikiama m\u016bs\u0173 <strong>Privatumo politika<\/strong>.<\/p>\r\n\r\n\r\n\r\n<p>Pateikdami savo kontaktin\u0119 informacij\u0105, j\u016bs sutinkate su komunikacija, atitinkan\u010dia \u0161i\u0105 politik\u0105.<\/p>\r\n\r\n\r\n<hr class=\"wp-block-separator has-alpha-channel-opacity\" \/>\r\n\r\n\r\n<h2 class=\"wp-block-heading\">8. Privatumas ir duomen\u0173 apsauga<\/h2>\r\n\r\n\r\n\r\n<p>M\u016bs\u0173 <strong>Privatumo politika<\/strong> paai\u0161kinama, kaip asmens duomenys yra renkami, tvarkomi, saugomi, bendrinami ir saugomi.<\/p>\r\n\r\n\r\n\r\n<p>\u012egyvendiname komerci\u0161kai pagr\u012fstas apsaugos priemones, siekdami u\u017etikrinti duomen\u0173 saugum\u0105 ir atitikt\u012f j\u016bs\u0173 jurisdikcijoje galiojantiems duomen\u0173 apsaugos \u012fstatymams.<\/p>\r\n\r\n\r\n\r\n<p>Slapukai ir pana\u0161ios technologijos naudojami siekiant pagerinti svetain\u0117s funkcionalum\u0105. Daugiau informacijos rasite m\u016bs\u0173 <strong>Slapuk\u0173 politika<\/strong>.<\/p>\r\n\r\n\r\n<hr class=\"wp-block-separator has-alpha-channel-opacity\" \/>\r\n\r\n\r\n<h2 class=\"wp-block-heading\">9. Suk\u010diavimo prevencija<\/h2>\r\n\r\n\r\n\r\n<p>\u201eMk Reborns\u201c \u012fgyvendina grie\u017etas suk\u010diavimo prevencijos priemones ir naudojasi tre\u010di\u0173j\u0173 \u0161ali\u0173 patikros ir steb\u0117jimo paslaugomis.<\/p>\r\n\r\n\r\n\r\n<p>Apie bet kok\u012f bandym\u0105 pateikti melaging\u0105, klaidinan\u010di\u0105 ar netiksli\u0105 informacij\u0105 suk\u010diavimo tikslais gali b\u016bti prane\u0161ta atitinkamoms kovos su suk\u010diavimu institucijoms.<\/p>\r\n\r\n\r\n\r\n<p>Pasiliekame teis\u0119 sustabdyti arba nutraukti paskyras, susijusias su \u012ftariamu nes\u0105\u017einingu elgesiu.<\/p>\r\n\r\n\r\n<hr class=\"wp-block-separator has-alpha-channel-opacity\" \/>\r\n\r\n\r\n<h2 class=\"wp-block-heading\">10. Automatin\u0117 prieiga ir \u017einiatinklio robotai<\/h2>\r\n\r\n\r\n\r\n<p>Prie \u0161ios svetain\u0117s gali prisijungti tik automatizuotos programin\u0117s \u012frangos programos, kurioms ai\u0161kiai pritar\u0117 \u201cMk Reborns\u201d ir kurios atitinka m\u016bs\u0173 robot\u0173 naudojimo politik\u0105 (\u201eLeid\u017eiami robotai\u201c).<\/p>\r\n\r\n\r\n\r\n<p>Neleistini robotai apima, bet neapsiriboja, scenarijus, kurie perkrauna serverius, automatizuoja krep\u0161elio veikl\u0105, nuskaito turin\u012f arba sutrikdo klient\u0173 patirt\u012f.<\/p>\r\n\r\n\r\n\r\n<p>Pasiliekame teis\u0119 nedelsiant blokuoti toki\u0105 prieig\u0105 ir sustabdyti susijusias paskyras.<\/p>\r\n\r\n\r\n\r\n<p>J\u016bs sutinkate atlyginti \u201eMk Reborns\u201c visus nuostolius, i\u0161laidas ir i\u0161laidas, atsiradusias d\u0117l neteis\u0117tos automatin\u0117s prieigos.<\/p>\r\n\r\n\r\n<hr class=\"wp-block-separator has-alpha-channel-opacity\" \/>\r\n\r\n\r\n<h2 class=\"wp-block-heading\">11. Intelektin\u0117 nuosavyb\u0117<\/h2>\r\n\r\n\r\n\r\n<p>Visas svetain\u0117s turinys, \u012fskaitant tekst\u0105, vaizdus, grafik\u0105 ir i\u0161d\u0117stym\u0105, yra i\u0161imtin\u0117 \u201eMk Reborns\u201c nuosavyb\u0117, nebent b\u016bt\u0173 nurodyta kitaip.<\/p>\r\n\r\n\r\n\r\n<p>Be i\u0161ankstinio ra\u0161ti\u0161ko sutikimo negalima atgaminti, platinti, modifikuoti ar naudoti komerciniais tikslais jokio turinio, i\u0161skyrus asmenin\u012f, nekomercin\u012f naudojim\u0105.<\/p>\r\n\r\n\r\n\r\n<p>J\u016bs sutinkate nekurti i\u0161vestini\u0173 darb\u0173 i\u0161 Svetain\u0117s turinio.<\/p>\r\n\r\n\r\n<hr class=\"wp-block-separator has-alpha-channel-opacity\" \/>\r\n\r\n\r\n<h2 class=\"wp-block-heading\">12. Garantij\u0173 atsisakymas<\/h2>\r\n\r\n\r\n\r\n<p>\u0160i Svetain\u0117 teikiama \u201ctokia, kokia yra\u201d ir \u201ckaip prieinama\u201d.<\/p>\r\n\r\n\r\n\r\n<p>Mes nesuteikiame joki\u0173 ai\u0161ki\u0173 ar numanom\u0173 garantij\u0173 d\u0117l nepertraukiamos prieigos, tikslumo, veikimo be klaid\u0173 ar kenksming\u0173 komponent\u0173 nebuvimo.<\/p>\r\n\r\n\r\n\r\n<p>Niekas \u0161iame atsakomyb\u0117s apribojime neriboja j\u016bs\u0173 \u012fstatymini\u0173 teisi\u0173, susijusi\u0173 su \u012fsigytomis prek\u0117mis.<\/p>\r\n\r\n\r\n<hr class=\"wp-block-separator has-alpha-channel-opacity\" \/>\r\n\r\n\r\n<h2 class=\"wp-block-heading\">13. Atsakomyb\u0117s apribojimas<\/h2>\r\n\r\n\r\n\r\n<p>Kiek tai leid\u017eiama \u012fstatym\u0173, \u201eMk Reborns\u201c neatsako u\u017e:<\/p>\r\n\r\n\r\n\r\n<ul class=\"wp-block-list\">\r\n<li>nuostoliai, kuri\u0173 nebuvo galima pagr\u012fstai numatyti sudarant sutart\u012f;<\/li>\r\n\r\n\r\n\r\n<li>nuostoliai, atsirad\u0119 ne d\u0117l m\u016bs\u0173 pa\u017eeidimo;<\/li>\r\n\r\n\r\n\r\n<li>verslo nuostoliai arba ne vartotoj\u0173 nuostoliai.<\/li>\r\n<\/ul>\r\n\r\n\r\n\r\n<p>Mes neatmetame ir neribojame atsakomyb\u0117s u\u017e:<\/p>\r\n\r\n\r\n\r\n<p>(a) mirtis ar k\u016bno su\u017ealojimas d\u0117l neatsargumo;<br \/>(b) suk\u010diavimas arba apgaulingas klaidinimas;<br \/>(c) \u012fstatym\u0173 numatyt\u0173 numanom\u0173 s\u0105lyg\u0173, susijusi\u0173 su pavadinimu, apra\u0161ymu, kokybe ar tinkamumu, pa\u017eeidimas;<br \/>(d) atsakomyb\u0117 pagal taikomus vartotoj\u0173 apsaugos teis\u0117s aktus.<\/p>\r\n\r\n\r\n<hr class=\"wp-block-separator has-alpha-channel-opacity\" \/>\r\n\r\n\r\n<h2 class=\"wp-block-heading\">14. Priimtinas naudojimas<\/h2>\r\n\r\n\r\n\r\n<p>J\u016bs sutinkate naudoti \u0161i\u0105 Svetain\u0119 tik teis\u0117tais tikslais ir tokiu b\u016bdu, kuris nepa\u017eeid\u017eia kit\u0173 asmen\u0173 teisi\u0173 ir neriboja j\u0173 naudojimosi Svetaine.<\/p>\r\n\r\n\r\n\r\n<p>Draud\u017eiamas elgesys apima, bet neapsiriboja, priekabiavim\u0105, \u012f\u017eeid\u017eian\u010dios med\u017eiagos platinim\u0105 ar \u012fprasto Svetain\u0117s veikimo sutrikdym\u0105.<\/p>\r\n\r\n\r\n<hr class=\"wp-block-separator has-alpha-channel-opacity\" \/>\r\n\r\n\r\n<h2 class=\"wp-block-heading\">15. Vartotoj\u0173 sukurtas turinys (ap\u017evalgos, vaizdai, pateikimai)<\/h2>\r\n\r\n\r\n\r\n<p>Pateikdami atsiliepimus, \u012fvertinimus, vaizdus ar kit\u0105 turin\u012f, j\u016bs parei\u0161kiate ir garantuojate, kad:<\/p>\r\n\r\n\r\n\r\n<ul class=\"wp-block-list\">\r\n<li>Jums priklauso visos su tuo susijusios intelektin\u0117s nuosavyb\u0117s teis\u0117s;<\/li>\r\n\r\n\r\n\r\n<li>J\u016bs atsisak\u0117te bet koki\u0173 moralini\u0173 teisi\u0173.<\/li>\r\n\r\n\r\n\r\n<li>Turinys yra teisingas ir teis\u0117tas.<\/li>\r\n\r\n\r\n\r\n<li>Jums yra bent a\u0161tuoniolika (18) met\u0173.<\/li>\r\n<\/ul>\r\n\r\n\r\n\r\n<p>J\u016bs suteikiate \u201eMk Reborns\u201c nuolatin\u0119, neat\u0161aukiam\u0105, neatlygintin\u0105, pasaulin\u0119 licencij\u0105 naudoti, atgaminti, modifikuoti, publikuoti, versti, platinti ir kitaip i\u0161naudoti tok\u012f turin\u012f be atlygio.<\/p>\r\n\r\n\r\n\r\n<p>Pasiliekame teis\u0119 savo nuo\u017ei\u016bra redaguoti, pa\u0161alinti arba atsisakyti publikuoti bet kok\u012f turin\u012f.<\/p>\r\n\r\n\r\n\r\n<p>J\u016bs liekate visi\u0161kai atsakingi u\u017e pateikt\u0105 turin\u012f.<\/p>\r\n\r\n\r\n<hr class=\"wp-block-separator has-alpha-channel-opacity\" \/>\r\n\r\n\r\n<h2 class=\"wp-block-heading\">16. Lojalumo programa<\/h2>\r\n\r\n\r\n\r\n<p>Mes pertvarkome savo lojalumo program\u0105.<br \/>Esamos ta\u0161k\u0173 sistemos gali b\u016bti nutrauktos be tolesnio kaupimo ar panaudojimo.<\/p>\r\n\r\n\r\n<hr class=\"wp-block-separator has-alpha-channel-opacity\" \/>\r\n\r\n\r\n<h2 class=\"wp-block-heading\">17. Pardavimo mokestis (Jungtin\u0117s Valstijos)<\/h2>\r\n\r\n\r\n\r\n<p>Taikomas pardavimo arba naudojimo mokestis bus apskai\u010diuotas pagal j\u016bs\u0173 pristatymo adres\u0105 ir rodomas atsiskaitymo metu.<\/p>\r\n\r\n\r\n\r\n<p>Pateiktos mokes\u010di\u0173 sumos yra apytiksl\u0117s; galutin\u0117 mokes\u010di\u0173 suma bus patvirtinta u\u017esakym\u0105 u\u017ebaigus.<\/p>\r\n\r\n\r\n<hr class=\"wp-block-separator has-alpha-channel-opacity\" \/>\r\n\r\n\r\n<h2 class=\"wp-block-heading\">18. I\u0161orin\u0117s nuorodos<\/h2>\r\n\r\n\r\n\r\n<p>\u0160ioje svetain\u0117je gali b\u016bti nuorod\u0173 \u012f tre\u010di\u0173j\u0173 \u0161ali\u0173 svetaines.<br \/>Mes nekontroliuojame ir nepatvirtiname toki\u0173 svetaini\u0173 ir neprisiimame jokios atsakomyb\u0117s u\u017e j\u0173 turin\u012f.<\/p>\r\n\r\n\r\n<hr class=\"wp-block-separator has-alpha-channel-opacity\" \/>\r\n\r\n\r\n<h2 class=\"wp-block-heading\">19. Taikoma teis\u0117 ir jurisdikcija<\/h2>\r\n<div>\u0160ioms S\u0105lygoms ir bet kokiems i\u0161 j\u0173 kylantiems ar su jomis susijusiems gin\u010dams ar ie\u0161kiniams (\u012fskaitant nesutartinius gin\u010dus ar ie\u0161kinius) taikoma Honkongo specialiojo administracinio regiono (HKSAR) teis\u0117 ir jie ai\u0161kinami pagal j\u0105, neatsi\u017evelgiant \u012f jos \u012fstatym\u0173 kolizijos principus.<\/div>\r\n<div>J\u016bs neat\u0161aukiamai sutinkate, kad Honkongo teismai turi i\u0161imtin\u0119 jurisdikcij\u0105 spr\u0119sti bet kokius gin\u010dus ar ie\u0161kinius, kylan\u010dius i\u0161 \u0161i\u0173 S\u0105lyg\u0173 ar j\u016bs\u0173 naudojimosi Svetaine arba susijusius su jomis.<\/div>\r\n\r\n\r\n<hr class=\"wp-block-separator has-alpha-channel-opacity\" \/>\r\n\r\n\r\n<h2 class=\"wp-block-heading\">20. Nenugalimos j\u0117gos aplinkyb\u0117s<\/h2>\r\n\r\n\r\n\r\n<p>Mes neatsakome u\u017e gedimus ar v\u0117lavimus, atsiradusius d\u0117l \u012fvyki\u0173, kuri\u0173 negalime pagr\u012fstai kontroliuoti, \u012fskaitant, bet neapsiribojant, stichines nelaimes, pandemijas, vyriausyb\u0117s veiksmus ar pilietinius neramumus.<\/p>\r\n\r\n\r\n\r\n<p>Tokio \u012fvykio metu paveikti \u012fsipareigojimai sustabdomi.<\/p>\r\n\r\n\r\n<hr class=\"wp-block-separator has-alpha-channel-opacity\" \/>\r\n\r\n\r\n<h2 class=\"wp-block-heading\">21. Priskyrimas ir atskiriamumas<\/h2>\r\n\r\n\r\n\r\n<p>Mes galime perleisti savo teises ir pareigas pagal \u0161ias S\u0105lygas nepaveikdami j\u016bs\u0173 teisi\u0173.<\/p>\r\n\r\n\r\n\r\n<p>J\u016bs negalite perleisti savo teisi\u0173 be m\u016bs\u0173 ra\u0161ti\u0161ko sutikimo.<\/p>\r\n\r\n\r\n\r\n<p>Jei kuri nors nuostata pripa\u017e\u012fstama ne\u012fgyvendinama, likusios nuostatos lieka galioti visa apimtimi.<\/p>\r\n\r\n\r\n<hr class=\"wp-block-separator has-alpha-channel-opacity\" \/>\r\n\r\n\r\n<h2 class=\"wp-block-heading\">22. Atsisakymas<\/h2>\r\n\r\n\r\n\r\n<p>\u201eMk Reborns\u201c nesugeb\u0117jimas \u012fgyvendinti kurios nors nuostatos nerei\u0161kia, kad ji bus vykdoma ateityje, ir tai nerei\u0161kia, kad ji bus vykdoma ateityje.<\/p>","protected":false},"excerpt":{"rendered":"<p>1. \u012evadas \u0160ios s\u0105lygos ir nuostatos (\u201cS\u0105lygos\u201d) reglamentuoja j\u016bs\u0173 prieig\u0105 prie mkreborns.com (\u201cSvetain\u0117\u201d) ir jos naudojim\u0105 \u2013 skaitmenin\u0119<\/p>","protected":false},"author":1,"featured_media":0,"parent":0,"menu_order":0,"comment_status":"closed","ping_status":"closed","template":"","meta":{"footnotes":""},"class_list":["post-3449","page","type-page","status-publish","hentry"],"_links":{"self":[{"href":"https:\/\/www.mkreborns.com\/lt\/wp-json\/wp\/v2\/pages\/3449","targetHints":{"allow":["GET"]}}],"collection":[{"href":"https:\/\/www.mkreborns.com\/lt\/wp-json\/wp\/v2\/pages"}],"about":[{"href":"https:\/\/www.mkreborns.com\/lt\/wp-json\/wp\/v2\/types\/page"}],"author":[{"embeddable":true,"href":"https:\/\/www.mkreborns.com\/lt\/wp-json\/wp\/v2\/users\/1"}],"replies":[{"embeddable":true,"href":"https:\/\/www.mkreborns.com\/lt\/wp-json\/wp\/v2\/comments?post=3449"}],"version-history":[{"count":0,"href":"https:\/\/www.mkreborns.com\/lt\/wp-json\/wp\/v2\/pages\/3449\/revisions"}],"wp:attachment":[{"href":"https:\/\/www.mkreborns.com\/lt\/wp-json\/wp\/v2\/media?parent=3449"}],"curies":[{"name":"wp","href":"https:\/\/api.w.org\/{rel}","templated":true}]}}