{"id":3,"date":"2025-12-24T14:18:41","date_gmt":"2025-12-24T14:18:41","guid":{"rendered":"https:\/\/www.mkreborns.com\/?page_id=3"},"modified":"2026-01-20T10:07:36","modified_gmt":"2026-01-20T10:07:36","slug":"privacy-policy","status":"publish","type":"page","link":"https:\/\/www.mkreborns.com\/lt\/privacy-policy\/","title":{"rendered":"Privatumo politika"},"content":{"rendered":"<p>Prie <strong>Mk Reborns<\/strong>, mes teikiame didel\u0119 reik\u0161m\u0119 asmens duomen\u0173 konfidencialumui, vientisumui ir atsakingam tvarkymui. \u0160ioje privatumo politikoje paai\u0161kinama, kaip duomenys renkami, tvarkomi, saugomi ir saugomi, kai j\u016bs lankot\u0117s m\u016bs\u0173 svetain\u0117je arba su ja s\u0105veikaujate.<\/p>\n\n\n\n<hr class=\"wp-block-separator has-alpha-channel-opacity\"\/>\n\n\n\n<h2 class=\"wp-block-heading\">1. Kas mes esame<\/h2>\n\n\n\n<p>Svetain\u0117 <strong><a href=\"https:\/\/www.mkreborns.com\/lt\/\">https:\/\/www.mkreborns.com<\/a><\/strong> priklauso ir yra valdoma <strong>Mk Reborns<\/strong>.<br>\u0160ioje politikoje nuorodos \u012f \u201cmes\u201d, \u201cm\u016bs\u0173\u201d arba \u201cmus\u201d rei\u0161kia tik \u201eMk Reborns\u201c.<\/p>\n\n\n\n<hr class=\"wp-block-separator has-alpha-channel-opacity\"\/>\n\n\n\n<h2 class=\"wp-block-heading\">2. Komentarai ir vartotoj\u0173 pateikti duomenys<\/h2>\n\n\n\n<p>Kai lankytojai nusprend\u017eia palikti komentarus m\u016bs\u0173 svetain\u0117je, mes renkame informacij\u0105, rodom\u0105 komentar\u0173 pateikimo formoje, kartu su lankytojo... <strong>IP adresas<\/strong> ir <strong>nar\u0161ykl\u0117s vartotojo agento eilut\u0117<\/strong>. \u0160i informacija renkama grie\u017etai siekiant u\u017etikrinti platformos saugum\u0105 ir u\u017ekirsti keli\u0105 nepageidaujamam ar \u012f\u017eeid\u017eian\u010diam turiniui.<\/p>\n\n\n\n<p>Anoniminis identifikatorius, sugeneruotas i\u0161 j\u016bs\u0173 el. pa\u0161to adreso (paprastai vadinamas <em>mai\u0161os<\/em>) gali b\u016bti perduodamas <strong>Gravataras<\/strong> paslauga, skirta nustatyti, ar yra susij\u0119s profilis.<br>\u201eGravatar\u201c paslauga veikia pagal savo privatumo sistem\u0105, kuri\u0105 galima per\u017ei\u016br\u0117ti adresu:<br><a href=\"https:\/\/automattic.com\/privacy\/\" target=\"_blank\" rel=\"noopener\">https:\/\/automattic.com\/privacy\/<\/a><\/p>\n\n\n\n<p>Kai komentaras patvirtinamas, bet kokia su juo susijusi profilio nuotrauka tampa vie\u0161ai matoma \u0161alia komentaro.<\/p>\n\n\n\n<hr class=\"wp-block-separator has-alpha-channel-opacity\"\/>\n\n\n\n<h2 class=\"wp-block-heading\">3. Medijos \u012fk\u0117limai<\/h2>\n\n\n\n<p>Jei \u012f svetain\u0119 keliate vaizdus, primygtinai nerekomenduojame j\u0173 \u012ftraukti <strong>\u012fterptieji vietos metaduomenys (EXIF GPS)<\/strong>.<br>Svetain\u0117s lankytojai gali atsisi\u0173sti vaizdus ir i\u0161gauti juose esan\u010dius vietos duomenis. \u201eMk Reborns\u201c neprisiima jokios atsakomyb\u0117s u\u017e metaduomenis, savanori\u0161kai \u012ftrauktus \u012f \u012fkelt\u0105 medij\u0105.<\/p>\n\n\n\n<hr class=\"wp-block-separator has-alpha-channel-opacity\"\/>\n\n\n\n<h2 class=\"wp-block-heading\">4. Slapukai ir pana\u0161ios technologijos<\/h2>\n\n\n\n<p>Siekdami pagerinti naudotoj\u0173 patogum\u0105 ir funkcionalum\u0105, m\u016bs\u0173 svetain\u0117 naudoja slapukus \u0161iomis aplinkyb\u0117mis:<\/p>\n\n\n\n<ul class=\"wp-block-list\">\n<li>Pateikdami komentar\u0105, galite pasirinkti, kad j\u016bs\u0173 vardas, el. pa\u0161to adresas ir svetain\u0117s informacija b\u016bt\u0173 saugomi slapukuose. \u0160ie slapukai saugomi <strong>vieneri metai<\/strong> kad nereik\u0117t\u0173 pakartotinai \u012fvesti duomen\u0173.<\/li>\n\n\n\n<li>Apsilankius prisijungimo puslapyje, sugeneruojamas laikinas slapukas, skirtas patikrinti, ar j\u016bs\u0173 nar\u0161ykl\u0117 priima slapukus. \u0160iame slapuke n\u0117ra jokios asmenin\u0117s informacijos ir jis i\u0161trinamas u\u017edarius nar\u0161ykl\u0119.<\/li>\n\n\n\n<li>Prisijungus sukuriami keli slapukai, skirti i\u0161saugoti j\u016bs\u0173 autentifikavimo b\u016bsen\u0105 ir rodymo nuostatas.\n<ul class=\"wp-block-list\">\n<li>Prisijungimo slapukai lieka aktyv\u016bs <strong>dvi dienos<\/strong><\/li>\n\n\n\n<li>Rodymo nuostat\u0173 slapukai i\u0161saugomi <strong>vieneri metai<\/strong><\/li>\n\n\n\n<li>Jei pasirinkta parinktis \u201cPrisiminti mane\u201d, prisijungimo duomenys i\u0161saugomi. <strong>dvi savait\u0117s<\/strong><\/li>\n<\/ul>\n<\/li>\n\n\n\n<li>Atsijungus, su prisijungimu susij\u0119 slapukai pa\u0161alinami.<\/li>\n\n\n\n<li>Jei redaguojate arba publikuojate turin\u012f, j\u016bs\u0173 nar\u0161ykl\u0117je i\u0161saugomas papildomas slapukas. \u0160is slapukas nesaugo joki\u0173 asmenini\u0173 duomen\u0173 ir skirtas tik redaguotam \u012fra\u0161ui identifikuoti. Jis nustoja galioti po <strong>24 valandos<\/strong>.<\/li>\n<\/ul>\n\n\n\n<hr class=\"wp-block-separator has-alpha-channel-opacity\"\/>\n\n\n\n<h2 class=\"wp-block-heading\">5. \u012eterptas turinys i\u0161 tre\u010di\u0173j\u0173 \u0161ali\u0173 svetaini\u0173<\/h2>\n\n\n\n<p>\u0160ios svetain\u0117s puslapiuose gali b\u016bti \u012fterptojo turinio (\u012fskaitant, bet neapsiribojant, vaizdo \u012fra\u0161us, vaizdus ar straipsnius).<br>I\u0161 i\u0161orini\u0173 svetaini\u0173 \u012fterptas turinys veikia taip pat, lyg b\u016btum\u0117te tiesiogiai apsilank\u0119 originalioje svetain\u0117je.<\/p>\n\n\n\n<p>Tokios tre\u010di\u0173j\u0173 \u0161ali\u0173 svetain\u0117s gali:<\/p>\n\n\n\n<ul class=\"wp-block-list\">\n<li>Rinkti duomenis apie jus<\/li>\n\n\n\n<li>Naudoti slapukus<\/li>\n\n\n\n<li>Naudokite papildomus tre\u010di\u0173j\u0173 \u0161ali\u0173 steb\u0117jimo \u012frankius<\/li>\n\n\n\n<li>Steb\u0117kite savo s\u0105veik\u0105 su \u012fterptuoju turiniu<\/li>\n<\/ul>\n\n\n\n<p>Tai gali apimti s\u0105veik\u0173 steb\u0117jim\u0105, jei turite paskyr\u0105 i\u0161orin\u0117je platformoje ir esate prie jos prisijung\u0119.<\/p>\n\n\n\n<hr class=\"wp-block-separator has-alpha-channel-opacity\"\/>\n\n\n\n<h2 class=\"wp-block-heading\">6. Duomen\u0173 bendrinimas<\/h2>\n\n\n\n<p>Jei pateiksite u\u017eklaus\u0105 d\u0117l slapta\u017eod\u017eio atk\u016brimo, j\u016bs\u0173 <strong>IP adresas<\/strong> bus \u012ftraukta \u012f slapta\u017eod\u017eio atk\u016brimo prane\u0161im\u0105 saugumo patikrinimo tikslais.<\/p>\n\n\n\n<p>\u201eMk Reborns\u201c neparduoda, nenuomoja ir nekei\u010dia asmens duomen\u0173 ne\u012fgaliotoms tre\u010diosioms \u0161alims.<\/p>\n\n\n\n<hr class=\"wp-block-separator has-alpha-channel-opacity\"\/>\n\n\n\n<h2 class=\"wp-block-heading\">7. Duomen\u0173 saugojimas<\/h2>\n\n\n\n<p>Komentarai ir su jais susij\u0119 metaduomenys i\u0161saugomi <strong>neribot\u0105 laik\u0105<\/strong>. Tai leid\u017eia mums automati\u0161kai atpa\u017einti ir patvirtinti v\u0117lesnius komentarus j\u0173 nemoderuojant.<\/p>\n\n\n\n<p>Vartotoj\u0173, kurie registruojasi m\u016bs\u0173 svetain\u0117je (jei taikoma), asmenin\u0119 informacij\u0105, pateikt\u0105 j\u0173 naudotoj\u0173 profiliuose, saugome.<br>Registruoti vartotojai gali bet kada per\u017ei\u016br\u0117ti, keisti arba i\u0161trinti savo asmenin\u0119 informacij\u0105, i\u0161skyrus vartotojo vardus. Svetain\u0117s administratoriai i\u0161laiko teis\u0119 pasiekti ir redaguoti \u0161i\u0105 informacij\u0105, kai to reikia.<\/p>\n\n\n\n<hr class=\"wp-block-separator has-alpha-channel-opacity\"\/>\n\n\n\n<h2 class=\"wp-block-heading\">8. J\u016bs\u0173 teis\u0117s \u012f j\u016bs\u0173 duomenis<\/h2>\n\n\n\n<p>Jei turite paskyr\u0105 \u0161ioje svetain\u0117je arba anks\u010diau pateik\u0117te komentar\u0173, galite pra\u0161yti:<\/p>\n\n\n\n<ul class=\"wp-block-list\">\n<li>Eksportuotas failas, kuriame yra m\u016bs\u0173 turimi j\u016bs\u0173 asmens duomenys<\/li>\n\n\n\n<li>Su jumis susijusi\u0173 asmens duomen\u0173 i\u0161trynimas<\/li>\n<\/ul>\n\n\n\n<p>Pra\u0161ymai i\u0161trinti duomenis netaikomi informacijai, kuri\u0105 privalome saugoti pagal \u012fstatymus ar administracines nuostatas atitikties, saugumo ar veiklos tikslais.<\/p>\n\n\n\n<hr class=\"wp-block-separator has-alpha-channel-opacity\"\/>\n\n\n\n<h2 class=\"wp-block-heading\">9. Kur tvarkomi j\u016bs\u0173 duomenys<\/h2>\n\n\n\n<p>Lankytoj\u0173 komentarai gali b\u016bti tikrinami naudojant automatines \u0161lam\u0161to aptikimo paslaugas, siekiant u\u017etikrinti svetain\u0117s saugum\u0105 ir vientisum\u0105.<\/p>\n\n\n\n<hr class=\"wp-block-separator has-alpha-channel-opacity\"\/>\n\n\n\n<h2 class=\"wp-block-heading\">10. Kontaktin\u0117 informacija<\/h2>\n\n\n\n<p>Jei turite klausim\u0173 d\u0117l \u0161ios privatumo politikos ar j\u016bs\u0173 asmens duomen\u0173 tvarkymo, susisiekite su mumis adresu:<\/p>\n\n\n\n<p>\ud83d\udce7 <strong><a href=\"mailto:support@mkreborns.com\">support@mkreborns.com<\/a><\/strong><\/p>\n\n\n\n<p><\/p>","protected":false},"excerpt":{"rendered":"<p>\u201eMk Reborns\u201c teikia didel\u0119 reik\u0161m\u0119 asmens duomen\u0173 konfidencialumui, vientisumui ir atsakingam tvarkymui. \u0160i privatumo politika<\/p>","protected":false},"author":1,"featured_media":0,"parent":0,"menu_order":0,"comment_status":"closed","ping_status":"closed","template":"","meta":{"footnotes":""},"class_list":["post-3","page","type-page","status-publish","hentry"],"_links":{"self":[{"href":"https:\/\/www.mkreborns.com\/lt\/wp-json\/wp\/v2\/pages\/3","targetHints":{"allow":["GET"]}}],"collection":[{"href":"https:\/\/www.mkreborns.com\/lt\/wp-json\/wp\/v2\/pages"}],"about":[{"href":"https:\/\/www.mkreborns.com\/lt\/wp-json\/wp\/v2\/types\/page"}],"author":[{"embeddable":true,"href":"https:\/\/www.mkreborns.com\/lt\/wp-json\/wp\/v2\/users\/1"}],"replies":[{"embeddable":true,"href":"https:\/\/www.mkreborns.com\/lt\/wp-json\/wp\/v2\/comments?post=3"}],"version-history":[{"count":0,"href":"https:\/\/www.mkreborns.com\/lt\/wp-json\/wp\/v2\/pages\/3\/revisions"}],"wp:attachment":[{"href":"https:\/\/www.mkreborns.com\/lt\/wp-json\/wp\/v2\/media?parent=3"}],"curies":[{"name":"wp","href":"https:\/\/api.w.org\/{rel}","templated":true}]}}